{"id":999,"date":"2022-10-18T11:09:33","date_gmt":"2022-10-18T03:09:33","guid":{"rendered":"https:\/\/www.supersybon.com\/fr\/?post_type=product&#038;p=999"},"modified":"2025-10-08T16:43:12","modified_gmt":"2025-10-08T08:43:12","slug":"cmc-pas-cher-et-economique-gobelet-de-melange-de-peinture-en-plastique-jetable","status":"publish","type":"product","link":"https:\/\/www.supersybon.com\/fr\/product\/cmc-pas-cher-et-economique-gobelet-de-melange-de-peinture-en-plastique-jetable","title":{"rendered":"CMC Pas cher et \u00e9conomique gobelet de m\u00e9lange de peinture en plastique jetable forme ronde avec joint de couvercle pour le rev\u00eatement de peinture automobile chimique industrielle"},"content":{"rendered":"<p><iframe title=\"One-Stop Supply \u2014 SYBON Disposable Paint Mixing Cups!\" width=\"1080\" height=\"608\" src=\"https:\/\/www.youtube.com\/embed\/IjravM1GqNE?feature=oembed\"  allow=\"accelerometer; autoplay; clipboard-write; encrypted-media; gyroscope; picture-in-picture; web-share\" referrerpolicy=\"strict-origin-when-cross-origin\" allowfullscreen><\/iframe><\/p>\n<p><img decoding=\"async\" class=\"aligncenter size-full wp-image-1000\" src=\"https:\/\/www.supersybon.com\/fr\/wp-content\/uploads\/2022\/10\/1666063663-Mc700-2-Dispoable-Car-Auto-Paint-Mixing-Mix-Cup-Paint-Mixing-Cup-And-Lids-Disposable-Paint-Cups.jpg\" alt=\"\" width=\"900\" height=\"364\" srcset=\"https:\/\/www.supersybon.com\/fr\/wp-content\/uploads\/2022\/10\/1666063663-Mc700-2-Dispoable-Car-Auto-Paint-Mixing-Mix-Cup-Paint-Mixing-Cup-And-Lids-Disposable-Paint-Cups.jpg 900w, https:\/\/www.supersybon.com\/fr\/wp-content\/uploads\/2022\/10\/1666063663-Mc700-2-Dispoable-Car-Auto-Paint-Mixing-Mix-Cup-Paint-Mixing-Cup-And-Lids-Disposable-Paint-Cups-480x194.jpg 480w\" sizes=\"(min-width: 0px) and (max-width: 480px) 480px, (min-width: 481px) 900px, 100vw\" \/><\/p>\n<p>&nbsp;<\/p>\n<h2><strong>CMC Pas cher et \u00e9conomique gobelet de m\u00e9lange de peinture en plastique jetable<\/strong><\/h2>\n<p>Accessoires automobiles tasse de peinture en plastique jetable Auto 200 ml\/300 ml\/500 ml\/1000 ml\/2000 ml tasse.<\/p>\n<div class=\"magic-13\">\n<div class=\"magic-14\">\n<div class=\"magic-9\">\n<div class=\"magic-10\">\n<p><img decoding=\"async\" class=\"aligncenter size-full wp-image-4448\" src=\"https:\/\/www.supersybon.com\/fr\/wp-content\/uploads\/2022\/10\/1759912778-Gobelet-de-peinture-jetable-en-plastique-pour-accessoires-automobiles-CC2000-200-ml-300-ml-500-ml-1-000-ml-2-000-ml.jpg\" alt=\"Gobelet-de-peinture-jetable-en-plastique-pour-accessoires-automobiles-CC2000-200-ml-300-ml-500-ml-1000-ml-2000-ml\" width=\"800\" height=\"800\" srcset=\"https:\/\/www.supersybon.com\/fr\/wp-content\/uploads\/2022\/10\/1759912778-Gobelet-de-peinture-jetable-en-plastique-pour-accessoires-automobiles-CC2000-200-ml-300-ml-500-ml-1-000-ml-2-000-ml.jpg 800w, https:\/\/www.supersybon.com\/fr\/wp-content\/uploads\/2022\/10\/1759912778-Gobelet-de-peinture-jetable-en-plastique-pour-accessoires-automobiles-CC2000-200-ml-300-ml-500-ml-1-000-ml-2-000-ml-480x480.jpg 480w\" sizes=\"(min-width: 0px) and (max-width: 480px) 480px, (min-width: 481px) 800px, 100vw\" \/><img decoding=\"async\" class=\"aligncenter size-full wp-image-4447\" src=\"https:\/\/www.supersybon.com\/fr\/wp-content\/uploads\/2022\/10\/1759912774-Coupe-de-melange-de-peinture-de-voiture-jetable-CC2000-coupe-de-melange-de-peinture-et-couvercles-coupes-de-peinture-jetables.jpg\" alt=\"Coupe-de-m\u00e9lange-de-peinture-de-voiture-jetable-CC2000-coupe-de-m\u00e9lange-de-peinture-et-couvercles-coupes-de-peinture-jetables\" width=\"800\" height=\"800\" srcset=\"https:\/\/www.supersybon.com\/fr\/wp-content\/uploads\/2022\/10\/1759912774-Coupe-de-melange-de-peinture-de-voiture-jetable-CC2000-coupe-de-melange-de-peinture-et-couvercles-coupes-de-peinture-jetables.jpg 800w, https:\/\/www.supersybon.com\/fr\/wp-content\/uploads\/2022\/10\/1759912774-Coupe-de-melange-de-peinture-de-voiture-jetable-CC2000-coupe-de-melange-de-peinture-et-couvercles-coupes-de-peinture-jetables-480x480.jpg 480w\" sizes=\"(min-width: 0px) and (max-width: 480px) 480px, (min-width: 481px) 800px, 100vw\" \/><img decoding=\"async\" class=\"aligncenter size-full wp-image-4446\" src=\"https:\/\/www.supersybon.com\/fr\/wp-content\/uploads\/2022\/10\/1759912769-Coupe-de-melange-de-peinture-de-voiture-en-plastique-bon-marche-environnemental-CC2000-pour-le-marche-de-reparation-de-collision-de-raffinage-automatique.jpg\" alt=\"Coupe-de-m\u00e9lange-de-peinture-de-voiture-en-plastique-bon-march\u00e9-environnemental-CC2000-pour-le-march\u00e9-de-r\u00e9paration-de-collision-de-raffinage-automatique\" width=\"800\" height=\"800\" srcset=\"https:\/\/www.supersybon.com\/fr\/wp-content\/uploads\/2022\/10\/1759912769-Coupe-de-melange-de-peinture-de-voiture-en-plastique-bon-marche-environnemental-CC2000-pour-le-marche-de-reparation-de-collision-de-raffinage-automatique.jpg 800w, https:\/\/www.supersybon.com\/fr\/wp-content\/uploads\/2022\/10\/1759912769-Coupe-de-melange-de-peinture-de-voiture-en-plastique-bon-marche-environnemental-CC2000-pour-le-marche-de-reparation-de-collision-de-raffinage-automatique-480x480.jpg 480w\" sizes=\"(min-width: 0px) and (max-width: 480px) 480px, (min-width: 481px) 800px, 100vw\" \/><img decoding=\"async\" class=\"aligncenter size-full wp-image-1002\" src=\"https:\/\/www.supersybon.com\/fr\/wp-content\/uploads\/2022\/10\/1666063704-Mc700-2-Automotive-Accessories-Disposable-Plastic-Paint-Cup-Auto-200Ml300Ml500Ml1000Ml2000Ml-Cup.jpg\" alt=\"\" width=\"750\" height=\"750\" srcset=\"https:\/\/www.supersybon.com\/fr\/wp-content\/uploads\/2022\/10\/1666063704-Mc700-2-Automotive-Accessories-Disposable-Plastic-Paint-Cup-Auto-200Ml300Ml500Ml1000Ml2000Ml-Cup.jpg 750w, https:\/\/www.supersybon.com\/fr\/wp-content\/uploads\/2022\/10\/1666063704-Mc700-2-Automotive-Accessories-Disposable-Plastic-Paint-Cup-Auto-200Ml300Ml500Ml1000Ml2000Ml-Cup-480x480.jpg 480w\" sizes=\"(min-width: 0px) and (max-width: 480px) 480px, (min-width: 481px) 750px, 100vw\" \/><img decoding=\"async\" class=\"aligncenter size-full wp-image-4445\" src=\"https:\/\/www.supersybon.com\/fr\/wp-content\/uploads\/2022\/10\/1759912764-CC2000-usine-vente-directe-de-tasses-de-peinture-Peinture-plastique-jetable-avec-couvercle-scelle-Coupe-de-teinture-en-etain-Coupe-de-peinture-de-pulverisation.jpg\" alt=\"CC2000-usine-vente-directe-de-tasses-de-peinture-Peinture-plastique-jetable-avec-couvercle-scell\u00e9-Coupe-de-teinture-en-\u00e9tain-Coupe-de-peinture-de-pulv\u00e9risation\" width=\"800\" height=\"800\" srcset=\"https:\/\/www.supersybon.com\/fr\/wp-content\/uploads\/2022\/10\/1759912764-CC2000-usine-vente-directe-de-tasses-de-peinture-Peinture-plastique-jetable-avec-couvercle-scelle-Coupe-de-teinture-en-etain-Coupe-de-peinture-de-pulverisation.jpg 800w, https:\/\/www.supersybon.com\/fr\/wp-content\/uploads\/2022\/10\/1759912764-CC2000-usine-vente-directe-de-tasses-de-peinture-Peinture-plastique-jetable-avec-couvercle-scelle-Coupe-de-teinture-en-etain-Coupe-de-peinture-de-pulverisation-480x480.jpg 480w\" sizes=\"(min-width: 0px) and (max-width: 480px) 480px, (min-width: 481px) 800px, 100vw\" \/><\/p>\n<\/div>\n<\/div>\n<\/div>\n<\/div>\n<div class=\"magic-13\">\n<div class=\"magic-14\">\n<div data-spm-anchor-id=\"a2700.details.0.i37.625d2e9eLtZffL\">\n<div data-spm-anchor-id=\"a2700.details.0.i37.625d2e9eLtZffL\"><\/div>\n<div class=\"magic-13\">\n<div class=\"magic-14\">\n<div data-spm-anchor-id=\"a2700.details.0.i37.625d2e9eLtZffL\"><\/div>\n<div data-spm-anchor-id=\"a2700.details.0.i37.625d2e9eLtZffL\"><\/div>\n<div data-spm-anchor-id=\"a2700.details.0.i37.625d2e9eLtZffL\">\n<div><strong>Emballage et service du produit<\/strong><\/div>\n<hr \/>\n<p><strong>EMBALLER:<\/strong><\/p>\n<\/div>\n<\/div>\n<\/div>\n<\/div>\n<div data-spm-anchor-id=\"a2700.details.0.i37.625d2e9eLtZffL\">0,2 L : 650 pi\u00e8ces\/carton ;<br \/>\n0,3 L : 550 pi\u00e8ces\/carton ;<br \/>\n0,5 L : 350 pi\u00e8ces\/carton ;<br \/>\n1L : 220 pi\u00e8ces\/carton ;<br \/>\n2L : 100 pi\u00e8ces\/carton.<\/div>\n<div data-spm-anchor-id=\"a2700.details.0.i37.625d2e9eLtZffL\">\n<div data-spm-anchor-id=\"a2700.details.0.i37.625d2e9eLtZffL\"><\/div>\n<div data-spm-anchor-id=\"a2700.details.0.i37.625d2e9eLtZffL\"><\/div>\n<div data-spm-anchor-id=\"a2700.details.0.i37.625d2e9eLtZffL\">\n<div data-spm-anchor-id=\"a2700.details.0.i37.625d2e9eLtZffL\"><img decoding=\"async\" class=\"aligncenter size-full wp-image-4450\" src=\"https:\/\/www.supersybon.com\/fr\/wp-content\/uploads\/2022\/10\/1759912875-CC2000-coupe-de-melange-en-plastique-avec-revetement-detancheite-de-couvercle-Peinture-automobile-chimique-industrielle-peut-grand-seau-jetable.jpg\" alt=\"CC2000-coupe-de-m\u00e9lange-en-plastique-avec-rev\u00eatement-d'\u00e9tanch\u00e9it\u00e9-de-couvercle-Peinture-automobile-chimique-industrielle-peut-grand-seau-jetable\" width=\"750\" height=\"750\" srcset=\"https:\/\/www.supersybon.com\/fr\/wp-content\/uploads\/2022\/10\/1759912875-CC2000-coupe-de-melange-en-plastique-avec-revetement-detancheite-de-couvercle-Peinture-automobile-chimique-industrielle-peut-grand-seau-jetable.jpg 750w, https:\/\/www.supersybon.com\/fr\/wp-content\/uploads\/2022\/10\/1759912875-CC2000-coupe-de-melange-en-plastique-avec-revetement-detancheite-de-couvercle-Peinture-automobile-chimique-industrielle-peut-grand-seau-jetable-480x480.jpg 480w\" sizes=\"(min-width: 0px) and (max-width: 480px) 480px, (min-width: 481px) 750px, 100vw\" \/><\/div>\n<div data-spm-anchor-id=\"a2700.details.0.i37.625d2e9eLtZffL\"><\/div>\n<div data-spm-anchor-id=\"a2700.details.0.i37.625d2e9eLtZffL\"><\/div>\n<\/div>\n<\/div>\n<p><strong>NOTRE SERVICE:<\/strong><\/p>\n<p>1.24 heures en ligne<\/p>\n<p>2. Prix comp\u00e9titif<\/p>\n<p>3. Excellents commentaires du client<\/p>\n<p>4. Commande en ligne s\u00e9curis\u00e9e<\/p>\n<p>5. livraison rapide<\/p>\n<p>6. support technique professionnel<\/p>\n<p>&nbsp;<\/p>\n<p><strong>Profil de l'entreprise<\/strong><\/p>\n<hr \/>\n<p>&nbsp;<\/p>\n<p><img decoding=\"async\" class=\"aligncenter size-full wp-image-324\" src=\"https:\/\/www.supersybon.com\/fr\/wp-content\/uploads\/2022\/09\/1663401769-Car-Paint-Supplier-Company-Profile-Manufacturer-China.jpg\" alt=\"\" width=\"900\" height=\"958\" srcset=\"https:\/\/www.supersybon.com\/fr\/wp-content\/uploads\/2022\/09\/1663401769-Car-Paint-Supplier-Company-Profile-Manufacturer-China.jpg 900w, https:\/\/www.supersybon.com\/fr\/wp-content\/uploads\/2022\/09\/1663401769-Car-Paint-Supplier-Company-Profile-Manufacturer-China-480x511.jpg 480w\" sizes=\"(min-width: 0px) and (max-width: 480px) 480px, (min-width: 481px) 900px, 100vw\" \/><\/p>\n<div class=\"magic-13\">\n<div class=\"magic-14\">\n<p><strong>FAQ<\/strong><\/p>\n<hr \/>\n<\/div>\n<\/div>\n<p><strong>Q\u00a0:\u00a0Quel est votre MOQ\u00a0?<\/strong><\/p>\n<p>R\u00a0: Notre MOQ est de 1\u00a0carton.<\/p>\n<p><strong>Q\u00a0:\u00a0Qu\u2019en est-il de votre paiement\u00a0?<\/strong><\/p>\n<p>R : d\u00e9p\u00f4t de 50% \u00e0 l'avance, solde de 50% par T\/T, L\/C, paypal, Western Union ou bien avant exp\u00e9dition.<\/p>\n<p><strong>Q : Fournissez-vous des \u00e9chantillons ?<\/strong><\/p>\n<p>R : Oui, vous pouvez acheter un \u00e9chantillon pour le tester.<\/p>\n<p><strong>Q : Qu'en est-il de votre d\u00e9lai de livraison ?<\/strong><\/p>\n<p>R\u00a0:\u00a0Habituellement 15 jours apr\u00e8s r\u00e9ception de votre d\u00e9p\u00f4t.<\/p>\n<\/div>\n<\/div>\n","protected":false},"excerpt":{"rendered":"<p>Tasse de peinture en plastique jetable, accessoires automobiles, tasse de 200ml\/300ml\/500ml\/1000ml\/2000ml<\/p>\n","protected":false},"featured_media":4451,"template":"","meta":{"_et_pb_use_builder":"","_et_pb_old_content":"","_et_gb_content_width":""},"product_brand":[],"product_cat":[67,75],"product_tag":[237],"class_list":{"0":"post-999","1":"product","2":"type-product","3":"status-publish","4":"has-post-thumbnail","6":"product_cat-serie-de-reparation-automobile","7":"product_cat-pistolet-a-peinture","8":"product_tag-cheap-economical-disposable-plastic-paint-mixing-cup","10":"first","11":"instock","12":"shipping-taxable","13":"product-type-simple"},"_links":{"self":[{"href":"https:\/\/www.supersybon.com\/fr\/wp-json\/wp\/v2\/product\/999","targetHints":{"allow":["GET"]}}],"collection":[{"href":"https:\/\/www.supersybon.com\/fr\/wp-json\/wp\/v2\/product"}],"about":[{"href":"https:\/\/www.supersybon.com\/fr\/wp-json\/wp\/v2\/types\/product"}],"wp:featuredmedia":[{"embeddable":true,"href":"https:\/\/www.supersybon.com\/fr\/wp-json\/wp\/v2\/media\/4451"}],"wp:attachment":[{"href":"https:\/\/www.supersybon.com\/fr\/wp-json\/wp\/v2\/media?parent=999"}],"wp:term":[{"taxonomy":"product_brand","embeddable":true,"href":"https:\/\/www.supersybon.com\/fr\/wp-json\/wp\/v2\/product_brand?post=999"},{"taxonomy":"product_cat","embeddable":true,"href":"https:\/\/www.supersybon.com\/fr\/wp-json\/wp\/v2\/product_cat?post=999"},{"taxonomy":"product_tag","embeddable":true,"href":"https:\/\/www.supersybon.com\/fr\/wp-json\/wp\/v2\/product_tag?post=999"}],"curies":[{"name":"wp","href":"https:\/\/api.w.org\/{rel}","templated":true}]}}