{"id":964,"date":"2022-10-15T17:04:33","date_gmt":"2022-10-15T09:04:33","guid":{"rendered":"https:\/\/www.supersybon.com\/fr\/?post_type=product&#038;p=964"},"modified":"2023-09-13T14:14:21","modified_gmt":"2023-09-13T06:14:21","slug":"lb-09-pistolet-de-pulverisation-de-sous-couche-de-voiture-chassis-de-voiture-sous-pistolet-de-revetement","status":"publish","type":"product","link":"https:\/\/www.supersybon.com\/fr\/product\/lb-09-pistolet-de-pulverisation-de-sous-couche-de-voiture-chassis-de-voiture-sous-pistolet-de-revetement","title":{"rendered":"LB-09 Pistolet de pulv\u00e9risation de sous-couche de voiture ch\u00e2ssis de voiture sous pistolet de rev\u00eatement"},"content":{"rendered":"<p><strong>Description du produit<\/strong><\/p>\n<hr \/>\n<p>&nbsp;<\/p>\n<h2><strong>LB-09 Pistolet de pulv\u00e9risation de sous-couche de voiture ch\u00e2ssis de voiture sous pistolet de rev\u00eatement<\/strong><\/h2>\n<p>Appliquez un rev\u00eatement de rev\u00eatement de caisse de camion pulv\u00e9risable, une sous-couche caoutchout\u00e9e, un traitement antirouille, une peinture anti-\u00e9clats - Pulv\u00e9risateur pneumatique pour application automobile.<\/p>\n<div data-id=\"paragraph0\">\n<p>&nbsp;<\/p>\n<p>&nbsp;<\/p>\n<\/div>\n<p>&nbsp;<\/p>\n<p><img decoding=\"async\" class=\"size-full wp-image-961\" src=\"https:\/\/www.supersybon.com\/fr\/wp-content\/uploads\/2022\/10\/1665824152-HK901-Rubber-Paint-For-Cars-Rubberized-Coating-Spray-Under-Sealing-Car-Rubber-Spray-For-Cars-Spray-Rubber-Paint.jpg\" alt=\"\" width=\"800\" height=\"800\" srcset=\"https:\/\/www.supersybon.com\/fr\/wp-content\/uploads\/2022\/10\/1665824152-HK901-Rubber-Paint-For-Cars-Rubberized-Coating-Spray-Under-Sealing-Car-Rubber-Spray-For-Cars-Spray-Rubber-Paint.jpg 800w, https:\/\/www.supersybon.com\/fr\/wp-content\/uploads\/2022\/10\/1665824152-HK901-Rubber-Paint-For-Cars-Rubberized-Coating-Spray-Under-Sealing-Car-Rubber-Spray-For-Cars-Spray-Rubber-Paint-480x480.jpg 480w\" sizes=\"(min-width: 0px) and (max-width: 480px) 480px, (min-width: 481px) 800px, 100vw\" \/><\/p>\n<p>&nbsp;<\/p>\n<div data-id=\"paragraph0\"><\/div>\n<p><img decoding=\"async\" class=\"aligncenter size-full wp-image-966\" src=\"https:\/\/www.supersybon.com\/fr\/wp-content\/uploads\/2022\/10\/1665825818-LB09-Sprayable-Truck-Bed-Liner-Coating-Rubberized-Undercoat-Rust-Proofing-Chip-Guard-Paint-Air-Undercoating-Spray-Gun.jpg\" alt=\"\" width=\"750\" height=\"750\" srcset=\"https:\/\/www.supersybon.com\/fr\/wp-content\/uploads\/2022\/10\/1665825818-LB09-Sprayable-Truck-Bed-Liner-Coating-Rubberized-Undercoat-Rust-Proofing-Chip-Guard-Paint-Air-Undercoating-Spray-Gun.jpg 750w, https:\/\/www.supersybon.com\/fr\/wp-content\/uploads\/2022\/10\/1665825818-LB09-Sprayable-Truck-Bed-Liner-Coating-Rubberized-Undercoat-Rust-Proofing-Chip-Guard-Paint-Air-Undercoating-Spray-Gun-480x480.jpg 480w\" sizes=\"(min-width: 0px) and (max-width: 480px) 480px, (min-width: 481px) 750px, 100vw\" \/><\/p>\n<p>&nbsp;<\/p>\n<div class=\"magic-13\">\n<div class=\"magic-14\">\n<div class=\"magic-9\">\n<p>&nbsp;<\/p>\n<p>&nbsp;<\/p>\n<p><strong>Emballage et service du produit<\/strong><\/p>\n<hr \/>\n<p><strong>EMBALLER :<\/strong><\/p>\n<\/div>\n<\/div>\n<\/div>\n<div class=\"magic-13\">\n<div class=\"magic-14\">\n<div data-spm-anchor-id=\"a2700.details.0.i37.625d2e9eLtZffL\">1 pi\u00e8ce\/bo\u00eete, 60 pi\u00e8ces\/carton.<\/div>\n<\/div>\n<\/div>\n<div class=\"magic-13\">\n<div class=\"magic-14\">\n<div class=\"magic-9\">\n<div class=\"magic-10\">\n<p><img decoding=\"async\" class=\"aligncenter size-full wp-image-965\" src=\"https:\/\/www.supersybon.com\/fr\/wp-content\/uploads\/2022\/10\/1665825701-LB09-Car-Undercoating-Spray-Gun-Car-Chassis-Under-Coating-Gun.jpg\" alt=\"\" width=\"750\" height=\"750\" srcset=\"https:\/\/www.supersybon.com\/fr\/wp-content\/uploads\/2022\/10\/1665825701-LB09-Car-Undercoating-Spray-Gun-Car-Chassis-Under-Coating-Gun.jpg 750w, https:\/\/www.supersybon.com\/fr\/wp-content\/uploads\/2022\/10\/1665825701-LB09-Car-Undercoating-Spray-Gun-Car-Chassis-Under-Coating-Gun-480x480.jpg 480w\" sizes=\"(min-width: 0px) and (max-width: 480px) 480px, (min-width: 481px) 750px, 100vw\" \/><\/p>\n<p><strong>NOTRE SERVICE:<\/strong><\/p>\n<p>1.24 heures en ligne<\/p>\n<p>2. Prix comp\u00e9titif<\/p>\n<p>3. Excellents commentaires du client<\/p>\n<p>4. Commande en ligne s\u00e9curis\u00e9e<\/p>\n<p>5. livraison rapide<\/p>\n<p>6. support technique professionnel<\/p>\n<p>&nbsp;<\/p>\n<\/div>\n<\/div>\n<\/div>\n<\/div>\n<div class=\"magic-13\">\n<div class=\"magic-14\">\n<p><strong>Profil de l'entreprise<\/strong><\/p>\n<hr \/>\n<p>&nbsp;<\/p>\n<p><img decoding=\"async\" class=\"aligncenter size-full wp-image-324\" src=\"https:\/\/www.supersybon.com\/fr\/wp-content\/uploads\/2022\/09\/1663401769-Car-Paint-Supplier-Company-Profile-Manufacturer-China.jpg\" alt=\"\" width=\"900\" height=\"958\" srcset=\"https:\/\/www.supersybon.com\/fr\/wp-content\/uploads\/2022\/09\/1663401769-Car-Paint-Supplier-Company-Profile-Manufacturer-China.jpg 900w, https:\/\/www.supersybon.com\/fr\/wp-content\/uploads\/2022\/09\/1663401769-Car-Paint-Supplier-Company-Profile-Manufacturer-China-480x511.jpg 480w\" sizes=\"(min-width: 0px) and (max-width: 480px) 480px, (min-width: 481px) 900px, 100vw\" \/><\/p>\n<div class=\"magic-13\">\n<div class=\"magic-14\">\n<p><strong>FAQ<\/strong><\/p>\n<hr \/>\n<\/div>\n<\/div>\n<p><strong>Q\u00a0:\u00a0Quel est votre MOQ\u00a0?<\/strong><\/p>\n<p>R : Notre MOQ est de 1 carton.<\/p>\n<p><strong>Q\u00a0:\u00a0Qu\u2019en est-il de votre paiement\u00a0?<\/strong><\/p>\n<p>R : d\u00e9p\u00f4t de 50% \u00e0 l'avance, solde de 50% par T\/T, L\/C, paypal, Western Union ou bien avant exp\u00e9dition.<\/p>\n<p><strong>Q : Fournissez-vous des \u00e9chantillons ?<\/strong><\/p>\n<p>R : Oui, vous pouvez acheter un \u00e9chantillon pour le tester.<\/p>\n<p><strong>Q : Qu'en est-il de votre d\u00e9lai de livraison ?<\/strong><\/p>\n<p>R\u00a0:\u00a0Habituellement 15 jours apr\u00e8s r\u00e9ception de votre d\u00e9p\u00f4t.<\/p>\n<\/div>\n<\/div>\n","protected":false},"excerpt":{"rendered":"<p>Appliquez un rev\u00eatement de rev\u00eatement de caisse de camion pulv\u00e9risable, une sous-couche caoutchout\u00e9e, un traitement antirouille, une peinture anti-\u00e9clats - Pulv\u00e9risateur pneumatique pour application automobile.<\/p>\n","protected":false},"featured_media":967,"template":"","meta":{"_et_pb_use_builder":"","_et_pb_old_content":"","_et_gb_content_width":""},"product_brand":[],"product_cat":[67,70],"product_tag":[769,770],"class_list":{"0":"post-964","1":"product","2":"type-product","3":"status-publish","4":"has-post-thumbnail","6":"product_cat-serie-de-reparation-automobile","7":"product_cat-sous-couche-caoutchoutee","8":"product_tag-pistolet-de-pulverisation-de-sous-couche-de-voiture","9":"product_tag-pistolet-de-sous-couche-pour-chassis-de-voiture","11":"first","12":"instock","13":"shipping-taxable","14":"product-type-simple"},"_links":{"self":[{"href":"https:\/\/www.supersybon.com\/fr\/wp-json\/wp\/v2\/product\/964","targetHints":{"allow":["GET"]}}],"collection":[{"href":"https:\/\/www.supersybon.com\/fr\/wp-json\/wp\/v2\/product"}],"about":[{"href":"https:\/\/www.supersybon.com\/fr\/wp-json\/wp\/v2\/types\/product"}],"wp:featuredmedia":[{"embeddable":true,"href":"https:\/\/www.supersybon.com\/fr\/wp-json\/wp\/v2\/media\/967"}],"wp:attachment":[{"href":"https:\/\/www.supersybon.com\/fr\/wp-json\/wp\/v2\/media?parent=964"}],"wp:term":[{"taxonomy":"product_brand","embeddable":true,"href":"https:\/\/www.supersybon.com\/fr\/wp-json\/wp\/v2\/product_brand?post=964"},{"taxonomy":"product_cat","embeddable":true,"href":"https:\/\/www.supersybon.com\/fr\/wp-json\/wp\/v2\/product_cat?post=964"},{"taxonomy":"product_tag","embeddable":true,"href":"https:\/\/www.supersybon.com\/fr\/wp-json\/wp\/v2\/product_tag?post=964"}],"curies":[{"name":"wp","href":"https:\/\/api.w.org\/{rel}","templated":true}]}}