{"id":954,"date":"2022-10-15T15:21:27","date_gmt":"2022-10-15T07:21:27","guid":{"rendered":"https:\/\/www.supersybon.com\/fr\/?post_type=product&#038;p=954"},"modified":"2025-11-24T13:56:03","modified_gmt":"2025-11-24T05:56:03","slug":"hk901-qualite-professionnelle-sous-couche-caoutchoutee-pour-chassis-automatique","status":"publish","type":"product","link":"https:\/\/www.supersybon.com\/fr\/product\/hk901-qualite-professionnelle-sous-couche-caoutchoutee-pour-chassis-automatique","title":{"rendered":"HK901 Qualit\u00e9 professionnelle sous-couche caoutchout\u00e9e pour ch\u00e2ssis automatique peinture en a\u00e9rosol pour voiture anti-corrosion"},"content":{"rendered":"<div class=\"video-container\"><iframe src=\"https:\/\/www.youtube.com\/embed\/ztXfHC0F3DE\" width=\"560\" height=\"315\" frameborder=\"0\" allowfullscreen=\"allowfullscreen\"><\/iframe><\/div>\n<p>&nbsp;<\/p>\n<p><img decoding=\"async\" class=\"aligncenter size-full wp-image-4472\" src=\"https:\/\/www.supersybon.com\/fr\/wp-content\/uploads\/2022\/10\/1763963602-HK901-Good-Elasticity-Rust-Prevention-Car-Coatings-Rubberized-Undercoating-Products-Under-Sealing-Rust-Protection.jpg\" alt=\"\" width=\"900\" height=\"364\" srcset=\"https:\/\/www.supersybon.com\/fr\/wp-content\/uploads\/2022\/10\/1763963602-HK901-Good-Elasticity-Rust-Prevention-Car-Coatings-Rubberized-Undercoating-Products-Under-Sealing-Rust-Protection.jpg 900w, https:\/\/www.supersybon.com\/fr\/wp-content\/uploads\/2022\/10\/1763963602-HK901-Good-Elasticity-Rust-Prevention-Car-Coatings-Rubberized-Undercoating-Products-Under-Sealing-Rust-Protection-480x194.jpg 480w\" sizes=\"(min-width: 0px) and (max-width: 480px) 480px, (min-width: 481px) 900px, 100vw\" \/><\/p>\n<p>&nbsp;<\/p>\n<h2><strong>HK901 Qualit\u00e9 professionnelle sous-couche caoutchout\u00e9e pour ch\u00e2ssis automatique peinture en a\u00e9rosol pour voiture anti-corrosion<\/strong><\/h2>\n<p><strong>Caract\u00e9ristiques:<\/strong><\/p>\n<p>1) Excellent anti-corrosion sous sous-couche.<\/p>\n<p>2) Excellent antichoc.<\/p>\n<p>3) Isolation thermique favorable et \u00e9conome en carburant.<\/p>\n<p>4) Bonne isolation phonique et \u00e9limination du bruit lors de la conduite.<\/p>\n<p>5) Forte adh\u00e9rence, \u00e9lasticit\u00e9 et flexibilit\u00e9.<\/p>\n<p>6) Exceptionnel \u00c9conomisez le co\u00fbt de maintenance et la valeur des soins.<\/p>\n<p>7) Respectueux de l'environnement et inoffensif pour le conducteur et le travailleur.<\/p>\n<p><strong>Champs d'application :<\/strong><\/p>\n<p>La sous-couche est largement utilis\u00e9e pour tous types de ch\u00e2ssis d'automobile, poutres de voiture, pare-chocs, isolation phonique antirouille, voitures, navires, machines et divers types de surfaces m\u00e9talliques, etc. Informations sur l'entreprise.<\/p>\n<div data-id=\"paragraph0\">\n<p>&nbsp;<\/p>\n<\/div>\n<p>&nbsp;<\/p>\n<p><img decoding=\"async\" class=\"aligncenter size-full wp-image-4473\" src=\"https:\/\/www.supersybon.com\/fr\/wp-content\/uploads\/2022\/10\/1763963624-HK901-Automotive-Undercoating-Rubberized-Car-Coating-Car-Rubberized-Paintable-Undercoating.jpg\" alt=\"\" width=\"750\" height=\"486\" srcset=\"https:\/\/www.supersybon.com\/fr\/wp-content\/uploads\/2022\/10\/1763963624-HK901-Automotive-Undercoating-Rubberized-Car-Coating-Car-Rubberized-Paintable-Undercoating.jpg 750w, https:\/\/www.supersybon.com\/fr\/wp-content\/uploads\/2022\/10\/1763963624-HK901-Automotive-Undercoating-Rubberized-Car-Coating-Car-Rubberized-Paintable-Undercoating-480x311.jpg 480w\" sizes=\"(min-width: 0px) and (max-width: 480px) 480px, (min-width: 481px) 750px, 100vw\" \/><\/p>\n<div data-id=\"paragraph0\"><img decoding=\"async\" class=\"aligncenter size-full wp-image-4474\" src=\"https:\/\/www.supersybon.com\/fr\/wp-content\/uploads\/2022\/10\/1763963646-HK901-Spray-Paint-Under-The-Car-Paint-Protect-Car-Chassis-Protect-Spray.jpg\" alt=\"\" width=\"750\" height=\"750\" srcset=\"https:\/\/www.supersybon.com\/fr\/wp-content\/uploads\/2022\/10\/1763963646-HK901-Spray-Paint-Under-The-Car-Paint-Protect-Car-Chassis-Protect-Spray.jpg 750w, https:\/\/www.supersybon.com\/fr\/wp-content\/uploads\/2022\/10\/1763963646-HK901-Spray-Paint-Under-The-Car-Paint-Protect-Car-Chassis-Protect-Spray-480x480.jpg 480w\" sizes=\"(min-width: 0px) and (max-width: 480px) 480px, (min-width: 481px) 750px, 100vw\" \/><\/div>\n<p>&nbsp;<\/p>\n<p><strong>\u00c9tapes de construction<\/strong><\/p>\n<hr \/>\n<p>&nbsp;<\/p>\n<p><img decoding=\"async\" class=\"aligncenter size-full wp-image-958\" src=\"https:\/\/www.supersybon.com\/fr\/wp-content\/uploads\/2022\/10\/1665823896-HK901-Car-Under-Coat-Paint-Rust-Proof-Undercoat-Vehicle-Undercoating-Car-Undercoat-Chassis-Coating-Paint.jpg\" alt=\"\" width=\"900\" height=\"1769\" srcset=\"https:\/\/www.supersybon.com\/fr\/wp-content\/uploads\/2022\/10\/1665823896-HK901-Car-Under-Coat-Paint-Rust-Proof-Undercoat-Vehicle-Undercoating-Car-Undercoat-Chassis-Coating-Paint.jpg 900w, https:\/\/www.supersybon.com\/fr\/wp-content\/uploads\/2022\/10\/1665823896-HK901-Car-Under-Coat-Paint-Rust-Proof-Undercoat-Vehicle-Undercoating-Car-Undercoat-Chassis-Coating-Paint-480x943.jpg 480w\" sizes=\"(min-width: 0px) and (max-width: 480px) 480px, (min-width: 481px) 900px, 100vw\" \/><\/p>\n<div class=\"magic-13\">\n<div class=\"magic-14\">\n<div class=\"magic-9\">\n<div class=\"magic-10\">\n<p>&nbsp;<\/p>\n<p>&nbsp;<\/p>\n<p><strong>Emballage et service du produit<\/strong><\/p>\n<hr \/>\n<p><strong>EMBALLER:<\/strong><\/p>\n<p>1L*12 bo\u00eetes\/carton .<\/p>\n<p><img decoding=\"async\" class=\"aligncenter size-full wp-image-4475\" src=\"https:\/\/www.supersybon.com\/fr\/wp-content\/uploads\/2022\/10\/1763963683-HK901-Car-Protect-Chassis-Undercoating-Under-Car-Rubberized-Undercoating-Car-Coating.jpg\" alt=\"\" width=\"800\" height=\"800\" srcset=\"https:\/\/www.supersybon.com\/fr\/wp-content\/uploads\/2022\/10\/1763963683-HK901-Car-Protect-Chassis-Undercoating-Under-Car-Rubberized-Undercoating-Car-Coating.jpg 800w, https:\/\/www.supersybon.com\/fr\/wp-content\/uploads\/2022\/10\/1763963683-HK901-Car-Protect-Chassis-Undercoating-Under-Car-Rubberized-Undercoating-Car-Coating-480x480.jpg 480w\" sizes=\"(min-width: 0px) and (max-width: 480px) 480px, (min-width: 481px) 800px, 100vw\" \/><\/p>\n<p>&nbsp;<\/p>\n<p><strong>NOTRE SERVICE:<\/strong><\/p>\n<p>1. 24 heures en ligne<\/p>\n<p>2. Prix comp\u00e9titif<\/p>\n<p>3. Excellents commentaires du client<\/p>\n<p>4. Commande en ligne s\u00e9curis\u00e9e<\/p>\n<p>5. livraison rapide<\/p>\n<p>6. support technique professionnel<\/p>\n<div class=\"magic-13\">\n<div class=\"magic-14\">\n<div class=\"magic-9\">\n<div class=\"magic-10\">\n<p>&nbsp;<\/p>\n<p>&nbsp;<\/p>\n<\/div>\n<\/div>\n<\/div>\n<\/div>\n<div class=\"magic-13\">\n<div class=\"magic-14\">\n<p><strong>Profil de l'entreprise<\/strong><\/p>\n<hr \/>\n<p>&nbsp;<\/p>\n<\/div>\n<\/div>\n<\/div>\n<\/div>\n<\/div>\n<\/div>\n<div class=\"magic-13\">\n<div class=\"magic-14\">\n<p><img decoding=\"async\" class=\"aligncenter size-full wp-image-324\" src=\"https:\/\/www.supersybon.com\/fr\/wp-content\/uploads\/2022\/09\/1663401769-Car-Paint-Supplier-Company-Profile-Manufacturer-China.jpg\" alt=\"\" width=\"900\" height=\"958\" srcset=\"https:\/\/www.supersybon.com\/fr\/wp-content\/uploads\/2022\/09\/1663401769-Car-Paint-Supplier-Company-Profile-Manufacturer-China.jpg 900w, https:\/\/www.supersybon.com\/fr\/wp-content\/uploads\/2022\/09\/1663401769-Car-Paint-Supplier-Company-Profile-Manufacturer-China-480x511.jpg 480w\" sizes=\"(min-width: 0px) and (max-width: 480px) 480px, (min-width: 481px) 900px, 100vw\" \/><\/p>\n<div class=\"magic-13\">\n<div class=\"magic-14\">\n<p>FAQ<\/p>\n<hr \/>\n<\/div>\n<\/div>\n<p><strong>Q\u00a0:\u00a0Quel est votre MOQ\u00a0?<\/strong><\/p>\n<p>R : Notre MOQ est de 60 litres.<\/p>\n<p><strong>Q\u00a0:\u00a0Qu\u2019en est-il de votre paiement\u00a0?<\/strong><\/p>\n<p>R : d\u00e9p\u00f4t de 50% \u00e0 l'avance, solde de 50% par T\/T, L\/C, paypal, Western Union ou bien avant exp\u00e9dition.<\/p>\n<p><strong>Q : Fournissez-vous des \u00e9chantillons ?<\/strong><\/p>\n<p>R : Oui, vous pouvez acheter un \u00e9chantillon pour le tester.<\/p>\n<p><strong>Q : Qu'en est-il de votre d\u00e9lai de livraison ?<\/strong><\/p>\n<p>R\u00a0:\u00a0Habituellement 15 jours apr\u00e8s r\u00e9ception de votre d\u00e9p\u00f4t.<\/p>\n<\/div>\n<\/div>\n","protected":false},"excerpt":{"rendered":"<p>\u00b7Excellent anti-corrosion sous sous-couche.<br \/>\n\u00b7Excellente r\u00e9sistance aux chocs.<br \/>\n\u00b7Isolation thermique favorable et \u00e9conome en carburant.<br \/>\n\u00b7Bonne isolation phonique et \u00e9limination du bruit lors de la conduite.<br \/>\n\u00b7Forte adh\u00e9rence, \u00e9lasticit\u00e9 et flexibilit\u00e9.<br \/>\n\u00b7Exceptionnel \u00c9conomisez le co\u00fbt de maintenance et la valeur des soins.<br \/>\n\u00b7Respectueux de l'environnement et inoffensif pour le conducteur et le travailleur.<\/p>\n","protected":false},"featured_media":4476,"template":"","meta":{"_et_pb_use_builder":"","_et_pb_old_content":"","_et_gb_content_width":""},"product_brand":[],"product_cat":[67,70],"product_tag":[768,767],"class_list":{"0":"post-954","1":"product","2":"type-product","3":"status-publish","4":"has-post-thumbnail","6":"product_cat-serie-de-reparation-automobile","7":"product_cat-sous-couche-caoutchoutee","8":"product_tag-peinture-en-aerosol-pour-voiture-anti-corrosion","9":"product_tag-sous-couche-caoutchoutee-pour-chassis-automatique","11":"first","12":"instock","13":"shipping-taxable","14":"product-type-simple"},"_links":{"self":[{"href":"https:\/\/www.supersybon.com\/fr\/wp-json\/wp\/v2\/product\/954","targetHints":{"allow":["GET"]}}],"collection":[{"href":"https:\/\/www.supersybon.com\/fr\/wp-json\/wp\/v2\/product"}],"about":[{"href":"https:\/\/www.supersybon.com\/fr\/wp-json\/wp\/v2\/types\/product"}],"wp:featuredmedia":[{"embeddable":true,"href":"https:\/\/www.supersybon.com\/fr\/wp-json\/wp\/v2\/media\/4476"}],"wp:attachment":[{"href":"https:\/\/www.supersybon.com\/fr\/wp-json\/wp\/v2\/media?parent=954"}],"wp:term":[{"taxonomy":"product_brand","embeddable":true,"href":"https:\/\/www.supersybon.com\/fr\/wp-json\/wp\/v2\/product_brand?post=954"},{"taxonomy":"product_cat","embeddable":true,"href":"https:\/\/www.supersybon.com\/fr\/wp-json\/wp\/v2\/product_cat?post=954"},{"taxonomy":"product_tag","embeddable":true,"href":"https:\/\/www.supersybon.com\/fr\/wp-json\/wp\/v2\/product_tag?post=954"}],"curies":[{"name":"wp","href":"https:\/\/api.w.org\/{rel}","templated":true}]}}