{"id":936,"date":"2022-10-15T14:08:53","date_gmt":"2022-10-15T06:08:53","guid":{"rendered":"https:\/\/www.supersybon.com\/fr\/?post_type=product&#038;p=936"},"modified":"2023-09-12T18:57:36","modified_gmt":"2023-09-12T10:57:36","slug":"1001nyruban-de-masquage-pour-finition-automobile","status":"publish","type":"product","link":"https:\/\/www.supersybon.com\/fr\/product\/1001nyruban-de-masquage-pour-finition-automobile","title":{"rendered":"1001NYRuban de masquage pour finition automobile ruban de masquage \u00e0 haute temp\u00e9rature de couleur jaune r\u00e9sistant \u00e0 la chaleur"},"content":{"rendered":"<p><iframe title=\"Automotive Refinish Masking Tape Yellow Color High Temperature Masking Tape Heat Resistant\" width=\"1080\" height=\"608\" src=\"https:\/\/www.youtube.com\/embed\/T-FhN0OacDw?feature=oembed\"  allow=\"accelerometer; autoplay; clipboard-write; encrypted-media; gyroscope; picture-in-picture\" allowfullscreen><\/iframe><\/p>\n<p><img decoding=\"async\" class=\"aligncenter size-full wp-image-944\" src=\"https:\/\/www.supersybon.com\/fr\/wp-content\/uploads\/2022\/10\/1665817189-1000N-Masking-Tape-Factory-Colored-Masking-Tape-Masking-Tape-48Mm-Cheap-Masking-Tape-Auto-Paint-Paper-Tape.jpg\" alt=\"\" width=\"900\" height=\"364\" srcset=\"https:\/\/www.supersybon.com\/fr\/wp-content\/uploads\/2022\/10\/1665817189-1000N-Masking-Tape-Factory-Colored-Masking-Tape-Masking-Tape-48Mm-Cheap-Masking-Tape-Auto-Paint-Paper-Tape.jpg 900w, https:\/\/www.supersybon.com\/fr\/wp-content\/uploads\/2022\/10\/1665817189-1000N-Masking-Tape-Factory-Colored-Masking-Tape-Masking-Tape-48Mm-Cheap-Masking-Tape-Auto-Paint-Paper-Tape-480x194.jpg 480w\" sizes=\"(min-width: 0px) and (max-width: 480px) 480px, (min-width: 481px) 900px, 100vw\" \/><\/p>\n<p>&nbsp;<\/p>\n<h2><strong>1001NYRuban de masquage pour finition automobile ruban de masquage \u00e0 haute temp\u00e9rature de couleur jaune r\u00e9sistant \u00e0 la chaleur<\/strong><\/h2>\n<p>Notre ruban de masquage est con\u00e7u pour les projets automobiles \u00e0 usage g\u00e9n\u00e9ral \u00e0 l'int\u00e9rieur et \u00e0 l'ext\u00e9rieur du v\u00e9hicule. Ce ruban de masquage pour peinture automobile \u00e0 envers cr\u00eape a une adh\u00e9rence moyenne et r\u00e9siste au soul\u00e8vement et au curling sur une vari\u00e9t\u00e9 de surfaces, notamment les moulures, le plastique, le verre, le m\u00e9tal, le caoutchouc et les surfaces peintes. Ce ruban s'enl\u00e8ve \u00e9galement proprement des surfaces automobiles.<\/p>\n<p><strong>Caract\u00e9ristiques:<\/strong><\/p>\n<p>1) Ruban de masquage de peinture \u00e0 usage g\u00e9n\u00e9ral pour d'innombrables applications.<\/p>\n<p>2) Adh\u00e8re \u00e0 une vari\u00e9t\u00e9 de surfaces, notamment le papier, les panneaux de fibres, le verre, le caoutchouc, le plastique et le m\u00e9tal.<\/p>\n<p>3) Le support en papier cr\u00e9pon est d\u00e9chirable \u00e0 la main.<\/p>\n<p>4) Se d\u00e9roule en douceur pour une application et un retrait faciles \u00e0 contr\u00f4ler.<\/p>\n<p>5) Fiable pour une utilisation \u00e0 des temp\u00e9ratures allant jusqu'\u00e0 80 \u00b0C pendant 30 minutes.<\/p>\n<p>(Nous avons \u00e9galement du ruban de masquage avec une r\u00e9sistance \u00e0 la temp\u00e9rature de 100\/150 degr\u00e9s)<\/p>\n<div data-id=\"paragraph0\"><\/div>\n<p>&nbsp;<\/p>\n<p><img decoding=\"async\" class=\"aligncenter size-full wp-image-945\" src=\"https:\/\/www.supersybon.com\/fr\/wp-content\/uploads\/2022\/10\/1665817204-1000N-Masking-Tape-50M-High-Temperature-Masking-Tape-Auto-Paint-Masking-Tape-Masking-Car-Paper.jpg\" alt=\"\" width=\"750\" height=\"750\" srcset=\"https:\/\/www.supersybon.com\/fr\/wp-content\/uploads\/2022\/10\/1665817204-1000N-Masking-Tape-50M-High-Temperature-Masking-Tape-Auto-Paint-Masking-Tape-Masking-Car-Paper.jpg 750w, https:\/\/www.supersybon.com\/fr\/wp-content\/uploads\/2022\/10\/1665817204-1000N-Masking-Tape-50M-High-Temperature-Masking-Tape-Auto-Paint-Masking-Tape-Masking-Car-Paper-480x480.jpg 480w\" sizes=\"(min-width: 0px) and (max-width: 480px) 480px, (min-width: 481px) 750px, 100vw\" \/><\/p>\n<div class=\"magic-13\">\n<div class=\"magic-14\">\n<div class=\"magic-9\">\n<div class=\"magic-10\">\n<div class=\"magic-13\">\n<div class=\"magic-14\">\n<div class=\"magic-9\">\n<div data-spm-anchor-id=\"a2700.details.0.i37.625d2e9eLtZffL\">\n<p>&nbsp;<\/p>\n<p><strong><img decoding=\"async\" class=\"aligncenter size-full wp-image-946\" src=\"https:\/\/www.supersybon.com\/fr\/wp-content\/uploads\/2022\/10\/1665817218-1000N-Masking-Tape-Colored-Masking-Tape-Product-High-Temperature-Resistance-Masking-Tape-Masking-Automotive.jpg\" alt=\"\" width=\"750\" height=\"750\" srcset=\"https:\/\/www.supersybon.com\/fr\/wp-content\/uploads\/2022\/10\/1665817218-1000N-Masking-Tape-Colored-Masking-Tape-Product-High-Temperature-Resistance-Masking-Tape-Masking-Automotive.jpg 750w, https:\/\/www.supersybon.com\/fr\/wp-content\/uploads\/2022\/10\/1665817218-1000N-Masking-Tape-Colored-Masking-Tape-Product-High-Temperature-Resistance-Masking-Tape-Masking-Automotive-480x480.jpg 480w\" sizes=\"(min-width: 0px) and (max-width: 480px) 480px, (min-width: 481px) 750px, 100vw\" \/><\/strong><\/p>\n<p>&nbsp;<\/p>\n<\/div>\n<div data-spm-anchor-id=\"a2700.details.0.i37.625d2e9eLtZffL\"><\/div>\n<div class=\"magic-13\">\n<div class=\"magic-14\">\n<div data-spm-anchor-id=\"a2700.details.0.i37.625d2e9eLtZffL\">\n<div><strong>Emballage et service du produit<\/strong><\/div>\n<hr \/>\n<p><strong>EMBALLER:<\/strong><\/p>\n<\/div>\n<\/div>\n<\/div>\n<\/div>\n<\/div>\n<\/div>\n<div class=\"magic-13\">\n<div class=\"magic-14\">\n<div data-spm-anchor-id=\"a2700.details.0.i37.625d2e9eLtZffL\">18 mm\u00a0: 48\u00a0pi\u00e8ces\/carton\u00a0;<br \/>\n24 mm\u00a0: 36\u00a0pi\u00e8ces\/carton\u00a0;<br \/>\n36 mm\u00a0: 24\u00a0pi\u00e8ces\/carton\u00a0;<br \/>\n48 mm\u00a0: 20 pi\u00e8ces\/carton.<\/div>\n<\/div>\n<\/div>\n<\/div>\n<div data-spm-anchor-id=\"a2700.details.0.i37.625d2e9eLtZffL\">\n<p>&nbsp;<\/p>\n<\/div>\n<div data-spm-anchor-id=\"a2700.details.0.i37.625d2e9eLtZffL\"><img decoding=\"async\" class=\"aligncenter size-full wp-image-947\" src=\"https:\/\/www.supersybon.com\/fr\/wp-content\/uploads\/2022\/10\/1665817244-1000N-Masking-Paper-Car-Painting-China-Masking-Tape-Paint-Tape-Masking-Crepe-Masking-Tape.jpg\" alt=\"\" width=\"800\" height=\"800\" srcset=\"https:\/\/www.supersybon.com\/fr\/wp-content\/uploads\/2022\/10\/1665817244-1000N-Masking-Paper-Car-Painting-China-Masking-Tape-Paint-Tape-Masking-Crepe-Masking-Tape.jpg 800w, https:\/\/www.supersybon.com\/fr\/wp-content\/uploads\/2022\/10\/1665817244-1000N-Masking-Paper-Car-Painting-China-Masking-Tape-Paint-Tape-Masking-Crepe-Masking-Tape-480x480.jpg 480w\" sizes=\"(min-width: 0px) and (max-width: 480px) 480px, (min-width: 481px) 800px, 100vw\" \/><\/div>\n<\/div>\n<\/div>\n<\/div>\n<div class=\"magic-13\">\n<div class=\"magic-14\">\n<div data-spm-anchor-id=\"a2700.details.0.i37.625d2e9eLtZffL\">\n<div data-spm-anchor-id=\"a2700.details.0.i37.625d2e9eLtZffL\">\n<div data-spm-anchor-id=\"a2700.details.0.i37.625d2e9eLtZffL\">\n<p>&nbsp;<\/p>\n<\/div>\n<div data-spm-anchor-id=\"a2700.details.0.i37.625d2e9eLtZffL\"><\/div>\n<\/div>\n<\/div>\n<div data-spm-anchor-id=\"a2700.details.0.i37.625d2e9eLtZffL\">\n<p><strong>NOTRE SERVICE:<\/strong><\/p>\n<p>1,24 heures en ligne<\/p>\n<p>2. Prix comp\u00e9titif<\/p>\n<p>3. Excellents commentaires du client<\/p>\n<p>4. Commande en ligne s\u00e9curis\u00e9e<\/p>\n<p>5. livraison rapide<\/p>\n<p>6. support technique professionnel<\/p>\n<p>&nbsp;<\/p>\n<p><strong>Profil de l'entreprise<\/strong><\/p>\n<hr \/>\n<p>&nbsp;<\/p>\n<\/div>\n<p><img decoding=\"async\" class=\"aligncenter size-full wp-image-324\" src=\"https:\/\/www.supersybon.com\/fr\/wp-content\/uploads\/2022\/09\/1663401769-Car-Paint-Supplier-Company-Profile-Manufacturer-China.jpg\" alt=\"\" width=\"900\" height=\"958\" srcset=\"https:\/\/www.supersybon.com\/fr\/wp-content\/uploads\/2022\/09\/1663401769-Car-Paint-Supplier-Company-Profile-Manufacturer-China.jpg 900w, https:\/\/www.supersybon.com\/fr\/wp-content\/uploads\/2022\/09\/1663401769-Car-Paint-Supplier-Company-Profile-Manufacturer-China-480x511.jpg 480w\" sizes=\"(min-width: 0px) and (max-width: 480px) 480px, (min-width: 481px) 900px, 100vw\" \/><\/p>\n<div class=\"magic-13\">\n<div class=\"magic-14\">\n<p>FAQ<\/p>\n<hr \/>\n<\/div>\n<\/div>\n<p><strong>Q\u00a0:\u00a0Quel est votre MOQ\u00a0?<\/strong><\/p>\n<p>R : Notre MOQ est de 20 cartons.<\/p>\n<p><strong>Q\u00a0:\u00a0Qu\u2019en est-il de votre paiement\u00a0?<\/strong><\/p>\n<p>R : d\u00e9p\u00f4t de 50% \u00e0 l'avance, solde de 50% par T\/T, L\/C, paypal, Western Union ou bien avant exp\u00e9dition.<\/p>\n<p><strong>Q : Fournissez-vous des \u00e9chantillons ?<\/strong><\/p>\n<p>R : Oui, vous pouvez acheter un \u00e9chantillon pour le tester.<\/p>\n<p><strong>Q : Qu'en est-il de votre d\u00e9lai de livraison ?<\/strong><\/p>\n<p>R\u00a0:\u00a0Habituellement 15 jours apr\u00e8s r\u00e9ception de votre d\u00e9p\u00f4t.<\/p>\n<\/div>\n<\/div>\n","protected":false},"excerpt":{"rendered":"<p>\u00b7Ruban de masquage de peinture \u00e0 usage g\u00e9n\u00e9ral pour d'innombrables applications.<br \/>\n\u00b7Adh\u00e8re \u00e0 une vari\u00e9t\u00e9 de surfaces, notamment le papier, les panneaux de fibres, le verre, le caoutchouc, le plastique et le m\u00e9tal.<br \/>\n\u00b7Le support en papier cr\u00e9pon est d\u00e9chirable \u00e0 la main.<br \/>\n\u00b7Se d\u00e9roule en douceur pour une application et un retrait faciles \u00e0 contr\u00f4ler.<br \/>\n\u00b7Fiable pour une utilisation \u00e0 des temp\u00e9ratures allant jusqu'\u00e0 80\u00b0C pendant 30 minutes.<br \/>\n\u00b7Nous disposons \u00e9galement de ruban de masquage r\u00e9sistant \u00e0 des temp\u00e9ratures de 100\/150 degr\u00e9s.<\/p>\n","protected":false},"featured_media":948,"template":"","meta":{"_et_pb_use_builder":"","_et_pb_old_content":"","_et_gb_content_width":""},"product_brand":[],"product_cat":[67,72],"product_tag":[765,764,766],"class_list":{"0":"post-936","1":"product","2":"type-product","3":"status-publish","4":"has-post-thumbnail","6":"product_cat-serie-de-reparation-automobile","7":"product_cat-ruban-de-masquage-film-papier","8":"product_tag-ruban-de-masquage-haute-temperature","9":"product_tag-ruban-de-masquage-pour-finition-automobile","10":"product_tag-ruban-de-masquage-resistant-a-la-chaleur","12":"first","13":"instock","14":"shipping-taxable","15":"product-type-simple"},"_links":{"self":[{"href":"https:\/\/www.supersybon.com\/fr\/wp-json\/wp\/v2\/product\/936","targetHints":{"allow":["GET"]}}],"collection":[{"href":"https:\/\/www.supersybon.com\/fr\/wp-json\/wp\/v2\/product"}],"about":[{"href":"https:\/\/www.supersybon.com\/fr\/wp-json\/wp\/v2\/types\/product"}],"wp:featuredmedia":[{"embeddable":true,"href":"https:\/\/www.supersybon.com\/fr\/wp-json\/wp\/v2\/media\/948"}],"wp:attachment":[{"href":"https:\/\/www.supersybon.com\/fr\/wp-json\/wp\/v2\/media?parent=936"}],"wp:term":[{"taxonomy":"product_brand","embeddable":true,"href":"https:\/\/www.supersybon.com\/fr\/wp-json\/wp\/v2\/product_brand?post=936"},{"taxonomy":"product_cat","embeddable":true,"href":"https:\/\/www.supersybon.com\/fr\/wp-json\/wp\/v2\/product_cat?post=936"},{"taxonomy":"product_tag","embeddable":true,"href":"https:\/\/www.supersybon.com\/fr\/wp-json\/wp\/v2\/product_tag?post=936"}],"curies":[{"name":"wp","href":"https:\/\/api.w.org\/{rel}","templated":true}]}}