{"id":925,"date":"2022-10-15T11:06:13","date_gmt":"2022-10-15T03:06:13","guid":{"rendered":"https:\/\/www.supersybon.com\/fr\/?post_type=product&#038;p=925"},"modified":"2023-09-12T18:44:45","modified_gmt":"2023-09-12T10:44:45","slug":"gj156-professionnel-5-6-ponceuse-pneumatique-orbitale-a-air-aleatoire-pour-les-composites-metal-bois","status":"publish","type":"product","link":"https:\/\/www.supersybon.com\/fr\/product\/gj156-professionnel-5-6-ponceuse-pneumatique-orbitale-a-air-aleatoire-pour-les-composites-metal-bois","title":{"rendered":"GJ156 Professionnel 5\" &#038; 6\" Ponceuse pneumatique orbitale \u00e0 air al\u00e9atoire pour les composites m\u00e9tal-bois"},"content":{"rendered":"<p><iframe title=\"Professional 5&quot; &amp; 6&quot; Air Random Orbital Pneumatic Palm Sander for Metal Wood Composites\" width=\"1080\" height=\"608\" src=\"https:\/\/www.youtube.com\/embed\/s-UO6kku2is?feature=oembed\"  allow=\"accelerometer; autoplay; clipboard-write; encrypted-media; gyroscope; picture-in-picture\" allowfullscreen><\/iframe><\/p>\n<p>&nbsp;<\/p>\n<h2><strong>GJ156 Professionnel 5\" &amp; 6\" Ponceuse pneumatique orbitale \u00e0 air al\u00e9atoire pour les composites m\u00e9tal-bois<\/strong><\/h2>\n<p>\u00b7 PONCEUSE PNEUMATIQUE PROFESSIONNELLE : Avec son poids l\u00e9ger et sa conception ergonomique, la ponceuse \u00e0 air al\u00e9atoire de 5\/6 pouces peut \u00eatre facilement tenue dans la paume. Cette ponceuse peut \u00eatre utilis\u00e9e pour l'\u00e9bavurage du bois, le polissage et le d\u00e9rouillage des m\u00e9taux, le polissage et le polissage de toutes les surfaces peintes.<\/p>\n<p>\u00b7BONNES PERFORMANCES : puissance \u00e9lev\u00e9e, \u00e9quilibre \u00e9lev\u00e9 et utilisation \u00e0 long terme sans fatigue.<\/p>\n<p>\u00b7SAC \u00c0 POUSSI\u00c8RE INCLUS\u00a0: Connectez une extr\u00e9mit\u00e9 du tube d'aspiration au connecteur d'aspiration et attachez l'autre extr\u00e9mit\u00e9 au sac qui r\u00e9cup\u00e8re la poussi\u00e8re \u00e0 utiliser. Le tube \u00e0 vide est tr\u00e8s pratique et pratique \u00e0 utiliser.<\/p>\n<p>\u00b7LARGEMENT APPLICATIONS\u00a0: la ponceuse \u00e0 double action est id\u00e9ale pour les meubles, les produits m\u00e9talliques, les surfaces peintes, la fibre de verre et d'autres composants, largement utilis\u00e9e pour le meulage grossier, le meulage semi-fin, le meulage, le rainurage et la coupe, etc.<\/p>\n<div class=\"magic-13\">\n<div class=\"magic-15\" data-id=\"paragraph0\"><\/div>\n<\/div>\n<div data-id=\"paragraph0\"><\/div>\n<div data-id=\"paragraph0\"><img decoding=\"async\" class=\"aligncenter size-full wp-image-930\" src=\"https:\/\/www.supersybon.com\/fr\/wp-content\/uploads\/2022\/10\/1665805617-GJ156-Car-Polisher-Air-Random-Orbital-Sander-Car-Paint-Repair-Air-Sander.jpg\" alt=\"\" width=\"750\" height=\"506\" srcset=\"https:\/\/www.supersybon.com\/fr\/wp-content\/uploads\/2022\/10\/1665805617-GJ156-Car-Polisher-Air-Random-Orbital-Sander-Car-Paint-Repair-Air-Sander.jpg 750w, https:\/\/www.supersybon.com\/fr\/wp-content\/uploads\/2022\/10\/1665805617-GJ156-Car-Polisher-Air-Random-Orbital-Sander-Car-Paint-Repair-Air-Sander-480x324.jpg 480w\" sizes=\"(min-width: 0px) and (max-width: 480px) 480px, (min-width: 481px) 750px, 100vw\" \/><\/div>\n<p>&nbsp;<\/p>\n<div class=\"magic-13\">\n<div class=\"magic-14\">\n<div class=\"magic-9\">\n<div class=\"magic-10\">\n<p><img decoding=\"async\" class=\"aligncenter size-full wp-image-926\" src=\"https:\/\/www.supersybon.com\/fr\/wp-content\/uploads\/2022\/10\/1665805490-GJ156-Promotional-New-Style-Air-Random-Orbital-Palm-Sander-Auto-Body-Orbit-Air-Sander.jpg\" alt=\"\" width=\"750\" height=\"628\" srcset=\"https:\/\/www.supersybon.com\/fr\/wp-content\/uploads\/2022\/10\/1665805490-GJ156-Promotional-New-Style-Air-Random-Orbital-Palm-Sander-Auto-Body-Orbit-Air-Sander.jpg 750w, https:\/\/www.supersybon.com\/fr\/wp-content\/uploads\/2022\/10\/1665805490-GJ156-Promotional-New-Style-Air-Random-Orbital-Palm-Sander-Auto-Body-Orbit-Air-Sander-480x402.jpg 480w\" sizes=\"(min-width: 0px) and (max-width: 480px) 480px, (min-width: 481px) 750px, 100vw\" \/><\/p>\n<p><img decoding=\"async\" class=\"aligncenter size-full wp-image-927\" src=\"https:\/\/www.supersybon.com\/fr\/wp-content\/uploads\/2022\/10\/1665805512-GJ156-Air-Random-Orbital-Sander-Pneumatic-Palm-Sander-With-Sanding-Pad-For-Auto-Body-Work.jpg\" alt=\"\" width=\"800\" height=\"804\" srcset=\"https:\/\/www.supersybon.com\/fr\/wp-content\/uploads\/2022\/10\/1665805512-GJ156-Air-Random-Orbital-Sander-Pneumatic-Palm-Sander-With-Sanding-Pad-For-Auto-Body-Work.jpg 800w, https:\/\/www.supersybon.com\/fr\/wp-content\/uploads\/2022\/10\/1665805512-GJ156-Air-Random-Orbital-Sander-Pneumatic-Palm-Sander-With-Sanding-Pad-For-Auto-Body-Work-480x482.jpg 480w\" sizes=\"(min-width: 0px) and (max-width: 480px) 480px, (min-width: 481px) 800px, 100vw\" \/><\/p>\n<\/div>\n<p><img decoding=\"async\" class=\"aligncenter size-full wp-image-928\" src=\"https:\/\/www.supersybon.com\/fr\/wp-content\/uploads\/2022\/10\/1665805569-GJ156-6-Inch-Random-Orbital-Sander-3Inch-Sander-Orbital-Sander-Car-Detailing-Pad-Tools-For-Cars-Repair.jpg\" alt=\"\" width=\"750\" height=\"628\" srcset=\"https:\/\/www.supersybon.com\/fr\/wp-content\/uploads\/2022\/10\/1665805569-GJ156-6-Inch-Random-Orbital-Sander-3Inch-Sander-Orbital-Sander-Car-Detailing-Pad-Tools-For-Cars-Repair.jpg 750w, https:\/\/www.supersybon.com\/fr\/wp-content\/uploads\/2022\/10\/1665805569-GJ156-6-Inch-Random-Orbital-Sander-3Inch-Sander-Orbital-Sander-Car-Detailing-Pad-Tools-For-Cars-Repair-480x402.jpg 480w\" sizes=\"(min-width: 0px) and (max-width: 480px) 480px, (min-width: 481px) 750px, 100vw\" \/><\/p>\n<p>&nbsp;<\/p>\n<p>&nbsp;<\/p>\n<p><strong>Emballage et service du produit<\/strong><\/p>\n<hr \/>\n<p>EMBALLER :<\/p>\n<\/div>\n<\/div>\n<\/div>\n<div class=\"magic-13\">\n<div class=\"magic-14\">\n<div data-spm-anchor-id=\"a2700.details.0.i37.625d2e9eLtZffL\">1 ensemble\/bo\u00eete, ponceuse pneumatique orbitale \u00e0 Air al\u00e9atoire.<\/div>\n<div data-spm-anchor-id=\"a2700.details.0.i37.625d2e9eLtZffL\">\n<p>&nbsp;<\/p>\n<p>&nbsp;<\/p>\n<\/div>\n<div data-spm-anchor-id=\"a2700.details.0.i37.625d2e9eLtZffL\"><img decoding=\"async\" class=\"aligncenter size-full wp-image-929\" src=\"https:\/\/www.supersybon.com\/fr\/wp-content\/uploads\/2022\/10\/1665805594-GJ156-Promotional-High-Quality-5-Inch-Penumatic-Sander-Air-Sander-Orbit-Sander-Air.jpg\" alt=\"\" width=\"750\" height=\"750\" srcset=\"https:\/\/www.supersybon.com\/fr\/wp-content\/uploads\/2022\/10\/1665805594-GJ156-Promotional-High-Quality-5-Inch-Penumatic-Sander-Air-Sander-Orbit-Sander-Air.jpg 750w, https:\/\/www.supersybon.com\/fr\/wp-content\/uploads\/2022\/10\/1665805594-GJ156-Promotional-High-Quality-5-Inch-Penumatic-Sander-Air-Sander-Orbit-Sander-Air-480x480.jpg 480w\" sizes=\"(min-width: 0px) and (max-width: 480px) 480px, (min-width: 481px) 750px, 100vw\" \/><\/div>\n<div data-spm-anchor-id=\"a2700.details.0.i37.625d2e9eLtZffL\">\n<div data-spm-anchor-id=\"a2700.details.0.i37.625d2e9eLtZffL\">\n<div data-spm-anchor-id=\"a2700.details.0.i37.625d2e9eLtZffL\">\n<div data-spm-anchor-id=\"a2700.details.0.i37.625d2e9eLtZffL\">\n<p>&nbsp;<\/p>\n<p>&nbsp;<\/p>\n<\/div>\n<div data-spm-anchor-id=\"a2700.details.0.i37.625d2e9eLtZffL\"><\/div>\n<\/div>\n<\/div>\n<p><strong>NOTRE SERVICE:<\/strong><\/p>\n<p>1,24 heures en ligne<\/p>\n<p>2. Prix comp\u00e9titif<\/p>\n<p>3. Excellents commentaires du client<\/p>\n<p>4. Commande en ligne s\u00e9curis\u00e9e<\/p>\n<p>5. livraison rapide<\/p>\n<p>6. support technique professionnel<\/p>\n<\/div>\n<p>&nbsp;<\/p>\n<p><strong>Profil de l'entreprise<\/strong><\/p>\n<hr \/>\n<p>&nbsp;<\/p>\n<p><img decoding=\"async\" class=\"aligncenter size-full wp-image-324\" src=\"https:\/\/www.supersybon.com\/fr\/wp-content\/uploads\/2022\/09\/1663401769-Car-Paint-Supplier-Company-Profile-Manufacturer-China.jpg\" alt=\"\" width=\"900\" height=\"958\" srcset=\"https:\/\/www.supersybon.com\/fr\/wp-content\/uploads\/2022\/09\/1663401769-Car-Paint-Supplier-Company-Profile-Manufacturer-China.jpg 900w, https:\/\/www.supersybon.com\/fr\/wp-content\/uploads\/2022\/09\/1663401769-Car-Paint-Supplier-Company-Profile-Manufacturer-China-480x511.jpg 480w\" sizes=\"(min-width: 0px) and (max-width: 480px) 480px, (min-width: 481px) 900px, 100vw\" \/><\/p>\n<div class=\"magic-13\">\n<div class=\"magic-14\">\n<p>FAQ<\/p>\n<hr \/>\n<\/div>\n<\/div>\n<p><strong>Q\u00a0:\u00a0Quel est votre MOQ\u00a0?<\/strong><\/p>\n<p>R : Notre MOQ est de 1 ensemble.<\/p>\n<p><strong>Q\u00a0:\u00a0Qu\u2019en est-il de votre paiement\u00a0?<\/strong><\/p>\n<p>R : d\u00e9p\u00f4t de 50% \u00e0 l'avance, solde de 50% par T\/T, L\/C, paypal, Western Union ou bien avant exp\u00e9dition.<\/p>\n<p><strong>Q : Fournissez-vous des \u00e9chantillons ?<\/strong><\/p>\n<p>R : Oui, vous pouvez acheter un \u00e9chantillon pour le tester.<\/p>\n<p><strong>Q : Qu'en est-il de votre d\u00e9lai de livraison ?<\/strong><\/p>\n<p>R\u00a0:\u00a0Habituellement 15 jours apr\u00e8s r\u00e9ception de votre d\u00e9p\u00f4t.<\/p>\n<\/div>\n<\/div>\n","protected":false},"excerpt":{"rendered":"<p>\u00b7 PONCEUSE PNEUMATIQUE PROFESSIONNELLE : Avec son poids l\u00e9ger et sa conception ergonomique, la ponceuse \u00e0 air al\u00e9atoire de 5\/6 pouces peut \u00eatre facilement tenue dans la paume. Cette ponceuse peut \u00eatre utilis\u00e9e pour l'\u00e9bavurage du bois, le polissage et le d\u00e9rouillage des m\u00e9taux, le polissage et le polissage de toutes les surfaces peintes.<br \/>\n\u00b7BONNES PERFORMANCES : puissance \u00e9lev\u00e9e, \u00e9quilibre \u00e9lev\u00e9 et utilisation \u00e0 long terme sans fatigue.<br \/>\n\u00b7SAC \u00c0 POUSSI\u00c8RE INCLUS\u00a0: Connectez une extr\u00e9mit\u00e9 du tube d'aspiration au connecteur d'aspiration et attachez l'autre extr\u00e9mit\u00e9 au sac qui r\u00e9cup\u00e8re la poussi\u00e8re \u00e0 utiliser. Le tube \u00e0 vide est tr\u00e8s pratique et pratique \u00e0 utiliser.<br \/>\n\u00b7LARGEMENT APPLICATIONS\u00a0: la ponceuse \u00e0 double action est id\u00e9ale pour les meubles, les produits m\u00e9talliques, les surfaces peintes, la fibre de verre et d'autres composants, largement utilis\u00e9e pour le meulage grossier, le meulage semi-fin, le meulage, le rainurage et la coupe, etc.<\/p>\n","protected":false},"featured_media":931,"template":"","meta":{"_et_pb_use_builder":"","_et_pb_old_content":"","_et_gb_content_width":""},"product_brand":[],"product_cat":[67,71],"product_tag":[763],"class_list":{"0":"post-925","1":"product","2":"type-product","3":"status-publish","4":"has-post-thumbnail","6":"product_cat-serie-de-reparation-automobile","7":"product_cat-ponceuse-orbitale-pneumatique","8":"product_tag-ponceuse-pneumatique-orbitale-a-air-aleatoire","10":"first","11":"instock","12":"shipping-taxable","13":"product-type-simple"},"_links":{"self":[{"href":"https:\/\/www.supersybon.com\/fr\/wp-json\/wp\/v2\/product\/925","targetHints":{"allow":["GET"]}}],"collection":[{"href":"https:\/\/www.supersybon.com\/fr\/wp-json\/wp\/v2\/product"}],"about":[{"href":"https:\/\/www.supersybon.com\/fr\/wp-json\/wp\/v2\/types\/product"}],"wp:featuredmedia":[{"embeddable":true,"href":"https:\/\/www.supersybon.com\/fr\/wp-json\/wp\/v2\/media\/931"}],"wp:attachment":[{"href":"https:\/\/www.supersybon.com\/fr\/wp-json\/wp\/v2\/media?parent=925"}],"wp:term":[{"taxonomy":"product_brand","embeddable":true,"href":"https:\/\/www.supersybon.com\/fr\/wp-json\/wp\/v2\/product_brand?post=925"},{"taxonomy":"product_cat","embeddable":true,"href":"https:\/\/www.supersybon.com\/fr\/wp-json\/wp\/v2\/product_cat?post=925"},{"taxonomy":"product_tag","embeddable":true,"href":"https:\/\/www.supersybon.com\/fr\/wp-json\/wp\/v2\/product_tag?post=925"}],"curies":[{"name":"wp","href":"https:\/\/api.w.org\/{rel}","templated":true}]}}