{"id":915,"date":"2022-10-15T09:47:14","date_gmt":"2022-10-15T01:47:14","guid":{"rendered":"https:\/\/www.supersybon.com\/fr\/?post_type=product&#038;p=915"},"modified":"2023-09-12T18:35:47","modified_gmt":"2023-09-12T10:35:47","slug":"193-crepines-en-papier-a-peinture","status":"publish","type":"product","link":"https:\/\/www.supersybon.com\/fr\/product\/193-crepines-en-papier-a-peinture","title":{"rendered":"193 Cr\u00e9pines en papier \u00e0 peinture avec filtre de 125 et 190 microns, \u00e9cran filtrant de peinture conique jetable de qualit\u00e9 sup\u00e9rieure pour peinture en a\u00e9rosol automobile"},"content":{"rendered":"<p><iframe title=\"Paint Paper Strainers With 125&amp;190 Micron Filter Premium Disposable Cone Paint Filter Screen\" width=\"1080\" height=\"608\" src=\"https:\/\/www.youtube.com\/embed\/Ud3Oa5z-Ggk?feature=oembed\"  allow=\"accelerometer; autoplay; clipboard-write; encrypted-media; gyroscope; picture-in-picture\" allowfullscreen><\/iframe><\/p>\n<p>&nbsp;<\/p>\n<h2><strong>Cr\u00e9pines en papier \u00e0 peinture avec filtre 125 et 190 microns<\/strong><\/h2>\n<p>\u00b7Cr\u00e9pines \u00e0 peinture en forme de c\u00f4ne haute performance qui \u00e9liminent la salet\u00e9, la poussi\u00e8re, les particules, les grumeaux ou tout d\u00e9bris pouvant affecter votre travail de peinture en obstruant votre pistolet pulv\u00e9risateur, votre pulv\u00e9risateur sans air ou votre pinceau.<\/p>\n<p>\u00b7Les passoires sont parfaites pour tous les projets de peinture, car elles filtrent les particules jusqu'\u00e0 125\/190 microns et fonctionnent pour tous les types de peintures, teintures, vernis, \u00e9poxy, latex et autres liquides \u00e0 base de solvant ou d'eau.<\/p>\n<p>\u00b7Les cr\u00e9pines jetables sont id\u00e9ales pour les rev\u00eatements automobiles tels que les appr\u00eats, les scellants, les couches de base, les couches transparentes et les couches de finition en une seule \u00e9tape. \u00c9galement excellent pour les peintures de maison, de loisirs, d'art et d'artisanat.<\/p>\n<p>&nbsp;<\/p>\n<p>&nbsp;<\/p>\n<div data-id=\"paragraph0\"><\/div>\n<p>&nbsp;<\/p>\n<div class=\"magic-13\">\n<div class=\"magic-14\">\n<div class=\"magic-9\">\n<div class=\"magic-10\">\n<p><img decoding=\"async\" class=\"aligncenter size-full wp-image-916\" src=\"https:\/\/www.supersybon.com\/fr\/wp-content\/uploads\/2022\/10\/1665801932-H197-Oil-Funnel-Nylon-Material-Paint-Filter-Trechter-Filter-Paper-Paint.jpg\" alt=\"\" width=\"750\" height=\"468\" srcset=\"https:\/\/www.supersybon.com\/fr\/wp-content\/uploads\/2022\/10\/1665801932-H197-Oil-Funnel-Nylon-Material-Paint-Filter-Trechter-Filter-Paper-Paint.jpg 750w, https:\/\/www.supersybon.com\/fr\/wp-content\/uploads\/2022\/10\/1665801932-H197-Oil-Funnel-Nylon-Material-Paint-Filter-Trechter-Filter-Paper-Paint-480x300.jpg 480w\" sizes=\"(min-width: 0px) and (max-width: 480px) 480px, (min-width: 481px) 750px, 100vw\" \/><\/p>\n<p>&nbsp;<\/p>\n<\/div>\n<div data-spm-anchor-id=\"a2700.details.0.i37.625d2e9eLtZffL\">\n<p>&nbsp;<\/p>\n<p><img decoding=\"async\" class=\"aligncenter size-full wp-image-917\" src=\"https:\/\/www.supersybon.com\/fr\/wp-content\/uploads\/2022\/10\/1665801952-H197-Paper-Paint-Filter-190-Micron-Paper-Strainer-Paint-190Micron-Paint-Strainer.jpg\" alt=\"\" width=\"726\" height=\"554\" srcset=\"https:\/\/www.supersybon.com\/fr\/wp-content\/uploads\/2022\/10\/1665801952-H197-Paper-Paint-Filter-190-Micron-Paper-Strainer-Paint-190Micron-Paint-Strainer.jpg 726w, https:\/\/www.supersybon.com\/fr\/wp-content\/uploads\/2022\/10\/1665801952-H197-Paper-Paint-Filter-190-Micron-Paper-Strainer-Paint-190Micron-Paint-Strainer-480x366.jpg 480w\" sizes=\"(min-width: 0px) and (max-width: 480px) 480px, (min-width: 481px) 726px, 100vw\" \/><\/p>\n<\/div>\n<div data-spm-anchor-id=\"a2700.details.0.i37.625d2e9eLtZffL\"><\/div>\n<div class=\"magic-13\">\n<div class=\"magic-14\">\n<div data-spm-anchor-id=\"a2700.details.0.i37.625d2e9eLtZffL\">\n<div><strong>Emballage et service du produit<\/strong><\/div>\n<hr \/>\n<p><strong>EMBALLER:<\/strong><\/p>\n<\/div>\n<\/div>\n<\/div>\n<\/div>\n<\/div>\n<\/div>\n<div class=\"magic-13\">\n<div class=\"magic-14\">\n<div data-spm-anchor-id=\"a2700.details.0.i37.625d2e9eLtZffL\">250 pi\u00e8ces\/sac, 4 sacs\/carton.<\/div>\n<div data-spm-anchor-id=\"a2700.details.0.i37.625d2e9eLtZffL\">\n<div data-spm-anchor-id=\"a2700.details.0.i37.625d2e9eLtZffL\">\n<div data-spm-anchor-id=\"a2700.details.0.i37.625d2e9eLtZffL\">\n<p>&nbsp;<\/p>\n<\/div>\n<div data-spm-anchor-id=\"a2700.details.0.i37.625d2e9eLtZffL\"><img decoding=\"async\" class=\"aligncenter size-full wp-image-918\" src=\"https:\/\/www.supersybon.com\/fr\/wp-content\/uploads\/2022\/10\/1665801977-H197-Nylon-Mesh-Strainer-Funnel-With-Mesh-Filter-Paper-Cone-Strainer-190-2.jpg\" alt=\"\" width=\"750\" height=\"468\" srcset=\"https:\/\/www.supersybon.com\/fr\/wp-content\/uploads\/2022\/10\/1665801977-H197-Nylon-Mesh-Strainer-Funnel-With-Mesh-Filter-Paper-Cone-Strainer-190-2.jpg 750w, https:\/\/www.supersybon.com\/fr\/wp-content\/uploads\/2022\/10\/1665801977-H197-Nylon-Mesh-Strainer-Funnel-With-Mesh-Filter-Paper-Cone-Strainer-190-2-480x300.jpg 480w\" sizes=\"(min-width: 0px) and (max-width: 480px) 480px, (min-width: 481px) 750px, 100vw\" \/><\/div>\n<\/div>\n<\/div>\n<div data-spm-anchor-id=\"a2700.details.0.i37.625d2e9eLtZffL\">\n<p><strong>OUR SERVICE\uff1a<\/strong><\/p>\n<p>1.24 hours online<\/p>\n<p>2.Competitive price<\/p>\n<p>3.Great feedback from client<\/p>\n<p>4.Secure online ordering<\/p>\n<p>5.Fast delivery<\/p>\n<p>6.Professional technical support<\/p>\n<\/div>\n<p>&nbsp;<\/p>\n<p><strong>Company Profile<\/strong><\/p>\n<hr \/>\n<p>&nbsp;<\/p>\n<p><img decoding=\"async\" class=\"aligncenter size-full wp-image-324\" src=\"https:\/\/www.supersybon.com\/fr\/wp-content\/uploads\/2022\/09\/1663401769-Car-Paint-Supplier-Company-Profile-Manufacturer-China.jpg\" alt=\"\" width=\"900\" height=\"958\" srcset=\"https:\/\/www.supersybon.com\/fr\/wp-content\/uploads\/2022\/09\/1663401769-Car-Paint-Supplier-Company-Profile-Manufacturer-China.jpg 900w, https:\/\/www.supersybon.com\/fr\/wp-content\/uploads\/2022\/09\/1663401769-Car-Paint-Supplier-Company-Profile-Manufacturer-China-480x511.jpg 480w\" sizes=\"(min-width: 0px) and (max-width: 480px) 480px, (min-width: 481px) 900px, 100vw\" \/><\/p>\n<div class=\"magic-13\">\n<div class=\"magic-14\">\n<p>FAQ<\/p>\n<hr \/>\n<\/div>\n<\/div>\n<p><strong>Q\u00a0:\u00a0Quel est votre MOQ\u00a0?<\/strong><\/p>\n<p>R : Notre MOQ est de 1 carton.<\/p>\n<p><strong>Q\u00a0:\u00a0Qu\u2019en est-il de votre paiement\u00a0?<\/strong><\/p>\n<p>R : d\u00e9p\u00f4t de 50% \u00e0 l'avance, solde de 50% par T\/T, L\/C, paypal, Western Union ou bien avant exp\u00e9dition.<\/p>\n<p><strong>Q : Fournissez-vous des \u00e9chantillons ?<\/strong><\/p>\n<p>R : Oui, vous pouvez acheter un \u00e9chantillon pour le tester.<\/p>\n<p><strong>Q : Qu'en est-il de votre d\u00e9lai de livraison ?<\/strong><\/p>\n<p>R\u00a0:\u00a0Habituellement 15 jours apr\u00e8s r\u00e9ception de votre d\u00e9p\u00f4t.<\/p>\n<\/div>\n<\/div>\n","protected":false},"excerpt":{"rendered":"<p>\u00b7Cr\u00e9pines \u00e0 peinture en forme de c\u00f4ne haute performance qui \u00e9liminent la salet\u00e9, la poussi\u00e8re, les particules, les grumeaux ou tout d\u00e9bris pouvant affecter votre travail de peinture en obstruant votre pistolet pulv\u00e9risateur, votre pulv\u00e9risateur sans air ou votre pinceau.<br \/>\n\u00b7Les passoires sont parfaites pour tous les projets de peinture, car elles filtrent les particules jusqu'\u00e0 125\/190 microns et fonctionnent pour tous les types de peintures, teintures, vernis, \u00e9poxy, latex et autres liquides \u00e0 base de solvant ou d'eau.<br \/>\n\u00b7Les cr\u00e9pines jetables sont id\u00e9ales pour les rev\u00eatements automobiles tels que les appr\u00eats, les scellants, les couches de base, les couches transparentes et les couches de finition en une seule \u00e9tape. \u00c9galement excellent pour les peintures de maison, de loisirs, d'art et d'artisanat.<\/p>\n","protected":false},"featured_media":919,"template":"","meta":{"_et_pb_use_builder":"","_et_pb_old_content":"","_et_gb_content_width":""},"product_brand":[],"product_cat":[67,73],"product_tag":[762,761],"class_list":{"0":"post-915","1":"product","2":"type-product","3":"status-publish","4":"has-post-thumbnail","6":"product_cat-serie-de-reparation-automobile","7":"product_cat-passoire-a-papier","8":"product_tag-crepines-en-papier-a-peinture","9":"product_tag-filtre-a-peinture","11":"first","12":"instock","13":"shipping-taxable","14":"product-type-simple"},"_links":{"self":[{"href":"https:\/\/www.supersybon.com\/fr\/wp-json\/wp\/v2\/product\/915","targetHints":{"allow":["GET"]}}],"collection":[{"href":"https:\/\/www.supersybon.com\/fr\/wp-json\/wp\/v2\/product"}],"about":[{"href":"https:\/\/www.supersybon.com\/fr\/wp-json\/wp\/v2\/types\/product"}],"wp:featuredmedia":[{"embeddable":true,"href":"https:\/\/www.supersybon.com\/fr\/wp-json\/wp\/v2\/media\/919"}],"wp:attachment":[{"href":"https:\/\/www.supersybon.com\/fr\/wp-json\/wp\/v2\/media?parent=915"}],"wp:term":[{"taxonomy":"product_brand","embeddable":true,"href":"https:\/\/www.supersybon.com\/fr\/wp-json\/wp\/v2\/product_brand?post=915"},{"taxonomy":"product_cat","embeddable":true,"href":"https:\/\/www.supersybon.com\/fr\/wp-json\/wp\/v2\/product_cat?post=915"},{"taxonomy":"product_tag","embeddable":true,"href":"https:\/\/www.supersybon.com\/fr\/wp-json\/wp\/v2\/product_tag?post=915"}],"curies":[{"name":"wp","href":"https:\/\/api.w.org\/{rel}","templated":true}]}}