{"id":893,"date":"2022-10-14T17:27:50","date_gmt":"2022-10-14T09:27:50","guid":{"rendered":"https:\/\/www.supersybon.com\/fr\/?post_type=product&#038;p=893"},"modified":"2025-12-08T16:16:27","modified_gmt":"2025-12-08T08:16:27","slug":"fl126-respirateur-double-demi-visage-reutilisable-masque-de-peinture-en-aerosol","status":"publish","type":"product","link":"https:\/\/www.supersybon.com\/fr\/product\/fl126-respirateur-double-demi-visage-reutilisable-masque-de-peinture-en-aerosol","title":{"rendered":"FL126 Respirateur double demi-visage r\u00e9utilisable masque de peinture en a\u00e9rosol"},"content":{"rendered":"<h2><strong>FL126 Respirateur double demi-visage r\u00e9utilisable masque de peinture en a\u00e9rosol<\/strong><\/h2>\n<p>Caract\u00e9ristiques :<\/p>\n<p>1. \u00c9tanch\u00e9it\u00e9 et confort : Le joint en silicone \u00e9pouse parfaitement la forme du visage et offre un confort optimal. La sangle de ce masque est ajustable pour s'adapter \u00e0 la plupart des tours de t\u00eate et assure un maintien ferme et confortable.<\/p>\n<p>2. Protection professionnelle et double : Ce masque de protection contre la poussi\u00e8re est dot\u00e9 d'un syst\u00e8me de double filtration qui bloque efficacement 90 % des vapeurs\/gaz organiques, fum\u00e9es, pollens, poussi\u00e8res et autres particules en suspension dans l'air. C'est l'\u00e9quipement de protection respiratoire id\u00e9al pour votre vie personnelle et professionnelle.<\/p>\n<p>3. Sangle de confort enti\u00e8rement ajustable : La sangle du masque s'adapte \u00e0 la plupart des tours de t\u00eate et assure un maintien ferme et confortable. Traitement anti-bu\u00e9e complet pour emp\u00eacher toute infiltration de particules fines. Vision optimale garantie.<\/p>\n<p>4. Domaine d'application : Zones de travail impliquant des produits chimiques, des m\u00e9taux, des peintures, des produits agricoles, du m\u00e9thane et autres vapeurs et gaz irritants. Lors de travaux m\u00e9caniques tels que le soudage, le sciage, le meulage, le graffiti, la peinture, etc., il peut emp\u00eacher les particules de poussi\u00e8re de p\u00e9n\u00e9trer dans les voies respiratoires.<\/p>\n<p><img decoding=\"async\" class=\"aligncenter size-full wp-image-4537\" src=\"https:\/\/www.supersybon.com\/fr\/wp-content\/uploads\/2022\/10\/1765180842-Fl126-Best-Safety-Painters-Mask-For-Spray-Painting.jpg\" alt=\"Masque de s\u00e9curit\u00e9 FL126 pour peintres (id\u00e9al pour la peinture au pistolet)\" width=\"800\" height=\"800\" srcset=\"https:\/\/www.supersybon.com\/fr\/wp-content\/uploads\/2022\/10\/1765180842-Fl126-Best-Safety-Painters-Mask-For-Spray-Painting.jpg 800w, https:\/\/www.supersybon.com\/fr\/wp-content\/uploads\/2022\/10\/1765180842-Fl126-Best-Safety-Painters-Mask-For-Spray-Painting-480x480.jpg 480w\" sizes=\"(min-width: 0px) and (max-width: 480px) 480px, (min-width: 481px) 800px, 100vw\" \/> <img decoding=\"async\" class=\"aligncenter size-full wp-image-4538\" src=\"https:\/\/www.supersybon.com\/fr\/wp-content\/uploads\/2022\/10\/1765180849-Fl126-Good-Quality-Reusable-Respirators-Spray-Mask-Half-Face-Mask.jpg\" alt=\"Masque respiratoire r\u00e9utilisable de bonne qualit\u00e9 FL126 - Demi-masque\" width=\"800\" height=\"800\" srcset=\"https:\/\/www.supersybon.com\/fr\/wp-content\/uploads\/2022\/10\/1765180849-Fl126-Good-Quality-Reusable-Respirators-Spray-Mask-Half-Face-Mask.jpg 800w, https:\/\/www.supersybon.com\/fr\/wp-content\/uploads\/2022\/10\/1765180849-Fl126-Good-Quality-Reusable-Respirators-Spray-Mask-Half-Face-Mask-480x480.jpg 480w\" sizes=\"(min-width: 0px) and (max-width: 480px) 480px, (min-width: 481px) 800px, 100vw\" \/> <img decoding=\"async\" class=\"aligncenter size-full wp-image-4543\" src=\"https:\/\/www.supersybon.com\/fr\/wp-content\/uploads\/2022\/10\/1765180877-Fl126-Reusable-Respirators-Spray-Mask-Half-Face-Mask-Paint-Sprayer-Mask.jpg\" alt=\"Masque respiratoire r\u00e9utilisable FL126 - Demi-masque pour pulv\u00e9risation - Masque pour pulv\u00e9risateur de peinture\" width=\"800\" height=\"800\" srcset=\"https:\/\/www.supersybon.com\/fr\/wp-content\/uploads\/2022\/10\/1765180877-Fl126-Reusable-Respirators-Spray-Mask-Half-Face-Mask-Paint-Sprayer-Mask.jpg 800w, https:\/\/www.supersybon.com\/fr\/wp-content\/uploads\/2022\/10\/1765180877-Fl126-Reusable-Respirators-Spray-Mask-Half-Face-Mask-Paint-Sprayer-Mask-480x480.jpg 480w\" sizes=\"(min-width: 0px) and (max-width: 480px) 480px, (min-width: 481px) 800px, 100vw\" \/> <img decoding=\"async\" class=\"aligncenter size-full wp-image-4546\" src=\"https:\/\/www.supersybon.com\/fr\/wp-content\/uploads\/2022\/10\/1765180895-Fl126-Supply-Anti-Dust-Chemical-Respirator-Silicone-Half-Face-Spray-Paint-Gas-Mask.jpg\" alt=\"Masque respiratoire anti-poussi\u00e8re, anti-chimique, en silicone, demi-visage, pour peinture et gaz, FL126\" width=\"800\" height=\"800\" srcset=\"https:\/\/www.supersybon.com\/fr\/wp-content\/uploads\/2022\/10\/1765180895-Fl126-Supply-Anti-Dust-Chemical-Respirator-Silicone-Half-Face-Spray-Paint-Gas-Mask.jpg 800w, https:\/\/www.supersybon.com\/fr\/wp-content\/uploads\/2022\/10\/1765180895-Fl126-Supply-Anti-Dust-Chemical-Respirator-Silicone-Half-Face-Spray-Paint-Gas-Mask-480x480.jpg 480w\" sizes=\"(min-width: 0px) and (max-width: 480px) 480px, (min-width: 481px) 800px, 100vw\" \/> <img decoding=\"async\" class=\"aligncenter size-full wp-image-4545\" src=\"https:\/\/www.supersybon.com\/fr\/wp-content\/uploads\/2022\/10\/1765180889-Fl126-Standard-Half-Face-Respirator-Mask-Of-Paint.jpg\" alt=\"Masque respiratoire standard demi-visage FL126 contre la peinture\" width=\"800\" height=\"800\" srcset=\"https:\/\/www.supersybon.com\/fr\/wp-content\/uploads\/2022\/10\/1765180889-Fl126-Standard-Half-Face-Respirator-Mask-Of-Paint.jpg 800w, https:\/\/www.supersybon.com\/fr\/wp-content\/uploads\/2022\/10\/1765180889-Fl126-Standard-Half-Face-Respirator-Mask-Of-Paint-480x480.jpg 480w\" sizes=\"(min-width: 0px) and (max-width: 480px) 480px, (min-width: 481px) 800px, 100vw\" \/><\/p>\n<div data-spm-anchor-id=\"a2700.details.0.i37.625d2e9eLtZffL\">\n<p>&nbsp;<\/p>\n<\/div>\n<div data-spm-anchor-id=\"a2700.details.0.i37.625d2e9eLtZffL\"><\/div>\n<div class=\"magic-13\">\n<div class=\"magic-14\">\n<div data-spm-anchor-id=\"a2700.details.0.i37.625d2e9eLtZffL\">\n<div><strong>Emballage et service du produit<\/strong><\/div>\n<hr \/>\n<p><strong>EMBALLER:<\/strong><\/p>\n<\/div>\n<div data-spm-anchor-id=\"a2700.details.0.i37.625d2e9eLtZffL\">1 ensemble\/sac<img decoding=\"async\" class=\"aligncenter size-full wp-image-4544\" src=\"https:\/\/www.supersybon.com\/fr\/wp-content\/uploads\/2022\/10\/1765180883-Fl126-Safety-Double-Respiration-Half-Face-Spray-Paint-Mask.jpg\" alt=\"Masque de protection respiratoire double FL126 contre la peinture en a\u00e9rosol\" width=\"800\" height=\"800\" srcset=\"https:\/\/www.supersybon.com\/fr\/wp-content\/uploads\/2022\/10\/1765180883-Fl126-Safety-Double-Respiration-Half-Face-Spray-Paint-Mask.jpg 800w, https:\/\/www.supersybon.com\/fr\/wp-content\/uploads\/2022\/10\/1765180883-Fl126-Safety-Double-Respiration-Half-Face-Spray-Paint-Mask-480x480.jpg 480w\" sizes=\"(min-width: 0px) and (max-width: 480px) 480px, (min-width: 481px) 800px, 100vw\" \/>.<\/div>\n<div data-spm-anchor-id=\"a2700.details.0.i37.625d2e9eLtZffL\">\n<div data-spm-anchor-id=\"a2700.details.0.i37.625d2e9eLtZffL\">\n<p>&nbsp;<\/p>\n<\/div>\n<\/div>\n<div data-spm-anchor-id=\"a2700.details.0.i37.625d2e9eLtZffL\">\n<p><strong>NOTRE SERVICE:<\/strong><\/p>\n<p>1.24 heures en ligne<\/p>\n<p>2. Prix comp\u00e9titif<\/p>\n<p>3. Excellents commentaires du client<\/p>\n<p>4. Commande en ligne s\u00e9curis\u00e9e<\/p>\n<p>5. livraison rapide<\/p>\n<p>6. support technique professionnel<\/p>\n<\/div>\n<p>&nbsp;<\/p>\n<p><strong>Profil de l'entreprise<\/strong><\/p>\n<hr \/>\n<p>&nbsp;<\/p>\n<p><img decoding=\"async\" class=\"aligncenter size-full wp-image-324\" src=\"https:\/\/www.supersybon.com\/fr\/wp-content\/uploads\/2022\/09\/1663401769-Car-Paint-Supplier-Company-Profile-Manufacturer-China.jpg\" alt=\"\" width=\"900\" height=\"958\" srcset=\"https:\/\/www.supersybon.com\/fr\/wp-content\/uploads\/2022\/09\/1663401769-Car-Paint-Supplier-Company-Profile-Manufacturer-China.jpg 900w, https:\/\/www.supersybon.com\/fr\/wp-content\/uploads\/2022\/09\/1663401769-Car-Paint-Supplier-Company-Profile-Manufacturer-China-480x511.jpg 480w\" sizes=\"(min-width: 0px) and (max-width: 480px) 480px, (min-width: 481px) 900px, 100vw\" \/><\/p>\n<div class=\"magic-13\">\n<div class=\"magic-14\">\n<p>FAQ<\/p>\n<hr \/>\n<\/div>\n<\/div>\n<p><strong>Q\u00a0:\u00a0Quel est votre MOQ\u00a0?<\/strong><\/p>\n<p>R : Notre MOQ est de 1 ensemble.<\/p>\n<p><strong>Q\u00a0:\u00a0Qu\u2019en est-il de votre paiement\u00a0?<\/strong><\/p>\n<p>R : d\u00e9p\u00f4t de 50% \u00e0 l'avance, solde de 50% par T\/T, L\/C, paypal, Western Union ou bien avant exp\u00e9dition.<\/p>\n<p><strong>Q : Fournissez-vous des \u00e9chantillons ?<\/strong><\/p>\n<p>R : Oui, vous pouvez acheter un \u00e9chantillon pour le tester.<\/p>\n<p><strong>Q : Qu'en est-il de votre d\u00e9lai de livraison ?<\/strong><\/p>\n<p>R\u00a0:\u00a0Habituellement 15 jours apr\u00e8s r\u00e9ception de votre d\u00e9p\u00f4t.<\/p>\n<\/div>\n<\/div>\n","protected":false},"excerpt":{"rendered":"<p>Respirateur double<br \/>\nProtection respiratoire compatible et pratique\u00a0;<br \/>\nDemi-masque respiratoire r\u00e9utilisable\u00a0;<br \/>\nMat\u00e9riau en silicone de pointe pour un confort et une durabilit\u00e9 accrus.<\/p>\n","protected":false},"featured_media":4540,"template":"","meta":{"_et_pb_use_builder":"","_et_pb_old_content":"","_et_gb_content_width":""},"product_brand":[],"product_cat":[67,74],"product_tag":[759,1062],"class_list":{"0":"post-893","1":"product","2":"type-product","3":"status-publish","4":"has-post-thumbnail","6":"product_cat-serie-de-reparation-automobile","7":"product_cat-masques-en-spray","8":"product_tag-masque-de-peinture-en-aerosol","9":"product_tag-respirateur-double","11":"first","12":"instock","13":"shipping-taxable","14":"product-type-simple"},"_links":{"self":[{"href":"https:\/\/www.supersybon.com\/fr\/wp-json\/wp\/v2\/product\/893","targetHints":{"allow":["GET"]}}],"collection":[{"href":"https:\/\/www.supersybon.com\/fr\/wp-json\/wp\/v2\/product"}],"about":[{"href":"https:\/\/www.supersybon.com\/fr\/wp-json\/wp\/v2\/types\/product"}],"wp:featuredmedia":[{"embeddable":true,"href":"https:\/\/www.supersybon.com\/fr\/wp-json\/wp\/v2\/media\/4540"}],"wp:attachment":[{"href":"https:\/\/www.supersybon.com\/fr\/wp-json\/wp\/v2\/media?parent=893"}],"wp:term":[{"taxonomy":"product_brand","embeddable":true,"href":"https:\/\/www.supersybon.com\/fr\/wp-json\/wp\/v2\/product_brand?post=893"},{"taxonomy":"product_cat","embeddable":true,"href":"https:\/\/www.supersybon.com\/fr\/wp-json\/wp\/v2\/product_cat?post=893"},{"taxonomy":"product_tag","embeddable":true,"href":"https:\/\/www.supersybon.com\/fr\/wp-json\/wp\/v2\/product_tag?post=893"}],"curies":[{"name":"wp","href":"https:\/\/api.w.org\/{rel}","templated":true}]}}