{"id":864,"date":"2022-10-13T20:36:40","date_gmt":"2022-10-13T12:36:40","guid":{"rendered":"https:\/\/www.supersybon.com\/fr\/?post_type=product&#038;p=864"},"modified":"2023-09-12T16:56:14","modified_gmt":"2023-09-12T08:56:14","slug":"h-827-pistolet-a-peinture-a-alimentation-par-gravite-hvlp","status":"publish","type":"product","link":"https:\/\/www.supersybon.com\/fr\/product\/h-827-pistolet-a-peinture-a-alimentation-par-gravite-hvlp","title":{"rendered":"H-827 Pistolet \u00e0 peinture \u00e0 alimentation par gravit\u00e9 HVLP avec buse de bidon de 600 ml 1,3 mm 1,4 mm 1,7 mm 2,0 mm"},"content":{"rendered":"<p><iframe title=\"H-827 HVLP Gravity Feed Paint Spray Gun With 600ml Canister Nozzle 1.3mm 1.4mm 1.7mm 2.0mm\" width=\"1080\" height=\"608\" src=\"https:\/\/www.youtube.com\/embed\/VXlugV5UUnU?feature=oembed\"  allow=\"accelerometer; autoplay; clipboard-write; encrypted-media; gyroscope; picture-in-picture\" allowfullscreen><\/iframe><\/p>\n<p><img decoding=\"async\" class=\"aligncenter size-full wp-image-865\" src=\"https:\/\/www.supersybon.com\/fr\/wp-content\/uploads\/2022\/10\/1665665673-H-827-Sprayer-Paint-Gun-Auto-Paint-Sprayer-Gun-Gravity-Feed-Cup-Gun-Sprayer-Best-Car-Paint-Spray-Gun.jpg\" alt=\"\" width=\"900\" height=\"364\" srcset=\"https:\/\/www.supersybon.com\/fr\/wp-content\/uploads\/2022\/10\/1665665673-H-827-Sprayer-Paint-Gun-Auto-Paint-Sprayer-Gun-Gravity-Feed-Cup-Gun-Sprayer-Best-Car-Paint-Spray-Gun.jpg 900w, https:\/\/www.supersybon.com\/fr\/wp-content\/uploads\/2022\/10\/1665665673-H-827-Sprayer-Paint-Gun-Auto-Paint-Sprayer-Gun-Gravity-Feed-Cup-Gun-Sprayer-Best-Car-Paint-Spray-Gun-480x194.jpg 480w\" sizes=\"(min-width: 0px) and (max-width: 480px) 480px, (min-width: 481px) 900px, 100vw\" \/><\/p>\n<p>&nbsp;<\/p>\n<h2><strong>H-827 Pistolet \u00e0 peinture \u00e0 alimentation par gravit\u00e9 HVLP avec buse de bidon de 600 ml 1,3 mm 1,4 mm 1,7 mm 2,0 mm<\/strong><\/h2>\n<p>Qualit\u00e9 professionnelle<br \/>\n1.Excellente efficacit\u00e9 de pulv\u00e9risation et non-pollution.<br \/>\n2. Buse et aiguille en acier inoxydable de haute qualit\u00e9.<br \/>\n3. Nettoyage et lavage pratiques de la buse.<br \/>\n4. L'efficacit\u00e9 du transfert est sup\u00e9rieure \u00e0 65 %.<\/p>\n<div data-id=\"paragraph0\"><\/div>\n<div class=\"magic-13\">\n<div class=\"magic-14\">\n<div class=\"magic-9\">\n<div class=\"magic-10\">\n<p>&nbsp;<\/p>\n<p>&nbsp;<\/p>\n<p>&nbsp;<\/p>\n<\/div>\n<\/div>\n<\/div>\n<\/div>\n<div data-spm-anchor-id=\"a2700.details.0.i37.625d2e9eLtZffL\"><img decoding=\"async\" class=\"aligncenter size-full wp-image-866\" src=\"https:\/\/www.supersybon.com\/fr\/wp-content\/uploads\/2022\/10\/1665665719-H-827-Hight-Quality-Spray-Gun-Automotive-Paintshop-Tooling-Basecoat-Car-Painting-Hvlp-Spray-Guns-Manufacturers-In-China.jpg\" alt=\"\" width=\"800\" height=\"800\" srcset=\"https:\/\/www.supersybon.com\/fr\/wp-content\/uploads\/2022\/10\/1665665719-H-827-Hight-Quality-Spray-Gun-Automotive-Paintshop-Tooling-Basecoat-Car-Painting-Hvlp-Spray-Guns-Manufacturers-In-China.jpg 800w, https:\/\/www.supersybon.com\/fr\/wp-content\/uploads\/2022\/10\/1665665719-H-827-Hight-Quality-Spray-Gun-Automotive-Paintshop-Tooling-Basecoat-Car-Painting-Hvlp-Spray-Guns-Manufacturers-In-China-480x480.jpg 480w\" sizes=\"(min-width: 0px) and (max-width: 480px) 480px, (min-width: 481px) 800px, 100vw\" \/><\/div>\n<div data-spm-anchor-id=\"a2700.details.0.i37.625d2e9eLtZffL\"><\/div>\n<div data-spm-anchor-id=\"a2700.details.0.i37.625d2e9eLtZffL\"><\/div>\n<div class=\"magic-13\">\n<div class=\"magic-14\">\n<div data-spm-anchor-id=\"a2700.details.0.i37.625d2e9eLtZffL\"><\/div>\n<div data-spm-anchor-id=\"a2700.details.0.i37.625d2e9eLtZffL\">\n<div><strong>Emballage et service du produit<\/strong><\/div>\n<hr \/>\n<p><strong>EMBALLER:<\/strong><\/p>\n<p>1 pi\u00e8ce\/bo\u00eete en papier.<\/p>\n<p>&nbsp;<\/p>\n<p><strong>NOTRE SERVICE:<\/strong><\/p>\n<p>1.24 heures en ligne<\/p>\n<p>2. Prix comp\u00e9titif<\/p>\n<p>3. Excellents commentaires du client<\/p>\n<p>4. Commande en ligne s\u00e9curis\u00e9e<\/p>\n<p>5. livraison rapide<\/p>\n<p>6. support technique professionnel<\/p>\n<\/div>\n<p>&nbsp;<\/p>\n<p>&nbsp;<\/p>\n<p><strong>Profil de l'entreprise<\/strong><\/p>\n<hr \/>\n<p>&nbsp;<\/p>\n<p><img decoding=\"async\" class=\"aligncenter size-full wp-image-324\" src=\"https:\/\/www.supersybon.com\/fr\/wp-content\/uploads\/2022\/09\/1663401769-Car-Paint-Supplier-Company-Profile-Manufacturer-China.jpg\" alt=\"\" width=\"900\" height=\"958\" srcset=\"https:\/\/www.supersybon.com\/fr\/wp-content\/uploads\/2022\/09\/1663401769-Car-Paint-Supplier-Company-Profile-Manufacturer-China.jpg 900w, https:\/\/www.supersybon.com\/fr\/wp-content\/uploads\/2022\/09\/1663401769-Car-Paint-Supplier-Company-Profile-Manufacturer-China-480x511.jpg 480w\" sizes=\"(min-width: 0px) and (max-width: 480px) 480px, (min-width: 481px) 900px, 100vw\" \/><\/p>\n<div class=\"magic-13\">\n<div class=\"magic-14\">\n<p>FAQ<\/p>\n<hr \/>\n<\/div>\n<\/div>\n<p><strong>Q\u00a0:\u00a0Quel est votre MOQ\u00a0?<\/strong><\/p>\n<p>R : Notre MOQ est de 10 ensembles.<\/p>\n<p><strong>Q\u00a0:\u00a0Qu\u2019en est-il de votre paiement\u00a0?<\/strong><\/p>\n<p>R : d\u00e9p\u00f4t de 50% \u00e0 l'avance, solde de 50% par T\/T, L\/C, paypal, Western Union ou bien avant exp\u00e9dition.<\/p>\n<p><strong>Q : Fournissez-vous des \u00e9chantillons ?<\/strong><\/p>\n<p>R : Oui, vous pouvez acheter un \u00e9chantillon pour le tester.<\/p>\n<p><strong>Q : Qu'en est-il de votre d\u00e9lai de livraison ?<\/strong><\/p>\n<p>R\u00a0:\u00a0Habituellement 15 jours apr\u00e8s r\u00e9ception de votre d\u00e9p\u00f4t.<\/p>\n<\/div>\n<\/div>\n","protected":false},"excerpt":{"rendered":"<p>Qualit\u00e9 professionnelle<br \/>\n1.Excellente efficacit\u00e9 de pulv\u00e9risation et non-pollution.<br \/>\n2. Buse et aiguille en acier inoxydable de haute qualit\u00e9.<br \/>\n3. Nettoyage et lavage pratiques de la buse.<br \/>\n4. L'efficacit\u00e9 du transfert est sup\u00e9rieure \u00e0 65 %.<\/p>\n","protected":false},"featured_media":867,"template":"","meta":{"_et_pb_use_builder":"","_et_pb_old_content":"","_et_gb_content_width":""},"product_brand":[],"product_cat":[67,75],"product_tag":[757],"class_list":{"0":"post-864","1":"product","2":"type-product","3":"status-publish","4":"has-post-thumbnail","6":"product_cat-serie-de-reparation-automobile","7":"product_cat-pistolet-a-peinture","8":"product_tag-pistolet-a-peinture-a-alimentation-par-gravite-hvlp","10":"first","11":"instock","12":"shipping-taxable","13":"product-type-simple"},"_links":{"self":[{"href":"https:\/\/www.supersybon.com\/fr\/wp-json\/wp\/v2\/product\/864","targetHints":{"allow":["GET"]}}],"collection":[{"href":"https:\/\/www.supersybon.com\/fr\/wp-json\/wp\/v2\/product"}],"about":[{"href":"https:\/\/www.supersybon.com\/fr\/wp-json\/wp\/v2\/types\/product"}],"wp:featuredmedia":[{"embeddable":true,"href":"https:\/\/www.supersybon.com\/fr\/wp-json\/wp\/v2\/media\/867"}],"wp:attachment":[{"href":"https:\/\/www.supersybon.com\/fr\/wp-json\/wp\/v2\/media?parent=864"}],"wp:term":[{"taxonomy":"product_brand","embeddable":true,"href":"https:\/\/www.supersybon.com\/fr\/wp-json\/wp\/v2\/product_brand?post=864"},{"taxonomy":"product_cat","embeddable":true,"href":"https:\/\/www.supersybon.com\/fr\/wp-json\/wp\/v2\/product_cat?post=864"},{"taxonomy":"product_tag","embeddable":true,"href":"https:\/\/www.supersybon.com\/fr\/wp-json\/wp\/v2\/product_tag?post=864"}],"curies":[{"name":"wp","href":"https:\/\/api.w.org\/{rel}","templated":true}]}}