{"id":856,"date":"2022-10-13T20:03:28","date_gmt":"2022-10-13T12:03:28","guid":{"rendered":"https:\/\/www.supersybon.com\/fr\/?post_type=product&#038;p=856"},"modified":"2023-09-12T17:02:39","modified_gmt":"2023-09-12T09:02:39","slug":"h-887-professionnel-pistolet-pulverisateur-pneumatique","status":"publish","type":"product","link":"https:\/\/www.supersybon.com\/fr\/product\/h-887-professionnel-pistolet-pulverisateur-pneumatique","title":{"rendered":"H-887 Professionnel pistolet pulv\u00e9risateur pneumatique pulv\u00e9risateur de peinture Hvlp automobile pour buse de voiture, tasse 1,4 mm, 600cc"},"content":{"rendered":"<p><iframe title=\"H-887 Professional Air Spray Gun Automotive Hvlp Paint Sprayer for Car Nozzle 1.4 mm 600cc Cup\" width=\"1080\" height=\"608\" src=\"https:\/\/www.youtube.com\/embed\/5FdfA9wfxzA?feature=oembed\"  allow=\"accelerometer; autoplay; clipboard-write; encrypted-media; gyroscope; picture-in-picture\" allowfullscreen><\/iframe><\/p>\n<p><img decoding=\"async\" class=\"aligncenter size-full wp-image-857\" src=\"https:\/\/www.supersybon.com\/fr\/wp-content\/uploads\/2022\/10\/1665664050-H-887-Spray-Gun-1.4Mm-Hvlp-Spray-Gun-Price-Types-Of-Spray-Guns-Paint-Car-Refinish-Tools.jpg\" alt=\"\" width=\"900\" height=\"364\" srcset=\"https:\/\/www.supersybon.com\/fr\/wp-content\/uploads\/2022\/10\/1665664050-H-887-Spray-Gun-1.4Mm-Hvlp-Spray-Gun-Price-Types-Of-Spray-Guns-Paint-Car-Refinish-Tools.jpg 900w, https:\/\/www.supersybon.com\/fr\/wp-content\/uploads\/2022\/10\/1665664050-H-887-Spray-Gun-1.4Mm-Hvlp-Spray-Gun-Price-Types-Of-Spray-Guns-Paint-Car-Refinish-Tools-480x194.jpg 480w\" sizes=\"(min-width: 0px) and (max-width: 480px) 480px, (min-width: 481px) 900px, 100vw\" \/><\/p>\n<p>&nbsp;<\/p>\n<h2><strong>H-887 Professionnel pistolet pulv\u00e9risateur pneumatique pulv\u00e9risateur de peinture Hvlp automobile pour buse de voiture, tasse 1,4 mm, 600cc<\/strong><\/h2>\n<p>L\u00e9ger, flexible et polyvalent<br \/>\n1. La conception ergonomique du pistolet, conforme \u00e0 la main humaine, est confortable et r\u00e9duit consid\u00e9rablement la fatigue de l'op\u00e9rateur.<br \/>\n2. Avec un effet d'atomisation exquis et des performances de pulv\u00e9risation de peinture sup\u00e9rieures, une efficacit\u00e9 \u00e9lev\u00e9e, \u00e9conomisez la peinture.<br \/>\n3. Applicable \u00e0 tous les types de peinture, peut \u00eatre largement utilis\u00e9 dans les machines, les meubles, la quincaillerie, etc.<\/p>\n<div data-id=\"paragraph0\"><\/div>\n<div class=\"magic-13\">\n<div class=\"magic-14\">\n<div class=\"magic-9\">\n<div class=\"magic-10\">\n<p>&nbsp;<\/p>\n<\/div>\n<\/div>\n<\/div>\n<\/div>\n<div data-spm-anchor-id=\"a2700.details.0.i37.625d2e9eLtZffL\"><img decoding=\"async\" class=\"aligncenter size-full wp-image-858\" src=\"https:\/\/www.supersybon.com\/fr\/wp-content\/uploads\/2022\/10\/1665664091-H-887-Spray-Gun-Auto-Refinishing-Spray-Gun-Car-Car-Paint-Qaulity-Gun.jpg\" alt=\"\" width=\"750\" height=\"602\" srcset=\"https:\/\/www.supersybon.com\/fr\/wp-content\/uploads\/2022\/10\/1665664091-H-887-Spray-Gun-Auto-Refinishing-Spray-Gun-Car-Car-Paint-Qaulity-Gun.jpg 750w, https:\/\/www.supersybon.com\/fr\/wp-content\/uploads\/2022\/10\/1665664091-H-887-Spray-Gun-Auto-Refinishing-Spray-Gun-Car-Car-Paint-Qaulity-Gun-480x385.jpg 480w\" sizes=\"(min-width: 0px) and (max-width: 480px) 480px, (min-width: 481px) 750px, 100vw\" \/><\/div>\n<div data-spm-anchor-id=\"a2700.details.0.i37.625d2e9eLtZffL\"><\/div>\n<div data-spm-anchor-id=\"a2700.details.0.i37.625d2e9eLtZffL\"><\/div>\n<div class=\"magic-13\">\n<div class=\"magic-14\">\n<div data-spm-anchor-id=\"a2700.details.0.i37.625d2e9eLtZffL\"><\/div>\n<div data-spm-anchor-id=\"a2700.details.0.i37.625d2e9eLtZffL\"><\/div>\n<div data-spm-anchor-id=\"a2700.details.0.i37.625d2e9eLtZffL\">\n<div data-spm-anchor-id=\"a2700.details.0.i37.625d2e9eLtZffL\">\n<p>&nbsp;<\/p>\n<\/div>\n<div data-spm-anchor-id=\"a2700.details.0.i37.625d2e9eLtZffL\">\n<div><strong>Emballage et service du produit<\/strong><\/div>\n<hr \/>\n<p><strong>EMBALLER:<\/strong><\/p>\n<p>1 pi\u00e8ce\/bo\u00eete en papier.<\/p>\n<p>&nbsp;<\/p>\n<p><strong>NOTRE SERVICE:<\/strong><\/p>\n<p>1.24 heures en ligne<\/p>\n<p>2. Prix comp\u00e9titif<\/p>\n<p>3. Excellents commentaires du client<\/p>\n<p>4. Commande en ligne s\u00e9curis\u00e9e<\/p>\n<p>5. livraison rapide<\/p>\n<p>6. support technique professionnel<\/p>\n<\/div>\n<\/div>\n<p>&nbsp;<\/p>\n<p>&nbsp;<\/p>\n<p><strong>Profil de l'entreprise<\/strong><\/p>\n<hr \/>\n<p>&nbsp;<\/p>\n<p><img decoding=\"async\" class=\"aligncenter size-full wp-image-324\" src=\"https:\/\/www.supersybon.com\/fr\/wp-content\/uploads\/2022\/09\/1663401769-Car-Paint-Supplier-Company-Profile-Manufacturer-China.jpg\" alt=\"\" width=\"900\" height=\"958\" srcset=\"https:\/\/www.supersybon.com\/fr\/wp-content\/uploads\/2022\/09\/1663401769-Car-Paint-Supplier-Company-Profile-Manufacturer-China.jpg 900w, https:\/\/www.supersybon.com\/fr\/wp-content\/uploads\/2022\/09\/1663401769-Car-Paint-Supplier-Company-Profile-Manufacturer-China-480x511.jpg 480w\" sizes=\"(min-width: 0px) and (max-width: 480px) 480px, (min-width: 481px) 900px, 100vw\" \/><\/p>\n<div class=\"magic-13\">\n<div class=\"magic-14\">\n<p>FAQ<\/p>\n<hr \/>\n<\/div>\n<\/div>\n<p><strong>Q\u00a0:\u00a0Quel est votre MOQ\u00a0?<\/strong><\/p>\n<p>R : Notre MOQ est de 10 ensembles.<\/p>\n<p><strong>Q\u00a0:\u00a0Qu\u2019en est-il de votre paiement\u00a0?<\/strong><\/p>\n<p>R : d\u00e9p\u00f4t de 50% \u00e0 l'avance, solde de 50% par T\/T, L\/C, paypal, Western Union ou bien avant exp\u00e9dition.<\/p>\n<p><strong>Q : Fournissez-vous des \u00e9chantillons ?<\/strong><\/p>\n<p>R : Oui, vous pouvez acheter un \u00e9chantillon pour le tester.<\/p>\n<p><strong>Q : Qu'en est-il de votre d\u00e9lai de livraison ?<\/strong><\/p>\n<p>R\u00a0:\u00a0Habituellement 15 jours apr\u00e8s r\u00e9ception de votre d\u00e9p\u00f4t.<\/p>\n<\/div>\n<\/div>\n","protected":false},"excerpt":{"rendered":"<p>L\u00e9ger, flexible et polyvalent<br \/>\nSentir \u00e0 l'aise<br \/>\nHaute efficacit\u00e9 de peinture<br \/>\nEnregistrer les rev\u00eatements<br \/>\nChoix parfait<\/p>\n","protected":false},"featured_media":859,"template":"","meta":{"_et_pb_use_builder":"","_et_pb_old_content":"","_et_gb_content_width":""},"product_brand":[],"product_cat":[67,75],"product_tag":[755,756],"class_list":{"0":"post-856","1":"product","2":"type-product","3":"status-publish","4":"has-post-thumbnail","6":"product_cat-serie-de-reparation-automobile","7":"product_cat-pistolet-a-peinture","8":"product_tag-pistolet-pulverisateur-pneumatique","9":"product_tag-pulverisateur-de-peinture-hvlp-automobile","11":"first","12":"instock","13":"shipping-taxable","14":"product-type-simple"},"_links":{"self":[{"href":"https:\/\/www.supersybon.com\/fr\/wp-json\/wp\/v2\/product\/856","targetHints":{"allow":["GET"]}}],"collection":[{"href":"https:\/\/www.supersybon.com\/fr\/wp-json\/wp\/v2\/product"}],"about":[{"href":"https:\/\/www.supersybon.com\/fr\/wp-json\/wp\/v2\/types\/product"}],"wp:featuredmedia":[{"embeddable":true,"href":"https:\/\/www.supersybon.com\/fr\/wp-json\/wp\/v2\/media\/859"}],"wp:attachment":[{"href":"https:\/\/www.supersybon.com\/fr\/wp-json\/wp\/v2\/media?parent=856"}],"wp:term":[{"taxonomy":"product_brand","embeddable":true,"href":"https:\/\/www.supersybon.com\/fr\/wp-json\/wp\/v2\/product_brand?post=856"},{"taxonomy":"product_cat","embeddable":true,"href":"https:\/\/www.supersybon.com\/fr\/wp-json\/wp\/v2\/product_cat?post=856"},{"taxonomy":"product_tag","embeddable":true,"href":"https:\/\/www.supersybon.com\/fr\/wp-json\/wp\/v2\/product_tag?post=856"}],"curies":[{"name":"wp","href":"https:\/\/api.w.org\/{rel}","templated":true}]}}