{"id":851,"date":"2022-10-13T15:53:54","date_gmt":"2022-10-13T07:53:54","guid":{"rendered":"https:\/\/www.supersybon.com\/fr\/?post_type=product&#038;p=851"},"modified":"2023-09-12T17:05:44","modified_gmt":"2023-09-12T09:05:44","slug":"h-1000b-le-meilleur-pistolet-pulverisateur-hvlp-pour-peinture-automobile","status":"publish","type":"product","link":"https:\/\/www.supersybon.com\/fr\/product\/h-1000b-le-meilleur-pistolet-pulverisateur-hvlp-pour-peinture-automobile","title":{"rendered":"H-1000B Le meilleur pistolet pulv\u00e9risateur HVLP pour peinture automobile buses 1,3 mm, tasse 600 cc"},"content":{"rendered":"<p><iframe title=\"The best car paint spray results require a good spray gun. We have the best car paint and spray gun.\" width=\"1080\" height=\"608\" src=\"https:\/\/www.youtube.com\/embed\/fRuohQJB4YI?feature=oembed\"  allow=\"accelerometer; autoplay; clipboard-write; encrypted-media; gyroscope; picture-in-picture\" allowfullscreen><\/iframe><\/p>\n<p><img decoding=\"async\" class=\"aligncenter size-full wp-image-852\" src=\"https:\/\/www.supersybon.com\/fr\/wp-content\/uploads\/2022\/10\/1665661856-H100B-Spray-Gun-Painting-Car-Automotive-Spray-Gun-Automotive-Primer-Guns.jpg\" alt=\"\" width=\"900\" height=\"364\" srcset=\"https:\/\/www.supersybon.com\/fr\/wp-content\/uploads\/2022\/10\/1665661856-H100B-Spray-Gun-Painting-Car-Automotive-Spray-Gun-Automotive-Primer-Guns.jpg 900w, https:\/\/www.supersybon.com\/fr\/wp-content\/uploads\/2022\/10\/1665661856-H100B-Spray-Gun-Painting-Car-Automotive-Spray-Gun-Automotive-Primer-Guns-480x194.jpg 480w\" sizes=\"(min-width: 0px) and (max-width: 480px) 480px, (min-width: 481px) 900px, 100vw\" \/><\/p>\n<p>&nbsp;<\/p>\n<h2><strong>H-1000B Le meilleur pistolet pulv\u00e9risateur HVLP pour peinture automobile buses 1,3 mm, tasse 600 cc<\/strong><\/h2>\n<p>Vitesse de travail rapide et large \u00e9ventail.<\/p>\n<p>Une efficacit\u00e9 de transfert \u00e9lev\u00e9e signifie une r\u00e9duction du brouillard de pulv\u00e9risation.<\/p>\n<p>L'aiguille et la pointe fluide en acier inoxydable permettent une utilisation avec des mat\u00e9riaux \u00e0 base d'eau.<\/p>\n<p>R\u00e9duction significative des co\u00fbts d'exploitation. Corps de pistolet compact, l\u00e9ger et ergonomie parfaite.<\/p>\n<p>(Veuillez respecter le mode d'emploi ci-joint).<\/p>\n<div class=\"magic-13\">\n<div class=\"magic-14\">\n<div class=\"magic-9\">\n<div class=\"magic-10\">\n<p>&nbsp;<\/p>\n<p>&nbsp;<\/p>\n<\/div>\n<\/div>\n<\/div>\n<\/div>\n<div data-spm-anchor-id=\"a2700.details.0.i37.625d2e9eLtZffL\"><img decoding=\"async\" class=\"aligncenter size-full wp-image-853\" src=\"https:\/\/www.supersybon.com\/fr\/wp-content\/uploads\/2022\/10\/1665661895-H100B-Best-Spray-Gun-For-Painting-Car-Gravity-Feed-Paint-Spray-Gun-For-Painting-Automobiles-Paint-Gun.jpg\" alt=\"\" width=\"800\" height=\"800\" srcset=\"https:\/\/www.supersybon.com\/fr\/wp-content\/uploads\/2022\/10\/1665661895-H100B-Best-Spray-Gun-For-Painting-Car-Gravity-Feed-Paint-Spray-Gun-For-Painting-Automobiles-Paint-Gun.jpg 800w, https:\/\/www.supersybon.com\/fr\/wp-content\/uploads\/2022\/10\/1665661895-H100B-Best-Spray-Gun-For-Painting-Car-Gravity-Feed-Paint-Spray-Gun-For-Painting-Automobiles-Paint-Gun-480x480.jpg 480w\" sizes=\"(min-width: 0px) and (max-width: 480px) 480px, (min-width: 481px) 800px, 100vw\" \/><\/div>\n<div data-spm-anchor-id=\"a2700.details.0.i37.625d2e9eLtZffL\"><\/div>\n<div data-spm-anchor-id=\"a2700.details.0.i37.625d2e9eLtZffL\"><\/div>\n<div class=\"magic-13\">\n<div class=\"magic-14\">\n<div data-spm-anchor-id=\"a2700.details.0.i37.625d2e9eLtZffL\">\n<div data-spm-anchor-id=\"a2700.details.0.i37.625d2e9eLtZffL\">\n<p>&nbsp;<\/p>\n<\/div>\n<div data-spm-anchor-id=\"a2700.details.0.i37.625d2e9eLtZffL\">\n<div><strong>Emballage et service du produit<\/strong><\/div>\n<hr \/>\n<p><strong>EMBALLER:<\/strong><\/p>\n<p>1 pi\u00e8ce\/bo\u00eete en papier.<\/p>\n<p>&nbsp;<\/p>\n<p><strong>NOTRE SERVICE:<\/strong><\/p>\n<p>1.24 heures en ligne<\/p>\n<p>2. Prix comp\u00e9titif<\/p>\n<p>3. Excellents commentaires du client<\/p>\n<p>4. Commande en ligne s\u00e9curis\u00e9e<\/p>\n<p>5. livraison rapide<\/p>\n<p>6. support technique professionnel<\/p>\n<\/div>\n<\/div>\n<div data-spm-anchor-id=\"a2700.details.0.i37.625d2e9eLtZffL\"><\/div>\n<div data-spm-anchor-id=\"a2700.details.0.i37.625d2e9eLtZffL\"><\/div>\n<p>&nbsp;<\/p>\n<p><strong>Profil de l'entreprise<\/strong><\/p>\n<hr \/>\n<p>&nbsp;<\/p>\n<p>&nbsp;<\/p>\n<p><img decoding=\"async\" class=\"aligncenter size-full wp-image-324\" src=\"https:\/\/www.supersybon.com\/fr\/wp-content\/uploads\/2022\/09\/1663401769-Car-Paint-Supplier-Company-Profile-Manufacturer-China.jpg\" alt=\"\" width=\"900\" height=\"958\" srcset=\"https:\/\/www.supersybon.com\/fr\/wp-content\/uploads\/2022\/09\/1663401769-Car-Paint-Supplier-Company-Profile-Manufacturer-China.jpg 900w, https:\/\/www.supersybon.com\/fr\/wp-content\/uploads\/2022\/09\/1663401769-Car-Paint-Supplier-Company-Profile-Manufacturer-China-480x511.jpg 480w\" sizes=\"(min-width: 0px) and (max-width: 480px) 480px, (min-width: 481px) 900px, 100vw\" \/><\/p>\n<p>FAQ<\/p>\n<hr \/>\n<\/div>\n<\/div>\n<p><strong>Q\u00a0:\u00a0Quel est votre MOQ\u00a0?<\/strong><\/p>\n<p>R : Notre MOQ est de 10 ensembles.<\/p>\n<p><strong>Q\u00a0:\u00a0Qu\u2019en est-il de votre paiement\u00a0?<\/strong><\/p>\n<p>R : d\u00e9p\u00f4t de 50% \u00e0 l'avance, solde de 50% par T\/T, L\/C, paypal, Western Union ou bien avant exp\u00e9dition.<\/p>\n<p><strong>Q : Fournissez-vous des \u00e9chantillons ?<\/strong><\/p>\n<p>R : Oui, vous pouvez acheter un \u00e9chantillon pour le tester.<\/p>\n<p><strong>Q : Qu'en est-il de votre d\u00e9lai de livraison ?<\/strong><\/p>\n<p>R\u00a0:\u00a0Habituellement 15 jours apr\u00e8s r\u00e9ception de votre d\u00e9p\u00f4t.<\/p>\n","protected":false},"excerpt":{"rendered":"<p>Vitesse de travail rapide et large \u00e9ventail.<br \/>\nUne efficacit\u00e9 de transfert \u00e9lev\u00e9e signifie une r\u00e9duction du brouillard de pulv\u00e9risation.<br \/>\nL'aiguille et la pointe fluide en acier inoxydable permettent une utilisation avec des mat\u00e9riaux \u00e0 base d'eau.<br \/>\nR\u00e9duction significative des co\u00fbts d'exploitation.<br \/>\nCorps de pistolet compact, l\u00e9ger et ergonomie parfaite.<\/p>\n","protected":false},"featured_media":854,"template":"","meta":{"_et_pb_use_builder":"","_et_pb_old_content":"","_et_gb_content_width":""},"product_brand":[],"product_cat":[67,75],"product_tag":[754],"class_list":{"0":"post-851","1":"product","2":"type-product","3":"status-publish","4":"has-post-thumbnail","6":"product_cat-serie-de-reparation-automobile","7":"product_cat-pistolet-a-peinture","8":"product_tag-pistolet-pulverisateur-hvlp-pour-peinture-automobile","10":"first","11":"instock","12":"shipping-taxable","13":"product-type-simple"},"_links":{"self":[{"href":"https:\/\/www.supersybon.com\/fr\/wp-json\/wp\/v2\/product\/851","targetHints":{"allow":["GET"]}}],"collection":[{"href":"https:\/\/www.supersybon.com\/fr\/wp-json\/wp\/v2\/product"}],"about":[{"href":"https:\/\/www.supersybon.com\/fr\/wp-json\/wp\/v2\/types\/product"}],"wp:featuredmedia":[{"embeddable":true,"href":"https:\/\/www.supersybon.com\/fr\/wp-json\/wp\/v2\/media\/854"}],"wp:attachment":[{"href":"https:\/\/www.supersybon.com\/fr\/wp-json\/wp\/v2\/media?parent=851"}],"wp:term":[{"taxonomy":"product_brand","embeddable":true,"href":"https:\/\/www.supersybon.com\/fr\/wp-json\/wp\/v2\/product_brand?post=851"},{"taxonomy":"product_cat","embeddable":true,"href":"https:\/\/www.supersybon.com\/fr\/wp-json\/wp\/v2\/product_cat?post=851"},{"taxonomy":"product_tag","embeddable":true,"href":"https:\/\/www.supersybon.com\/fr\/wp-json\/wp\/v2\/product_tag?post=851"}],"curies":[{"name":"wp","href":"https:\/\/api.w.org\/{rel}","templated":true}]}}