{"id":824,"date":"2022-10-12T16:06:54","date_gmt":"2022-10-12T08:06:54","guid":{"rendered":"https:\/\/www.supersybon.com\/fr\/?post_type=product&#038;p=824"},"modified":"2023-09-11T18:40:09","modified_gmt":"2023-09-11T10:40:09","slug":"hk555-agent-emoussant-agent-matt","status":"publish","type":"product","link":"https:\/\/www.supersybon.com\/fr\/product\/hk555-agent-emoussant-agent-matt","title":{"rendered":"HK555 Agent \u00e9moussant agent matt bonne capacit\u00e9 de matage avec un film de peinture lisse"},"content":{"rendered":"<p><img decoding=\"async\" class=\"aligncenter size-full wp-image-825\" src=\"https:\/\/www.supersybon.com\/fr\/wp-content\/uploads\/2022\/10\/1665563325-HK555-HKS-Car-Paint-Manufacturer-Auto-Base-Matting-Binder-Dulling-Agent-Matt-Agent-For-Car-Paint.jpg\" alt=\"\" width=\"900\" height=\"364\" srcset=\"https:\/\/www.supersybon.com\/fr\/wp-content\/uploads\/2022\/10\/1665563325-HK555-HKS-Car-Paint-Manufacturer-Auto-Base-Matting-Binder-Dulling-Agent-Matt-Agent-For-Car-Paint.jpg 900w, https:\/\/www.supersybon.com\/fr\/wp-content\/uploads\/2022\/10\/1665563325-HK555-HKS-Car-Paint-Manufacturer-Auto-Base-Matting-Binder-Dulling-Agent-Matt-Agent-For-Car-Paint-480x194.jpg 480w\" sizes=\"(min-width: 0px) and (max-width: 480px) 480px, (min-width: 481px) 900px, 100vw\" \/><\/p>\n<p>&nbsp;<\/p>\n<h2><strong>Agent \u00e9moussant Agent Matt<\/strong><\/h2>\n<p>HK555 Agent \u00e9moussant agent matt bonne capacit\u00e9 de matage avec un film de peinture lisse<\/p>\n<p>Agent terne agent mat capable de r\u00e9duire la luminosit\u00e9 du film de peinture. Bonne capacit\u00e9 de matage avec un film de peinture lisse.<\/p>\n<p>&nbsp;<\/p>\n<p><img decoding=\"async\" class=\"aligncenter size-full wp-image-826\" src=\"https:\/\/www.supersybon.com\/fr\/wp-content\/uploads\/2022\/10\/1665563353-HK555-Good-Quality-Car-Paint-Factory-Auto-Base-Matting-Binder-Reduce-Brightness-Of-Paint-To-Matte-Form-Dulling-Agent.jpg\" alt=\"\" width=\"750\" height=\"750\" srcset=\"https:\/\/www.supersybon.com\/fr\/wp-content\/uploads\/2022\/10\/1665563353-HK555-Good-Quality-Car-Paint-Factory-Auto-Base-Matting-Binder-Reduce-Brightness-Of-Paint-To-Matte-Form-Dulling-Agent.jpg 750w, https:\/\/www.supersybon.com\/fr\/wp-content\/uploads\/2022\/10\/1665563353-HK555-Good-Quality-Car-Paint-Factory-Auto-Base-Matting-Binder-Reduce-Brightness-Of-Paint-To-Matte-Form-Dulling-Agent-480x480.jpg 480w\" sizes=\"(min-width: 0px) and (max-width: 480px) 480px, (min-width: 481px) 750px, 100vw\" \/><\/p>\n\n<table id=\"tablepress-9\" class=\"tablepress tablepress-id-9 tbody-has-connected-cells\">\n<thead>\n<tr class=\"row-1\">\n\t<th class=\"column-1\">Article<\/th><th colspan=\"5\" class=\"column-2\">Couche de base 1K\u00a0: Agent matifiant = (85-70)\u00a0: (15-30)<\/th>\n<\/tr>\n<\/thead>\n<tbody class=\"row-striping row-hover\">\n<tr class=\"row-2\">\n\t<td rowspan=\"4\" class=\"column-1\">Taux de m\u00e9lange<\/td><td rowspan=\"4\" class=\"column-2\">Couche de finition 2K<\/td><td class=\"column-3\">Effet<\/td><td class=\"column-4\">Couche de finition 2K<\/td><td class=\"column-5\">Agent mat<\/td><td class=\"column-6\">Durcisseur<\/td>\n<\/tr>\n<tr class=\"row-3\">\n\t<td class=\"column-3\">Tout mat<\/td><td class=\"column-4\">30 pi\u00e8ces<\/td><td class=\"column-5\">70 pi\u00e8ces<\/td><td class=\"column-6\">15 pi\u00e8ces<\/td>\n<\/tr>\n<tr class=\"row-4\">\n\t<td class=\"column-3\">Demi-mat<\/td><td class=\"column-4\">50 pi\u00e8ces<\/td><td class=\"column-5\">50 pi\u00e8ces<\/td><td class=\"column-6\">25 pi\u00e8ces<\/td>\n<\/tr>\n<tr class=\"row-5\">\n\t<td class=\"column-3\">Moiti\u00e9 lumineux<\/td><td class=\"column-4\">70 pi\u00e8ces<\/td><td class=\"column-5\">30 pi\u00e8ces<\/td><td class=\"column-6\">35 pi\u00e8ces<\/td>\n<\/tr>\n<\/tbody>\n<\/table>\n\n<p><strong>Note: <\/strong><\/p>\n<p>L'agent matifiant cristallise facilement lorsqu'il est expos\u00e9 trop longtemps \u00e0 l'air. Pour \u00e9viter les particules dans le film de peinture, en particulier lorsqu'il est appliqu\u00e9 en combinaison avec une couche transparente, \u00e9liminez les particules cristallis\u00e9es et autres contaminations autour du bord de la bo\u00eete avant utilisation et versez avec un filtre.<\/p>\n<div data-id=\"paragraph0\"><\/div>\n<div class=\"magic-13\">\n<div class=\"magic-14\">\n<div>\n<div class=\"magic-9\">\n<div class=\"magic-10\">\n<p>&nbsp;<\/p>\n<p>&nbsp;<\/p>\n<\/div>\n<\/div>\n<\/div>\n<\/div>\n<\/div>\n<div data-spm-anchor-id=\"a2700.details.0.i37.625d2e9eLtZffL\"><img decoding=\"async\" class=\"aligncenter size-full wp-image-829\" src=\"https:\/\/www.supersybon.com\/fr\/wp-content\/uploads\/2022\/10\/1665564952-HK555-Able-To-Reduce-The-Brightness-Of-The-Paint-Film-Good-Matting-Ability-With-Smooth-Paint-Film.jpg\" alt=\"\" width=\"900\" height=\"669\" srcset=\"https:\/\/www.supersybon.com\/fr\/wp-content\/uploads\/2022\/10\/1665564952-HK555-Able-To-Reduce-The-Brightness-Of-The-Paint-Film-Good-Matting-Ability-With-Smooth-Paint-Film.jpg 900w, https:\/\/www.supersybon.com\/fr\/wp-content\/uploads\/2022\/10\/1665564952-HK555-Able-To-Reduce-The-Brightness-Of-The-Paint-Film-Good-Matting-Ability-With-Smooth-Paint-Film-480x357.jpg 480w\" sizes=\"(min-width: 0px) and (max-width: 480px) 480px, (min-width: 481px) 900px, 100vw\" \/><\/div>\n<div data-spm-anchor-id=\"a2700.details.0.i37.625d2e9eLtZffL\"><\/div>\n<div data-spm-anchor-id=\"a2700.details.0.i37.625d2e9eLtZffL\"><\/div>\n<div class=\"magic-13\">\n<div class=\"magic-14\">\n<div data-spm-anchor-id=\"a2700.details.0.i37.625d2e9eLtZffL\"><\/div>\n<div data-spm-anchor-id=\"a2700.details.0.i37.625d2e9eLtZffL\">\n<div data-spm-anchor-id=\"a2700.details.0.i37.625d2e9eLtZffL\">\n<p>&nbsp;<\/p>\n<\/div>\n<div data-spm-anchor-id=\"a2700.details.0.i37.625d2e9eLtZffL\">\n<div><strong>Emballage et service du produit<\/strong><\/div>\n<hr \/>\n<p><strong>EMBALLER:<\/strong><\/p>\n<p>1L*12 bo\u00eetes\/carton 4L*4 bo\u00eetes\/carton.<\/p>\n<p>&nbsp;<\/p>\n<p><strong>NOTRE SERVICE:<\/strong><\/p>\n<p>1.24 heures en ligne<\/p>\n<p>2. Prix comp\u00e9titif<\/p>\n<p>3. Excellents commentaires du client<\/p>\n<p>4. Commande en ligne s\u00e9curis\u00e9e<\/p>\n<p>5. livraison rapide<\/p>\n<p>6. support technique professionnel<\/p>\n<\/div>\n<\/div>\n<p>&nbsp;<\/p>\n<p>&nbsp;<\/p>\n<p><strong>Profil de l'entreprise<\/strong><\/p>\n<hr \/>\n<p>&nbsp;<\/p>\n<p><img decoding=\"async\" class=\"aligncenter size-full wp-image-324\" src=\"https:\/\/www.supersybon.com\/fr\/wp-content\/uploads\/2022\/09\/1663401769-Car-Paint-Supplier-Company-Profile-Manufacturer-China.jpg\" alt=\"\" width=\"900\" height=\"958\" srcset=\"https:\/\/www.supersybon.com\/fr\/wp-content\/uploads\/2022\/09\/1663401769-Car-Paint-Supplier-Company-Profile-Manufacturer-China.jpg 900w, https:\/\/www.supersybon.com\/fr\/wp-content\/uploads\/2022\/09\/1663401769-Car-Paint-Supplier-Company-Profile-Manufacturer-China-480x511.jpg 480w\" sizes=\"(min-width: 0px) and (max-width: 480px) 480px, (min-width: 481px) 900px, 100vw\" \/><\/p>\n<p><strong>FAQ<\/strong><\/p>\n<hr \/>\n<p><strong>Q\u00a0:\u00a0Quel est votre MOQ\u00a0?<\/strong><\/p>\n<p>R : Notre MOQ est de 300 litres.<\/p>\n<p><strong>Q\u00a0:\u00a0\u00cates-vous une entreprise de fabrication\u00a0?<\/strong><\/p>\n<p>R : Nous sommes un fabricant professionnel et nous avons notre propre usine.<\/p>\n<p><strong>Q : Pouvons-nous visiter votre usine ?<\/strong><\/p>\n<p>R : Oui. Vous \u00eates les bienvenus dans notre usine.<\/p>\n<p><strong>Q\u00a0:\u00a0Qu\u2019en est-il de votre paiement\u00a0?<\/strong><\/p>\n<p>R : d\u00e9p\u00f4t de 50% \u00e0 l'avance, solde de 50% par T\/T, L\/C, paypal, Western Union ou bien avant exp\u00e9dition.<\/p>\n<p><strong>Q : Fournissez-vous des \u00e9chantillons ?<\/strong><\/p>\n<p>R : Oui, nous pouvons vous fournir des \u00e9chantillons gratuits, il vous suffit de payer le fret.<\/p>\n<p><strong>Q : Qu'en est-il de votre d\u00e9lai de livraison ?<\/strong><\/p>\n<p>R\u00a0:\u00a0Habituellement 15 jours apr\u00e8s r\u00e9ception de votre d\u00e9p\u00f4t.<\/p>\n<\/div>\n<\/div>\n","protected":false},"excerpt":{"rendered":"<p>Capable de r\u00e9duire la luminosit\u00e9 du film de peinture. Bonne capacit\u00e9 de matage avec un film de peinture lisse.<\/p>\n","protected":false},"featured_media":827,"template":"","meta":{"_et_pb_use_builder":"","_et_pb_old_content":"","_et_gb_content_width":""},"product_brand":[],"product_cat":[76,77],"product_tag":[753,752],"class_list":{"0":"post-824","1":"product","2":"type-product","3":"status-publish","4":"has-post-thumbnail","6":"product_cat-serie-de-peinture-automobile","7":"product_cat-classeur-1k-2k","8":"product_tag-agent-matt","9":"product_tag-agent-terne","11":"first","12":"instock","13":"shipping-taxable","14":"product-type-simple"},"_links":{"self":[{"href":"https:\/\/www.supersybon.com\/fr\/wp-json\/wp\/v2\/product\/824","targetHints":{"allow":["GET"]}}],"collection":[{"href":"https:\/\/www.supersybon.com\/fr\/wp-json\/wp\/v2\/product"}],"about":[{"href":"https:\/\/www.supersybon.com\/fr\/wp-json\/wp\/v2\/types\/product"}],"wp:featuredmedia":[{"embeddable":true,"href":"https:\/\/www.supersybon.com\/fr\/wp-json\/wp\/v2\/media\/827"}],"wp:attachment":[{"href":"https:\/\/www.supersybon.com\/fr\/wp-json\/wp\/v2\/media?parent=824"}],"wp:term":[{"taxonomy":"product_brand","embeddable":true,"href":"https:\/\/www.supersybon.com\/fr\/wp-json\/wp\/v2\/product_brand?post=824"},{"taxonomy":"product_cat","embeddable":true,"href":"https:\/\/www.supersybon.com\/fr\/wp-json\/wp\/v2\/product_cat?post=824"},{"taxonomy":"product_tag","embeddable":true,"href":"https:\/\/www.supersybon.com\/fr\/wp-json\/wp\/v2\/product_tag?post=824"}],"curies":[{"name":"wp","href":"https:\/\/api.w.org\/{rel}","templated":true}]}}