{"id":805,"date":"2022-10-12T13:53:13","date_gmt":"2022-10-12T05:53:13","guid":{"rendered":"https:\/\/www.supersybon.com\/fr\/?post_type=product&#038;p=805"},"modified":"2023-09-11T18:05:13","modified_gmt":"2023-09-11T10:05:13","slug":"hk170-agent-anti-fisheye-anti-silicium","status":"publish","type":"product","link":"https:\/\/www.supersybon.com\/fr\/product\/hk170-agent-anti-fisheye-anti-silicium","title":{"rendered":"HK170 Agent anti-fisheye anti-silicium capable d'\u00e9liminer les fisheyes ou les crat\u00e8res sur le film de peinture"},"content":{"rendered":"<p><img decoding=\"async\" class=\"aligncenter size-full wp-image-806\" src=\"https:\/\/www.supersybon.com\/fr\/wp-content\/uploads\/2022\/10\/1665556468-HK170-Spray-One-Coat-Of-Paint-Mixed-With-Anti-Silicon-On-The-Wet-Fisheye-Defected-Paint-Film.jpg\" alt=\"\" width=\"900\" height=\"364\" srcset=\"https:\/\/www.supersybon.com\/fr\/wp-content\/uploads\/2022\/10\/1665556468-HK170-Spray-One-Coat-Of-Paint-Mixed-With-Anti-Silicon-On-The-Wet-Fisheye-Defected-Paint-Film.jpg 900w, https:\/\/www.supersybon.com\/fr\/wp-content\/uploads\/2022\/10\/1665556468-HK170-Spray-One-Coat-Of-Paint-Mixed-With-Anti-Silicon-On-The-Wet-Fisheye-Defected-Paint-Film-480x194.jpg 480w\" sizes=\"(min-width: 0px) and (max-width: 480px) 480px, (min-width: 481px) 900px, 100vw\" \/><\/p>\n<p>&nbsp;<\/p>\n<p><strong>Agent anti-fisheye anti-silicium<\/strong><\/p>\n<p>HK170 Agent anti-fisheye anti-silicium capable d'\u00e9liminer les fisheyes ou les crat\u00e8res sur le film de peinture<\/p>\n<p>Additif pour couche de finition, capable d'\u00e9liminer les fisheyes ou les crat\u00e8res sur le film de peinture.<\/p>\n<p>&nbsp;<\/p>\n<p><strong>Note: <\/strong><\/p>\n<p>1. M\u00e9langez avec le bon ratio d\u2019Anti Silicon. Un ajout excessif peut provoquer des d\u00e9fauts de petites bulles ou de trous d'\u00e9pingle.<\/p>\n<p>2. En cas de d\u00e9faut grave d\u00fb aux fisheyes, le film de peinture doit \u00eatre ponc\u00e9 lorsqu'il est bien sec. Pulv\u00e9risez \u00e0 nouveau avec de la peinture m\u00e9lang\u00e9e \u00e0 de l'anti-silicium.<\/p>\n<div class=\"magic-13\">\n<div class=\"magic-14\">\n<div>\n<div class=\"magic-9\">\n<div class=\"magic-10\">\n<p>&nbsp;<\/p>\n<p>&nbsp;<\/p>\n<\/div>\n<\/div>\n<\/div>\n<div data-spm-anchor-id=\"a2700.details.0.i37.625d2e9eLtZffL\"><\/div>\n<div data-spm-anchor-id=\"a2700.details.0.i37.625d2e9eLtZffL\"><img decoding=\"async\" class=\"aligncenter size-full wp-image-807\" src=\"https:\/\/www.supersybon.com\/fr\/wp-content\/uploads\/2022\/10\/1665556494-HK170-Anti-Fisheye-Agent-Additive-For-Topcoat-Able-To-Remove-Fisheyes-Or-Craterings-On-The-Paint-Film.jpg\" alt=\"\" width=\"900\" height=\"438\" srcset=\"https:\/\/www.supersybon.com\/fr\/wp-content\/uploads\/2022\/10\/1665556494-HK170-Anti-Fisheye-Agent-Additive-For-Topcoat-Able-To-Remove-Fisheyes-Or-Craterings-On-The-Paint-Film.jpg 900w, https:\/\/www.supersybon.com\/fr\/wp-content\/uploads\/2022\/10\/1665556494-HK170-Anti-Fisheye-Agent-Additive-For-Topcoat-Able-To-Remove-Fisheyes-Or-Craterings-On-The-Paint-Film-480x234.jpg 480w\" sizes=\"(min-width: 0px) and (max-width: 480px) 480px, (min-width: 481px) 900px, 100vw\" \/><\/div>\n<div data-spm-anchor-id=\"a2700.details.0.i37.625d2e9eLtZffL\"><\/div>\n<div data-spm-anchor-id=\"a2700.details.0.i37.625d2e9eLtZffL\">\n<div data-spm-anchor-id=\"a2700.details.0.i37.625d2e9eLtZffL\">\n<div data-spm-anchor-id=\"a2700.details.0.i37.625d2e9eLtZffL\">\n<p>&nbsp;<\/p>\n<\/div>\n<div data-spm-anchor-id=\"a2700.details.0.i37.625d2e9eLtZffL\">\n<div><strong>Emballage et service du produit<\/strong><\/div>\n<hr \/>\n<p><strong>EMBALLER:<\/strong><\/p>\n<p>1L*12 bo\u00eetes\/carton 4L*4 bo\u00eetes\/carton.<\/p>\n<p>&nbsp;<\/p>\n<p><strong>NOTRE SERVICE:<\/strong><\/p>\n<p>1.24 heures en ligne<\/p>\n<p>2. Prix comp\u00e9titif<\/p>\n<p>3. Excellents commentaires du client<\/p>\n<p>4. Commande en ligne s\u00e9curis\u00e9e<\/p>\n<p>5. livraison rapide<\/p>\n<p>6. support technique professionnel<\/p>\n<\/div>\n<\/div>\n<p>&nbsp;<\/p>\n<\/div>\n<p>&nbsp;<\/p>\n<p><strong>Profil de l'entreprise<\/strong><\/p>\n<hr \/>\n<p>&nbsp;<\/p>\n<p><img decoding=\"async\" class=\"aligncenter size-full wp-image-324\" src=\"https:\/\/www.supersybon.com\/fr\/wp-content\/uploads\/2022\/09\/1663401769-Car-Paint-Supplier-Company-Profile-Manufacturer-China.jpg\" alt=\"\" width=\"900\" height=\"958\" srcset=\"https:\/\/www.supersybon.com\/fr\/wp-content\/uploads\/2022\/09\/1663401769-Car-Paint-Supplier-Company-Profile-Manufacturer-China.jpg 900w, https:\/\/www.supersybon.com\/fr\/wp-content\/uploads\/2022\/09\/1663401769-Car-Paint-Supplier-Company-Profile-Manufacturer-China-480x511.jpg 480w\" sizes=\"(min-width: 0px) and (max-width: 480px) 480px, (min-width: 481px) 900px, 100vw\" \/><\/p>\n<p><strong>FAQ<\/strong><\/p>\n<hr \/>\n<p><strong>Q\u00a0:\u00a0Quel est votre MOQ\u00a0?<\/strong><\/p>\n<p>R : Notre MOQ est de 300 litres.<\/p>\n<p><strong>Q\u00a0:\u00a0\u00cates-vous une entreprise de fabrication\u00a0?<\/strong><\/p>\n<p>R : Nous sommes un fabricant professionnel et nous avons notre propre usine.<\/p>\n<p><strong>Q : Pouvons-nous visiter votre usine ?<\/strong><\/p>\n<p>R : Oui. Vous \u00eates les bienvenus dans notre usine.<\/p>\n<p><strong>Q\u00a0:\u00a0Qu\u2019en est-il de votre paiement\u00a0?<\/strong><\/p>\n<p>R : d\u00e9p\u00f4t de 50% \u00e0 l'avance, solde de 50% par T\/T, L\/C, paypal, Western Union ou bien avant exp\u00e9dition.<\/p>\n<p><strong>Q : Fournissez-vous des \u00e9chantillons ?<\/strong><\/p>\n<p>R : Oui, nous pouvons vous fournir des \u00e9chantillons gratuits, il vous suffit de payer le fret.<\/p>\n<p><strong>Q : Qu'en est-il de votre d\u00e9lai de livraison ?<\/strong><\/p>\n<p>R\u00a0:\u00a0Habituellement 15 jours apr\u00e8s r\u00e9ception de votre d\u00e9p\u00f4t.<\/p>\n<\/div>\n<\/div>\n","protected":false},"excerpt":{"rendered":"<p>Additif pour couche de finition, capable d'\u00e9liminer les fisheyes ou les crat\u00e8res sur le film de peinture.<\/p>\n","protected":false},"featured_media":808,"template":"","meta":{"_et_pb_use_builder":"","_et_pb_old_content":"","_et_gb_content_width":""},"product_brand":[],"product_cat":[76,77],"product_tag":[746,747,748],"class_list":{"0":"post-805","1":"product","2":"type-product","3":"status-publish","4":"has-post-thumbnail","6":"product_cat-serie-de-peinture-automobile","7":"product_cat-classeur-1k-2k","8":"product_tag-agent-anti-fisheye","9":"product_tag-anti-silicium","10":"product_tag-supprimer-les-fisheyes-ou-les-crateres","12":"first","13":"instock","14":"shipping-taxable","15":"product-type-simple"},"_links":{"self":[{"href":"https:\/\/www.supersybon.com\/fr\/wp-json\/wp\/v2\/product\/805","targetHints":{"allow":["GET"]}}],"collection":[{"href":"https:\/\/www.supersybon.com\/fr\/wp-json\/wp\/v2\/product"}],"about":[{"href":"https:\/\/www.supersybon.com\/fr\/wp-json\/wp\/v2\/types\/product"}],"wp:featuredmedia":[{"embeddable":true,"href":"https:\/\/www.supersybon.com\/fr\/wp-json\/wp\/v2\/media\/808"}],"wp:attachment":[{"href":"https:\/\/www.supersybon.com\/fr\/wp-json\/wp\/v2\/media?parent=805"}],"wp:term":[{"taxonomy":"product_brand","embeddable":true,"href":"https:\/\/www.supersybon.com\/fr\/wp-json\/wp\/v2\/product_brand?post=805"},{"taxonomy":"product_cat","embeddable":true,"href":"https:\/\/www.supersybon.com\/fr\/wp-json\/wp\/v2\/product_cat?post=805"},{"taxonomy":"product_tag","embeddable":true,"href":"https:\/\/www.supersybon.com\/fr\/wp-json\/wp\/v2\/product_tag?post=805"}],"curies":[{"name":"wp","href":"https:\/\/api.w.org\/{rel}","templated":true}]}}