{"id":800,"date":"2022-10-12T11:27:05","date_gmt":"2022-10-12T03:27:05","guid":{"rendered":"https:\/\/www.supersybon.com\/fr\/?post_type=product&#038;p=800"},"modified":"2023-09-11T15:56:58","modified_gmt":"2023-09-11T07:56:58","slug":"hk160-sechage-rapide-peut-accelerer-le-temps-sans-poussiere-et-le-temps-de-sechage-a-lair-du-film-de-peinture","status":"publish","type":"product","link":"https:\/\/www.supersybon.com\/fr\/product\/hk160-sechage-rapide-peut-accelerer-le-temps-sans-poussiere-et-le-temps-de-sechage-a-lair-du-film-de-peinture","title":{"rendered":"HK160 S\u00e9chage rapide peut acc\u00e9l\u00e9rer le temps sans poussi\u00e8re et le temps de s\u00e9chage \u00e0 l'air du film de peinture"},"content":{"rendered":"<p><img decoding=\"async\" class=\"aligncenter size-full wp-image-801\" src=\"https:\/\/www.supersybon.com\/fr\/wp-content\/uploads\/2022\/10\/1665546736-HK160-Quick-Drier-Suitable-For-Spot-Repair-Or-Application-At-Low-Temperature.jpg\" alt=\"\" width=\"900\" height=\"364\" srcset=\"https:\/\/www.supersybon.com\/fr\/wp-content\/uploads\/2022\/10\/1665546736-HK160-Quick-Drier-Suitable-For-Spot-Repair-Or-Application-At-Low-Temperature.jpg 900w, https:\/\/www.supersybon.com\/fr\/wp-content\/uploads\/2022\/10\/1665546736-HK160-Quick-Drier-Suitable-For-Spot-Repair-Or-Application-At-Low-Temperature-480x194.jpg 480w\" sizes=\"(min-width: 0px) and (max-width: 480px) 480px, (min-width: 481px) 900px, 100vw\" \/><\/p>\n<p>&nbsp;<\/p>\n<h2><strong>S\u00e9chage rapide<\/strong><\/h2>\n<p>HK160 S\u00e9chage rapide peut acc\u00e9l\u00e9rer le temps sans poussi\u00e8re et le temps de s\u00e9chage \u00e0 l'air du film de peinture<\/p>\n<p>Sp\u00e9cialement con\u00e7u pour les couleurs unies 2K et les couches transparentes, peut acc\u00e9l\u00e9rer le temps sans poussi\u00e8re et le temps de s\u00e9chage \u00e0 l'air du film de peinture, adapt\u00e9 \u00e0 la r\u00e9paration localis\u00e9e ou \u00e0 l'application \u00e0 basse temp\u00e9rature.<\/p>\n<p>&nbsp;<\/p>\n<div data-id=\"paragraph0\"><\/div>\n<div class=\"magic-13\">\n<div class=\"magic-14\">\n<div>\n<div class=\"magic-9\">\n<div class=\"magic-10\">\n<p><strong>Note: <\/strong><\/p>\n<p>1. La dur\u00e9e de vie en pot de la peinture m\u00e9lang\u00e9e avec Quick Drier serait consid\u00e9rablement raccourcie, utilisez-la d\u00e8s que possible.<\/p>\n<p>2. L'ajout recommand\u00e9 de S\u00e9choir rapide ne d\u00e9passe pas 15 g pour 1 L de peinture pr\u00eate \u00e0 pulv\u00e9riser, sinon cela entra\u00eenerait une fragilisation du film de peinture et une perte de brillance.<\/p>\n<p>3. Le s\u00e9choir rapide ne peut pas \u00eatre utilis\u00e9 comme durcisseur.<\/p>\n<div data-id=\"paragraph0\"><\/div>\n<div class=\"magic-13\">\n<div class=\"magic-14\">\n<div class=\"magic-9\">\n<div class=\"magic-10\">\n<p>&nbsp;<\/p>\n<\/div>\n<\/div>\n<\/div>\n<\/div>\n<\/div>\n<\/div>\n<\/div>\n<div data-spm-anchor-id=\"a2700.details.0.i37.625d2e9eLtZffL\"><\/div>\n<div data-spm-anchor-id=\"a2700.details.0.i37.625d2e9eLtZffL\"><img decoding=\"async\" class=\"aligncenter size-full wp-image-802\" src=\"https:\/\/www.supersybon.com\/fr\/wp-content\/uploads\/2022\/10\/1665546791-HK160-Quick-Drier-Can-Speed-Up-The-Dust-Free-Time-And-Air-Drying-Time-Of-Paint-Film.jpg\" alt=\"\" width=\"900\" height=\"438\" srcset=\"https:\/\/www.supersybon.com\/fr\/wp-content\/uploads\/2022\/10\/1665546791-HK160-Quick-Drier-Can-Speed-Up-The-Dust-Free-Time-And-Air-Drying-Time-Of-Paint-Film.jpg 900w, https:\/\/www.supersybon.com\/fr\/wp-content\/uploads\/2022\/10\/1665546791-HK160-Quick-Drier-Can-Speed-Up-The-Dust-Free-Time-And-Air-Drying-Time-Of-Paint-Film-480x234.jpg 480w\" sizes=\"(min-width: 0px) and (max-width: 480px) 480px, (min-width: 481px) 900px, 100vw\" \/><\/div>\n<div data-spm-anchor-id=\"a2700.details.0.i37.625d2e9eLtZffL\"><\/div>\n<div data-spm-anchor-id=\"a2700.details.0.i37.625d2e9eLtZffL\">\n<div data-spm-anchor-id=\"a2700.details.0.i37.625d2e9eLtZffL\">\n<p>&nbsp;<\/p>\n<\/div>\n<div data-spm-anchor-id=\"a2700.details.0.i37.625d2e9eLtZffL\">\n<div><strong>Emballage et service du produit<\/strong><\/div>\n<hr \/>\n<p><strong>EMBALLER:<\/strong><\/p>\n<p>1L*12 bo\u00eetes\/carton 4L*4 bo\u00eetes\/carton.<\/p>\n<p>&nbsp;<\/p>\n<p><strong>NOTRE SERVICE:<\/strong><\/p>\n<p>1.24 heures en ligne<\/p>\n<p>2. Prix comp\u00e9titif<\/p>\n<p>3. Excellents commentaires du client<\/p>\n<p>4. Commande en ligne s\u00e9curis\u00e9e<\/p>\n<p>5. livraison rapide<\/p>\n<p>6. support technique professionnel<\/p>\n<\/div>\n<\/div>\n<p>&nbsp;<\/p>\n<p><strong>Profil de l'entreprise<\/strong><\/p>\n<hr \/>\n<p>&nbsp;<\/p>\n<p>&nbsp;<\/p>\n<p><img decoding=\"async\" class=\"aligncenter size-full wp-image-324\" src=\"https:\/\/www.supersybon.com\/fr\/wp-content\/uploads\/2022\/09\/1663401769-Car-Paint-Supplier-Company-Profile-Manufacturer-China.jpg\" alt=\"\" width=\"900\" height=\"958\" srcset=\"https:\/\/www.supersybon.com\/fr\/wp-content\/uploads\/2022\/09\/1663401769-Car-Paint-Supplier-Company-Profile-Manufacturer-China.jpg 900w, https:\/\/www.supersybon.com\/fr\/wp-content\/uploads\/2022\/09\/1663401769-Car-Paint-Supplier-Company-Profile-Manufacturer-China-480x511.jpg 480w\" sizes=\"(min-width: 0px) and (max-width: 480px) 480px, (min-width: 481px) 900px, 100vw\" \/><\/p>\n<p><strong>FAQ<\/strong><\/p>\n<hr \/>\n<p><strong>Q\u00a0:\u00a0Quel est votre MOQ\u00a0?<\/strong><\/p>\n<p>R : Notre MOQ est de 300 litres.<\/p>\n<p><strong>Q\u00a0:\u00a0\u00cates-vous une entreprise de fabrication\u00a0?<\/strong><\/p>\n<p>R : Nous sommes un fabricant professionnel et nous avons notre propre usine.<\/p>\n<p><strong>Q : Pouvons-nous visiter votre usine ?<\/strong><\/p>\n<p>R : Oui. Vous \u00eates les bienvenus dans notre usine.<\/p>\n<p><strong>Q\u00a0:\u00a0Qu\u2019en est-il de votre paiement\u00a0?<\/strong><\/p>\n<p>R : d\u00e9p\u00f4t de 50% \u00e0 l'avance, solde de 50% par T\/T, L\/C, paypal, Western Union ou bien avant exp\u00e9dition.<\/p>\n<p><strong>Q : Fournissez-vous des \u00e9chantillons ?<\/strong><\/p>\n<p>R : Oui, nous pouvons vous fournir des \u00e9chantillons gratuits, il vous suffit de payer le fret.<\/p>\n<p><strong>Q : Qu'en est-il de votre d\u00e9lai de livraison ?<\/strong><\/p>\n<p>R\u00a0:\u00a0Habituellement 15 jours apr\u00e8s r\u00e9ception de votre d\u00e9p\u00f4t.<\/p>\n<\/div>\n<\/div>\n","protected":false},"excerpt":{"rendered":"<p>Sp\u00e9cialement con\u00e7u pour les couleurs unies 2K et les couches transparentes, peut acc\u00e9l\u00e9rer le temps sans poussi\u00e8re et le temps de s\u00e9chage \u00e0 l'air du film de peinture, adapt\u00e9 \u00e0 la r\u00e9paration localis\u00e9e ou \u00e0 l'application \u00e0 basse temp\u00e9rature.<\/p>\n","protected":false},"featured_media":803,"template":"","meta":{"_et_pb_use_builder":"","_et_pb_old_content":"","_et_gb_content_width":""},"product_brand":[],"product_cat":[76,77],"product_tag":[745],"class_list":{"0":"post-800","1":"product","2":"type-product","3":"status-publish","4":"has-post-thumbnail","6":"product_cat-serie-de-peinture-automobile","7":"product_cat-classeur-1k-2k","8":"product_tag-sechage-rapide","10":"first","11":"instock","12":"shipping-taxable","13":"product-type-simple"},"_links":{"self":[{"href":"https:\/\/www.supersybon.com\/fr\/wp-json\/wp\/v2\/product\/800","targetHints":{"allow":["GET"]}}],"collection":[{"href":"https:\/\/www.supersybon.com\/fr\/wp-json\/wp\/v2\/product"}],"about":[{"href":"https:\/\/www.supersybon.com\/fr\/wp-json\/wp\/v2\/types\/product"}],"wp:featuredmedia":[{"embeddable":true,"href":"https:\/\/www.supersybon.com\/fr\/wp-json\/wp\/v2\/media\/803"}],"wp:attachment":[{"href":"https:\/\/www.supersybon.com\/fr\/wp-json\/wp\/v2\/media?parent=800"}],"wp:term":[{"taxonomy":"product_brand","embeddable":true,"href":"https:\/\/www.supersybon.com\/fr\/wp-json\/wp\/v2\/product_brand?post=800"},{"taxonomy":"product_cat","embeddable":true,"href":"https:\/\/www.supersybon.com\/fr\/wp-json\/wp\/v2\/product_cat?post=800"},{"taxonomy":"product_tag","embeddable":true,"href":"https:\/\/www.supersybon.com\/fr\/wp-json\/wp\/v2\/product_tag?post=800"}],"curies":[{"name":"wp","href":"https:\/\/api.w.org\/{rel}","templated":true}]}}