{"id":752,"date":"2022-10-11T15:58:04","date_gmt":"2022-10-11T07:58:04","guid":{"rendered":"https:\/\/www.supersybon.com\/fr\/?post_type=product&#038;p=752"},"modified":"2026-02-28T19:54:42","modified_gmt":"2026-02-28T11:54:42","slug":"hk701-appret-intermediaire-2k-appret-surfacant-multi-usages-double-pack","status":"publish","type":"product","link":"https:\/\/www.supersybon.com\/fr\/product\/hk701-appret-intermediaire-2k-appret-surfacant-multi-usages-double-pack","title":{"rendered":"HK701 Appr\u00eat interm\u00e9diaire 2K appr\u00eat surfa\u00e7ant multi-usages double pack"},"content":{"rendered":"<p><img decoding=\"async\" class=\"aligncenter size-full wp-image-754\" src=\"https:\/\/www.supersybon.com\/fr\/wp-content\/uploads\/2022\/10\/1665476743-HK701-Auto-Body-2K-Primer-2K-For-Car-Paint-2K-Grey-Primer-Car-Painting.jpg\" alt=\"\" width=\"900\" height=\"364\" srcset=\"https:\/\/www.supersybon.com\/fr\/wp-content\/uploads\/2022\/10\/1665476743-HK701-Auto-Body-2K-Primer-2K-For-Car-Paint-2K-Grey-Primer-Car-Painting.jpg 900w, https:\/\/www.supersybon.com\/fr\/wp-content\/uploads\/2022\/10\/1665476743-HK701-Auto-Body-2K-Primer-2K-For-Car-Paint-2K-Grey-Primer-Car-Painting-480x194.jpg 480w\" sizes=\"(min-width: 0px) and (max-width: 480px) 480px, (min-width: 481px) 900px, 100vw\" \/><\/p>\n<p>&nbsp;<\/p>\n<h2><strong>Appr\u00eat interm\u00e9diaire 2K<\/strong><\/h2>\n<p>HK701 Appr\u00eat interm\u00e9diaire 2K appr\u00eat surfa\u00e7ant multi-usages double pack<\/p>\n<p>Appr\u00eat surfa\u00e7ant double-composant polyvalent, avec un bon pouvoir garnissant et une fine adh\u00e9rence entre les couches, pr\u00e9sente une excellente flexibilit\u00e9 et r\u00e9sistance aux chocs.<\/p>\n<div>\n<div class=\"magic-9\">\n<div class=\"magic-10\"><\/div>\n<\/div>\n<\/div>\n<div data-spm-anchor-id=\"a2700.details.0.i37.625d2e9eLtZffL\"><\/div>\n<div data-spm-anchor-id=\"a2700.details.0.i37.625d2e9eLtZffL\"><\/div>\n<div data-spm-anchor-id=\"a2700.details.0.i37.625d2e9eLtZffL\">\n<div id=\"attachment_756\" style=\"width: 860px\" class=\"wp-caption aligncenter\"><img decoding=\"async\" aria-describedby=\"caption-attachment-756\" class=\"size-full wp-image-756\" src=\"https:\/\/www.supersybon.com\/fr\/wp-content\/uploads\/2022\/10\/1665476781-HK701-2K-Automotive-Primer-2K-Primer-Filler-2K-Auto-Primer.jpg\" alt=\"\" width=\"850\" height=\"850\" srcset=\"https:\/\/www.supersybon.com\/fr\/wp-content\/uploads\/2022\/10\/1665476781-HK701-2K-Automotive-Primer-2K-Primer-Filler-2K-Auto-Primer.jpg 850w, https:\/\/www.supersybon.com\/fr\/wp-content\/uploads\/2022\/10\/1665476781-HK701-2K-Automotive-Primer-2K-Primer-Filler-2K-Auto-Primer-480x480.jpg 480w\" sizes=\"(min-width: 0px) and (max-width: 480px) 480px, (min-width: 481px) 850px, 100vw\" \/><p id=\"caption-attachment-756\" class=\"wp-caption-text\">1K\/2K Binder<\/p><\/div>\n<\/div>\n<div data-spm-anchor-id=\"a2700.details.0.i37.625d2e9eLtZffL\">\n<p>&nbsp;<\/p>\n\n<table id=\"tablepress-7\" class=\"tablepress tablepress-id-7 tbody-has-connected-cells\">\n<thead>\n<tr class=\"row-1\">\n\t<th class=\"column-1\">Article<\/th><th class=\"column-2\">Temp\u00e9rature<\/th><th class=\"column-3\">Article<\/th><th class=\"column-4\">Peser<\/th><th class=\"column-5\">Volume<\/th>\n<\/tr>\n<\/thead>\n<tbody class=\"row-striping row-hover\">\n<tr class=\"row-2\">\n\t<td rowspan=\"6\" class=\"column-1\">Taux de m\u00e9lange<\/td><td rowspan=\"3\" class=\"column-2\">< 25\u2103<\/td><td class=\"column-3\">Appr\u00eat de remplissage<\/td><td class=\"column-4\">100 pi\u00e8ces<\/td><td class=\"column-5\">3 pi\u00e8ces<\/td>\n<\/tr>\n<tr class=\"row-3\">\n\t<td class=\"column-3\">Durcisseur \u00e0 s\u00e9chage rapide<\/td><td class=\"column-4\">25 pi\u00e8ces<\/td><td class=\"column-5\">1 pi\u00e8ces<\/td>\n<\/tr>\n<tr class=\"row-4\">\n\t<td class=\"column-3\">Plus mince<\/td><td class=\"column-4\">25-40 pi\u00e8ces<\/td><td class=\"column-5\">1-1.5 pi\u00e8ces<\/td>\n<\/tr>\n<tr class=\"row-5\">\n\t<td rowspan=\"3\" class=\"column-2\">\u226525\u2103<\/td><td class=\"column-3\">Appr\u00eat de remplissage<\/td><td class=\"column-4\">100 pi\u00e8ces<\/td><td class=\"column-5\">3 pi\u00e8ces<\/td>\n<\/tr>\n<tr class=\"row-6\">\n\t<td class=\"column-3\">Durcisseur standard<\/td><td class=\"column-4\">25 pi\u00e8ces<\/td><td class=\"column-5\">1 pi\u00e8ces<\/td>\n<\/tr>\n<tr class=\"row-7\">\n\t<td class=\"column-3\">Plus mince<\/td><td class=\"column-4\">25-40 pi\u00e8ces<\/td><td class=\"column-5\">1-1.5 pi\u00e8ces<\/td>\n<\/tr>\n<\/tbody>\n<\/table>\n<!-- #tablepress-7 from cache -->\n<p>&nbsp;<\/p>\n<p>&nbsp;<\/p>\n<\/div>\n<div data-spm-anchor-id=\"a2700.details.0.i37.625d2e9eLtZffL\"><img decoding=\"async\" class=\"aligncenter size-full wp-image-4762\" src=\"https:\/\/www.supersybon.com\/fr\/wp-content\/uploads\/2022\/10\/1772279650-HK701-2K-Primer-Filler-Automotive-2K-Primer-Grey-Spray-Filling-Primer.jpg\" alt=\"\" width=\"900\" height=\"1215\" srcset=\"https:\/\/www.supersybon.com\/fr\/wp-content\/uploads\/2022\/10\/1772279650-HK701-2K-Primer-Filler-Automotive-2K-Primer-Grey-Spray-Filling-Primer.jpg 900w, https:\/\/www.supersybon.com\/fr\/wp-content\/uploads\/2022\/10\/1772279650-HK701-2K-Primer-Filler-Automotive-2K-Primer-Grey-Spray-Filling-Primer-480x648.jpg 480w\" sizes=\"(min-width: 0px) and (max-width: 480px) 480px, (min-width: 481px) 900px, 100vw\" \/><\/div>\n<div data-spm-anchor-id=\"a2700.details.0.i37.625d2e9eLtZffL\">\n<div data-spm-anchor-id=\"a2700.details.0.i37.625d2e9eLtZffL\">\n<p>&nbsp;<\/p>\n<p>&nbsp;<\/p>\n<\/div>\n<div data-spm-anchor-id=\"a2700.details.0.i37.625d2e9eLtZffL\">\n<div><strong>Emballage et service du produit<\/strong><\/div>\n<hr \/>\n<p><strong>EMBALLER:<\/strong><\/p>\n<p>1L*12 bo\u00eetes\/carton 4L*4 bo\u00eetes\/carton.<\/p>\n<p>&nbsp;<\/p>\n<p><strong>NOTRE SERVICE:<\/strong><\/p>\n<p>1.24 heures en ligne<\/p>\n<p>2. Prix comp\u00e9titif<\/p>\n<p>3. Excellents commentaires du client<\/p>\n<p>4. Commande en ligne s\u00e9curis\u00e9e<\/p>\n<p>5. livraison rapide<\/p>\n<p>6. support technique professionnel<\/p>\n<\/div>\n<\/div>\n<div data-spm-anchor-id=\"a2700.details.0.i37.625d2e9eLtZffL\"><\/div>\n<p>&nbsp;<\/p>\n<p>&nbsp;<\/p>\n<p><img decoding=\"async\" class=\"aligncenter size-full wp-image-741\" src=\"https:\/\/www.supersybon.com\/fr\/wp-content\/uploads\/2022\/09\/1665471795-Hk702-Best-Auto-Filler-Primer-For-Cars-Metallized-Coating-Primer.jpg\" alt=\"\" width=\"750\" height=\"750\" srcset=\"https:\/\/www.supersybon.com\/fr\/wp-content\/uploads\/2022\/09\/1665471795-Hk702-Best-Auto-Filler-Primer-For-Cars-Metallized-Coating-Primer.jpg 750w, https:\/\/www.supersybon.com\/fr\/wp-content\/uploads\/2022\/09\/1665471795-Hk702-Best-Auto-Filler-Primer-For-Cars-Metallized-Coating-Primer-480x480.jpg 480w\" sizes=\"(min-width: 0px) and (max-width: 480px) 480px, (min-width: 481px) 750px, 100vw\" \/><\/p>\n<p>&nbsp;<\/p>\n<p>&nbsp;<\/p>\n<p><strong>Profil de l'entreprise<\/strong><\/p>\n<hr \/>\n<p>&nbsp;<\/p>\n<p><img decoding=\"async\" class=\"aligncenter size-full wp-image-324\" src=\"https:\/\/www.supersybon.com\/fr\/wp-content\/uploads\/2022\/09\/1663401769-Car-Paint-Supplier-Company-Profile-Manufacturer-China.jpg\" alt=\"\" width=\"900\" height=\"958\" srcset=\"https:\/\/www.supersybon.com\/fr\/wp-content\/uploads\/2022\/09\/1663401769-Car-Paint-Supplier-Company-Profile-Manufacturer-China.jpg 900w, https:\/\/www.supersybon.com\/fr\/wp-content\/uploads\/2022\/09\/1663401769-Car-Paint-Supplier-Company-Profile-Manufacturer-China-480x511.jpg 480w\" sizes=\"(min-width: 0px) and (max-width: 480px) 480px, (min-width: 481px) 900px, 100vw\" \/><\/p>\n<p>&nbsp;<\/p>\n<p><strong>FAQ<\/strong><\/p>\n<hr \/>\n<p><strong>Q\u00a0:\u00a0Quel est votre MOQ\u00a0?<\/strong><\/p>\n<p>R : Notre MOQ est de 300 litres.<\/p>\n<p><strong>Q\u00a0:\u00a0\u00cates-vous une entreprise de fabrication\u00a0?<\/strong><\/p>\n<p>R : Nous sommes un fabricant professionnel et nous avons notre propre usine.<\/p>\n<p><strong>Q : Pouvons-nous visiter votre usine ?<\/strong><\/p>\n<p>R : Oui. Vous \u00eates les bienvenus dans notre usine.<\/p>\n<p><strong>Q\u00a0:\u00a0Qu\u2019en est-il de votre paiement\u00a0?<\/strong><\/p>\n<p>R : d\u00e9p\u00f4t de 50% \u00e0 l'avance, solde de 50% par T\/T, L\/C, paypal, Western Union ou bien avant exp\u00e9dition.<\/p>\n<p><strong>Q : Fournissez-vous des \u00e9chantillons ?<\/strong><\/p>\n<p>R : Oui, nous pouvons vous fournir des \u00e9chantillons gratuits, il vous suffit de payer le fret.<\/p>\n<p><strong>Q : Qu'en est-il de votre d\u00e9lai de livraison ?<\/strong><\/p>\n<p>R\u00a0:\u00a0Habituellement 15 jours apr\u00e8s r\u00e9ception de votre d\u00e9p\u00f4t.<\/p>\n","protected":false},"excerpt":{"rendered":"<p>Offrant une excellente r\u00e9sistance \u00e0 la rouille, \u00e0 l'atmosph\u00e8re saline et aux chocs, il poss\u00e8de une parfaite adh\u00e9rence sur les m\u00e9taux correctement trait\u00e9s.<\/p>\n","protected":false},"featured_media":756,"template":"","meta":{"_et_pb_use_builder":"","_et_pb_old_content":"","_et_gb_content_width":""},"product_brand":[],"product_cat":[76,78],"product_tag":[726,727],"class_list":{"0":"post-752","1":"product","2":"type-product","3":"status-publish","4":"has-post-thumbnail","6":"product_cat-serie-de-peinture-automobile","7":"product_cat-appret-mastic","8":"product_tag-appret-intermediaire-2k","9":"product_tag-appret-surfacant-multi-usages-double-pack","11":"first","12":"instock","13":"shipping-taxable","14":"product-type-simple"},"_links":{"self":[{"href":"https:\/\/www.supersybon.com\/fr\/wp-json\/wp\/v2\/product\/752","targetHints":{"allow":["GET"]}}],"collection":[{"href":"https:\/\/www.supersybon.com\/fr\/wp-json\/wp\/v2\/product"}],"about":[{"href":"https:\/\/www.supersybon.com\/fr\/wp-json\/wp\/v2\/types\/product"}],"wp:featuredmedia":[{"embeddable":true,"href":"https:\/\/www.supersybon.com\/fr\/wp-json\/wp\/v2\/media\/756"}],"wp:attachment":[{"href":"https:\/\/www.supersybon.com\/fr\/wp-json\/wp\/v2\/media?parent=752"}],"wp:term":[{"taxonomy":"product_brand","embeddable":true,"href":"https:\/\/www.supersybon.com\/fr\/wp-json\/wp\/v2\/product_brand?post=752"},{"taxonomy":"product_cat","embeddable":true,"href":"https:\/\/www.supersybon.com\/fr\/wp-json\/wp\/v2\/product_cat?post=752"},{"taxonomy":"product_tag","embeddable":true,"href":"https:\/\/www.supersybon.com\/fr\/wp-json\/wp\/v2\/product_tag?post=752"}],"curies":[{"name":"wp","href":"https:\/\/api.w.org\/{rel}","templated":true}]}}