{"id":732,"date":"2022-09-30T11:51:26","date_gmt":"2022-09-30T03:51:26","guid":{"rendered":"https:\/\/www.supersybon.com\/fr\/?post_type=product&#038;p=732"},"modified":"2023-09-05T17:58:12","modified_gmt":"2023-09-05T09:58:12","slug":"hk702-appret-surfacant-1k-appret-de-remplissage-automobile-haute-performance-a-sechage-rapide-poncage-facile","status":"publish","type":"product","link":"https:\/\/www.supersybon.com\/fr\/product\/hk702-appret-surfacant-1k-appret-de-remplissage-automobile-haute-performance-a-sechage-rapide-poncage-facile","title":{"rendered":"HK702 Appr\u00eat surfa\u00e7ant 1K appr\u00eat de remplissage automobile haute performance \u00e0 s\u00e9chage rapide, pon\u00e7age facile"},"content":{"rendered":"<p><iframe title=\"1K Primer Surfacer is a fast drying, easy sanding primer, providing excellent performance .\" width=\"1080\" height=\"608\" src=\"https:\/\/www.youtube.com\/embed\/bvMT2sO27xs?feature=oembed\"  allow=\"accelerometer; autoplay; clipboard-write; encrypted-media; gyroscope; picture-in-picture\" allowfullscreen><\/iframe><\/p>\n<p><img decoding=\"async\" class=\"aligncenter size-full wp-image-3729\" src=\"https:\/\/www.supersybon.com\/fr\/wp-content\/uploads\/2023\/08\/1692087667-Hk702-1K-Primer-Surfacer-1K-Auto-Primer-1K-Automotive-Primer.webp\" alt=\"\" width=\"900\" height=\"364\" srcset=\"https:\/\/www.supersybon.com\/fr\/wp-content\/uploads\/2023\/08\/1692087667-Hk702-1K-Primer-Surfacer-1K-Auto-Primer-1K-Automotive-Primer.webp 900w, https:\/\/www.supersybon.com\/fr\/wp-content\/uploads\/2023\/08\/1692087667-Hk702-1K-Primer-Surfacer-1K-Auto-Primer-1K-Automotive-Primer-480x194.webp 480w\" sizes=\"(min-width: 0px) and (max-width: 480px) 480px, (min-width: 481px) 900px, 100vw\" \/><\/p>\n<p>&nbsp;<\/p>\n<h2><strong>Appr\u00eat surfa\u00e7ant 1K<\/strong><\/h2>\n<p>HK702 Appr\u00eat surfa\u00e7ant 1K appr\u00eat de remplissage automobile haute performance \u00e0 s\u00e9chage rapide, pon\u00e7age facile<\/p>\n<p>S\u00e9chage rapide, pon\u00e7age facile, appr\u00eat surfa\u00e7ant monocomposant, facile \u00e0 utiliser, bon pouvoir garnissant, excellent pouvoir couvrant, adapt\u00e9 pour couvrir les d\u00e9fauts mineurs du film de peinture.<\/p>\n<div class=\"magic-13\">\n<div class=\"magic-14\">\n<div class=\"magic-15\" data-id=\"paragraph0\"><\/div>\n<\/div>\n<\/div>\n<div data-id=\"paragraph0\"><\/div>\n<div>\n<div class=\"magic-9\">\n<div class=\"magic-10\"><img decoding=\"async\" class=\"aligncenter size-full wp-image-740\" src=\"https:\/\/www.supersybon.com\/fr\/wp-content\/uploads\/2022\/09\/1665471762-Hk702-Automobile-Body-Primer-Car-Body-Filler-Primer.jpg\" alt=\"\" width=\"750\" height=\"750\" srcset=\"https:\/\/www.supersybon.com\/fr\/wp-content\/uploads\/2022\/09\/1665471762-Hk702-Automobile-Body-Primer-Car-Body-Filler-Primer.jpg 750w, https:\/\/www.supersybon.com\/fr\/wp-content\/uploads\/2022\/09\/1665471762-Hk702-Automobile-Body-Primer-Car-Body-Filler-Primer-480x480.jpg 480w\" sizes=\"(min-width: 0px) and (max-width: 480px) 480px, (min-width: 481px) 750px, 100vw\" \/><\/div>\n<div><\/div>\n<p>&nbsp;<\/p>\n<\/div>\n<\/div>\n<div><strong>Note: <\/strong><\/div>\n<div>1. Il est recommand\u00e9 pour les r\u00e9parations ponctuelles mais pas pour les applications sur de grandes surfaces.<br \/>\n2. Il est recommand\u00e9 d'utiliser un appr\u00eat 2k pour obtenir une bonne adh\u00e9rence et une bonne r\u00e9sistance \u00e0 la corrosion.<\/div>\n<div class=\"magic-33\" data-spm-anchor-id=\"a2700.details.0.i37.625d2e9eLtZffL\"><\/div>\n<div data-spm-anchor-id=\"a2700.details.0.i37.625d2e9eLtZffL\"><\/div>\n<div data-spm-anchor-id=\"a2700.details.0.i37.625d2e9eLtZffL\"><\/div>\n<div data-spm-anchor-id=\"a2700.details.0.i37.625d2e9eLtZffL\"><img decoding=\"async\" class=\"aligncenter size-full wp-image-3731\" src=\"https:\/\/www.supersybon.com\/fr\/wp-content\/uploads\/2023\/08\/1692087703-HK702-Primer-Manufacturing-Primer-Paint-For-Cars-White-1K-Primer-Spray-Filler.webp\" alt=\"\" width=\"900\" height=\"953\" srcset=\"https:\/\/www.supersybon.com\/fr\/wp-content\/uploads\/2023\/08\/1692087703-HK702-Primer-Manufacturing-Primer-Paint-For-Cars-White-1K-Primer-Spray-Filler.webp 900w, https:\/\/www.supersybon.com\/fr\/wp-content\/uploads\/2023\/08\/1692087703-HK702-Primer-Manufacturing-Primer-Paint-For-Cars-White-1K-Primer-Spray-Filler-480x508.webp 480w\" sizes=\"(min-width: 0px) and (max-width: 480px) 480px, (min-width: 481px) 900px, 100vw\" \/><\/div>\n<div class=\"magic-31\">\n<div class=\"magic-32\">\n<div data-spm-anchor-id=\"a2700.details.0.i37.625d2e9eLtZffL\"><\/div>\n<div data-spm-anchor-id=\"a2700.details.0.i37.625d2e9eLtZffL\"><\/div>\n<\/div>\n<\/div>\n<div>\n<p>&nbsp;<\/p>\n<\/div>\n<div><\/div>\n<div><\/div>\n<div><strong>Emballage et service du produit<\/strong><\/div>\n<hr \/>\n<p><strong>EMBALLER:<\/strong><\/p>\n<p>1L*12 bo\u00eetes\/carton 4L*4 bo\u00eetes\/carton.<\/p>\n<p>&nbsp;<\/p>\n<p><strong>NOTRE SERVICE:<\/strong><\/p>\n<p>1.24 heures en ligne<\/p>\n<p>2. Prix comp\u00e9titif<\/p>\n<p>3. Excellents commentaires du client<\/p>\n<p>4. Commande en ligne s\u00e9curis\u00e9e<\/p>\n<p>5. livraison rapide<\/p>\n<p>6. support technique professionnel<\/p>\n<p>&nbsp;<\/p>\n<p>&nbsp;<\/p>\n<p><img decoding=\"async\" class=\"aligncenter size-full wp-image-741\" src=\"https:\/\/www.supersybon.com\/fr\/wp-content\/uploads\/2022\/09\/1665471795-Hk702-Best-Auto-Filler-Primer-For-Cars-Metallized-Coating-Primer.jpg\" alt=\"\" width=\"750\" height=\"750\" srcset=\"https:\/\/www.supersybon.com\/fr\/wp-content\/uploads\/2022\/09\/1665471795-Hk702-Best-Auto-Filler-Primer-For-Cars-Metallized-Coating-Primer.jpg 750w, https:\/\/www.supersybon.com\/fr\/wp-content\/uploads\/2022\/09\/1665471795-Hk702-Best-Auto-Filler-Primer-For-Cars-Metallized-Coating-Primer-480x480.jpg 480w\" sizes=\"(min-width: 0px) and (max-width: 480px) 480px, (min-width: 481px) 750px, 100vw\" \/><\/p>\n<p>&nbsp;<\/p>\n<p>&nbsp;<\/p>\n<p><strong>Profil de l'entreprise<\/strong><\/p>\n<hr \/>\n<p>&nbsp;<\/p>\n<p>&nbsp;<\/p>\n<p><img decoding=\"async\" class=\"aligncenter size-full wp-image-324\" src=\"https:\/\/www.supersybon.com\/fr\/wp-content\/uploads\/2022\/09\/1663401769-Car-Paint-Supplier-Company-Profile-Manufacturer-China.jpg\" alt=\"\" width=\"900\" height=\"958\" srcset=\"https:\/\/www.supersybon.com\/fr\/wp-content\/uploads\/2022\/09\/1663401769-Car-Paint-Supplier-Company-Profile-Manufacturer-China.jpg 900w, https:\/\/www.supersybon.com\/fr\/wp-content\/uploads\/2022\/09\/1663401769-Car-Paint-Supplier-Company-Profile-Manufacturer-China-480x511.jpg 480w\" sizes=\"(min-width: 0px) and (max-width: 480px) 480px, (min-width: 481px) 900px, 100vw\" \/><\/p>\n<p><strong>FAQ<\/strong><\/p>\n<hr \/>\n<p><strong>Q\u00a0:\u00a0Quel est votre MOQ\u00a0?<\/strong><\/p>\n<p>R : Notre MOQ est de 300 litres.<\/p>\n<p><strong>Q\u00a0:\u00a0\u00cates-vous une entreprise de fabrication\u00a0?<\/strong><\/p>\n<p>R : Nous sommes un fabricant professionnel et nous avons notre propre usine.<\/p>\n<p><strong>Q : Pouvons-nous visiter votre usine ?<\/strong><\/p>\n<p>R : Oui. Vous \u00eates les bienvenus dans notre usine.<\/p>\n<p><strong>Q\u00a0:\u00a0Qu\u2019en est-il de votre paiement\u00a0?<\/strong><\/p>\n<p>R : d\u00e9p\u00f4t de 50% \u00e0 l'avance, solde de 50% par T\/T, L\/C, paypal, Western Union ou bien avant exp\u00e9dition.<\/p>\n<p><strong>Q : Fournissez-vous des \u00e9chantillons ?<\/strong><\/p>\n<p>R : Oui, nous pouvons vous fournir des \u00e9chantillons gratuits, il vous suffit de payer le fret.<\/p>\n<p><strong>Q : Qu'en est-il de votre d\u00e9lai de livraison ?<\/strong><\/p>\n<p>R\u00a0:\u00a0Habituellement 15 jours apr\u00e8s r\u00e9ception de votre d\u00e9p\u00f4t.<\/p>\n","protected":false},"excerpt":{"rendered":"<p>S\u00e9chage rapide, pon\u00e7age facile, appr\u00eat surfa\u00e7ant monocomposant, facile \u00e0 utiliser, bon pouvoir garnissant, excellent pouvoir couvrant, adapt\u00e9 pour couvrir les d\u00e9fauts mineurs du film de peinture.<\/p>\n","protected":false},"featured_media":3727,"template":"","meta":{"_et_pb_use_builder":"","_et_pb_old_content":"","_et_gb_content_width":""},"product_brand":[],"product_cat":[76,78],"product_tag":[722,720,721],"class_list":{"0":"post-732","1":"product","2":"type-product","3":"status-publish","4":"has-post-thumbnail","6":"product_cat-serie-de-peinture-automobile","7":"product_cat-appret-mastic","8":"product_tag-appret-de-remplissage-automobile-haute-performance","9":"product_tag-appret-surfacant-1k","10":"product_tag-poncage-facile-a-sechage-rapide","12":"first","13":"instock","14":"shipping-taxable","15":"product-type-simple"},"_links":{"self":[{"href":"https:\/\/www.supersybon.com\/fr\/wp-json\/wp\/v2\/product\/732","targetHints":{"allow":["GET"]}}],"collection":[{"href":"https:\/\/www.supersybon.com\/fr\/wp-json\/wp\/v2\/product"}],"about":[{"href":"https:\/\/www.supersybon.com\/fr\/wp-json\/wp\/v2\/types\/product"}],"wp:featuredmedia":[{"embeddable":true,"href":"https:\/\/www.supersybon.com\/fr\/wp-json\/wp\/v2\/media\/3727"}],"wp:attachment":[{"href":"https:\/\/www.supersybon.com\/fr\/wp-json\/wp\/v2\/media?parent=732"}],"wp:term":[{"taxonomy":"product_brand","embeddable":true,"href":"https:\/\/www.supersybon.com\/fr\/wp-json\/wp\/v2\/product_brand?post=732"},{"taxonomy":"product_cat","embeddable":true,"href":"https:\/\/www.supersybon.com\/fr\/wp-json\/wp\/v2\/product_cat?post=732"},{"taxonomy":"product_tag","embeddable":true,"href":"https:\/\/www.supersybon.com\/fr\/wp-json\/wp\/v2\/product_tag?post=732"}],"curies":[{"name":"wp","href":"https:\/\/api.w.org\/{rel}","templated":true}]}}