{"id":725,"date":"2022-09-30T10:53:04","date_gmt":"2022-09-30T02:53:04","guid":{"rendered":"https:\/\/www.supersybon.com\/fr\/?post_type=product&#038;p=725"},"modified":"2025-09-20T14:26:40","modified_gmt":"2025-09-20T06:26:40","slug":"hk706-remplisseur-de-peinture-pour-carrosserie-automobile-mastic-1k-nc-fabricants-chinois","status":"publish","type":"product","link":"https:\/\/www.supersybon.com\/fr\/product\/hk706-remplisseur-de-peinture-pour-carrosserie-automobile-mastic-1k-nc-fabricants-chinois","title":{"rendered":"HK706 Remplisseur de peinture pour carrosserie automobile, mastic 1K NC fabricants chinois"},"content":{"rendered":"<p><img decoding=\"async\" class=\"aligncenter size-full wp-image-4438\" src=\"https:\/\/www.supersybon.com\/fr\/wp-content\/uploads\/2022\/09\/1758349480-Mastic-de-finition-pour-carrosserie-automobile-HK706-HKS-Brand-Car-Paint-Company-1K-NC.jpg\" alt=\"Mastic-de-finition-pour-carrosserie-automobile-HK706-HKS-Brand-Car-Paint-Company-1K-NC\" width=\"750\" height=\"302\" srcset=\"https:\/\/www.supersybon.com\/fr\/wp-content\/uploads\/2022\/09\/1758349480-Mastic-de-finition-pour-carrosserie-automobile-HK706-HKS-Brand-Car-Paint-Company-1K-NC.jpg 750w, https:\/\/www.supersybon.com\/fr\/wp-content\/uploads\/2022\/09\/1758349480-Mastic-de-finition-pour-carrosserie-automobile-HK706-HKS-Brand-Car-Paint-Company-1K-NC-480x193.jpg 480w\" sizes=\"(min-width: 0px) and (max-width: 480px) 480px, (min-width: 481px) 750px, 100vw\" \/><\/p>\n<p>&nbsp;<\/p>\n<h2><strong>Remplisseur de peinture pour carrosserie automobile, mastic 1K NC<\/strong><\/h2>\n<p>HK706 Remplisseur de peinture pour carrosserie automobile, mastic 1K NC fabricants chinois<\/p>\n<p>Mastic monocomposant \u00e0 bon pouvoir couvrant, \u00e0 s\u00e9chage rapide, facile \u00e0 appliquer et \u00e0 poncer, adapt\u00e9 pour couvrir les petites rayures, les trous de pon\u00e7age et les piq\u00fbres.<\/p>\n<p><img decoding=\"async\" class=\"aligncenter size-full wp-image-4439\" src=\"https:\/\/www.supersybon.com\/fr\/wp-content\/uploads\/2022\/09\/1758349497-HK706-Fabricant-Produit-Prix-de-Gros-Mastic-de-Remplissage-de-Carrosserie-1K-NC.jpg\" alt=\"HK706-Fabricant-Produit-Prix-de-Gros-Mastic-de-Remplissage-de-Carrosserie-1K-NC\" width=\"800\" height=\"800\" srcset=\"https:\/\/www.supersybon.com\/fr\/wp-content\/uploads\/2022\/09\/1758349497-HK706-Fabricant-Produit-Prix-de-Gros-Mastic-de-Remplissage-de-Carrosserie-1K-NC.jpg 800w, https:\/\/www.supersybon.com\/fr\/wp-content\/uploads\/2022\/09\/1758349497-HK706-Fabricant-Produit-Prix-de-Gros-Mastic-de-Remplissage-de-Carrosserie-1K-NC-480x480.jpg 480w\" sizes=\"(min-width: 0px) and (max-width: 480px) 480px, (min-width: 481px) 800px, 100vw\" \/><\/p>\n<div class=\"magic-13\">\n<div class=\"magic-14\">\n<div class=\"magic-15\" data-id=\"paragraph0\"><img decoding=\"async\" class=\"aligncenter size-full wp-image-4440\" src=\"https:\/\/www.supersybon.com\/fr\/wp-content\/uploads\/2022\/09\/1758349516-Mastic-NC-HK706-a-prix-competitif-pour-la-reparation-des-defauts-mineurs.jpg\" alt=\"Mastic-NC-HK706-\u00e0-prix-comp\u00e9titif-pour-la-r\u00e9paration-des-d\u00e9fauts-mineurs\" width=\"800\" height=\"800\" srcset=\"https:\/\/www.supersybon.com\/fr\/wp-content\/uploads\/2022\/09\/1758349516-Mastic-NC-HK706-a-prix-competitif-pour-la-reparation-des-defauts-mineurs.jpg 800w, https:\/\/www.supersybon.com\/fr\/wp-content\/uploads\/2022\/09\/1758349516-Mastic-NC-HK706-a-prix-competitif-pour-la-reparation-des-defauts-mineurs-480x480.jpg 480w\" sizes=\"(min-width: 0px) and (max-width: 480px) 480px, (min-width: 481px) 800px, 100vw\" \/><\/div>\n<\/div>\n<\/div>\n<div data-id=\"paragraph0\">\n<div><\/div>\n<\/div>\n<p>&nbsp;<\/p>\n<div class=\"magic-31\">\n<div class=\"magic-32\">\n<div data-spm-anchor-id=\"a2700.details.0.i37.625d2e9eLtZffL\"><\/div>\n<div data-spm-anchor-id=\"a2700.details.0.i37.625d2e9eLtZffL\"><img decoding=\"async\" class=\"aligncenter size-full wp-image-731\" src=\"https:\/\/www.supersybon.com\/fr\/wp-content\/uploads\/2022\/09\/1664509206-Car-Paint-Repair-Process-Super-Popular-Car-Body-Repair-Putty-Good-Quality-1K-NC-Putty.jpg\" alt=\"\" width=\"900\" height=\"620\" srcset=\"https:\/\/www.supersybon.com\/fr\/wp-content\/uploads\/2022\/09\/1664509206-Car-Paint-Repair-Process-Super-Popular-Car-Body-Repair-Putty-Good-Quality-1K-NC-Putty.jpg 900w, https:\/\/www.supersybon.com\/fr\/wp-content\/uploads\/2022\/09\/1664509206-Car-Paint-Repair-Process-Super-Popular-Car-Body-Repair-Putty-Good-Quality-1K-NC-Putty-480x331.jpg 480w\" sizes=\"(min-width: 0px) and (max-width: 480px) 480px, (min-width: 481px) 900px, 100vw\" \/><\/div>\n<div data-spm-anchor-id=\"a2700.details.0.i37.625d2e9eLtZffL\">\n<div>\n<p>&nbsp;<\/p>\n<p>&nbsp;<\/p>\n<\/div>\n<div><\/div>\n<div><\/div>\n<div><strong>Emballage et service du produit<\/strong><\/div>\n<hr \/>\n<p><strong>EMBALLER:<\/strong><\/p>\n<p>1KG\/bo\u00eete, 12 bo\u00eetes\/carton.<\/p>\n<p>&nbsp;<\/p>\n<p><strong>NOTRE SERVICE:<\/strong><\/p>\n<p>1.24 heures en ligne<\/p>\n<p>2. Prix comp\u00e9titif<\/p>\n<p>3. Excellents commentaires du client<\/p>\n<p>4. Commande en ligne s\u00e9curis\u00e9e<\/p>\n<p>5. livraison rapide<\/p>\n<p>6. support technique professionnel<\/p>\n<\/div>\n<\/div>\n<\/div>\n<p>&nbsp;<\/p>\n<p>&nbsp;<\/p>\n<p><img decoding=\"async\" class=\"aligncenter size-full wp-image-666\" src=\"https:\/\/www.supersybon.com\/fr\/wp-content\/uploads\/2022\/09\/1664346192-Quick-Repair-Car-Body-Scratches-Automotive-Surface-Filling-Putty-Bodyfiller-Putty-Polyesterputty-.jpg\" alt=\"\" width=\"900\" height=\"861\" srcset=\"https:\/\/www.supersybon.com\/fr\/wp-content\/uploads\/2022\/09\/1664346192-Quick-Repair-Car-Body-Scratches-Automotive-Surface-Filling-Putty-Bodyfiller-Putty-Polyesterputty-.jpg 900w, https:\/\/www.supersybon.com\/fr\/wp-content\/uploads\/2022\/09\/1664346192-Quick-Repair-Car-Body-Scratches-Automotive-Surface-Filling-Putty-Bodyfiller-Putty-Polyesterputty--480x459.jpg 480w\" sizes=\"(min-width: 0px) and (max-width: 480px) 480px, (min-width: 481px) 900px, 100vw\" \/><\/p>\n<p>&nbsp;<\/p>\n<p>&nbsp;<\/p>\n<p><strong>Profil de l'entreprise<\/strong><\/p>\n<hr \/>\n<p>&nbsp;<\/p>\n<p>&nbsp;<\/p>\n<p><img decoding=\"async\" class=\"aligncenter size-full wp-image-324\" src=\"https:\/\/www.supersybon.com\/fr\/wp-content\/uploads\/2022\/09\/1663401769-Car-Paint-Supplier-Company-Profile-Manufacturer-China.jpg\" alt=\"\" width=\"900\" height=\"958\" srcset=\"https:\/\/www.supersybon.com\/fr\/wp-content\/uploads\/2022\/09\/1663401769-Car-Paint-Supplier-Company-Profile-Manufacturer-China.jpg 900w, https:\/\/www.supersybon.com\/fr\/wp-content\/uploads\/2022\/09\/1663401769-Car-Paint-Supplier-Company-Profile-Manufacturer-China-480x511.jpg 480w\" sizes=\"(min-width: 0px) and (max-width: 480px) 480px, (min-width: 481px) 900px, 100vw\" \/><\/p>\n<p><strong>FAQ<\/strong><\/p>\n<hr \/>\n<p><strong>Q\u00a0:\u00a0Quel est votre MOQ\u00a0?<\/strong><\/p>\n<p>R : Notre MOQ est de 300 litres.<\/p>\n<p><strong>Q\u00a0:\u00a0\u00cates-vous une entreprise de fabrication\u00a0?<\/strong><\/p>\n<p>R : Nous sommes un fabricant professionnel et nous avons notre propre usine.<\/p>\n<p><strong>Q : Pouvons-nous visiter votre usine ?<\/strong><\/p>\n<p>R : Oui. Vous \u00eates les bienvenus dans notre usine.<\/p>\n<p><strong>Q\u00a0:\u00a0Qu\u2019en est-il de votre paiement\u00a0?<\/strong><\/p>\n<p>R : d\u00e9p\u00f4t de 50% \u00e0 l'avance, solde de 50% par T\/T, L\/C, paypal, Western Union ou bien avant exp\u00e9dition.<\/p>\n<p><strong>Q : Fournissez-vous des \u00e9chantillons ?<\/strong><\/p>\n<p>R : Oui, nous pouvons vous fournir des \u00e9chantillons gratuits, il vous suffit de payer le fret.<\/p>\n<p><strong>Q : Qu'en est-il de votre d\u00e9lai de livraison ?<\/strong><\/p>\n<p>R\u00a0:\u00a0Habituellement 15 jours apr\u00e8s r\u00e9ception de votre d\u00e9p\u00f4t.<\/p>\n","protected":false},"excerpt":{"rendered":"<p>Mastic monocomposant \u00e0 bon pouvoir couvrant, \u00e0 s\u00e9chage rapide, facile \u00e0 appliquer et \u00e0 poncer, adapt\u00e9 pour couvrir les petites rayures, les trous de pon\u00e7age et les piq\u00fbres.<\/p>\n","protected":false},"featured_media":4441,"template":"","meta":{"_et_pb_use_builder":"","_et_pb_old_content":"","_et_gb_content_width":""},"product_brand":[],"product_cat":[76,78],"product_tag":[715,717,716],"class_list":{"0":"post-725","1":"product","2":"type-product","3":"status-publish","4":"has-post-thumbnail","6":"product_cat-serie-de-peinture-automobile","7":"product_cat-appret-mastic","8":"product_tag-mastic-de-remplissage-pour-carrosserie-1k-nc","9":"product_tag-mastic-de-reperage","10":"product_tag-sechage-ultra-rapide-et-poncage-facile","12":"first","13":"instock","14":"shipping-taxable","15":"product-type-simple"},"_links":{"self":[{"href":"https:\/\/www.supersybon.com\/fr\/wp-json\/wp\/v2\/product\/725","targetHints":{"allow":["GET"]}}],"collection":[{"href":"https:\/\/www.supersybon.com\/fr\/wp-json\/wp\/v2\/product"}],"about":[{"href":"https:\/\/www.supersybon.com\/fr\/wp-json\/wp\/v2\/types\/product"}],"wp:featuredmedia":[{"embeddable":true,"href":"https:\/\/www.supersybon.com\/fr\/wp-json\/wp\/v2\/media\/4441"}],"wp:attachment":[{"href":"https:\/\/www.supersybon.com\/fr\/wp-json\/wp\/v2\/media?parent=725"}],"wp:term":[{"taxonomy":"product_brand","embeddable":true,"href":"https:\/\/www.supersybon.com\/fr\/wp-json\/wp\/v2\/product_brand?post=725"},{"taxonomy":"product_cat","embeddable":true,"href":"https:\/\/www.supersybon.com\/fr\/wp-json\/wp\/v2\/product_cat?post=725"},{"taxonomy":"product_tag","embeddable":true,"href":"https:\/\/www.supersybon.com\/fr\/wp-json\/wp\/v2\/product_tag?post=725"}],"curies":[{"name":"wp","href":"https:\/\/api.w.org\/{rel}","templated":true}]}}