{"id":714,"date":"2022-09-29T13:54:07","date_gmt":"2022-09-29T05:54:07","guid":{"rendered":"https:\/\/www.supersybon.com\/fr\/?post_type=product&#038;p=714"},"modified":"2023-09-05T16:53:46","modified_gmt":"2023-09-05T08:53:46","slug":"hk706t-mastic-de-remplissage-pour-carrosserie-1k-nc-mastic-a-sechage-extra-rapide-et-facile-a-poncer","status":"publish","type":"product","link":"https:\/\/www.supersybon.com\/fr\/product\/hk706t-mastic-de-remplissage-pour-carrosserie-1k-nc-mastic-a-sechage-extra-rapide-et-facile-a-poncer","title":{"rendered":"HK706T Mastic de remplissage pour carrosserie 1K NC mastic \u00e0 s\u00e9chage extra rapide et facile \u00e0 poncer"},"content":{"rendered":"<p><iframe title=\"NC body filler putty\" width=\"1080\" height=\"608\" src=\"https:\/\/www.youtube.com\/embed\/NdN-2IjFJjg?feature=oembed\"  allow=\"accelerometer; autoplay; clipboard-write; encrypted-media; gyroscope; picture-in-picture\" allowfullscreen><\/iframe><\/p>\n<p><img decoding=\"async\" class=\"aligncenter size-full wp-image-715\" src=\"https:\/\/www.supersybon.com\/fr\/wp-content\/uploads\/2022\/09\/1664431676-HK706-Auto-Body-Filler-Car-Refinish-Paint-Spot-Filler-1K-Polyester-Putty-Car-Body-Filler.jpg\" alt=\"\" width=\"900\" height=\"394\" srcset=\"https:\/\/www.supersybon.com\/fr\/wp-content\/uploads\/2022\/09\/1664431676-HK706-Auto-Body-Filler-Car-Refinish-Paint-Spot-Filler-1K-Polyester-Putty-Car-Body-Filler.jpg 900w, https:\/\/www.supersybon.com\/fr\/wp-content\/uploads\/2022\/09\/1664431676-HK706-Auto-Body-Filler-Car-Refinish-Paint-Spot-Filler-1K-Polyester-Putty-Car-Body-Filler-480x210.jpg 480w\" sizes=\"(min-width: 0px) and (max-width: 480px) 480px, (min-width: 481px) 900px, 100vw\" \/><\/p>\n<p>&nbsp;<\/p>\n<h2><strong>Mastic de remplissage pour carrosserie 1K NC<\/strong><\/h2>\n<p>HK706T Mastic de remplissage pour carrosserie 1K NC mastic \u00e0 s\u00e9chage extra rapide et facile \u00e0 poncer<\/p>\n<p>Mastic monocomposant \u00e0 bon pouvoir couvrant, \u00e0 s\u00e9chage rapide, facile \u00e0 appliquer et \u00e0 poncer, adapt\u00e9 pour couvrir les petites rayures, les trous de pon\u00e7age et les piq\u00fbres.<\/p>\n<p>&nbsp;<\/p>\n<div>\n<div class=\"magic-13\">\n<div class=\"magic-10\">\n<div class=\"ife-detail-decorate-table\"><img decoding=\"async\" class=\"aligncenter size-full wp-image-717\" src=\"https:\/\/www.supersybon.com\/fr\/wp-content\/uploads\/2022\/09\/1664432288-HK706-Good-Filling-Performance-Auto-Repair-Paint-1K-Putty-Car-Body-Filler.jpg\" alt=\"\" width=\"750\" height=\"750\" srcset=\"https:\/\/www.supersybon.com\/fr\/wp-content\/uploads\/2022\/09\/1664432288-HK706-Good-Filling-Performance-Auto-Repair-Paint-1K-Putty-Car-Body-Filler.jpg 750w, https:\/\/www.supersybon.com\/fr\/wp-content\/uploads\/2022\/09\/1664432288-HK706-Good-Filling-Performance-Auto-Repair-Paint-1K-Putty-Car-Body-Filler-480x480.jpg 480w\" sizes=\"(min-width: 0px) and (max-width: 480px) 480px, (min-width: 481px) 750px, 100vw\" \/><\/div>\n<p>&nbsp;<\/p>\n<\/div>\n<\/div>\n<\/div>\n<div><strong>Note: <\/strong><\/div>\n<div>1. La majeure partie du mastic doit \u00eatre ponc\u00e9e. Il ne reste que 2 \u00e0 5 % de la surface d\u2019\u00e9pandage.<br \/>\n2. Le mastic ne peut pas \u00eatre appliqu\u00e9 directement sur des m\u00e9taux nus.<br \/>\n3. Pulv\u00e9risez la couche de finition directement apr\u00e8s le pon\u00e7age en cas d'application sur une petite surface. Pour les grandes surfaces, il est recommand\u00e9 d'utiliser un appr\u00eat 2k avant d'appliquer la couche de finition.<br \/>\n4. Conserver herm\u00e9tiquement ferm\u00e9 apr\u00e8s utilisation pour \u00e9viter la formation de peau.<\/div>\n<div class=\"magic-31\">\n<div class=\"magic-33\" data-spm-anchor-id=\"a2700.details.0.i37.625d2e9eLtZffL\"><\/div>\n<div class=\"magic-32\">\n<div class=\"magic-33\" data-spm-anchor-id=\"a2700.details.0.i37.625d2e9eLtZffL\"><\/div>\n<\/div>\n<\/div>\n<p>&nbsp;<\/p>\n<p><img decoding=\"async\" class=\"aligncenter size-full wp-image-720\" src=\"https:\/\/www.supersybon.com\/fr\/wp-content\/uploads\/2022\/09\/1664432348-HK706-Quick-Drying-1K-Nc-Putty-Repairs-Scratches-Pinholes-Holes-And-Nick.jpg\" alt=\"\" width=\"750\" height=\"750\" srcset=\"https:\/\/www.supersybon.com\/fr\/wp-content\/uploads\/2022\/09\/1664432348-HK706-Quick-Drying-1K-Nc-Putty-Repairs-Scratches-Pinholes-Holes-And-Nick.jpg 750w, https:\/\/www.supersybon.com\/fr\/wp-content\/uploads\/2022\/09\/1664432348-HK706-Quick-Drying-1K-Nc-Putty-Repairs-Scratches-Pinholes-Holes-And-Nick-480x480.jpg 480w\" sizes=\"(min-width: 0px) and (max-width: 480px) 480px, (min-width: 481px) 750px, 100vw\" \/><\/p>\n<p>&nbsp;<\/p>\n<div>\n<p>&nbsp;<\/p>\n<p>&nbsp;<\/p>\n<\/div>\n<div><\/div>\n<div><\/div>\n<div><strong>Emballage et service du produit<\/strong><\/div>\n<hr \/>\n<p><strong>EMBALLER:<\/strong><\/p>\n<p>330 g\/pi\u00e8ces, 48 pi\u00e8ces\/carton.<\/p>\n<p>&nbsp;<\/p>\n<p><strong>NOTRE SERVICE:<\/strong><\/p>\n<p>1.24 heures en ligne<\/p>\n<p>2. Prix comp\u00e9titif<\/p>\n<p>3. Excellents commentaires du client<\/p>\n<p>4. Commande en ligne s\u00e9curis\u00e9e<\/p>\n<p>5. livraison rapide<\/p>\n<p>6. support technique professionnel<\/p>\n<p>&nbsp;<\/p>\n<p>&nbsp;<\/p>\n<p><img decoding=\"async\" class=\"aligncenter size-full wp-image-666\" src=\"https:\/\/www.supersybon.com\/fr\/wp-content\/uploads\/2022\/09\/1664346192-Quick-Repair-Car-Body-Scratches-Automotive-Surface-Filling-Putty-Bodyfiller-Putty-Polyesterputty-.jpg\" alt=\"\" width=\"900\" height=\"861\" srcset=\"https:\/\/www.supersybon.com\/fr\/wp-content\/uploads\/2022\/09\/1664346192-Quick-Repair-Car-Body-Scratches-Automotive-Surface-Filling-Putty-Bodyfiller-Putty-Polyesterputty-.jpg 900w, https:\/\/www.supersybon.com\/fr\/wp-content\/uploads\/2022\/09\/1664346192-Quick-Repair-Car-Body-Scratches-Automotive-Surface-Filling-Putty-Bodyfiller-Putty-Polyesterputty--480x459.jpg 480w\" sizes=\"(min-width: 0px) and (max-width: 480px) 480px, (min-width: 481px) 900px, 100vw\" \/><\/p>\n<p>&nbsp;<\/p>\n<p>&nbsp;<\/p>\n<p><strong>Profil de l'entreprise<\/strong><\/p>\n<hr \/>\n<p>&nbsp;<\/p>\n<p><img decoding=\"async\" class=\"aligncenter size-full wp-image-324\" src=\"https:\/\/www.supersybon.com\/fr\/wp-content\/uploads\/2022\/09\/1663401769-Car-Paint-Supplier-Company-Profile-Manufacturer-China.jpg\" alt=\"\" width=\"900\" height=\"958\" srcset=\"https:\/\/www.supersybon.com\/fr\/wp-content\/uploads\/2022\/09\/1663401769-Car-Paint-Supplier-Company-Profile-Manufacturer-China.jpg 900w, https:\/\/www.supersybon.com\/fr\/wp-content\/uploads\/2022\/09\/1663401769-Car-Paint-Supplier-Company-Profile-Manufacturer-China-480x511.jpg 480w\" sizes=\"(min-width: 0px) and (max-width: 480px) 480px, (min-width: 481px) 900px, 100vw\" \/><\/p>\n<p><strong>FAQ<\/strong><\/p>\n<hr \/>\n<p><strong>Q\u00a0:\u00a0Quel est votre MOQ\u00a0?<\/strong><\/p>\n<p>R : Notre MOQ est de 240 kilogrammes.<\/p>\n<p><strong>Q\u00a0:\u00a0\u00cates-vous une entreprise de fabrication\u00a0?<\/strong><\/p>\n<p>R : Nous sommes un fabricant professionnel et nous avons notre propre usine.<\/p>\n<p><strong>Q : Pouvons-nous visiter votre usine ?<\/strong><\/p>\n<p>R : Oui. Vous \u00eates les bienvenus dans notre usine.<\/p>\n<p><strong>Q\u00a0:\u00a0Qu\u2019en est-il de votre paiement\u00a0?<\/strong><\/p>\n<p>R: d\u00e9p\u00f4t de 50% \u00e0 l'avance, solde de 50% par T\/T, L\/C, paypal, Western Union ou bien avant exp\u00e9dition.<\/p>\n<p><strong>Q : Fournissez-vous des \u00e9chantillons ?<\/strong><\/p>\n<p>R : Oui, nous pouvons vous fournir des \u00e9chantillons gratuits, il vous suffit de payer le fret.<\/p>\n<p><strong>Q : Qu'en est-il de votre d\u00e9lai de livraison ?<\/strong><\/p>\n<p>R\u00a0:\u00a0Habituellement 15 jours apr\u00e8s r\u00e9ception de votre d\u00e9p\u00f4t.<\/p>\n","protected":false},"excerpt":{"rendered":"<p>Mastic monocomposant \u00e0 bon pouvoir couvrant, \u00e0 s\u00e9chage rapide, facile \u00e0 appliquer et \u00e0 poncer, adapt\u00e9 pour couvrir les petites rayures, les trous de pon\u00e7age et les piq\u00fbres.<\/p>\n","protected":false},"featured_media":716,"template":"","meta":{"_et_pb_use_builder":"","_et_pb_old_content":"","_et_gb_content_width":""},"product_brand":[],"product_cat":[76,78],"product_tag":[715,717,716],"class_list":{"0":"post-714","1":"product","2":"type-product","3":"status-publish","4":"has-post-thumbnail","6":"product_cat-serie-de-peinture-automobile","7":"product_cat-appret-mastic","8":"product_tag-mastic-de-remplissage-pour-carrosserie-1k-nc","9":"product_tag-mastic-de-reperage","10":"product_tag-sechage-ultra-rapide-et-poncage-facile","12":"first","13":"instock","14":"shipping-taxable","15":"product-type-simple"},"_links":{"self":[{"href":"https:\/\/www.supersybon.com\/fr\/wp-json\/wp\/v2\/product\/714","targetHints":{"allow":["GET"]}}],"collection":[{"href":"https:\/\/www.supersybon.com\/fr\/wp-json\/wp\/v2\/product"}],"about":[{"href":"https:\/\/www.supersybon.com\/fr\/wp-json\/wp\/v2\/types\/product"}],"wp:featuredmedia":[{"embeddable":true,"href":"https:\/\/www.supersybon.com\/fr\/wp-json\/wp\/v2\/media\/716"}],"wp:attachment":[{"href":"https:\/\/www.supersybon.com\/fr\/wp-json\/wp\/v2\/media?parent=714"}],"wp:term":[{"taxonomy":"product_brand","embeddable":true,"href":"https:\/\/www.supersybon.com\/fr\/wp-json\/wp\/v2\/product_brand?post=714"},{"taxonomy":"product_cat","embeddable":true,"href":"https:\/\/www.supersybon.com\/fr\/wp-json\/wp\/v2\/product_cat?post=714"},{"taxonomy":"product_tag","embeddable":true,"href":"https:\/\/www.supersybon.com\/fr\/wp-json\/wp\/v2\/product_tag?post=714"}],"curies":[{"name":"wp","href":"https:\/\/api.w.org\/{rel}","templated":true}]}}