{"id":706,"date":"2022-09-29T11:36:23","date_gmt":"2022-09-29T03:36:23","guid":{"rendered":"https:\/\/www.supersybon.com\/fr\/?post_type=product&#038;p=706"},"modified":"2025-12-20T14:28:58","modified_gmt":"2025-12-20T06:28:58","slug":"hk016-mastic-polyester-fibre-de-verre-remplisseur-de-carrosserie-vert-pour-reparer-les-rayures","status":"publish","type":"product","link":"https:\/\/www.supersybon.com\/fr\/product\/hk016-mastic-polyester-fibre-de-verre-remplisseur-de-carrosserie-vert-pour-reparer-les-rayures","title":{"rendered":"HK016 Mastic polyester fibre de verre remplisseur de carrosserie vert pour r\u00e9parer les rayures"},"content":{"rendered":"<p><iframe title=\"Wholesale Fibre Glass Polyester Putty Car Body Filler Green Products For Repair Scratches .\" width=\"1080\" height=\"608\" src=\"https:\/\/www.youtube.com\/embed\/E72i7pKP_Yg?feature=oembed\"  allow=\"accelerometer; autoplay; clipboard-write; encrypted-media; gyroscope; picture-in-picture\" allowfullscreen><\/iframe><\/p>\n<p><img decoding=\"async\" class=\"aligncenter size-full wp-image-708\" src=\"https:\/\/www.supersybon.com\/fr\/wp-content\/uploads\/2022\/09\/1664423491-HK405-Glass-Fiber-Polyester-Putty-Car-Body-Filler-Green-For-Repair-Scratches.jpg\" alt=\"\" width=\"900\" height=\"365\" srcset=\"https:\/\/www.supersybon.com\/fr\/wp-content\/uploads\/2022\/09\/1664423491-HK405-Glass-Fiber-Polyester-Putty-Car-Body-Filler-Green-For-Repair-Scratches.jpg 900w, https:\/\/www.supersybon.com\/fr\/wp-content\/uploads\/2022\/09\/1664423491-HK405-Glass-Fiber-Polyester-Putty-Car-Body-Filler-Green-For-Repair-Scratches-480x195.jpg 480w\" sizes=\"(min-width: 0px) and (max-width: 480px) 480px, (min-width: 481px) 900px, 100vw\" \/><\/p>\n<p>&nbsp;<\/p>\n<p>&nbsp;<\/p>\n<h2><strong>Mastic polyester fibre de verre<\/strong><\/h2>\n<p>HK016 Mastic polyester fibre de verre remplisseur de carrosserie vert pour r\u00e9parer les rayures<\/p>\n<p>Mastic polyester \u00e0 deux composants avec un bon pouvoir garnissant, un s\u00e9chage rapide, facile \u00e0 poncer et \u00e0 appliquer, adapt\u00e9 \u00e0 la r\u00e9paration de grandes et petites surfaces de surfaces automobiles.<\/p>\n<p>&nbsp;<\/p>\n<div class=\"magic-13\">\n<div class=\"magic-14\">\n<div class=\"magic-15\" data-id=\"paragraph0\"><\/div>\n<\/div>\n<\/div>\n<div data-id=\"paragraph0\"><\/div>\n<div>\n<div class=\"magic-9\">\n<div class=\"magic-10\">\n<div class=\"magic-11\"><img decoding=\"async\" class=\"aligncenter size-full wp-image-710\" src=\"https:\/\/www.supersybon.com\/fr\/wp-content\/uploads\/2022\/09\/1664430524-HK405-Fiberglass-Fillers-Auto-Body-Supplies-Fiberglasscarbodies.jpg\" alt=\"\" width=\"800\" height=\"800\" srcset=\"https:\/\/www.supersybon.com\/fr\/wp-content\/uploads\/2022\/09\/1664430524-HK405-Fiberglass-Fillers-Auto-Body-Supplies-Fiberglasscarbodies.jpg 800w, https:\/\/www.supersybon.com\/fr\/wp-content\/uploads\/2022\/09\/1664430524-HK405-Fiberglass-Fillers-Auto-Body-Supplies-Fiberglasscarbodies-480x480.jpg 480w\" sizes=\"(min-width: 0px) and (max-width: 480px) 480px, (min-width: 481px) 800px, 100vw\" \/><\/div>\n<\/div>\n<div><img decoding=\"async\" class=\"aligncenter size-full wp-image-2224\" src=\"https:\/\/www.supersybon.com\/fr\/wp-content\/uploads\/2022\/09\/1676604614-HK405-Glass-Fiber-Reinforced-Plastics-Repair-Fiberglass-Putty-Polyester-Putty-Car-Body-Filler.jpg\" alt=\"\" width=\"2048\" height=\"1536\" srcset=\"https:\/\/www.supersybon.com\/fr\/wp-content\/uploads\/2022\/09\/1676604614-HK405-Glass-Fiber-Reinforced-Plastics-Repair-Fiberglass-Putty-Polyester-Putty-Car-Body-Filler.jpg 2048w, https:\/\/www.supersybon.com\/fr\/wp-content\/uploads\/2022\/09\/1676604614-HK405-Glass-Fiber-Reinforced-Plastics-Repair-Fiberglass-Putty-Polyester-Putty-Car-Body-Filler-1280x960.jpg 1280w, https:\/\/www.supersybon.com\/fr\/wp-content\/uploads\/2022\/09\/1676604614-HK405-Glass-Fiber-Reinforced-Plastics-Repair-Fiberglass-Putty-Polyester-Putty-Car-Body-Filler-980x735.jpg 980w, https:\/\/www.supersybon.com\/fr\/wp-content\/uploads\/2022\/09\/1676604614-HK405-Glass-Fiber-Reinforced-Plastics-Repair-Fiberglass-Putty-Polyester-Putty-Car-Body-Filler-480x360.jpg 480w\" sizes=\"(min-width: 0px) and (max-width: 480px) 480px, (min-width: 481px) and (max-width: 980px) 980px, (min-width: 981px) and (max-width: 1280px) 1280px, (min-width: 1281px) 2048px, 100vw\" \/><\/div>\n<div><\/div>\n<div class=\"magic-10\">\n<div><img decoding=\"async\" class=\"aligncenter size-full wp-image-2225\" src=\"https:\/\/www.supersybon.com\/fr\/wp-content\/uploads\/2022\/09\/1676604650-HK405-Promotional-Car-Paint-Manufacturer-Auto-Paints-Body-Filler-Glass-Fiber-Poly-Putty.jpg\" alt=\"\" width=\"2048\" height=\"1536\" srcset=\"https:\/\/www.supersybon.com\/fr\/wp-content\/uploads\/2022\/09\/1676604650-HK405-Promotional-Car-Paint-Manufacturer-Auto-Paints-Body-Filler-Glass-Fiber-Poly-Putty.jpg 2048w, https:\/\/www.supersybon.com\/fr\/wp-content\/uploads\/2022\/09\/1676604650-HK405-Promotional-Car-Paint-Manufacturer-Auto-Paints-Body-Filler-Glass-Fiber-Poly-Putty-1280x960.jpg 1280w, https:\/\/www.supersybon.com\/fr\/wp-content\/uploads\/2022\/09\/1676604650-HK405-Promotional-Car-Paint-Manufacturer-Auto-Paints-Body-Filler-Glass-Fiber-Poly-Putty-980x735.jpg 980w, https:\/\/www.supersybon.com\/fr\/wp-content\/uploads\/2022\/09\/1676604650-HK405-Promotional-Car-Paint-Manufacturer-Auto-Paints-Body-Filler-Glass-Fiber-Poly-Putty-480x360.jpg 480w\" sizes=\"(min-width: 0px) and (max-width: 480px) 480px, (min-width: 481px) and (max-width: 980px) 980px, (min-width: 981px) and (max-width: 1280px) 1280px, (min-width: 1281px) 2048px, 100vw\" \/><\/div>\n<div>\n<p><strong>Note:<\/strong><\/p>\n<p>1. Remuer uniform\u00e9ment avant utilisation. Ne mettez pas le corps de cendre usag\u00e9 dans le r\u00e9servoir de produit d'origine.<\/p>\n<p>2. Le rapport mastic\/agent de durcissement doit \u00eatre appropri\u00e9 avant le grattage et doit \u00eatre bien et uniform\u00e9ment m\u00e9lang\u00e9 pour \u00e9viter les fissures ou le ramollissement.<\/p>\n<p>3. L'agent de durcissement du mastic est un produit inflammable, explosif et fortement irritant pour la peau, veuillez ne pas entrer en contact directement avec la peau.<\/p>\n<p>4. Il n'est pas facile d'appliquer un rev\u00eatement de mastic trop \u00e9pais en une seule fois, et si la fosse est profonde, il doit \u00eatre appliqu\u00e9 en plusieurs passes.<\/p>\n<p>5. Ne vaporisez pas la couche de finition directement sur le mastic, afin de ne pas faire perdre de brillance \u00e0 la couche de finition.<\/p>\n<p><strong>Plusieurs facteurs font que le mastic se d\u00e9t\u00e9riore facilement :<\/strong><\/p>\n<p>1. L'isocyanate contenu dans le composant principal r\u00e9agit facilement avec l'humidit\u00e9 de l'air et se d\u00e9t\u00e9riore.<\/p>\n<p>2. Les additifs (inhibiteurs, acc\u00e9l\u00e9rateurs) ont un impact sur la qualit\u00e9 du produit lui-m\u00eame.<\/p>\n<p>3. Le syst\u00e8me de formules doit \u00eatre proportionn\u00e9 en fonction de l'environnement et du climat de chaque lieu.<\/p>\n<p>4. Les conditions de stockage doivent \u00eatre dans un environnement sec et sensible au climat.<\/p>\n<p>5. La mauvaise qualit\u00e9 des pots d'emballage de ses produits affecte la qualit\u00e9 du mastic.<\/p>\n<\/div>\n<\/div>\n<\/div>\n<\/div>\n<div><\/div>\n<div class=\"magic-31\">\n<div class=\"magic-32\">\n<div class=\"magic-33\" data-spm-anchor-id=\"a2700.details.0.i37.625d2e9eLtZffL\"><\/div>\n<\/div>\n<\/div>\n<p>&nbsp;<\/p>\n<p>&nbsp;<\/p>\n<p><strong>Emballage et service du produit<\/strong><\/p>\n<hr \/>\n<p><strong>EMBALLER:<\/strong><\/p>\n<p>1,8 kg par bo\u00eete, 8 bo\u00eetes par carton.<\/p>\n<p>&nbsp;<\/p>\n<p><strong>NOTRE SERVICE:<\/strong><\/p>\n<p>1.24 heures en ligne<\/p>\n<p>2. Prix comp\u00e9titif<\/p>\n<p>3. Excellents commentaires du client<\/p>\n<p>4. Commande en ligne s\u00e9curis\u00e9e<\/p>\n<p>5. livraison rapide<\/p>\n<p>6. support technique professionnel<\/p>\n<p>&nbsp;<\/p>\n<p>&nbsp;<\/p>\n<p><img decoding=\"async\" class=\"aligncenter size-full wp-image-666\" src=\"https:\/\/www.supersybon.com\/fr\/wp-content\/uploads\/2022\/09\/1664346192-Quick-Repair-Car-Body-Scratches-Automotive-Surface-Filling-Putty-Bodyfiller-Putty-Polyesterputty-.jpg\" alt=\"\" width=\"900\" height=\"861\" srcset=\"https:\/\/www.supersybon.com\/fr\/wp-content\/uploads\/2022\/09\/1664346192-Quick-Repair-Car-Body-Scratches-Automotive-Surface-Filling-Putty-Bodyfiller-Putty-Polyesterputty-.jpg 900w, https:\/\/www.supersybon.com\/fr\/wp-content\/uploads\/2022\/09\/1664346192-Quick-Repair-Car-Body-Scratches-Automotive-Surface-Filling-Putty-Bodyfiller-Putty-Polyesterputty--480x459.jpg 480w\" sizes=\"(min-width: 0px) and (max-width: 480px) 480px, (min-width: 481px) 900px, 100vw\" \/><\/p>\n<p>&nbsp;<\/p>\n<p>&nbsp;<\/p>\n<p><strong>\u00c9tapes de construction<\/strong><\/p>\n<hr \/>\n<p>&nbsp;<\/p>\n<p>&nbsp;<\/p>\n<p>&nbsp;<\/p>\n<p>&nbsp;<\/p>\n<p><img decoding=\"async\" class=\"aligncenter size-full wp-image-668\" src=\"https:\/\/www.supersybon.com\/fr\/wp-content\/uploads\/2022\/09\/1664347507-Auto-Body-And-Paint-Products-Car-Body-Filler-Product-Company-Auto-Repair-Putty-Construction-Steps.jpg\" alt=\"\" width=\"900\" height=\"2225\" srcset=\"https:\/\/www.supersybon.com\/fr\/wp-content\/uploads\/2022\/09\/1664347507-Auto-Body-And-Paint-Products-Car-Body-Filler-Product-Company-Auto-Repair-Putty-Construction-Steps.jpg 900w, https:\/\/www.supersybon.com\/fr\/wp-content\/uploads\/2022\/09\/1664347507-Auto-Body-And-Paint-Products-Car-Body-Filler-Product-Company-Auto-Repair-Putty-Construction-Steps-480x1187.jpg 480w\" sizes=\"(min-width: 0px) and (max-width: 480px) 480px, (min-width: 481px) 900px, 100vw\" \/><\/p>\n<p><strong>Profil de l'entreprise<\/strong><\/p>\n<hr \/>\n<p>&nbsp;<\/p>\n<p><img decoding=\"async\" class=\"aligncenter size-full wp-image-324\" src=\"https:\/\/www.supersybon.com\/fr\/wp-content\/uploads\/2022\/09\/1663401769-Car-Paint-Supplier-Company-Profile-Manufacturer-China.jpg\" alt=\"\" width=\"900\" height=\"958\" srcset=\"https:\/\/www.supersybon.com\/fr\/wp-content\/uploads\/2022\/09\/1663401769-Car-Paint-Supplier-Company-Profile-Manufacturer-China.jpg 900w, https:\/\/www.supersybon.com\/fr\/wp-content\/uploads\/2022\/09\/1663401769-Car-Paint-Supplier-Company-Profile-Manufacturer-China-480x511.jpg 480w\" sizes=\"(min-width: 0px) and (max-width: 480px) 480px, (min-width: 481px) 900px, 100vw\" \/><\/p>\n<p><strong>FAQ<\/strong><\/p>\n<hr \/>\n<p><strong>Q\u00a0:\u00a0Quel est votre MOQ\u00a0?<\/strong><\/p>\n<p>R : Notre MOQ est de 240 kilogrammes.<\/p>\n<p><strong>Q\u00a0:\u00a0\u00cates-vous une entreprise de fabrication\u00a0?<\/strong><\/p>\n<p>R : Nous sommes un fabricant professionnel et nous avons notre propre usine.<\/p>\n<p><strong>Q : Pouvons-nous visiter votre usine ?<\/strong><\/p>\n<p>R : Oui. Vous \u00eates les bienvenus dans notre usine.<\/p>\n<p><strong>Q\u00a0:\u00a0Qu\u2019en est-il de votre paiement\u00a0?<\/strong><\/p>\n<p>R : d\u00e9p\u00f4t de 50% \u00e0 l'avance, solde de 50% par T\/T, L\/C, paypal, Western Union ou bien avant exp\u00e9dition.<\/p>\n<p><strong>Q : Fournissez-vous des \u00e9chantillons ?<\/strong><\/p>\n<p>R : Oui, nous pouvons vous fournir des \u00e9chantillons gratuits, il vous suffit de payer le fret.<\/p>\n<p><strong>Q : Qu'en est-il de votre d\u00e9lai de livraison ?<\/strong><\/p>\n<p>R\u00a0:\u00a0Habituellement 15 jours apr\u00e8s r\u00e9ception de votre d\u00e9p\u00f4t.<\/p>\n","protected":false},"excerpt":{"rendered":"<p>Mastic polyester \u00e0 deux composants avec un bon pouvoir garnissant, un s\u00e9chage rapide, facile \u00e0 poncer et \u00e0 appliquer, adapt\u00e9 \u00e0 la r\u00e9paration de grandes et petites surfaces de surfaces automobiles.<\/p>\n","protected":false},"featured_media":3672,"template":"","meta":{"_et_pb_use_builder":"","_et_pb_old_content":"","_et_gb_content_width":""},"product_brand":[],"product_cat":[76,78],"product_tag":[714,713],"class_list":{"0":"post-706","1":"product","2":"type-product","3":"status-publish","4":"has-post-thumbnail","6":"product_cat-serie-de-peinture-automobile","7":"product_cat-appret-mastic","8":"product_tag-mastic-polyester-fibre-de-verre","9":"product_tag-remplisseur-de-carrosserie-vert-pour-reparer-les-rayures","11":"first","12":"instock","13":"shipping-taxable","14":"product-type-simple"},"_links":{"self":[{"href":"https:\/\/www.supersybon.com\/fr\/wp-json\/wp\/v2\/product\/706","targetHints":{"allow":["GET"]}}],"collection":[{"href":"https:\/\/www.supersybon.com\/fr\/wp-json\/wp\/v2\/product"}],"about":[{"href":"https:\/\/www.supersybon.com\/fr\/wp-json\/wp\/v2\/types\/product"}],"wp:featuredmedia":[{"embeddable":true,"href":"https:\/\/www.supersybon.com\/fr\/wp-json\/wp\/v2\/media\/3672"}],"wp:attachment":[{"href":"https:\/\/www.supersybon.com\/fr\/wp-json\/wp\/v2\/media?parent=706"}],"wp:term":[{"taxonomy":"product_brand","embeddable":true,"href":"https:\/\/www.supersybon.com\/fr\/wp-json\/wp\/v2\/product_brand?post=706"},{"taxonomy":"product_cat","embeddable":true,"href":"https:\/\/www.supersybon.com\/fr\/wp-json\/wp\/v2\/product_cat?post=706"},{"taxonomy":"product_tag","embeddable":true,"href":"https:\/\/www.supersybon.com\/fr\/wp-json\/wp\/v2\/product_tag?post=706"}],"curies":[{"name":"wp","href":"https:\/\/api.w.org\/{rel}","templated":true}]}}