{"id":694,"date":"2022-09-29T10:33:10","date_gmt":"2022-09-29T02:33:10","guid":{"rendered":"https:\/\/www.supersybon.com\/fr\/?post_type=product&#038;p=694"},"modified":"2023-09-05T16:26:06","modified_gmt":"2023-09-05T08:26:06","slug":"hk017-mastic-polyester-haute-temperature-mastic-corporel-haute-temperature-resistant-a-la-chaleur","status":"publish","type":"product","link":"https:\/\/www.supersybon.com\/fr\/product\/hk017-mastic-polyester-haute-temperature-mastic-corporel-haute-temperature-resistant-a-la-chaleur","title":{"rendered":"HK017 Mastic polyester haute temp\u00e9rature mastic corporel haute temp\u00e9rature r\u00e9sistant \u00e0 la chaleur"},"content":{"rendered":"<p><iframe title=\"High temperature resistance putty provides high temperature and temperature changing resistance.\" width=\"1080\" height=\"608\" src=\"https:\/\/www.youtube.com\/embed\/n39wUv57ov4?feature=oembed\"  allow=\"accelerometer; autoplay; clipboard-write; encrypted-media; gyroscope; picture-in-picture\" allowfullscreen><\/iframe><\/p>\n<p><img decoding=\"async\" class=\"aligncenter size-full wp-image-695\" src=\"https:\/\/www.supersybon.com\/fr\/wp-content\/uploads\/2022\/09\/1664419493-HK017-High-Temperature-Polyester-Putty-High-Temp-Body-Filler-Heat-Resistant.jpg\" alt=\"\" width=\"900\" height=\"362\" srcset=\"https:\/\/www.supersybon.com\/fr\/wp-content\/uploads\/2022\/09\/1664419493-HK017-High-Temperature-Polyester-Putty-High-Temp-Body-Filler-Heat-Resistant.jpg 900w, https:\/\/www.supersybon.com\/fr\/wp-content\/uploads\/2022\/09\/1664419493-HK017-High-Temperature-Polyester-Putty-High-Temp-Body-Filler-Heat-Resistant-480x193.jpg 480w\" sizes=\"(min-width: 0px) and (max-width: 480px) 480px, (min-width: 481px) 900px, 100vw\" \/><\/p>\n<p>&nbsp;<\/p>\n<h2><strong>Mastic polyester haute temp\u00e9rature<\/strong><\/h2>\n<p>HK017 Mastic polyester haute temp\u00e9rature mastic corporel haute temp\u00e9rature r\u00e9sistant \u00e0 la chaleur<\/p>\n<p>Le mastic r\u00e9sistant aux temp\u00e9ratures \u00e9lev\u00e9es offre une r\u00e9sistance aux temp\u00e9ratures \u00e9lev\u00e9es et aux changements de temp\u00e9rature.<\/p>\n<p>Il offre une bonne adh\u00e9rence m\u00eame avec un traitement thermique jusqu'\u00e0 280\u2103.<\/p>\n<p>&nbsp;<\/p>\n<div class=\"magic-15\" data-id=\"paragraph0\"><img decoding=\"async\" class=\"aligncenter size-full wp-image-696\" src=\"https:\/\/www.supersybon.com\/fr\/wp-content\/uploads\/2022\/09\/1664420020-HK017-High-Temperature-Resistance-Fast-Drying-Easy-Sanding.jpg\" alt=\"\" width=\"900\" height=\"462\" srcset=\"https:\/\/www.supersybon.com\/fr\/wp-content\/uploads\/2022\/09\/1664420020-HK017-High-Temperature-Resistance-Fast-Drying-Easy-Sanding.jpg 900w, https:\/\/www.supersybon.com\/fr\/wp-content\/uploads\/2022\/09\/1664420020-HK017-High-Temperature-Resistance-Fast-Drying-Easy-Sanding-480x246.jpg 480w\" sizes=\"(min-width: 0px) and (max-width: 480px) 480px, (min-width: 481px) 900px, 100vw\" \/><\/div>\n<div data-id=\"paragraph0\"><\/div>\n<div>\n<p><strong>Note:<\/strong><\/p>\n<p>1. Remuer uniform\u00e9ment avant utilisation. Ne mettez pas le corps de cendre usag\u00e9 dans le r\u00e9servoir de produit d'origine.<\/p>\n<p>2. Le rapport mastic\/agent de durcissement doit \u00eatre appropri\u00e9 avant le grattage et doit \u00eatre bien et uniform\u00e9ment m\u00e9lang\u00e9 pour \u00e9viter les fissures ou le ramollissement.<\/p>\n<p>3. L'agent de durcissement du mastic est un produit inflammable, explosif et fortement irritant pour la peau, veuillez ne pas entrer en contact directement avec la peau.<\/p>\n<p>4. Il n'est pas facile d'appliquer un rev\u00eatement de mastic trop \u00e9pais en une seule fois, et si la fosse est profonde, il doit \u00eatre appliqu\u00e9 en plusieurs passes.<\/p>\n<p>5. Ne vaporisez pas la couche de finition directement sur le mastic, afin de ne pas faire perdre de brillance \u00e0 la couche de finition.<\/p>\n<p><strong>Plusieurs facteurs font que le mastic se d\u00e9t\u00e9riore facilement :<\/strong><\/p>\n<p>1. L'isocyanate contenu dans le composant principal r\u00e9agit facilement avec l'humidit\u00e9 de l'air et se d\u00e9t\u00e9riore.<\/p>\n<p>2. Les additifs (inhibiteurs, acc\u00e9l\u00e9rateurs) ont un impact sur la qualit\u00e9 du produit lui-m\u00eame.<\/p>\n<p>3. Le syst\u00e8me de formules doit \u00eatre proportionn\u00e9 en fonction de l'environnement et du climat de chaque lieu.<\/p>\n<p>4. Les conditions de stockage doivent \u00eatre dans un environnement sec et sensible au climat.<\/p>\n<p>5. La mauvaise qualit\u00e9 des pots d'emballage de ses produits affecte la qualit\u00e9 du mastic.<\/p>\n<p>&nbsp;<\/p>\n<p>&nbsp;<\/p>\n<\/div>\n<div><\/div>\n<div><\/div>\n<div><strong>Emballage et service du produit<\/strong><\/div>\n<hr \/>\n<p><strong>EMBALLER:<\/strong><\/p>\n<p>1,5 kg par bo\u00eete, 8 bo\u00eetes par carton.<\/p>\n<p>&nbsp;<\/p>\n<p><img decoding=\"async\" class=\"aligncenter size-full wp-image-697\" src=\"https:\/\/www.supersybon.com\/fr\/wp-content\/uploads\/2022\/09\/1664420248-HK017-High-Temp-Body-Filler-Car-Putty-Suit-All-Kinds-of-Metal-Surfaces-All-Kinds-of-Primers-and-Old-Paint-Surfaces.jpg\" alt=\"\" width=\"900\" height=\"900\" srcset=\"https:\/\/www.supersybon.com\/fr\/wp-content\/uploads\/2022\/09\/1664420248-HK017-High-Temp-Body-Filler-Car-Putty-Suit-All-Kinds-of-Metal-Surfaces-All-Kinds-of-Primers-and-Old-Paint-Surfaces.jpg 900w, https:\/\/www.supersybon.com\/fr\/wp-content\/uploads\/2022\/09\/1664420248-HK017-High-Temp-Body-Filler-Car-Putty-Suit-All-Kinds-of-Metal-Surfaces-All-Kinds-of-Primers-and-Old-Paint-Surfaces-480x480.jpg 480w\" sizes=\"(min-width: 0px) and (max-width: 480px) 480px, (min-width: 481px) 900px, 100vw\" \/><\/p>\n<p>&nbsp;<\/p>\n<p>&nbsp;<\/p>\n<p><strong>NOTRE SERVICE:<\/strong><\/p>\n<p>1.24 heures en ligne<\/p>\n<p>2. Prix comp\u00e9titif<\/p>\n<p>3. Excellents commentaires du client<\/p>\n<p>4. Commande en ligne s\u00e9curis\u00e9e<\/p>\n<p>5. livraison rapide<\/p>\n<p>6. support technique professionnel<\/p>\n<p>&nbsp;<\/p>\n<p><img decoding=\"async\" class=\"aligncenter size-full wp-image-666\" src=\"https:\/\/www.supersybon.com\/fr\/wp-content\/uploads\/2022\/09\/1664346192-Quick-Repair-Car-Body-Scratches-Automotive-Surface-Filling-Putty-Bodyfiller-Putty-Polyesterputty-.jpg\" alt=\"\" width=\"900\" height=\"861\" srcset=\"https:\/\/www.supersybon.com\/fr\/wp-content\/uploads\/2022\/09\/1664346192-Quick-Repair-Car-Body-Scratches-Automotive-Surface-Filling-Putty-Bodyfiller-Putty-Polyesterputty-.jpg 900w, https:\/\/www.supersybon.com\/fr\/wp-content\/uploads\/2022\/09\/1664346192-Quick-Repair-Car-Body-Scratches-Automotive-Surface-Filling-Putty-Bodyfiller-Putty-Polyesterputty--480x459.jpg 480w\" sizes=\"(min-width: 0px) and (max-width: 480px) 480px, (min-width: 481px) 900px, 100vw\" \/><\/p>\n<p>&nbsp;<\/p>\n<p>&nbsp;<\/p>\n<p><strong>\u00c9tapes de construction<\/strong><\/p>\n<hr \/>\n<p>&nbsp;<\/p>\n<p>&nbsp;<\/p>\n<p><img decoding=\"async\" class=\"aligncenter size-full wp-image-668\" src=\"https:\/\/www.supersybon.com\/fr\/wp-content\/uploads\/2022\/09\/1664347507-Auto-Body-And-Paint-Products-Car-Body-Filler-Product-Company-Auto-Repair-Putty-Construction-Steps.jpg\" alt=\"\" width=\"900\" height=\"2225\" srcset=\"https:\/\/www.supersybon.com\/fr\/wp-content\/uploads\/2022\/09\/1664347507-Auto-Body-And-Paint-Products-Car-Body-Filler-Product-Company-Auto-Repair-Putty-Construction-Steps.jpg 900w, https:\/\/www.supersybon.com\/fr\/wp-content\/uploads\/2022\/09\/1664347507-Auto-Body-And-Paint-Products-Car-Body-Filler-Product-Company-Auto-Repair-Putty-Construction-Steps-480x1187.jpg 480w\" sizes=\"(min-width: 0px) and (max-width: 480px) 480px, (min-width: 481px) 900px, 100vw\" \/><\/p>\n<p>&nbsp;<\/p>\n<p><strong>Profil de l'entreprise<\/strong><\/p>\n<hr \/>\n<p>&nbsp;<\/p>\n<p><img decoding=\"async\" class=\"aligncenter size-full wp-image-324\" src=\"https:\/\/www.supersybon.com\/fr\/wp-content\/uploads\/2022\/09\/1663401769-Car-Paint-Supplier-Company-Profile-Manufacturer-China.jpg\" alt=\"\" width=\"900\" height=\"958\" srcset=\"https:\/\/www.supersybon.com\/fr\/wp-content\/uploads\/2022\/09\/1663401769-Car-Paint-Supplier-Company-Profile-Manufacturer-China.jpg 900w, https:\/\/www.supersybon.com\/fr\/wp-content\/uploads\/2022\/09\/1663401769-Car-Paint-Supplier-Company-Profile-Manufacturer-China-480x511.jpg 480w\" sizes=\"(min-width: 0px) and (max-width: 480px) 480px, (min-width: 481px) 900px, 100vw\" \/><\/p>\n<p><strong>FAQ<\/strong><\/p>\n<hr \/>\n<p><strong>Q\u00a0:\u00a0Quel est votre MOQ\u00a0?<\/strong><\/p>\n<p>R : Notre MOQ est de 240 kilogrammes.<\/p>\n<p><strong>Q\u00a0:\u00a0\u00cates-vous une entreprise de fabrication\u00a0?<\/strong><\/p>\n<p>R : Nous sommes un fabricant professionnel et nous avons notre propre usine.<\/p>\n<p><strong>Q : Pouvons-nous visiter votre usine ?<\/strong><\/p>\n<p>R : Oui. Vous \u00eates les bienvenus dans notre usine.<\/p>\n<p><strong>Q\u00a0:\u00a0Qu\u2019en est-il de votre paiement\u00a0?<\/strong><\/p>\n<p>R : d\u00e9p\u00f4t de 50% \u00e0 l'avance, solde de 50% par T\/T, L\/C, paypal, Western Union ou bien avant exp\u00e9dition.<\/p>\n<p><strong>Q : Fournissez-vous des \u00e9chantillons ?<\/strong><\/p>\n<p>R : Oui, nous pouvons vous fournir des \u00e9chantillons gratuits, il vous suffit de payer le fret.<\/p>\n<p><strong>Q : Qu'en est-il de votre d\u00e9lai de livraison ?<\/strong><\/p>\n<p>R\u00a0:\u00a0Habituellement 15 jours apr\u00e8s r\u00e9ception de votre d\u00e9p\u00f4t.<\/p>\n","protected":false},"excerpt":{"rendered":"<p>Le mastic r\u00e9sistant aux temp\u00e9ratures \u00e9lev\u00e9es offre une r\u00e9sistance aux temp\u00e9ratures \u00e9lev\u00e9es et aux changements de temp\u00e9rature. Il offre une bonne adh\u00e9rence m\u00eame avec un traitement thermique jusqu'\u00e0 280\u2103.<\/p>\n","protected":false},"featured_media":698,"template":"","meta":{"_et_pb_use_builder":"","_et_pb_old_content":"","_et_gb_content_width":""},"product_brand":[],"product_cat":[76,78],"product_tag":[712,711],"class_list":{"0":"post-694","1":"product","2":"type-product","3":"status-publish","4":"has-post-thumbnail","6":"product_cat-serie-de-peinture-automobile","7":"product_cat-appret-mastic","8":"product_tag-mastic-corporel-haute-temperature-resistant-a-la-chaleur","9":"product_tag-mastic-polyester-haute-temperature","11":"first","12":"instock","13":"shipping-taxable","14":"product-type-simple"},"_links":{"self":[{"href":"https:\/\/www.supersybon.com\/fr\/wp-json\/wp\/v2\/product\/694","targetHints":{"allow":["GET"]}}],"collection":[{"href":"https:\/\/www.supersybon.com\/fr\/wp-json\/wp\/v2\/product"}],"about":[{"href":"https:\/\/www.supersybon.com\/fr\/wp-json\/wp\/v2\/types\/product"}],"wp:featuredmedia":[{"embeddable":true,"href":"https:\/\/www.supersybon.com\/fr\/wp-json\/wp\/v2\/media\/698"}],"wp:attachment":[{"href":"https:\/\/www.supersybon.com\/fr\/wp-json\/wp\/v2\/media?parent=694"}],"wp:term":[{"taxonomy":"product_brand","embeddable":true,"href":"https:\/\/www.supersybon.com\/fr\/wp-json\/wp\/v2\/product_brand?post=694"},{"taxonomy":"product_cat","embeddable":true,"href":"https:\/\/www.supersybon.com\/fr\/wp-json\/wp\/v2\/product_cat?post=694"},{"taxonomy":"product_tag","embeddable":true,"href":"https:\/\/www.supersybon.com\/fr\/wp-json\/wp\/v2\/product_tag?post=694"}],"curies":[{"name":"wp","href":"https:\/\/api.w.org\/{rel}","templated":true}]}}