{"id":657,"date":"2022-09-28T11:07:19","date_gmt":"2022-09-28T03:07:19","guid":{"rendered":"https:\/\/www.supersybon.com\/fr\/?post_type=product&#038;p=657"},"modified":"2023-09-05T14:22:20","modified_gmt":"2023-09-05T06:22:20","slug":"hk720k-diluant-rapide-diluant-pour-peinture-automobile-a-sechage-rapide","status":"publish","type":"product","link":"https:\/\/www.supersybon.com\/fr\/product\/hk720k-diluant-rapide-diluant-pour-peinture-automobile-a-sechage-rapide","title":{"rendered":"HK720K Diluant rapide diluant pour peinture automobile \u00e0 s\u00e9chage rapide"},"content":{"rendered":"<p><img decoding=\"async\" class=\"size-full wp-image-162 alignleft\" src=\"https:\/\/www.supersybon.com\/fr\/wp-content\/uploads\/2023\/08\/1690956695-HKS-1K-Autobase-Colors-2K-Autocryl-Colors.webp\" alt=\"\" width=\"400\" height=\"400\" \/><\/p>\n<h3><strong><span style=\"font-size: 20px;\">PEINTURE DE FINITION AUTOMOBILE<\/span><\/strong><\/h3>\n<p>Nous disposons d'un ensemble complet de peinture de finition automobile.<\/p>\n<p>comprend : <strong><a href=\"https:\/\/www.supersybon.com\/fr\/product-category\/serie-de-peinture-automobile\/1k-couleurs-de-base-automatique\" target=\"_blank\" rel=\"noopener\">1K couleurs de base automatique<\/a><\/strong> (1K couleurs pures, 1K argent, 1K couleurs nacr\u00e9es et 1K couleur perle cristal).<\/p>\n<p><strong><a href=\"https:\/\/www.supersybon.com\/fr\/product-category\/serie-de-peinture-automobile\/couleurs-autocryl-2k\" target=\"_blank\" rel=\"noopener\">Couleurs autocryliques 2K<\/a><\/strong>\u00a0(couleurs pures 2K).<\/p>\n<p><strong><a href=\"https:\/\/www.supersybon.com\/fr\/product-category\/serie-de-peinture-automobile\/appret-mastic\" target=\"_blank\" rel=\"noopener\">Appr\u00eats<\/a><\/strong>\u00a0(appr\u00eat surfa\u00e7ant 1K, mastic nc 1K, appr\u00eat interm\u00e9diaire 2K, appr\u00eat \u00e9poxy 2K et appr\u00eat plastique 1K).<\/p>\n<p><strong><a href=\"https:\/\/www.supersybon.com\/fr\/product-category\/serie-de-peinture-automobile\/couche-transparente-vernis\" target=\"_blank\" rel=\"noopener\">couches transparentes<\/a><\/strong>, <strong><a href=\"https:\/\/www.supersybon.com\/fr\/product-category\/serie-de-peinture-automobile\/durcisseurs\" target=\"_blank\" rel=\"noopener\">durcisseurs<\/a><\/strong>, <strong><a href=\"https:\/\/www.supersybon.com\/fr\/product-category\/serie-de-peinture-automobile\/diluants\" target=\"_blank\" rel=\"noopener\">diluants<\/a><\/strong>, <strong><a href=\"https:\/\/www.supersybon.com\/fr\/product-category\/serie-de-peinture-automobile\/appret-mastic\" target=\"_blank\" rel=\"noopener\">mastic<\/a><\/strong>, <strong><a href=\"https:\/\/www.supersybon.com\/fr\/product-category\/serie-de-peinture-automobile\/classeur-1k-2k\" target=\"_blank\" rel=\"noopener\">liant 1K, liant 2K<\/a><\/strong> et autres additifs de peinture de finition automobile, etc.<\/p>\n<p>&nbsp;<\/p>\n<p><img decoding=\"async\" class=\"aligncenter size-full wp-image-3596\" src=\"https:\/\/www.supersybon.com\/fr\/wp-content\/uploads\/2023\/08\/1691049432-HK720-Crylic-Car-Paint-Thinner-Auto-Paint-Lacquer-Thinner-China.webp\" alt=\"\" width=\"900\" height=\"374\" srcset=\"https:\/\/www.supersybon.com\/fr\/wp-content\/uploads\/2023\/08\/1691049432-HK720-Crylic-Car-Paint-Thinner-Auto-Paint-Lacquer-Thinner-China.webp 900w, https:\/\/www.supersybon.com\/fr\/wp-content\/uploads\/2023\/08\/1691049432-HK720-Crylic-Car-Paint-Thinner-Auto-Paint-Lacquer-Thinner-China-480x199.webp 480w\" sizes=\"(min-width: 0px) and (max-width: 480px) 480px, (min-width: 481px) 900px, 100vw\" \/><\/p>\n<p><strong>Description du produit<\/strong><\/p>\n<hr \/>\n<h2><strong>HK720K Diluant rapide diluant pour peinture automobile \u00e0 s\u00e9chage rapide<\/strong><\/h2>\n<p>Diluant de haute qualit\u00e9, sp\u00e9cialement d\u00e9velopp\u00e9 pour les primaires, les bases et les finitions.<\/p>\n<p>Disponible avec une vitesse de s\u00e9chage rapide, standard, lente et extra lente pour s'adapter \u00e0 diff\u00e9rents produits et diff\u00e9rentes exigences d'application.<\/p>\n<div class=\"magic-13\">\n<div class=\"magic-14\">\n<div class=\"magic-15\" data-id=\"paragraph0\"><\/div>\n<\/div>\n<\/div>\n<div data-id=\"paragraph0\"><\/div>\n<div data-id=\"paragraph0\"><\/div>\n<div class=\"J_module\">\n<div class=\"ife-detail-decorate-table\">\n<table id=\"tablepress-6\" class=\"tablepress tablepress-id-6 tbody-has-connected-cells\">\n<tbody class=\"row-striping row-hover\">\n<tr class=\"row-1\">\n\t<td class=\"column-1\">Application<\/td><td class=\"column-2\">Pour r\u00e9duire la viscosit\u00e9 de l'application, augmentez la douceur du film de peinture. Bonne solubilit\u00e9.<\/td>\n<\/tr>\n<tr class=\"row-2\">\n\t<td rowspan=\"3\" class=\"column-1\">Caract\u00e9ristiques<\/td><td class=\"column-2\">720K rapide<br \/>\nVitesse d'\u00e9vaporation la plus rapide, adapt\u00e9e aux r\u00e9parations ponctuelles ou aux applications en dessous de 15 \u2103.<\/td>\n<\/tr>\n<tr class=\"row-3\">\n\t<td class=\"column-2\">Norme 720B<br \/>\nVitesse d'\u00e9vaporation moyenne, adapt\u00e9e \u00e0 la r\u00e9paration localis\u00e9e ou \u00e0 l'application \u00e0 15-25 \u2103.<\/td>\n<\/tr>\n<tr class=\"row-4\">\n\t<td class=\"column-2\">720M lent<br \/>\nVitesse d'\u00e9vaporation la plus lente, adapt\u00e9e \u00e0 la r\u00e9paration ponctuelle ou \u00e0 la finition globale ou \u00e0 l'application \u00e0 25-30 \u2103.<\/td>\n<\/tr>\n<tr class=\"row-5\">\n\t<td class=\"column-1\">Remarque<\/td><td class=\"column-2\">\u00c0 haute temp\u00e9rature ou humidit\u00e9 \u00e9lev\u00e9e, il est recommand\u00e9 d\u2019ajouter 10 \u00e0 30 % de solvant retardateur.<\/td>\n<\/tr>\n<tr class=\"row-6\">\n\t<td class=\"column-1\">Dur\u00e9e de conservation<\/td><td class=\"column-2\">2 ans dans la bo\u00eete originale scell\u00e9e dans un endroit frais et sec \u00e0 20 \u2103.<\/td>\n<\/tr>\n<tr class=\"row-7\">\n\t<td class=\"column-1\">Emballage<\/td><td class=\"column-2\">1L,4L<\/td>\n<\/tr>\n<\/tbody>\n<\/table>\n<!-- #tablepress-6 from cache --><\/div>\n<\/div>\n<div><\/div>\n<div><\/div>\n<p><img decoding=\"async\" class=\"aligncenter size-full wp-image-650\" src=\"https:\/\/www.supersybon.com\/fr\/wp-content\/uploads\/2022\/09\/1664332482-HK720-Automotive-Acrylic-Lacquer-Thinner-Car-Lacquer-Thinner-Universal-Thinner.jpg\" alt=\"\" width=\"900\" height=\"889\" srcset=\"https:\/\/www.supersybon.com\/fr\/wp-content\/uploads\/2022\/09\/1664332482-HK720-Automotive-Acrylic-Lacquer-Thinner-Car-Lacquer-Thinner-Universal-Thinner.jpg 900w, https:\/\/www.supersybon.com\/fr\/wp-content\/uploads\/2022\/09\/1664332482-HK720-Automotive-Acrylic-Lacquer-Thinner-Car-Lacquer-Thinner-Universal-Thinner-480x474.jpg 480w\" sizes=\"(min-width: 0px) and (max-width: 480px) 480px, (min-width: 481px) 900px, 100vw\" \/><\/p>\n<p><strong>Emballage et service du produit<\/strong><\/p>\n<hr \/>\n<p><strong>EMBALLER :<\/strong><\/p>\n<p>1L*12 bo\u00eetes\/carton, 4L*4 bo\u00eetes\/carton<\/p>\n<p>&nbsp;<\/p>\n<p><img decoding=\"async\" class=\"aligncenter size-full wp-image-651\" src=\"https:\/\/www.supersybon.com\/fr\/wp-content\/uploads\/2022\/09\/1664332690-HK870-Thinner-Solvent-Spray-Paint-Thinner-Manufacturers.jpg\" alt=\"\" width=\"900\" height=\"316\" srcset=\"https:\/\/www.supersybon.com\/fr\/wp-content\/uploads\/2022\/09\/1664332690-HK870-Thinner-Solvent-Spray-Paint-Thinner-Manufacturers.jpg 900w, https:\/\/www.supersybon.com\/fr\/wp-content\/uploads\/2022\/09\/1664332690-HK870-Thinner-Solvent-Spray-Paint-Thinner-Manufacturers-480x169.jpg 480w\" sizes=\"(min-width: 0px) and (max-width: 480px) 480px, (min-width: 481px) 900px, 100vw\" \/><\/p>\n<p><strong>NOTRE SERVICE:<\/strong><\/p>\n<p>1.24 heures en ligne<\/p>\n<p>2. Prix comp\u00e9titif<\/p>\n<p>3. Excellents commentaires du client<\/p>\n<p>4. Commande en ligne s\u00e9curis\u00e9e<\/p>\n<p>5. livraison rapide<\/p>\n<p>6. support technique professionnel<\/p>\n<p>&nbsp;<\/p>\n<p><img decoding=\"async\" class=\"aligncenter size-full wp-image-322\" src=\"https:\/\/www.supersybon.com\/fr\/wp-content\/uploads\/2022\/09\/1663401145-Automotive-Paint-Good-Feedback-Manufacturer-China.jpg\" alt=\"\" width=\"750\" height=\"750\" srcset=\"https:\/\/www.supersybon.com\/fr\/wp-content\/uploads\/2022\/09\/1663401145-Automotive-Paint-Good-Feedback-Manufacturer-China.jpg 750w, https:\/\/www.supersybon.com\/fr\/wp-content\/uploads\/2022\/09\/1663401145-Automotive-Paint-Good-Feedback-Manufacturer-China-480x480.jpg 480w\" sizes=\"(min-width: 0px) and (max-width: 480px) 480px, (min-width: 481px) 750px, 100vw\" \/><\/p>\n<p><strong>Profil de l'entreprise<\/strong><\/p>\n<hr \/>\n<p>&nbsp;<\/p>\n<p><img decoding=\"async\" class=\"aligncenter size-full wp-image-324\" src=\"https:\/\/www.supersybon.com\/fr\/wp-content\/uploads\/2022\/09\/1663401769-Car-Paint-Supplier-Company-Profile-Manufacturer-China.jpg\" alt=\"\" width=\"900\" height=\"958\" srcset=\"https:\/\/www.supersybon.com\/fr\/wp-content\/uploads\/2022\/09\/1663401769-Car-Paint-Supplier-Company-Profile-Manufacturer-China.jpg 900w, https:\/\/www.supersybon.com\/fr\/wp-content\/uploads\/2022\/09\/1663401769-Car-Paint-Supplier-Company-Profile-Manufacturer-China-480x511.jpg 480w\" sizes=\"(min-width: 0px) and (max-width: 480px) 480px, (min-width: 481px) 900px, 100vw\" \/><\/p>\n<p><strong>FAQ<\/strong><\/p>\n<hr \/>\n<p><strong>Q\u00a0:\u00a0Quel est votre MOQ\u00a0?<\/strong><\/p>\n<p>R : Notre MOQ est de 300 litres.<\/p>\n<p><strong>Q\u00a0:\u00a0\u00cates-vous une entreprise de fabrication\u00a0?<\/strong><\/p>\n<p>R : Nous sommes un fabricant professionnel et nous avons notre propre usine.<\/p>\n<p><strong>Q : Pouvons-nous visiter votre usine ?<\/strong><\/p>\n<p>R : Oui. Vous \u00eates les bienvenus dans notre usine.<\/p>\n<p><strong>Q\u00a0:\u00a0Qu\u2019en est-il de votre paiement\u00a0?<\/strong><\/p>\n<p>R : d\u00e9p\u00f4t de 50% \u00e0 l'avance, solde de 50% par T\/T, L\/C, paypal, Western Union ou bien avant exp\u00e9dition.<\/p>\n<p><strong>Q : Fournissez-vous des \u00e9chantillons ?<\/strong><\/p>\n<p>R : Oui, nous pouvons vous fournir des \u00e9chantillons gratuits, il vous suffit de payer le fret.<\/p>\n<p><strong>Q : Qu'en est-il de votre d\u00e9lai de livraison ?<\/strong><\/p>\n<p>R\u00a0:\u00a0Habituellement 15 jours apr\u00e8s r\u00e9ception de votre d\u00e9p\u00f4t.<\/p>\n","protected":false},"excerpt":{"rendered":"<p>Diluant de haute qualit\u00e9, sp\u00e9cialement d\u00e9velopp\u00e9 pour les primaires, les bases et les finitions.<br \/>\nDisponible avec une vitesse de s\u00e9chage rapide, standard, lente et extra lente pour s'adapter \u00e0 diff\u00e9rents produits et diff\u00e9rentes exigences d'application.<\/p>\n","protected":false},"featured_media":653,"template":"","meta":{"_et_pb_use_builder":"","_et_pb_old_content":"","_et_gb_content_width":""},"product_brand":[],"product_cat":[76,79],"product_tag":[697,698],"class_list":{"0":"post-657","1":"product","2":"type-product","3":"status-publish","4":"has-post-thumbnail","6":"product_cat-serie-de-peinture-automobile","7":"product_cat-diluants","8":"product_tag-diluant-pour-peinture-automobile-a-sechage-rapide","9":"product_tag-diluant-rapide","11":"first","12":"instock","13":"shipping-taxable","14":"product-type-simple"},"_links":{"self":[{"href":"https:\/\/www.supersybon.com\/fr\/wp-json\/wp\/v2\/product\/657","targetHints":{"allow":["GET"]}}],"collection":[{"href":"https:\/\/www.supersybon.com\/fr\/wp-json\/wp\/v2\/product"}],"about":[{"href":"https:\/\/www.supersybon.com\/fr\/wp-json\/wp\/v2\/types\/product"}],"wp:featuredmedia":[{"embeddable":true,"href":"https:\/\/www.supersybon.com\/fr\/wp-json\/wp\/v2\/media\/653"}],"wp:attachment":[{"href":"https:\/\/www.supersybon.com\/fr\/wp-json\/wp\/v2\/media?parent=657"}],"wp:term":[{"taxonomy":"product_brand","embeddable":true,"href":"https:\/\/www.supersybon.com\/fr\/wp-json\/wp\/v2\/product_brand?post=657"},{"taxonomy":"product_cat","embeddable":true,"href":"https:\/\/www.supersybon.com\/fr\/wp-json\/wp\/v2\/product_cat?post=657"},{"taxonomy":"product_tag","embeddable":true,"href":"https:\/\/www.supersybon.com\/fr\/wp-json\/wp\/v2\/product_tag?post=657"}],"curies":[{"name":"wp","href":"https:\/\/api.w.org\/{rel}","templated":true}]}}