{"id":629,"date":"2022-09-27T11:37:12","date_gmt":"2022-09-27T03:37:12","guid":{"rendered":"https:\/\/www.supersybon.com\/fr\/?post_type=product&#038;p=629"},"modified":"2023-09-02T16:23:19","modified_gmt":"2023-09-02T08:23:19","slug":"hk920-durcisseur-rapide-standard-lent-durcisseur-de-peinture-pour-carrosserie-automobile","status":"publish","type":"product","link":"https:\/\/www.supersybon.com\/fr\/product\/hk920-durcisseur-rapide-standard-lent-durcisseur-de-peinture-pour-carrosserie-automobile","title":{"rendered":"HK920 Durcisseur rapide\/standard\/lent durcisseur de peinture pour carrosserie automobile"},"content":{"rendered":"<p><img decoding=\"async\" class=\"size-full wp-image-162 alignleft\" src=\"https:\/\/www.supersybon.com\/fr\/wp-content\/uploads\/2023\/08\/1690956695-HKS-1K-Autobase-Colors-2K-Autocryl-Colors.webp\" alt=\"\" width=\"400\" height=\"400\" \/><\/p>\n<h3><strong><span style=\"font-size: 20px;\">PEINTURE DE FINITION AUTOMOBILE<\/span><\/strong><\/h3>\n<p>Nous disposons d'un ensemble complet de peinture de finition automobile.<\/p>\n<p>comprend : <strong><a href=\"https:\/\/www.supersybon.com\/fr\/product-category\/serie-de-peinture-automobile\/1k-couleurs-de-base-automatique\" target=\"_blank\" rel=\"noopener\">1K couleurs de base automatique<\/a><\/strong> (1K couleurs pures, 1K argent, 1K couleurs nacr\u00e9es et 1K couleur perle cristal).<\/p>\n<p><strong><a href=\"https:\/\/www.supersybon.com\/fr\/product-category\/serie-de-peinture-automobile\/couleurs-autocryl-2k\" target=\"_blank\" rel=\"noopener\">Couleurs autocryliques 2K<\/a><\/strong>\u00a0(couleurs pures 2K).<\/p>\n<p><strong><a href=\"https:\/\/www.supersybon.com\/fr\/product-category\/serie-de-peinture-automobile\/appret-mastic\" target=\"_blank\" rel=\"noopener\">Appr\u00eats<\/a><\/strong>\u00a0(appr\u00eat surfa\u00e7ant 1K, mastic nc 1K, appr\u00eat interm\u00e9diaire 2K, appr\u00eat \u00e9poxy 2K et appr\u00eat plastique 1K).<\/p>\n<p><strong><a href=\"https:\/\/www.supersybon.com\/fr\/product-category\/serie-de-peinture-automobile\/couche-transparente-vernis\" target=\"_blank\" rel=\"noopener\">couches transparentes<\/a><\/strong>, <strong><a href=\"https:\/\/www.supersybon.com\/fr\/product-category\/serie-de-peinture-automobile\/durcisseurs\" target=\"_blank\" rel=\"noopener\">durcisseurs<\/a><\/strong>, <strong><a href=\"https:\/\/www.supersybon.com\/fr\/product-category\/serie-de-peinture-automobile\/diluants\" target=\"_blank\" rel=\"noopener\">diluants<\/a><\/strong>, <strong><a href=\"https:\/\/www.supersybon.com\/fr\/product-category\/serie-de-peinture-automobile\/appret-mastic\" target=\"_blank\" rel=\"noopener\">mastic<\/a><\/strong>, <strong><a href=\"https:\/\/www.supersybon.com\/fr\/product-category\/serie-de-peinture-automobile\/classeur-1k-2k\" target=\"_blank\" rel=\"noopener\">liant 1K, liant 2K<\/a><\/strong> et autres additifs de peinture de finition automobile, etc.<\/p>\n<p>&nbsp;<\/p>\n<p>&nbsp;<\/p>\n<p><img decoding=\"async\" class=\"aligncenter size-full wp-image-630\" src=\"https:\/\/www.supersybon.com\/fr\/wp-content\/uploads\/2022\/09\/1664250604-Car-Paint-Hardener-Price-Hardner-Lacquer-Set-Price-Lacquer-Hardener.jpg\" alt=\"\" width=\"900\" height=\"493\" srcset=\"https:\/\/www.supersybon.com\/fr\/wp-content\/uploads\/2022\/09\/1664250604-Car-Paint-Hardener-Price-Hardner-Lacquer-Set-Price-Lacquer-Hardener.jpg 900w, https:\/\/www.supersybon.com\/fr\/wp-content\/uploads\/2022\/09\/1664250604-Car-Paint-Hardener-Price-Hardner-Lacquer-Set-Price-Lacquer-Hardener-480x263.jpg 480w\" sizes=\"(min-width: 0px) and (max-width: 480px) 480px, (min-width: 481px) 900px, 100vw\" \/><\/p>\n<p><strong>Description du produit<\/strong><\/p>\n<hr \/>\n<h2><strong>HK920 Durcisseur rapide\/standard\/lent durcisseur de peinture pour carrosserie automobile<\/strong><\/h2>\n<p>Durcisseur r\u00e9sistant au jaune, sp\u00e9cialement con\u00e7u pour les finitions 2K et les vernis transparents.<\/p>\n<p>Pour correspondre \u00e0 diff\u00e9rents produits, zones d'application et temp\u00e9ratures, il comprend diff\u00e9rentes versions en standard, un s\u00e9chage rapide et lent, etc.<\/p>\n<p>&nbsp;<\/p>\n<div class=\"J_module\">\n<div class=\"ife-detail-decorate-table\">\n<table id=\"tablepress-5\" class=\"tablepress tablepress-id-5 tbody-has-connected-cells\">\n<tbody class=\"row-striping row-hover\">\n<tr class=\"row-1\">\n\t<td class=\"column-1\">920B<\/td><td class=\"column-2\">Durcisseur standard<\/td>\n<\/tr>\n<tr class=\"row-2\">\n\t<td class=\"column-1\">920K<\/td><td class=\"column-2\">Durcisseur \u00e0 s\u00e9chage rapide<\/td>\n<\/tr>\n<tr class=\"row-3\">\n\t<td class=\"column-1\">920M<\/td><td class=\"column-2\">Durcisseur \u00e0 s\u00e9chage lent<\/td>\n<\/tr>\n<tr class=\"row-4\">\n\t<td class=\"column-1\">960B<\/td><td class=\"column-2\">Durcisseur standard \u00e0 concentration moyenne<\/td>\n<\/tr>\n<tr class=\"row-5\">\n\t<td class=\"column-1\">960K<\/td><td class=\"column-2\">Durcisseur \u00e0 s\u00e9chage rapide \u00e0 concentration moyenne<\/td>\n<\/tr>\n<tr class=\"row-6\">\n\t<td class=\"column-1\">960M<\/td><td class=\"column-2\">Durcisseur \u00e0 s\u00e9chage lent \u00e0 concentration moyenne<\/td>\n<\/tr>\n<tr class=\"row-7\">\n\t<td class=\"column-1\">980B<\/td><td class=\"column-2\">Durcisseur standard \u00e0 haute concentration<\/td>\n<\/tr>\n<tr class=\"row-8\">\n\t<td class=\"column-1\">980K<\/td><td class=\"column-2\">Durcisseur \u00e0 s\u00e9chage rapide \u00e0 haute concentration<\/td>\n<\/tr>\n<tr class=\"row-9\">\n\t<td class=\"column-1\">980M<\/td><td class=\"column-2\">Durcisseur \u00e0 s\u00e9chage lent \u00e0 haute concentration<\/td>\n<\/tr>\n<tr class=\"row-10\">\n\t<td class=\"column-1\">Couleur<\/td><td class=\"column-2\">Transparent<\/td>\n<\/tr>\n<tr class=\"row-11\">\n\t<td class=\"column-1\">Correspond avec<\/td><td class=\"column-2\">Couleur pure 2k et couche transparente<\/td>\n<\/tr>\n<tr class=\"row-12\">\n\t<td class=\"column-1\">Application<\/td><td class=\"column-2\">Peinture automobile, R\u00e9paration automobile<\/td>\n<\/tr>\n<tr class=\"row-13\">\n\t<td class=\"column-1\">Dur\u00e9e de conservation<\/td><td class=\"column-2\">2 ans dans le scellant d'origine dans un endroit frais et sec \u00e0 20 \u2103<\/td>\n<\/tr>\n<tr class=\"row-14\">\n\t<td rowspan=\"2\" class=\"column-1\">Taux de m\u00e9lange<\/td><td class=\"column-2\">Vernis : Durcisseur = 2\u00a0: (0,2-0,6)<\/td>\n<\/tr>\n<tr class=\"row-15\">\n\t<td class=\"column-2\">Peinture couleur 2k : Durcisseur = 2 : 1<\/td>\n<\/tr>\n<\/tbody>\n<\/table>\n<\/div>\n<\/div>\n<p><img decoding=\"async\" class=\"aligncenter size-full wp-image-631\" src=\"https:\/\/www.supersybon.com\/fr\/wp-content\/uploads\/2022\/09\/1664259763-Hardener-For-Clear-Varnish-Hardener-For-Paint-Parameter.jpg\" alt=\"\" width=\"900\" height=\"629\" srcset=\"https:\/\/www.supersybon.com\/fr\/wp-content\/uploads\/2022\/09\/1664259763-Hardener-For-Clear-Varnish-Hardener-For-Paint-Parameter.jpg 900w, https:\/\/www.supersybon.com\/fr\/wp-content\/uploads\/2022\/09\/1664259763-Hardener-For-Clear-Varnish-Hardener-For-Paint-Parameter-480x335.jpg 480w\" sizes=\"(min-width: 0px) and (max-width: 480px) 480px, (min-width: 481px) 900px, 100vw\" \/><\/p>\n<p><strong>Emballage et service du produit<\/strong><\/p>\n<hr \/>\n<p><strong>EMBALLER :<\/strong><\/p>\n<p>0,5 L*12 bo\u00eetes\/carton 1 L*12 bo\u00eetes\/carton<\/p>\n<p>&nbsp;<\/p>\n<p><img decoding=\"async\" class=\"aligncenter size-full wp-image-632\" src=\"https:\/\/www.supersybon.com\/fr\/wp-content\/uploads\/2022\/09\/1664260202-Car-Lacquer-Hardner-Auto-Base-Hardener-Automotive-Paint-Products-Hardener-For-Car-Paint.jpg\" alt=\"\" width=\"900\" height=\"316\" srcset=\"https:\/\/www.supersybon.com\/fr\/wp-content\/uploads\/2022\/09\/1664260202-Car-Lacquer-Hardner-Auto-Base-Hardener-Automotive-Paint-Products-Hardener-For-Car-Paint.jpg 900w, https:\/\/www.supersybon.com\/fr\/wp-content\/uploads\/2022\/09\/1664260202-Car-Lacquer-Hardner-Auto-Base-Hardener-Automotive-Paint-Products-Hardener-For-Car-Paint-480x169.jpg 480w\" sizes=\"(min-width: 0px) and (max-width: 480px) 480px, (min-width: 481px) 900px, 100vw\" \/><\/p>\n<p><strong>NOTRE SERVICE:<\/strong><\/p>\n<p>1.24 heures en ligne<\/p>\n<p>2. Prix comp\u00e9titif<\/p>\n<p>3. Excellents commentaires du client<\/p>\n<p>4. Commande en ligne s\u00e9curis\u00e9e<\/p>\n<p>5. livraison rapide<\/p>\n<p>6. support technique professionnel<\/p>\n<p>&nbsp;<\/p>\n<p><img decoding=\"async\" class=\"aligncenter size-full wp-image-322\" src=\"https:\/\/www.supersybon.com\/fr\/wp-content\/uploads\/2022\/09\/1663401145-Automotive-Paint-Good-Feedback-Manufacturer-China.jpg\" alt=\"\" width=\"750\" height=\"750\" srcset=\"https:\/\/www.supersybon.com\/fr\/wp-content\/uploads\/2022\/09\/1663401145-Automotive-Paint-Good-Feedback-Manufacturer-China.jpg 750w, https:\/\/www.supersybon.com\/fr\/wp-content\/uploads\/2022\/09\/1663401145-Automotive-Paint-Good-Feedback-Manufacturer-China-480x480.jpg 480w\" sizes=\"(min-width: 0px) and (max-width: 480px) 480px, (min-width: 481px) 750px, 100vw\" \/><\/p>\n<p><strong>Profil de l'entreprise<\/strong><\/p>\n<hr \/>\n<p>&nbsp;<\/p>\n<p><img decoding=\"async\" class=\"aligncenter size-full wp-image-324\" src=\"https:\/\/www.supersybon.com\/fr\/wp-content\/uploads\/2022\/09\/1663401769-Car-Paint-Supplier-Company-Profile-Manufacturer-China.jpg\" alt=\"\" width=\"900\" height=\"958\" srcset=\"https:\/\/www.supersybon.com\/fr\/wp-content\/uploads\/2022\/09\/1663401769-Car-Paint-Supplier-Company-Profile-Manufacturer-China.jpg 900w, https:\/\/www.supersybon.com\/fr\/wp-content\/uploads\/2022\/09\/1663401769-Car-Paint-Supplier-Company-Profile-Manufacturer-China-480x511.jpg 480w\" sizes=\"(min-width: 0px) and (max-width: 480px) 480px, (min-width: 481px) 900px, 100vw\" \/><\/p>\n<p><strong>FAQ<\/strong><\/p>\n<hr \/>\n<p><strong>Q\u00a0:\u00a0Quel est votre MOQ\u00a0?<\/strong><\/p>\n<p>R : Notre MOQ est de 300 litres.<\/p>\n<p><strong>Q\u00a0:\u00a0\u00cates-vous une entreprise de fabrication\u00a0?<\/strong><\/p>\n<p>R : Nous sommes un fabricant professionnel et nous avons notre propre usine.<\/p>\n<p><strong>Q : Pouvons-nous visiter votre usine ?<\/strong><\/p>\n<p>R : Oui. Vous \u00eates les bienvenus dans notre usine.<\/p>\n<p><strong>Q\u00a0:\u00a0Qu\u2019en est-il de votre paiement\u00a0?<\/strong><\/p>\n<p>R : d\u00e9p\u00f4t de 50% \u00e0 l'avance, solde de 50% par T\/T, L\/C, paypal, Western Union ou bien avant exp\u00e9dition.<\/p>\n<p><strong>Q : Fournissez-vous des \u00e9chantillons ?<\/strong><\/p>\n<p>R : Oui, nous pouvons vous fournir des \u00e9chantillons gratuits, il vous suffit de payer le fret.<\/p>\n<p><strong>Q : Qu'en est-il de votre d\u00e9lai de livraison ?<\/strong><\/p>\n<p>R\u00a0:\u00a0Habituellement 15 jours apr\u00e8s r\u00e9ception de votre d\u00e9p\u00f4t.<\/p>\n","protected":false},"excerpt":{"rendered":"<p>Durcisseur r\u00e9sistant au jaune, sp\u00e9cialement con\u00e7u pour les finitions 2K et les vernis transparents.<br \/>\nPour correspondre \u00e0 diff\u00e9rents produits, zones d'application et temp\u00e9ratures, il comprend diff\u00e9rentes versions en standard, un s\u00e9chage rapide et lent, etc.<\/p>\n","protected":false},"featured_media":633,"template":"","meta":{"_et_pb_use_builder":"","_et_pb_old_content":"","_et_gb_content_width":""},"product_brand":[],"product_cat":[76,80],"product_tag":[687,688],"class_list":{"0":"post-629","1":"product","2":"type-product","3":"status-publish","4":"has-post-thumbnail","6":"product_cat-serie-de-peinture-automobile","7":"product_cat-durcisseurs","8":"product_tag-durcisseur-de-peinture-pour-carrosserie-automobile","9":"product_tag-durcisseur-rapide-standard-lent","11":"first","12":"instock","13":"shipping-taxable","14":"product-type-simple"},"_links":{"self":[{"href":"https:\/\/www.supersybon.com\/fr\/wp-json\/wp\/v2\/product\/629","targetHints":{"allow":["GET"]}}],"collection":[{"href":"https:\/\/www.supersybon.com\/fr\/wp-json\/wp\/v2\/product"}],"about":[{"href":"https:\/\/www.supersybon.com\/fr\/wp-json\/wp\/v2\/types\/product"}],"wp:featuredmedia":[{"embeddable":true,"href":"https:\/\/www.supersybon.com\/fr\/wp-json\/wp\/v2\/media\/633"}],"wp:attachment":[{"href":"https:\/\/www.supersybon.com\/fr\/wp-json\/wp\/v2\/media?parent=629"}],"wp:term":[{"taxonomy":"product_brand","embeddable":true,"href":"https:\/\/www.supersybon.com\/fr\/wp-json\/wp\/v2\/product_brand?post=629"},{"taxonomy":"product_cat","embeddable":true,"href":"https:\/\/www.supersybon.com\/fr\/wp-json\/wp\/v2\/product_cat?post=629"},{"taxonomy":"product_tag","embeddable":true,"href":"https:\/\/www.supersybon.com\/fr\/wp-json\/wp\/v2\/product_tag?post=629"}],"curies":[{"name":"wp","href":"https:\/\/api.w.org\/{rel}","templated":true}]}}