{"id":604,"date":"2022-09-26T14:12:42","date_gmt":"2022-09-26T06:12:42","guid":{"rendered":"https:\/\/www.supersybon.com\/fr\/?post_type=product&#038;p=604"},"modified":"2023-09-02T11:16:32","modified_gmt":"2023-09-02T03:16:32","slug":"hk820-vernis-transparent-effet-miroir-vernis-de-peinture-de-finition-automatique","status":"publish","type":"product","link":"https:\/\/www.supersybon.com\/fr\/product\/hk820-vernis-transparent-effet-miroir-vernis-de-peinture-de-finition-automatique","title":{"rendered":"HK820 Vernis transparent effet miroir vernis de peinture de finition automatique"},"content":{"rendered":"<p><iframe title=\"Top Selling HKS Automotive Clearcoat Products\u2014\u2014HK820 mirror effect clear coat.\" width=\"1080\" height=\"608\" src=\"https:\/\/www.youtube.com\/embed\/VeclBbZW-58?feature=oembed\"  allow=\"accelerometer; autoplay; clipboard-write; encrypted-media; gyroscope; picture-in-picture\" allowfullscreen><\/iframe><\/p>\n<p><img decoding=\"async\" class=\"aligncenter size-full wp-image-605\" src=\"https:\/\/www.supersybon.com\/fr\/wp-content\/uploads\/2022\/09\/1664174556-2K-Automotive-Clear-Coat-Auto-Paint-Clear-Coat-Clearcoat-2K.jpg\" alt=\"\" width=\"900\" height=\"790\" srcset=\"https:\/\/www.supersybon.com\/fr\/wp-content\/uploads\/2022\/09\/1664174556-2K-Automotive-Clear-Coat-Auto-Paint-Clear-Coat-Clearcoat-2K.jpg 900w, https:\/\/www.supersybon.com\/fr\/wp-content\/uploads\/2022\/09\/1664174556-2K-Automotive-Clear-Coat-Auto-Paint-Clear-Coat-Clearcoat-2K-480x421.jpg 480w\" sizes=\"(min-width: 0px) and (max-width: 480px) 480px, (min-width: 481px) 900px, 100vw\" \/><\/p>\n<p><strong>Description du produit<\/strong><\/p>\n<hr \/>\n<p>&nbsp;<\/p>\n<h2><strong>HK820 Vernis transparent effet miroir vernis de peinture de finition automatique<\/strong><\/h2>\n<p>Vernis transparent haute performance et r\u00e9sistant \u00e0 la chaleur, adapt\u00e9 \u00e0 la finition g\u00e9n\u00e9rale ou aux r\u00e9parations de panneaux \u00e0 haute brillance. Il pr\u00e9sente une bonne r\u00e9sistance aux produits chimiques et aux intemp\u00e9ries pour garantir une brillance durable.<\/p>\n<div><img decoding=\"async\" class=\"aligncenter size-full wp-image-606\" src=\"https:\/\/www.supersybon.com\/fr\/wp-content\/uploads\/2022\/09\/1664175088-HK820-Auto-Acrylic-Clear-Coat-2K-Clear-Coat-Price-China-Manufacturers.jpg\" alt=\"\" width=\"900\" height=\"669\" srcset=\"https:\/\/www.supersybon.com\/fr\/wp-content\/uploads\/2022\/09\/1664175088-HK820-Auto-Acrylic-Clear-Coat-2K-Clear-Coat-Price-China-Manufacturers.jpg 900w, https:\/\/www.supersybon.com\/fr\/wp-content\/uploads\/2022\/09\/1664175088-HK820-Auto-Acrylic-Clear-Coat-2K-Clear-Coat-Price-China-Manufacturers-480x357.jpg 480w\" sizes=\"(min-width: 0px) and (max-width: 480px) 480px, (min-width: 481px) 900px, 100vw\" \/><\/div>\n<p>&nbsp;<\/p>\n<div class=\"magic-8\">\n<div class=\"magic-9\">\n<div><\/div>\n<\/div>\n<\/div>\n<div><\/div>\n<div>\n<table id=\"tablepress-4\" class=\"tablepress tablepress-id-4 tbody-has-connected-cells\">\n<thead>\n<tr class=\"row-1\">\n\t<th colspan=\"6\" class=\"column-1\">Couche transparente (vernis)<\/th>\n<\/tr>\n<\/thead>\n<tbody class=\"row-striping row-hover\">\n<tr class=\"row-2\">\n\t<td class=\"column-1\">Fonctionnalit\u00e9<\/td><td colspan=\"5\" class=\"column-2\">Vernis transparent haute performance et r\u00e9sistant \u00e0 la chaleur, adapt\u00e9 \u00e0 la finition g\u00e9n\u00e9rale ou aux r\u00e9parations de panneaux \u00e0 haute brillance. Il pr\u00e9sente une bonne r\u00e9sistance aux produits chimiques et aux intemp\u00e9ries pour garantir une brillance durable.<\/td>\n<\/tr>\n<tr class=\"row-3\">\n\t<td class=\"column-1\">Couche transparente<\/td><td colspan=\"5\" class=\"column-2\">1. Couche transparente diamant<br \/>\n2. Couche transparente de qualit\u00e9 sp\u00e9ciale<br \/>\n3. Couche transparente effet miroir<\/td>\n<\/tr>\n<tr class=\"row-4\">\n\t<td class=\"column-1\">Substrats<\/td><td colspan=\"5\" class=\"column-2\">Couche de base 1K<\/td>\n<\/tr>\n<tr class=\"row-5\">\n\t<td class=\"column-1\">Dur\u00e9e de vie en pot<\/td><td colspan=\"5\" class=\"column-2\">25 \u2103 :<br \/>\nVernis diamant + durcisseur rapide : 1,5 heures ;<br \/>\nVernis diamant + Durcisseur Standard ou Lent : 2 heures.<br \/>\n25 \u2103 :<br \/>\nVernis sp\u00e9cial qualit\u00e9 (ou vernis effet miroir)+ Durcisseur rapide : 2 heures ;<br \/>\nVernis sp\u00e9cial (ou Vernis effet miroir) + Durcisseur Standard ou Lent : 4 heures.<\/td>\n<\/tr>\n<tr class=\"row-6\">\n\t<td class=\"column-1\">Couche de pulv\u00e9risation<\/td><td colspan=\"5\" class=\"column-2\">2-3 couches, total 40-60 um<\/td>\n<\/tr>\n<tr class=\"row-7\">\n\t<td class=\"column-1\">Intervalle<\/td><td colspan=\"5\" class=\"column-2\">\u00c0 25 \u2103, 5 \u00e0 10 minutes entre les couches, laisser s\u00e9cher \u00e0 l'air libre pendant 15 \u00e0 20 minutes avant la cuisson.<\/td>\n<\/tr>\n<tr class=\"row-8\">\n\t<td class=\"column-1\">Pistolet pulv\u00e9risateur et pression<\/td><td colspan=\"5\" class=\"column-2\">Alimentation par gravit\u00e9 : 1,2-1,5 mm 3-5 bars, Alimentation par siphon : 1,4-1,7 mm 3-5 bars<\/td>\n<\/tr>\n<tr class=\"row-9\">\n\t<td rowspan=\"3\" class=\"column-1\">Temps de s\u00e9chage<\/td><td class=\"column-2\">Temp\u00e9rature<\/td><td class=\"column-3\">Temps de poussi\u00e8re<\/td><td class=\"column-4\">Sans clous<\/td><td class=\"column-5\">Sec \u00e0 manipuler<\/td><td class=\"column-6\">Bien sec<\/td>\n<\/tr>\n<tr class=\"row-10\">\n\t<td class=\"column-2\">25\u2103<\/td><td class=\"column-3\">40 minutes<\/td><td class=\"column-4\">2-3 heures<\/td><td class=\"column-5\">10 heures<\/td><td class=\"column-6\">48 heures<\/td>\n<\/tr>\n<tr class=\"row-11\">\n\t<td class=\"column-2\">70\u2103<\/td><td class=\"column-3\">5 minutes<\/td><td class=\"column-4\">15 minutes<\/td><td class=\"column-5\">30 minutes<\/td><td class=\"column-6\">60 minutes<\/td>\n<\/tr>\n<tr class=\"row-12\">\n\t<td rowspan=\"4\" class=\"column-1\">Taux de m\u00e9lange<\/td><td colspan=\"2\" class=\"column-2\"><18\u2103<\/td><td colspan=\"2\" class=\"column-4\">18-24\u2103<\/td><td class=\"column-6\"><\/td>\n<\/tr>\n<tr class=\"row-13\">\n\t<td class=\"column-2\">Couche transparente<\/td><td class=\"column-3\">100 pi\u00e8ces<\/td><td colspan=\"2\" class=\"column-4\">Couche transparente<\/td><td class=\"column-6\">100 pi\u00e8ces<\/td>\n<\/tr>\n<tr class=\"row-14\">\n\t<td class=\"column-2\">Durcisseur rapide<\/td><td class=\"column-3\">50 pi\u00e8ces<\/td><td colspan=\"2\" class=\"column-4\">Durcisseur standard<\/td><td class=\"column-6\">50 pi\u00e8ces<\/td>\n<\/tr>\n<tr class=\"row-15\">\n\t<td class=\"column-2\">Plus mince<\/td><td class=\"column-3\">10-30 pi\u00e8ces<\/td><td colspan=\"2\" class=\"column-4\">Plus mince<\/td><td class=\"column-6\">10-30 pi\u00e8ces<\/td>\n<\/tr>\n<tr class=\"row-16\">\n\t<td rowspan=\"4\" class=\"column-1\">Taux de m\u00e9lange<\/td><td colspan=\"2\" class=\"column-2\">25-30\u2103<\/td><td colspan=\"3\" class=\"column-4\">>30\u2103<\/td>\n<\/tr>\n<tr class=\"row-17\">\n\t<td class=\"column-2\">Couche transparente<\/td><td class=\"column-3\">100 pi\u00e8ces<\/td><td colspan=\"2\" class=\"column-4\">Couche transparente<\/td><td class=\"column-6\">100 pi\u00e8ces<\/td>\n<\/tr>\n<tr class=\"row-18\">\n\t<td class=\"column-2\">Durcisseur standard<\/td><td class=\"column-3\">50 pi\u00e8ces<\/td><td colspan=\"2\" class=\"column-4\">Durcisseur lent<\/td><td class=\"column-6\">50 pi\u00e8ces<\/td>\n<\/tr>\n<tr class=\"row-19\">\n\t<td class=\"column-2\">Plus mince<\/td><td class=\"column-3\">10-30 pi\u00e8ces<\/td><td colspan=\"2\" class=\"column-4\">Plus mince<\/td><td class=\"column-6\">10-30 pi\u00e8ces<\/td>\n<\/tr>\n<tr class=\"row-20\">\n\t<td class=\"column-1\">Dur\u00e9e de conservation<\/td><td colspan=\"5\" class=\"column-2\">2 years in original sealed can at cool and dry place at 20\u2103<\/td>\n<\/tr>\n<tr class=\"row-21\">\n\t<td class=\"column-1\">Emballage<\/td><td colspan=\"5\" class=\"column-2\">1L, 4L<\/td>\n<\/tr>\n<\/tbody>\n<\/table>\n<!-- #tablepress-4 from cache --><\/div>\n<div class=\"magic-8\">\n<div class=\"magic-9\">\n<div><\/div>\n<\/div>\n<\/div>\n<div>\n<p>&nbsp;<\/p>\n<p><img decoding=\"async\" class=\"aligncenter size-full wp-image-609\" src=\"https:\/\/www.supersybon.com\/fr\/wp-content\/uploads\/2022\/09\/1664242163-HK820-Automobile-Clear-Coat-Automotive-Paint-Clear-Coat-Car-Paint-Clear-Coat.jpg\" alt=\"\" width=\"900\" height=\"1235\" srcset=\"https:\/\/www.supersybon.com\/fr\/wp-content\/uploads\/2022\/09\/1664242163-HK820-Automobile-Clear-Coat-Automotive-Paint-Clear-Coat-Car-Paint-Clear-Coat.jpg 900w, https:\/\/www.supersybon.com\/fr\/wp-content\/uploads\/2022\/09\/1664242163-HK820-Automobile-Clear-Coat-Automotive-Paint-Clear-Coat-Car-Paint-Clear-Coat-480x659.jpg 480w\" sizes=\"(min-width: 0px) and (max-width: 480px) 480px, (min-width: 481px) 900px, 100vw\" \/><\/p>\n<p><strong>Bon retour<\/strong><\/p>\n<hr \/>\n<p>&nbsp;<\/p>\n<\/div>\n<p><img decoding=\"async\" class=\"aligncenter size-full wp-image-3586\" src=\"https:\/\/www.supersybon.com\/fr\/wp-content\/uploads\/2023\/08\/1691047591-HK820-Automotive-Lacquer-Clear-Coat-Car-Paint-Clear-Varnish.webp\" alt=\"\" width=\"900\" height=\"2383\" srcset=\"https:\/\/www.supersybon.com\/fr\/wp-content\/uploads\/2023\/08\/1691047591-HK820-Automotive-Lacquer-Clear-Coat-Car-Paint-Clear-Varnish.webp 900w, https:\/\/www.supersybon.com\/fr\/wp-content\/uploads\/2023\/08\/1691047591-HK820-Automotive-Lacquer-Clear-Coat-Car-Paint-Clear-Varnish-480x1271.webp 480w\" sizes=\"(min-width: 0px) and (max-width: 480px) 480px, (min-width: 481px) 900px, 100vw\" \/><\/p>\n<p><strong>Emballage et service du produit<\/strong><\/p>\n<hr \/>\n<p><strong>EMBALLER :<\/strong><\/p>\n<p>1L*12 bo\u00eetes\/carton, 4L*4 bo\u00eetes\/carton<\/p>\n<p><img decoding=\"async\" class=\"aligncenter size-full wp-image-610\" src=\"https:\/\/www.supersybon.com\/fr\/wp-content\/uploads\/2022\/09\/1664242566-HK820-High-Gloss-Clear-Coat-Set-Automobile-Paint-Varnish.jpg\" alt=\"\" width=\"900\" height=\"316\" srcset=\"https:\/\/www.supersybon.com\/fr\/wp-content\/uploads\/2022\/09\/1664242566-HK820-High-Gloss-Clear-Coat-Set-Automobile-Paint-Varnish.jpg 900w, https:\/\/www.supersybon.com\/fr\/wp-content\/uploads\/2022\/09\/1664242566-HK820-High-Gloss-Clear-Coat-Set-Automobile-Paint-Varnish-480x169.jpg 480w\" sizes=\"(min-width: 0px) and (max-width: 480px) 480px, (min-width: 481px) 900px, 100vw\" \/><\/p>\n<p><strong>NOTRE SERVICE:<\/strong><\/p>\n<p>1.24 heures en ligne<\/p>\n<p>2. Prix comp\u00e9titif<\/p>\n<p>3. Excellents commentaires du client<\/p>\n<p>4. Commande en ligne s\u00e9curis\u00e9e<\/p>\n<p>5. livraison rapide<\/p>\n<p>6. support technique professionnel<\/p>\n<p><img decoding=\"async\" class=\"aligncenter size-full wp-image-322\" src=\"https:\/\/www.supersybon.com\/fr\/wp-content\/uploads\/2022\/09\/1663401145-Automotive-Paint-Good-Feedback-Manufacturer-China.jpg\" alt=\"\" width=\"750\" height=\"750\" srcset=\"https:\/\/www.supersybon.com\/fr\/wp-content\/uploads\/2022\/09\/1663401145-Automotive-Paint-Good-Feedback-Manufacturer-China.jpg 750w, https:\/\/www.supersybon.com\/fr\/wp-content\/uploads\/2022\/09\/1663401145-Automotive-Paint-Good-Feedback-Manufacturer-China-480x480.jpg 480w\" sizes=\"(min-width: 0px) and (max-width: 480px) 480px, (min-width: 481px) 750px, 100vw\" \/><\/p>\n<p><strong>Profil de l'entreprise<\/strong><\/p>\n<hr \/>\n<p>&nbsp;<\/p>\n<p><img decoding=\"async\" class=\"aligncenter size-full wp-image-324\" src=\"https:\/\/www.supersybon.com\/fr\/wp-content\/uploads\/2022\/09\/1663401769-Car-Paint-Supplier-Company-Profile-Manufacturer-China.jpg\" alt=\"\" width=\"900\" height=\"958\" srcset=\"https:\/\/www.supersybon.com\/fr\/wp-content\/uploads\/2022\/09\/1663401769-Car-Paint-Supplier-Company-Profile-Manufacturer-China.jpg 900w, https:\/\/www.supersybon.com\/fr\/wp-content\/uploads\/2022\/09\/1663401769-Car-Paint-Supplier-Company-Profile-Manufacturer-China-480x511.jpg 480w\" sizes=\"(min-width: 0px) and (max-width: 480px) 480px, (min-width: 481px) 900px, 100vw\" \/><\/p>\n<p><strong>FAQ<\/strong><\/p>\n<hr \/>\n<p><strong>Q\u00a0:\u00a0Quel est votre MOQ\u00a0?<\/strong><\/p>\n<p>R : Notre MOQ est de 300 litres.<\/p>\n<p><strong>Q\u00a0:\u00a0\u00cates-vous une entreprise de fabrication\u00a0?<\/strong><\/p>\n<p>R : Nous sommes un fabricant professionnel et nous avons notre propre usine.<\/p>\n<p><strong>Q : Pouvons-nous visiter votre usine ?<\/strong><\/p>\n<p>R : Oui. Vous \u00eates les bienvenus dans notre usine.<\/p>\n<p><strong>Q\u00a0:\u00a0Qu\u2019en est-il de votre paiement\u00a0?<\/strong><\/p>\n<p>R : d\u00e9p\u00f4t de 50% \u00e0 l'avance, solde de 50% par T\/T, L\/C, paypal, Western Union ou bien avant exp\u00e9dition.<\/p>\n<p><strong>Q : Fournissez-vous des \u00e9chantillons ?<\/strong><\/p>\n<p>R : Oui, nous pouvons vous fournir des \u00e9chantillons gratuits, il vous suffit de payer le fret.<\/p>\n<p><strong>Q : Qu'en est-il de votre d\u00e9lai de livraison ?<\/strong><\/p>\n<p>R\u00a0:\u00a0Habituellement 15 jours apr\u00e8s r\u00e9ception de votre d\u00e9p\u00f4t.<\/p>\n","protected":false},"excerpt":{"rendered":"<p>Haute brillance et tr\u00e8s brillant<br \/>\nHaute qualit\u00e9 et \u00e9conomique<br \/>\nR\u00e9sistant au jaune et facile \u00e0 appliquer<\/p>\n","protected":false},"featured_media":613,"template":"","meta":{"_et_pb_use_builder":"","_et_pb_old_content":"","_et_gb_content_width":""},"product_brand":[],"product_cat":[76,81],"product_tag":[678,677],"class_list":{"0":"post-604","1":"product","2":"type-product","3":"status-publish","4":"has-post-thumbnail","6":"product_cat-serie-de-peinture-automobile","7":"product_cat-couche-transparente-vernis","8":"product_tag-vernis-de-peinture-de-finition-automatique","9":"product_tag-vernis-transparent-effet-miroir","11":"first","12":"instock","13":"shipping-taxable","14":"product-type-simple"},"_links":{"self":[{"href":"https:\/\/www.supersybon.com\/fr\/wp-json\/wp\/v2\/product\/604","targetHints":{"allow":["GET"]}}],"collection":[{"href":"https:\/\/www.supersybon.com\/fr\/wp-json\/wp\/v2\/product"}],"about":[{"href":"https:\/\/www.supersybon.com\/fr\/wp-json\/wp\/v2\/types\/product"}],"wp:featuredmedia":[{"embeddable":true,"href":"https:\/\/www.supersybon.com\/fr\/wp-json\/wp\/v2\/media\/613"}],"wp:attachment":[{"href":"https:\/\/www.supersybon.com\/fr\/wp-json\/wp\/v2\/media?parent=604"}],"wp:term":[{"taxonomy":"product_brand","embeddable":true,"href":"https:\/\/www.supersybon.com\/fr\/wp-json\/wp\/v2\/product_brand?post=604"},{"taxonomy":"product_cat","embeddable":true,"href":"https:\/\/www.supersybon.com\/fr\/wp-json\/wp\/v2\/product_cat?post=604"},{"taxonomy":"product_tag","embeddable":true,"href":"https:\/\/www.supersybon.com\/fr\/wp-json\/wp\/v2\/product_tag?post=604"}],"curies":[{"name":"wp","href":"https:\/\/api.w.org\/{rel}","templated":true}]}}