{"id":4772,"date":"2026-04-03T09:48:18","date_gmt":"2026-04-03T01:48:18","guid":{"rendered":"https:\/\/www.supersybon.com\/fr\/?post_type=product&#038;p=4772"},"modified":"2026-04-03T10:01:49","modified_gmt":"2026-04-03T02:01:49","slug":"hk018-mastic-aluminium-haute-resistance-pour-reparations-automobiles-et-industrielles-sur-metaux-et-aluminium","status":"publish","type":"product","link":"https:\/\/www.supersybon.com\/fr\/product\/hk018-mastic-aluminium-haute-resistance-pour-reparations-automobiles-et-industrielles-sur-metaux-et-aluminium","title":{"rendered":"HK018 Mastic aluminium haute r\u00e9sistance pour r\u00e9parations automobiles et industrielles sur m\u00e9taux et aluminium"},"content":{"rendered":"<p><iframe title=\"SYBON\u2019s Aluminum Putty is a professional-grade reinforced filler for high-strength metal repairs.\" width=\"1080\" height=\"608\" src=\"https:\/\/www.youtube.com\/embed\/srGhlmtWHAE?feature=oembed\"  allow=\"accelerometer; autoplay; clipboard-write; encrypted-media; gyroscope; picture-in-picture; web-share\" referrerpolicy=\"strict-origin-when-cross-origin\" allowfullscreen><\/iframe><\/p>\n<p><img decoding=\"async\" class=\"aligncenter size-full wp-image-4774\" src=\"https:\/\/www.supersybon.com\/fr\/wp-content\/uploads\/2026\/04\/1775180963-Automotive-Wheel-Hub-Aluminum-Repair-Putty-Compound-Body-Filler.jpg\" alt=\"P\u00e2te de r\u00e9paration pour moyeu de roue en aluminium, mastic de carrosserie\" width=\"750\" height=\"302\" srcset=\"https:\/\/www.supersybon.com\/fr\/wp-content\/uploads\/2026\/04\/1775180963-Automotive-Wheel-Hub-Aluminum-Repair-Putty-Compound-Body-Filler.jpg 750w, https:\/\/www.supersybon.com\/fr\/wp-content\/uploads\/2026\/04\/1775180963-Automotive-Wheel-Hub-Aluminum-Repair-Putty-Compound-Body-Filler-480x193.jpg 480w\" sizes=\"(min-width: 0px) and (max-width: 480px) 480px, (min-width: 481px) 750px, 100vw\" \/><\/p>\n<p>&nbsp;<\/p>\n<h2><strong><span dir=\"auto\">\u00c0 propos du mastic aluminium HK018<\/span><\/strong><\/h2>\n<p><span dir=\"auto\">Le mastic aluminium est un enduit de remplissage renforc\u00e9 de qualit\u00e9 professionnelle, con\u00e7u pour les r\u00e9parations de m\u00e9taux haute r\u00e9sistance. Utilis\u00e9 en restauration automobile, en maintenance de machines ou dans des applications industrielles, il garantit une adh\u00e9rence maximale, une r\u00e9sistance \u00e0 la corrosion et une finition lisse pour la peinture.<\/span><\/p>\n<p><strong><span dir=\"auto\">Fonctionnalit\u00e9:<\/span><\/strong><\/p>\n<p><span dir=\"auto\">1. Forte adh\u00e9rence \u2013 Adh\u00e8re \u00e0 l'aluminium, au m\u00e9tal et aux surfaces industrielles.<\/span><br \/>\n<span dir=\"auto\">2. R\u00e9sistance \u00e0 la chaleur et aux chocs \u2013 Id\u00e9al pour les environnements \u00e0 haute temp\u00e9rature.<\/span><br \/>\n<span dir=\"auto\">3. Application facile et lisse \u2013 S'\u00e9tale sans effort pour une finition parfaite.<\/span><br \/>\n<span dir=\"auto\">4. Retrait et fissuration minimaux \u2013 Garantit la durabilit\u00e9 des r\u00e9parations.<\/span><br \/>\n<span dir=\"auto\">5. Utilisation polyvalente \u2013 Convient aux applications automobiles, marines et industrielles.<\/span><\/p>\n<p><img decoding=\"async\" class=\"aligncenter size-full wp-image-4777\" src=\"https:\/\/www.supersybon.com\/fr\/wp-content\/uploads\/2026\/04\/1775180969-Factory-Wholesale-Aluminum-Reinforced-Automotive-Putty-Metal-Gray-Wheel-Hub-Repair-Body-Filler.jpg\" alt=\"Mastic automobile renforc\u00e9 en aluminium, gris m\u00e9tal, pour r\u00e9paration de moyeux de roues et de carrosserie (vente en gros).\" width=\"800\" height=\"800\" srcset=\"https:\/\/www.supersybon.com\/fr\/wp-content\/uploads\/2026\/04\/1775180969-Factory-Wholesale-Aluminum-Reinforced-Automotive-Putty-Metal-Gray-Wheel-Hub-Repair-Body-Filler.jpg 800w, https:\/\/www.supersybon.com\/fr\/wp-content\/uploads\/2026\/04\/1775180969-Factory-Wholesale-Aluminum-Reinforced-Automotive-Putty-Metal-Gray-Wheel-Hub-Repair-Body-Filler-480x480.jpg 480w\" sizes=\"(min-width: 0px) and (max-width: 480px) 480px, (min-width: 481px) 800px, 100vw\" \/> <img decoding=\"async\" class=\"aligncenter size-full wp-image-4776\" src=\"https:\/\/www.supersybon.com\/fr\/wp-content\/uploads\/2026\/04\/1775180967-Factory-Direct-Aluminum-Putty-Metal-Working-Wheel-Hub-Repair-Filler-Wholesale-Price.jpg\" alt=\"Mastic aluminium direct usine pour le travail du m\u00e9tal et la r\u00e9paration des moyeux de roues - Prix de gros\" width=\"800\" height=\"800\" srcset=\"https:\/\/www.supersybon.com\/fr\/wp-content\/uploads\/2026\/04\/1775180967-Factory-Direct-Aluminum-Putty-Metal-Working-Wheel-Hub-Repair-Filler-Wholesale-Price.jpg 800w, https:\/\/www.supersybon.com\/fr\/wp-content\/uploads\/2026\/04\/1775180967-Factory-Direct-Aluminum-Putty-Metal-Working-Wheel-Hub-Repair-Filler-Wholesale-Price-480x480.jpg 480w\" sizes=\"(min-width: 0px) and (max-width: 480px) 480px, (min-width: 481px) 800px, 100vw\" \/> <img decoding=\"async\" class=\"aligncenter size-full wp-image-4773\" src=\"https:\/\/www.supersybon.com\/fr\/wp-content\/uploads\/2026\/04\/1775180959-Aluminum-Putty-High-Adhesion-Corrosion-Resistance-Metal-Filler.jpg\" alt=\"HK018-Mastic aluminium haute adh\u00e9rence, r\u00e9sistant \u00e0 la corrosion, remplissage m\u00e9tallique\" width=\"800\" height=\"800\" srcset=\"https:\/\/www.supersybon.com\/fr\/wp-content\/uploads\/2026\/04\/1775180959-Aluminum-Putty-High-Adhesion-Corrosion-Resistance-Metal-Filler.jpg 800w, https:\/\/www.supersybon.com\/fr\/wp-content\/uploads\/2026\/04\/1775180959-Aluminum-Putty-High-Adhesion-Corrosion-Resistance-Metal-Filler-480x480.jpg 480w\" sizes=\"(min-width: 0px) and (max-width: 480px) 480px, (min-width: 481px) 800px, 100vw\" \/> <img decoding=\"async\" class=\"aligncenter size-full wp-image-4779\" src=\"https:\/\/www.supersybon.com\/fr\/wp-content\/uploads\/2026\/04\/1775180974-Metal-Gray-Aluminum-Reinforced-Wheel-Hub-Repair-Putty.jpg\" alt=\"P\u00e2te de r\u00e9paration pour moyeu de roue en aluminium renforc\u00e9 gris m\u00e9tal\" width=\"800\" height=\"800\" srcset=\"https:\/\/www.supersybon.com\/fr\/wp-content\/uploads\/2026\/04\/1775180974-Metal-Gray-Aluminum-Reinforced-Wheel-Hub-Repair-Putty.jpg 800w, https:\/\/www.supersybon.com\/fr\/wp-content\/uploads\/2026\/04\/1775180974-Metal-Gray-Aluminum-Reinforced-Wheel-Hub-Repair-Putty-480x480.jpg 480w\" sizes=\"(min-width: 0px) and (max-width: 480px) 480px, (min-width: 481px) 800px, 100vw\" \/><\/p>\n<p>&nbsp;<\/p>\n<div class=\"magic-13\">\n<div class=\"magic-14\">\n<div data-id=\"paragraph0\"><\/div>\n<\/div>\n<\/div>\n<p><strong>Emballage et service du produit<\/strong><\/p>\n<hr \/>\n<p><strong>EMBALLER:<\/strong><\/p>\n<p>2 kg * 8 bo\u00eetes \/ carton.<\/p>\n<p>&nbsp;<\/p>\n<p><strong>NOTRE SERVICE:<\/strong><\/p>\n<p>1.24 heures en ligne<\/p>\n<p>2. Prix comp\u00e9titif<\/p>\n<p>3. Excellents commentaires du client<\/p>\n<p>4. Commande en ligne s\u00e9curis\u00e9e<\/p>\n<p>5. livraison rapide<\/p>\n<p>6. support technique professionnel<\/p>\n<p>&nbsp;<\/p>\n<p><strong>Profil de l'entreprise<\/strong><\/p>\n<hr \/>\n<p>&nbsp;<\/p>\n<p><img decoding=\"async\" class=\"aligncenter size-full wp-image-324\" src=\"https:\/\/www.supersybon.com\/fr\/wp-content\/uploads\/2022\/09\/1663401769-Car-Paint-Supplier-Company-Profile-Manufacturer-China.jpg\" alt=\"\" width=\"900\" height=\"958\" srcset=\"https:\/\/www.supersybon.com\/fr\/wp-content\/uploads\/2022\/09\/1663401769-Car-Paint-Supplier-Company-Profile-Manufacturer-China.jpg 900w, https:\/\/www.supersybon.com\/fr\/wp-content\/uploads\/2022\/09\/1663401769-Car-Paint-Supplier-Company-Profile-Manufacturer-China-480x511.jpg 480w\" sizes=\"(min-width: 0px) and (max-width: 480px) 480px, (min-width: 481px) 900px, 100vw\" \/><\/p>\n<p><strong>FAQ<\/strong><\/p>\n<hr \/>\n<p><strong>Q\u00a0:\u00a0Quel est votre MOQ\u00a0?<\/strong><\/p>\n<p>R : Notre MOQ est de 1 carton.<\/p>\n<p><strong>Q\u00a0:\u00a0\u00cates-vous une entreprise de fabrication\u00a0?<\/strong><\/p>\n<p>R : Nous sommes un fabricant professionnel et nous avons notre propre usine.<\/p>\n<p><strong>Q : Pouvons-nous visiter votre usine ?<\/strong><\/p>\n<p>R : Oui. Vous \u00eates les bienvenus dans notre usine.<\/p>\n<p><strong>Q\u00a0:\u00a0Qu\u2019en est-il de votre paiement\u00a0?<\/strong><\/p>\n<p>R: d\u00e9p\u00f4t de 50% \u00e0 l'avance, solde de 50% par T\/T, L\/C, paypal, Western Union ou bien avant exp\u00e9dition.<\/p>\n<p><strong>Q : Fournissez-vous des \u00e9chantillons ?<\/strong><\/p>\n<p>R : Oui, nous pouvons vous fournir des \u00e9chantillons gratuits, il vous suffit de payer le fret.<\/p>\n<p><strong>Q : Qu'en est-il de votre d\u00e9lai de livraison ?<\/strong><\/p>\n<p>R\u00a0:\u00a0Habituellement 15 jours apr\u00e8s r\u00e9ception de votre d\u00e9p\u00f4t.<\/p>\n","protected":false},"excerpt":{"rendered":"<p><span dir=\"auto\">\u00c0 propos du mastic aluminium\u00a0:<\/span><br \/>\n<span dir=\"auto\">1. Fort pouvoir adh\u00e9sif.<\/span><br \/>\n<span dir=\"auto\">2. R\u00e9sistant \u00e0 la chaleur et aux chocs.<\/span><br \/>\n<span dir=\"auto\">3. Application facile et lisse.<\/span><br \/>\n<span dir=\"auto\">4. Retrait et fissuration minimes.<\/span><br \/>\n<span dir=\"auto\">5. Utilisation polyvalente.<\/span><\/p>\n","protected":false},"featured_media":4773,"template":"","meta":{"_et_pb_use_builder":"","_et_pb_old_content":"","_et_gb_content_width":""},"product_brand":[],"product_cat":[76,78],"product_tag":[1080],"class_list":{"0":"post-4772","1":"product","2":"type-product","3":"status-publish","4":"has-post-thumbnail","6":"product_cat-serie-de-peinture-automobile","7":"product_cat-appret-mastic","8":"product_tag-mastic-aluminium","10":"first","11":"instock","12":"shipping-taxable","13":"product-type-simple"},"_links":{"self":[{"href":"https:\/\/www.supersybon.com\/fr\/wp-json\/wp\/v2\/product\/4772","targetHints":{"allow":["GET"]}}],"collection":[{"href":"https:\/\/www.supersybon.com\/fr\/wp-json\/wp\/v2\/product"}],"about":[{"href":"https:\/\/www.supersybon.com\/fr\/wp-json\/wp\/v2\/types\/product"}],"wp:featuredmedia":[{"embeddable":true,"href":"https:\/\/www.supersybon.com\/fr\/wp-json\/wp\/v2\/media\/4773"}],"wp:attachment":[{"href":"https:\/\/www.supersybon.com\/fr\/wp-json\/wp\/v2\/media?parent=4772"}],"wp:term":[{"taxonomy":"product_brand","embeddable":true,"href":"https:\/\/www.supersybon.com\/fr\/wp-json\/wp\/v2\/product_brand?post=4772"},{"taxonomy":"product_cat","embeddable":true,"href":"https:\/\/www.supersybon.com\/fr\/wp-json\/wp\/v2\/product_cat?post=4772"},{"taxonomy":"product_tag","embeddable":true,"href":"https:\/\/www.supersybon.com\/fr\/wp-json\/wp\/v2\/product_tag?post=4772"}],"curies":[{"name":"wp","href":"https:\/\/api.w.org\/{rel}","templated":true}]}}