{"id":4751,"date":"2026-01-29T14:20:59","date_gmt":"2026-01-29T06:20:59","guid":{"rendered":"https:\/\/www.supersybon.com\/fr\/?post_type=product&#038;p=4751"},"modified":"2026-03-04T16:52:31","modified_gmt":"2026-03-04T08:52:31","slug":"hk707-mastic-de-remplissage-uv-monocomposant-haute-performance-a-durcissement-rapide-pour-la-reparation-automobile","status":"publish","type":"product","link":"https:\/\/www.supersybon.com\/fr\/product\/hk707-mastic-de-remplissage-uv-monocomposant-haute-performance-a-durcissement-rapide-pour-la-reparation-automobile","title":{"rendered":"HK707 Mastic de remplissage UV monocomposant , haute performance, \u00e0 durcissement rapide, pour la r\u00e9paration automobile"},"content":{"rendered":"<p><iframe title=\"HK707 UV Putty Filler UV Cure Body Filler\" width=\"1080\" height=\"608\" src=\"https:\/\/www.youtube.com\/embed\/IGZZ3aZZymc?feature=oembed\"  allow=\"accelerometer; autoplay; clipboard-write; encrypted-media; gyroscope; picture-in-picture; web-share\" referrerpolicy=\"strict-origin-when-cross-origin\" allowfullscreen><\/iframe><\/p>\n<p><img decoding=\"async\" class=\"aligncenter size-full wp-image-4769\" src=\"https:\/\/www.supersybon.com\/fr\/wp-content\/uploads\/2026\/01\/1772596239-Wholesale-Hot-Selling-1K-UV-Putty-Filler-Curing-High-Performance-Fast-Cure-for-Automotive-Refinishing.jpg\" alt=\"Mastic de remplissage UV 1K haute performance \u00e0 polym\u00e9risation rapide, en gros, pour la finition automobile\" width=\"750\" height=\"302\" srcset=\"https:\/\/www.supersybon.com\/fr\/wp-content\/uploads\/2026\/01\/1772596239-Wholesale-Hot-Selling-1K-UV-Putty-Filler-Curing-High-Performance-Fast-Cure-for-Automotive-Refinishing.jpg 750w, https:\/\/www.supersybon.com\/fr\/wp-content\/uploads\/2026\/01\/1772596239-Wholesale-Hot-Selling-1K-UV-Putty-Filler-Curing-High-Performance-Fast-Cure-for-Automotive-Refinishing-480x193.jpg 480w\" sizes=\"(min-width: 0px) and (max-width: 480px) 480px, (min-width: 481px) 750px, 100vw\" \/><\/p>\n<p>&nbsp;<\/p>\n<h2><strong>\u00c0 propos du mastic de remplissage UV 1K HK707<\/strong><\/h2>\n<p>Mastic de rebouchage universel monocomposant \u00e0 polym\u00e9risation UV, id\u00e9al pour la r\u00e9paration automobile et particuli\u00e8rement recommand\u00e9 pour les bosses, fissures, rayures et trous de rouille. Polym\u00e9risation UV compl\u00e8te et rapide en 30 secondes \u00e0 1-2 minutes, selon l'\u00e9paisseur appliqu\u00e9e. Excellente flexibilit\u00e9 et adh\u00e9rence.<\/p>\n<h3><strong>M\u00e9thode de candidature :<\/strong><\/h3>\n<p>1. Pr\u00e9paration du support : Nettoyer, d\u00e9graisser et poncer le support.<br \/>\n2. Application : Appliquer une fine couche \u00e0 la spatule.<br \/>\n3. S\u00e9chage : S\u00e9cher sous lampe UV pendant 30 secondes \u00e0 1-2 minutes (selon l\u2019\u00e9paisseur de la couche).<br \/>\n4. R\u00e9p\u00e9tition : Appliquer d\u2019autres fines couches si n\u00e9cessaire, en s\u00e9chant entre chaque application.<br \/>\n5. Finition : Poncer apr\u00e8s le s\u00e9chage final (grain P150 \u00e0 P240), puis appliquer une sous-couche\/peinture.<\/p>\n<p><img decoding=\"async\" class=\"aligncenter size-full wp-image-4768\" src=\"https:\/\/www.supersybon.com\/fr\/wp-content\/uploads\/2026\/01\/1772596234-High-Performance-1K-UV-Putty-Filler-Fast-UV-Curing-Process-for-Professional-Automotive-Refinishing.jpg\" alt=\"Mastic de remplissage UV monocomposant haute performance, polym\u00e9risation UV rapide, pour la finition automobile professionnelle\" width=\"800\" height=\"800\" srcset=\"https:\/\/www.supersybon.com\/fr\/wp-content\/uploads\/2026\/01\/1772596234-High-Performance-1K-UV-Putty-Filler-Fast-UV-Curing-Process-for-Professional-Automotive-Refinishing.jpg 800w, https:\/\/www.supersybon.com\/fr\/wp-content\/uploads\/2026\/01\/1772596234-High-Performance-1K-UV-Putty-Filler-Fast-UV-Curing-Process-for-Professional-Automotive-Refinishing-480x480.jpg 480w\" sizes=\"(min-width: 0px) and (max-width: 480px) 480px, (min-width: 481px) 800px, 100vw\" \/> <img decoding=\"async\" class=\"aligncenter size-full wp-image-4764\" src=\"https:\/\/www.supersybon.com\/fr\/wp-content\/uploads\/2026\/01\/1772596212-Bulk-Supply-1K-UV-Curable-Filler-Putty-Hot-Selling-Fast-UV-Curing-Putty-for-Automotive-Refinishing.jpg\" alt=\"Mastic de remplissage monocomposant \u00e0 polym\u00e9risation UV en vrac - Produit phare - Polym\u00e9risation UV rapide - Id\u00e9al pour la r\u00e9novation automobile\" width=\"800\" height=\"800\" srcset=\"https:\/\/www.supersybon.com\/fr\/wp-content\/uploads\/2026\/01\/1772596212-Bulk-Supply-1K-UV-Curable-Filler-Putty-Hot-Selling-Fast-UV-Curing-Putty-for-Automotive-Refinishing.jpg 800w, https:\/\/www.supersybon.com\/fr\/wp-content\/uploads\/2026\/01\/1772596212-Bulk-Supply-1K-UV-Curable-Filler-Putty-Hot-Selling-Fast-UV-Curing-Putty-for-Automotive-Refinishing-480x480.jpg 480w\" sizes=\"(min-width: 0px) and (max-width: 480px) 480px, (min-width: 481px) 800px, 100vw\" \/> <img decoding=\"async\" class=\"aligncenter size-full wp-image-4766\" src=\"https:\/\/www.supersybon.com\/fr\/wp-content\/uploads\/2026\/01\/1772596225-Chinese-Factory-Direct-Wholesale-1K-UV-Putty-Filler-High-Performance-Fast-Curing-for-Automotive-Refinishing.jpg\" alt=\"Mastic de rebouchage UV 1K haute performance \u00e0 s\u00e9chage rapide, directement d'usine chinoise, pour la r\u00e9paration automobile\" width=\"800\" height=\"800\" srcset=\"https:\/\/www.supersybon.com\/fr\/wp-content\/uploads\/2026\/01\/1772596225-Chinese-Factory-Direct-Wholesale-1K-UV-Putty-Filler-High-Performance-Fast-Curing-for-Automotive-Refinishing.jpg 800w, https:\/\/www.supersybon.com\/fr\/wp-content\/uploads\/2026\/01\/1772596225-Chinese-Factory-Direct-Wholesale-1K-UV-Putty-Filler-High-Performance-Fast-Curing-for-Automotive-Refinishing-480x480.jpg 480w\" sizes=\"(min-width: 0px) and (max-width: 480px) 480px, (min-width: 481px) 800px, 100vw\" \/><\/p>\n<p><img decoding=\"async\" class=\"aligncenter size-full wp-image-4753\" src=\"https:\/\/www.supersybon.com\/fr\/wp-content\/uploads\/2026\/01\/1769667890-Mastic-de-remplissage-monocomposant-a-polymerisation-UV-a-prise-rapide-et-haute-adherence-ideal-pour-les-travaux-de-finition-automobile.jpg\" alt=\"Mastic-de-remplissage-monocomposant-\u00e0-polym\u00e9risation-UV-\u00e0-prise-rapide-et-haute-adh\u00e9rence-id\u00e9al-pour-les-travaux-de-finition-automobile\" width=\"800\" height=\"400\" srcset=\"https:\/\/www.supersybon.com\/fr\/wp-content\/uploads\/2026\/01\/1769667890-Mastic-de-remplissage-monocomposant-a-polymerisation-UV-a-prise-rapide-et-haute-adherence-ideal-pour-les-travaux-de-finition-automobile.jpg 800w, https:\/\/www.supersybon.com\/fr\/wp-content\/uploads\/2026\/01\/1769667890-Mastic-de-remplissage-monocomposant-a-polymerisation-UV-a-prise-rapide-et-haute-adherence-ideal-pour-les-travaux-de-finition-automobile-480x240.jpg 480w\" sizes=\"(min-width: 0px) and (max-width: 480px) 480px, (min-width: 481px) 800px, 100vw\" \/><\/p>\n<div class=\"magic-13\">\n<div class=\"magic-14\">\n<div data-id=\"paragraph0\"><\/div>\n<\/div>\n<\/div>\n<p><strong>Emballage et service du produit<\/strong><\/p>\n<hr \/>\n<p><strong>EMBALLER:<\/strong><\/p>\n<p>12 bo\u00eetes \/ carton.<\/p>\n<p>&nbsp;<\/p>\n<p><strong>NOTRE SERVICE:<\/strong><\/p>\n<p>1.24 heures en ligne<\/p>\n<p>2. Prix comp\u00e9titif<\/p>\n<p>3. Excellents commentaires du client<\/p>\n<p>4. Commande en ligne s\u00e9curis\u00e9e<\/p>\n<p>5. livraison rapide<\/p>\n<p>6. support technique professionnel<\/p>\n<p>&nbsp;<\/p>\n<p><strong>Profil de l'entreprise<\/strong><\/p>\n<hr \/>\n<p>&nbsp;<\/p>\n<p><img decoding=\"async\" class=\"aligncenter size-full wp-image-324\" src=\"https:\/\/www.supersybon.com\/fr\/wp-content\/uploads\/2022\/09\/1663401769-Car-Paint-Supplier-Company-Profile-Manufacturer-China.jpg\" alt=\"\" width=\"900\" height=\"958\" srcset=\"https:\/\/www.supersybon.com\/fr\/wp-content\/uploads\/2022\/09\/1663401769-Car-Paint-Supplier-Company-Profile-Manufacturer-China.jpg 900w, https:\/\/www.supersybon.com\/fr\/wp-content\/uploads\/2022\/09\/1663401769-Car-Paint-Supplier-Company-Profile-Manufacturer-China-480x511.jpg 480w\" sizes=\"(min-width: 0px) and (max-width: 480px) 480px, (min-width: 481px) 900px, 100vw\" \/><\/p>\n<p><strong>FAQ<\/strong><\/p>\n<hr \/>\n<p><strong>Q\u00a0:\u00a0Quel est votre MOQ\u00a0?<\/strong><\/p>\n<p>R : Notre MOQ est de 240 kilogrammes.<\/p>\n<p><strong>Q\u00a0:\u00a0\u00cates-vous une entreprise de fabrication\u00a0?<\/strong><\/p>\n<p>R : Nous sommes un fabricant professionnel et nous avons notre propre usine.<\/p>\n<p><strong>Q : Pouvons-nous visiter votre usine ?<\/strong><\/p>\n<p>R : Oui. Vous \u00eates les bienvenus dans notre usine.<\/p>\n<p><strong>Q\u00a0:\u00a0Qu\u2019en est-il de votre paiement\u00a0?<\/strong><\/p>\n<p>R: d\u00e9p\u00f4t de 50% \u00e0 l'avance, solde de 50% par T\/T, L\/C, paypal, Western Union ou bien avant exp\u00e9dition.<\/p>\n<p><strong>Q : Fournissez-vous des \u00e9chantillons ?<\/strong><\/p>\n<p>R : Oui, nous pouvons vous fournir des \u00e9chantillons gratuits, il vous suffit de payer le fret.<\/p>\n<p><strong>Q : Qu'en est-il de votre d\u00e9lai de livraison ?<\/strong><\/p>\n<p>R\u00a0:\u00a0Habituellement 15 jours apr\u00e8s r\u00e9ception de votre d\u00e9p\u00f4t.<\/p>\n","protected":false},"excerpt":{"rendered":"<p><span dir=\"auto\">\u00c0 propos du mastic de remplissage UV 1K :<\/span><br \/>\n<span dir=\"auto\">Mastic de rebouchage universel 1K polym\u00e9risable aux UV, utilis\u00e9 pour la r\u00e9paration automobile et particuli\u00e8rement recommand\u00e9 pour les bosses, fissures, rayures et trous de rouille. Polym\u00e9risation UV compl\u00e8te et rapide en 30 secondes \u00e0 1-2 minutes, selon l'\u00e9paisseur appliqu\u00e9e. Excellente flexibilit\u00e9 et adh\u00e9rence.<\/span><\/p>\n","protected":false},"featured_media":4765,"template":"","meta":{"_et_pb_use_builder":"","_et_pb_old_content":"","_et_gb_content_width":""},"product_brand":[],"product_cat":[76,78],"product_tag":[1079],"class_list":{"0":"post-4751","1":"product","2":"type-product","3":"status-publish","4":"has-post-thumbnail","6":"product_cat-serie-de-peinture-automobile","7":"product_cat-appret-mastic","8":"product_tag-mastic-de-remplissage-uv","10":"first","11":"instock","12":"shipping-taxable","13":"product-type-simple"},"_links":{"self":[{"href":"https:\/\/www.supersybon.com\/fr\/wp-json\/wp\/v2\/product\/4751","targetHints":{"allow":["GET"]}}],"collection":[{"href":"https:\/\/www.supersybon.com\/fr\/wp-json\/wp\/v2\/product"}],"about":[{"href":"https:\/\/www.supersybon.com\/fr\/wp-json\/wp\/v2\/types\/product"}],"wp:featuredmedia":[{"embeddable":true,"href":"https:\/\/www.supersybon.com\/fr\/wp-json\/wp\/v2\/media\/4765"}],"wp:attachment":[{"href":"https:\/\/www.supersybon.com\/fr\/wp-json\/wp\/v2\/media?parent=4751"}],"wp:term":[{"taxonomy":"product_brand","embeddable":true,"href":"https:\/\/www.supersybon.com\/fr\/wp-json\/wp\/v2\/product_brand?post=4751"},{"taxonomy":"product_cat","embeddable":true,"href":"https:\/\/www.supersybon.com\/fr\/wp-json\/wp\/v2\/product_cat?post=4751"},{"taxonomy":"product_tag","embeddable":true,"href":"https:\/\/www.supersybon.com\/fr\/wp-json\/wp\/v2\/product_tag?post=4751"}],"curies":[{"name":"wp","href":"https:\/\/api.w.org\/{rel}","templated":true}]}}