{"id":4742,"date":"2026-01-29T14:09:11","date_gmt":"2026-01-29T06:09:11","guid":{"rendered":"https:\/\/www.supersybon.com\/fr\/?post_type=product&#038;p=4742"},"modified":"2026-01-29T14:20:19","modified_gmt":"2026-01-29T06:20:19","slug":"hk705-appret-uv-monocomposant-a-polymerisation-ultraviolette-pour-lautomobile","status":"publish","type":"product","link":"https:\/\/www.supersybon.com\/fr\/product\/hk705-appret-uv-monocomposant-a-polymerisation-ultraviolette-pour-lautomobile","title":{"rendered":"HK705 Appr\u00eat UV monocomposant \u00e0 polym\u00e9risation ultraviolette pour l'automobile"},"content":{"rendered":"<p><iframe title=\"Introducing SYBON\u2019s 1K UV Primer!\" width=\"1080\" height=\"608\" src=\"https:\/\/www.youtube.com\/embed\/-9wmSG-ACDw?feature=oembed\"  allow=\"accelerometer; autoplay; clipboard-write; encrypted-media; gyroscope; picture-in-picture; web-share\" referrerpolicy=\"strict-origin-when-cross-origin\" allowfullscreen><\/iframe><\/p>\n<p><img decoding=\"async\" class=\"aligncenter size-full wp-image-4750\" src=\"https:\/\/www.supersybon.com\/fr\/wp-content\/uploads\/2026\/01\/1769667196-Ultraviolet-UV-Cured-Primer-1K-Superior-Adhesion-Bonds-Effectively-to-Various-Substrates-for-a-Durable-Finish.jpg\" alt=\"Appr\u00eat-monocomposant-\u00e0-polym\u00e9risation-UV\u00a0:-adh\u00e9rence-sup\u00e9rieure-se-lie-efficacement-\u00e0-divers-supports-pour-une-finition-durable.\n\" width=\"750\" height=\"302\" srcset=\"https:\/\/www.supersybon.com\/fr\/wp-content\/uploads\/2026\/01\/1769667196-Ultraviolet-UV-Cured-Primer-1K-Superior-Adhesion-Bonds-Effectively-to-Various-Substrates-for-a-Durable-Finish.jpg 750w, https:\/\/www.supersybon.com\/fr\/wp-content\/uploads\/2026\/01\/1769667196-Ultraviolet-UV-Cured-Primer-1K-Superior-Adhesion-Bonds-Effectively-to-Various-Substrates-for-a-Durable-Finish-480x193.jpg 480w\" sizes=\"(min-width: 0px) and (max-width: 480px) 480px, (min-width: 481px) 750px, 100vw\" \/><\/p>\n<p>&nbsp;<\/p>\n<h2><strong>\u00c0 propos de l'appr\u00eat UV HK705 : Appr\u00eat monocomposant \u00e0 polym\u00e9risation ultraviolette pour l'automobile<\/strong><\/h2>\n<p>L'appr\u00eat UV SYBON est un appr\u00eat haute performance \u00e0 s\u00e9chage rapide, con\u00e7u pour une efficacit\u00e9 maximale en peinture automobile. Gr\u00e2ce \u00e0 sa technologie de polym\u00e9risation UV avanc\u00e9e, il s\u00e8che instantan\u00e9ment sous la lumi\u00e8re UV, r\u00e9duisant consid\u00e9rablement les temps de r\u00e9paration. Cet appr\u00eat offre une excellente adh\u00e9rence, une surface lisse et durable, ainsi que des propri\u00e9t\u00e9s de pon\u00e7age sup\u00e9rieures, garantissant une base impeccable pour l'application de la couche de finition.<\/p>\n<p><img decoding=\"async\" class=\"aligncenter size-full wp-image-4745\" src=\"https:\/\/www.supersybon.com\/fr\/wp-content\/uploads\/2026\/01\/1769667186-1K-UV-Primer-Has-a-Rapid-Cure-With-UV-Lamp-One-Component-Primer-Filler-No-Mixing-With-Other-Products-Necessary.jpg\" alt=\"L'appr\u00eat-UV-1K-s\u00e8che-rapidement-sous-lampe-UV.-Appr\u00eat-remplissage-monocomposant.-Aucun-m\u00e9lange-avec-d'autres-produits-n'est-n\u00e9cessaire.\n\" width=\"800\" height=\"800\" srcset=\"https:\/\/www.supersybon.com\/fr\/wp-content\/uploads\/2026\/01\/1769667186-1K-UV-Primer-Has-a-Rapid-Cure-With-UV-Lamp-One-Component-Primer-Filler-No-Mixing-With-Other-Products-Necessary.jpg 800w, https:\/\/www.supersybon.com\/fr\/wp-content\/uploads\/2026\/01\/1769667186-1K-UV-Primer-Has-a-Rapid-Cure-With-UV-Lamp-One-Component-Primer-Filler-No-Mixing-With-Other-Products-Necessary-480x480.jpg 480w\" sizes=\"(min-width: 0px) and (max-width: 480px) 480px, (min-width: 481px) 800px, 100vw\" \/> <img decoding=\"async\" class=\"aligncenter size-full wp-image-4746\" src=\"https:\/\/www.supersybon.com\/fr\/wp-content\/uploads\/2026\/01\/1769667187-1K-UV-Primer-Highly-Efficient-High-yield-and-Fast-drying-Semi-transparent-Very-Fast-Curing-Process.jpg\" alt=\"Primaire-UV-1K-haute-efficacit\u00e9-rendement-\u00e9lev\u00e9-s\u00e9chage-rapide-semi-transparent-durcissement-ultra-rapide\n\" width=\"800\" height=\"800\" srcset=\"https:\/\/www.supersybon.com\/fr\/wp-content\/uploads\/2026\/01\/1769667187-1K-UV-Primer-Highly-Efficient-High-yield-and-Fast-drying-Semi-transparent-Very-Fast-Curing-Process.jpg 800w, https:\/\/www.supersybon.com\/fr\/wp-content\/uploads\/2026\/01\/1769667187-1K-UV-Primer-Highly-Efficient-High-yield-and-Fast-drying-Semi-transparent-Very-Fast-Curing-Process-480x480.jpg 480w\" sizes=\"(min-width: 0px) and (max-width: 480px) 480px, (min-width: 481px) 800px, 100vw\" \/> <img decoding=\"async\" class=\"aligncenter size-full wp-image-4744\" src=\"https:\/\/www.supersybon.com\/fr\/wp-content\/uploads\/2026\/01\/1769667184-1K-UV-Primer-Fast-Curing-Times-for-Increased-Efficiency-Excellent-Adhesion-to-Metal-Aluminum-and-Existing-Finishes.jpg\" alt=\"Appr\u00eat-UV-monocomposant---Temps-de-s\u00e9chage-rapide-pour-une-efficacit\u00e9-accrue---Excellente-adh\u00e9rence-au-m\u00e9tal-\u00e0-l'aluminium-et-aux-finitions-existantes\n\" width=\"800\" height=\"800\" srcset=\"https:\/\/www.supersybon.com\/fr\/wp-content\/uploads\/2026\/01\/1769667184-1K-UV-Primer-Fast-Curing-Times-for-Increased-Efficiency-Excellent-Adhesion-to-Metal-Aluminum-and-Existing-Finishes.jpg 800w, https:\/\/www.supersybon.com\/fr\/wp-content\/uploads\/2026\/01\/1769667184-1K-UV-Primer-Fast-Curing-Times-for-Increased-Efficiency-Excellent-Adhesion-to-Metal-Aluminum-and-Existing-Finishes-480x480.jpg 480w\" sizes=\"(min-width: 0px) and (max-width: 480px) 480px, (min-width: 481px) 800px, 100vw\" \/> <img decoding=\"async\" class=\"aligncenter size-full wp-image-4747\" src=\"https:\/\/www.supersybon.com\/fr\/wp-content\/uploads\/2026\/01\/1769667189-1K-UV-Primer-High-Quality-Smooth-Finish-With-Excellent-Filling-and-Sanding-Properties.jpg\" alt=\"Appr\u00eat-UV-monocomposant-de-haute-qualit\u00e9-finition-lisse-excellentes-propri\u00e9t\u00e9s-de-remplissage-et-de-pon\u00e7age\n\" width=\"800\" height=\"800\" srcset=\"https:\/\/www.supersybon.com\/fr\/wp-content\/uploads\/2026\/01\/1769667189-1K-UV-Primer-High-Quality-Smooth-Finish-With-Excellent-Filling-and-Sanding-Properties.jpg 800w, https:\/\/www.supersybon.com\/fr\/wp-content\/uploads\/2026\/01\/1769667189-1K-UV-Primer-High-Quality-Smooth-Finish-With-Excellent-Filling-and-Sanding-Properties-480x480.jpg 480w\" sizes=\"(min-width: 0px) and (max-width: 480px) 480px, (min-width: 481px) 800px, 100vw\" \/> <img decoding=\"async\" class=\"aligncenter size-full wp-image-4748\" src=\"https:\/\/www.supersybon.com\/fr\/wp-content\/uploads\/2026\/01\/1769667191-1K-UV-Primer-One-component-UV-Curable-Filler-Suitable-for-Small-Repairs.jpg\" alt=\"Appr\u00eat-UV-1K-mastic-monocomposant-polym\u00e9risable-aux-UV-adapt\u00e9-aux-petites-r\u00e9parations\n\" width=\"800\" height=\"800\" srcset=\"https:\/\/www.supersybon.com\/fr\/wp-content\/uploads\/2026\/01\/1769667191-1K-UV-Primer-One-component-UV-Curable-Filler-Suitable-for-Small-Repairs.jpg 800w, https:\/\/www.supersybon.com\/fr\/wp-content\/uploads\/2026\/01\/1769667191-1K-UV-Primer-One-component-UV-Curable-Filler-Suitable-for-Small-Repairs-480x480.jpg 480w\" sizes=\"(min-width: 0px) and (max-width: 480px) 480px, (min-width: 481px) 800px, 100vw\" \/><\/p>\n<div class=\"magic-13\">\n<div class=\"magic-14\">\n<div data-id=\"paragraph0\"><\/div>\n<\/div>\n<\/div>\n<p><strong>Emballage et service du produit<\/strong><\/p>\n<hr \/>\n<p><strong>EMBALLER:<\/strong><\/p>\n<p>12 bo\u00eetes \/ carton.<\/p>\n<p>&nbsp;<\/p>\n<p><strong>NOTRE SERVICE:<\/strong><\/p>\n<p>1.24 heures en ligne<\/p>\n<p>2. Prix comp\u00e9titif<\/p>\n<p>3. Excellents commentaires du client<\/p>\n<p>4. Commande en ligne s\u00e9curis\u00e9e<\/p>\n<p>5. livraison rapide<\/p>\n<p>6. support technique professionnel<\/p>\n<p>&nbsp;<\/p>\n<p><strong>Profil de l'entreprise<\/strong><\/p>\n<hr \/>\n<p>&nbsp;<\/p>\n<p><img decoding=\"async\" class=\"aligncenter size-full wp-image-324\" src=\"https:\/\/www.supersybon.com\/fr\/wp-content\/uploads\/2022\/09\/1663401769-Car-Paint-Supplier-Company-Profile-Manufacturer-China.jpg\" alt=\"\" width=\"900\" height=\"958\" srcset=\"https:\/\/www.supersybon.com\/fr\/wp-content\/uploads\/2022\/09\/1663401769-Car-Paint-Supplier-Company-Profile-Manufacturer-China.jpg 900w, https:\/\/www.supersybon.com\/fr\/wp-content\/uploads\/2022\/09\/1663401769-Car-Paint-Supplier-Company-Profile-Manufacturer-China-480x511.jpg 480w\" sizes=\"(min-width: 0px) and (max-width: 480px) 480px, (min-width: 481px) 900px, 100vw\" \/><\/p>\n<p><strong>FAQ<\/strong><\/p>\n<hr \/>\n<p><strong>Q\u00a0:\u00a0Quel est votre MOQ\u00a0?<\/strong><\/p>\n<p>R : Notre MOQ est de 240 kilogrammes.<\/p>\n<p><strong>Q\u00a0:\u00a0\u00cates-vous une entreprise de fabrication\u00a0?<\/strong><\/p>\n<p>R : Nous sommes un fabricant professionnel et nous avons notre propre usine.<\/p>\n<p><strong>Q : Pouvons-nous visiter votre usine ?<\/strong><\/p>\n<p>R : Oui. Vous \u00eates les bienvenus dans notre usine.<\/p>\n<p><strong>Q\u00a0:\u00a0Qu\u2019en est-il de votre paiement\u00a0?<\/strong><\/p>\n<p>R: d\u00e9p\u00f4t de 50% \u00e0 l'avance, solde de 50% par T\/T, L\/C, paypal, Western Union ou bien avant exp\u00e9dition.<\/p>\n<p><strong>Q : Fournissez-vous des \u00e9chantillons ?<\/strong><\/p>\n<p>R : Oui, nous pouvons vous fournir des \u00e9chantillons gratuits, il vous suffit de payer le fret.<\/p>\n<p><strong>Q : Qu'en est-il de votre d\u00e9lai de livraison ?<\/strong><\/p>\n<p>R\u00a0:\u00a0Habituellement 15 jours apr\u00e8s r\u00e9ception de votre d\u00e9p\u00f4t.<\/p>\n","protected":false},"excerpt":{"rendered":"<p><span dir=\"auto\">\u00c0 propos de l'appr\u00eat UV HK705 1K\u00a0:<\/span><br \/>\n<span dir=\"auto\">1. Pas de retrait\u00a0;<\/span><br \/>\n<span dir=\"auto\">2. Haut pouvoir couvrant\u00a0;<\/span><br \/>\n<span dir=\"auto\">3. Faible adh\u00e9rence apr\u00e8s durcissement\u00a0;<\/span><br \/>\n<span dir=\"auto\">4. Bonne application au pinceau\u00a0;<\/span><br \/>\n<span dir=\"auto\">5. Temps de s\u00e9chage rapide\u00a0;<\/span><br \/>\n<span dir=\"auto\">6. Pon\u00e7age facile\u00a0;<\/span><\/p>\n","protected":false},"featured_media":4749,"template":"","meta":{"_et_pb_use_builder":"","_et_pb_old_content":"","_et_gb_content_width":""},"product_brand":[],"product_cat":[76,78],"product_tag":[1078],"class_list":{"0":"post-4742","1":"product","2":"type-product","3":"status-publish","4":"has-post-thumbnail","6":"product_cat-serie-de-peinture-automobile","7":"product_cat-appret-mastic","8":"product_tag-appret-uv","10":"first","11":"instock","12":"shipping-taxable","13":"product-type-simple"},"_links":{"self":[{"href":"https:\/\/www.supersybon.com\/fr\/wp-json\/wp\/v2\/product\/4742","targetHints":{"allow":["GET"]}}],"collection":[{"href":"https:\/\/www.supersybon.com\/fr\/wp-json\/wp\/v2\/product"}],"about":[{"href":"https:\/\/www.supersybon.com\/fr\/wp-json\/wp\/v2\/types\/product"}],"wp:featuredmedia":[{"embeddable":true,"href":"https:\/\/www.supersybon.com\/fr\/wp-json\/wp\/v2\/media\/4749"}],"wp:attachment":[{"href":"https:\/\/www.supersybon.com\/fr\/wp-json\/wp\/v2\/media?parent=4742"}],"wp:term":[{"taxonomy":"product_brand","embeddable":true,"href":"https:\/\/www.supersybon.com\/fr\/wp-json\/wp\/v2\/product_brand?post=4742"},{"taxonomy":"product_cat","embeddable":true,"href":"https:\/\/www.supersybon.com\/fr\/wp-json\/wp\/v2\/product_cat?post=4742"},{"taxonomy":"product_tag","embeddable":true,"href":"https:\/\/www.supersybon.com\/fr\/wp-json\/wp\/v2\/product_tag?post=4742"}],"curies":[{"name":"wp","href":"https:\/\/api.w.org\/{rel}","templated":true}]}}