{"id":4683,"date":"2025-12-12T17:57:51","date_gmt":"2025-12-12T09:57:51","guid":{"rendered":"https:\/\/www.supersybon.com\/fr\/?post_type=product&#038;p=4683"},"modified":"2025-12-12T18:10:35","modified_gmt":"2025-12-12T10:10:35","slug":"pl122-polisseuse-pour-voiture-a-double-action-polisseuse-orbitale-aleatoire-kit-de-polissage-avec-6-vitesses-variables-de-2000-a-5200-tr-min","status":"publish","type":"product","link":"https:\/\/www.supersybon.com\/fr\/product\/pl122-polisseuse-pour-voiture-a-double-action-polisseuse-orbitale-aleatoire-kit-de-polissage-avec-6-vitesses-variables-de-2000-a-5200-tr-min","title":{"rendered":"PL122 Polisseuse pour voiture \u00e0 double action, polisseuse orbitale al\u00e9atoire, kit de polissage avec 6 vitesses variables de 2000 \u00e0 5200 tr\/min."},"content":{"rendered":"<p><img decoding=\"async\" class=\"aligncenter size-full wp-image-4684\" src=\"https:\/\/www.supersybon.com\/fr\/wp-content\/uploads\/2025\/12\/1765533579-PL122-900W-Dual-Action-Polisher-6-Variable-Speed-Car-Polisher-Kit-for-Waxing-Buffering-Polishing.jpg\" alt=\"Polisseuse double action PL122-900W avec 6 vitesses variables, kit de polissage pour voiture, id\u00e9al pour le cirage, le lustrage et le polissage.\" width=\"750\" height=\"302\" srcset=\"https:\/\/www.supersybon.com\/fr\/wp-content\/uploads\/2025\/12\/1765533579-PL122-900W-Dual-Action-Polisher-6-Variable-Speed-Car-Polisher-Kit-for-Waxing-Buffering-Polishing.jpg 750w, https:\/\/www.supersybon.com\/fr\/wp-content\/uploads\/2025\/12\/1765533579-PL122-900W-Dual-Action-Polisher-6-Variable-Speed-Car-Polisher-Kit-for-Waxing-Buffering-Polishing-480x193.jpg 480w\" sizes=\"(min-width: 0px) and (max-width: 480px) 480px, (min-width: 481px) 750px, 100vw\" \/><\/p>\n<h2><strong>Polisseuse double action SYBON<\/strong><\/h2>\n<p>1. Moteur puissant de 900 W, jusqu'\u00e0 1350 W. \u00c9limine efficacement les d\u00e9fauts plus rapidement.<br \/>\n2. Bon \u00e9quilibre, vitesse de rotation stable \u00e0 vide et en charge, sans \u00e0-coups.<br \/>\n3. Syst\u00e8me \u00e9lectronique de r\u00e9gulation de vitesse \u00e0 6 niveaux. Vitesse r\u00e9glable de 1 \u00e0 6, s\u00e9lectionnez la vitesse appropri\u00e9e. Am\u00e9liore l'efficacit\u00e9 du travail selon les situations.<br \/>\n4. Permet de polir et d'\u00e9liminer les rayures et les d\u00e9fauts sur tous les v\u00e9hicules peints.<br \/>\n5. Technologie CNC de haute pr\u00e9cision. Syst\u00e8me d'\u00e9limination des vibrations pour un polissage plus fluide.<br \/>\n6. D\u00e9marrage progressif et syst\u00e8me de vitesse constante.<br \/>\n7. R\u00e9glage progressif de la vitesse par interrupteur.<br \/>\n8. Fonction de protection contre les surcharges.<\/p>\n<p><img decoding=\"async\" class=\"aligncenter size-full wp-image-4685\" src=\"https:\/\/www.supersybon.com\/fr\/wp-content\/uploads\/2025\/12\/1765533590-PL122-Buffer-Polisher-5-inch-Dual-Action-Buffer-for-Car-Detailing-Variable-Speed-Random-Orbital-Car-Buffer.jpg\" alt=\"PL122 - Polisseuse\/lustreuse 5 pouces \u00e0 double action pour le detailing automobile - Polisseuse orbitale al\u00e9atoire \u00e0 vitesse variable pour voitures\" width=\"750\" height=\"750\" srcset=\"https:\/\/www.supersybon.com\/fr\/wp-content\/uploads\/2025\/12\/1765533590-PL122-Buffer-Polisher-5-inch-Dual-Action-Buffer-for-Car-Detailing-Variable-Speed-Random-Orbital-Car-Buffer.jpg 750w, https:\/\/www.supersybon.com\/fr\/wp-content\/uploads\/2025\/12\/1765533590-PL122-Buffer-Polisher-5-inch-Dual-Action-Buffer-for-Car-Detailing-Variable-Speed-Random-Orbital-Car-Buffer-480x480.jpg 480w\" sizes=\"(min-width: 0px) and (max-width: 480px) 480px, (min-width: 481px) 750px, 100vw\" \/> <img decoding=\"async\" class=\"aligncenter size-full wp-image-4686\" src=\"https:\/\/www.supersybon.com\/fr\/wp-content\/uploads\/2025\/12\/1765533595-PL122-Buffer-Polisher-5-inch-Dual-ActionDA-Polisher-for-Car-Detailing-Random-Orbital-Car-Buffer-Polisher-Waxer-Kit.jpg\" alt=\"PL122 - Polisseuse\/lustreuse 5 pouces \u00e0 double action (DA) pour le detailing automobile - Kit de polissage et de lustrage orbital al\u00e9atoire pour voiture\" width=\"750\" height=\"750\" srcset=\"https:\/\/www.supersybon.com\/fr\/wp-content\/uploads\/2025\/12\/1765533595-PL122-Buffer-Polisher-5-inch-Dual-ActionDA-Polisher-for-Car-Detailing-Random-Orbital-Car-Buffer-Polisher-Waxer-Kit.jpg 750w, https:\/\/www.supersybon.com\/fr\/wp-content\/uploads\/2025\/12\/1765533595-PL122-Buffer-Polisher-5-inch-Dual-ActionDA-Polisher-for-Car-Detailing-Random-Orbital-Car-Buffer-Polisher-Waxer-Kit-480x480.jpg 480w\" sizes=\"(min-width: 0px) and (max-width: 480px) 480px, (min-width: 481px) 750px, 100vw\" \/> <img decoding=\"async\" class=\"aligncenter size-full wp-image-4687\" src=\"https:\/\/www.supersybon.com\/fr\/wp-content\/uploads\/2025\/12\/1765533602-PL122-Buffer-Polisher-5-Inch-Dual-Action-Polisher-for-Car-Detailing-6-Variable-Speed-2000-5200RPM-Random-Orbital-Polisher-Waxer-Kit.jpg\" alt=\"PL122 - Polisseuse-lustreuse 5 pouces \u00e0 double action pour le detailing automobile - 6 vitesses variables (2000-5200 tr\/min) - Polisseuse orbitale al\u00e9atoire - Kit de lustrage et de cirage\" width=\"750\" height=\"750\" srcset=\"https:\/\/www.supersybon.com\/fr\/wp-content\/uploads\/2025\/12\/1765533602-PL122-Buffer-Polisher-5-Inch-Dual-Action-Polisher-for-Car-Detailing-6-Variable-Speed-2000-5200RPM-Random-Orbital-Polisher-Waxer-Kit.jpg 750w, https:\/\/www.supersybon.com\/fr\/wp-content\/uploads\/2025\/12\/1765533602-PL122-Buffer-Polisher-5-Inch-Dual-Action-Polisher-for-Car-Detailing-6-Variable-Speed-2000-5200RPM-Random-Orbital-Polisher-Waxer-Kit-480x480.jpg 480w\" sizes=\"(min-width: 0px) and (max-width: 480px) 480px, (min-width: 481px) 750px, 100vw\" \/> <img decoding=\"async\" class=\"aligncenter size-full wp-image-4688\" src=\"https:\/\/www.supersybon.com\/fr\/wp-content\/uploads\/2025\/12\/1765533609-PL122-Car-Buffer-Polisher-Dual-Action-Polisher-Random-Buffer-Polisher-kit-with-6-Variable-Speed-2000-5200-rpm.jpg\" alt=\"PL122 - Polisseuse-lustreuse pour voiture - Polisseuse \u00e0 double action - Kit de polissage al\u00e9atoire avec 6 vitesses variables (2000-5200 tr\/min)\" width=\"750\" height=\"750\" srcset=\"https:\/\/www.supersybon.com\/fr\/wp-content\/uploads\/2025\/12\/1765533609-PL122-Car-Buffer-Polisher-Dual-Action-Polisher-Random-Buffer-Polisher-kit-with-6-Variable-Speed-2000-5200-rpm.jpg 750w, https:\/\/www.supersybon.com\/fr\/wp-content\/uploads\/2025\/12\/1765533609-PL122-Car-Buffer-Polisher-Dual-Action-Polisher-Random-Buffer-Polisher-kit-with-6-Variable-Speed-2000-5200-rpm-480x480.jpg 480w\" sizes=\"(min-width: 0px) and (max-width: 480px) 480px, (min-width: 481px) 750px, 100vw\" \/> <img decoding=\"async\" class=\"aligncenter size-full wp-image-4689\" src=\"https:\/\/www.supersybon.com\/fr\/wp-content\/uploads\/2025\/12\/1765533614-PL122-Car-Polisher-15mm-Long-Throw-Random-Orbital-Polisher-Buffer-for-Car-Detailing-5900W-Dual-Action-Polisher-with-Variable-Speed.jpg\" alt=\"PL122 Ponceuse-polisseuse orbitale al\u00e9atoire \u00e0 long d\u00e9battement de 15 mm pour le lustrage automobile, 5900 W, polisseuse \u00e0 double action avec vitesse variable.\" width=\"750\" height=\"750\" srcset=\"https:\/\/www.supersybon.com\/fr\/wp-content\/uploads\/2025\/12\/1765533614-PL122-Car-Polisher-15mm-Long-Throw-Random-Orbital-Polisher-Buffer-for-Car-Detailing-5900W-Dual-Action-Polisher-with-Variable-Speed.jpg 750w, https:\/\/www.supersybon.com\/fr\/wp-content\/uploads\/2025\/12\/1765533614-PL122-Car-Polisher-15mm-Long-Throw-Random-Orbital-Polisher-Buffer-for-Car-Detailing-5900W-Dual-Action-Polisher-with-Variable-Speed-480x480.jpg 480w\" sizes=\"(min-width: 0px) and (max-width: 480px) 480px, (min-width: 481px) 750px, 100vw\" \/> <img decoding=\"async\" class=\"aligncenter size-full wp-image-4690\" src=\"https:\/\/www.supersybon.com\/fr\/wp-content\/uploads\/2025\/12\/1765533621-PL122-Dual-Action-Polisher-900W-5-Inch-Random-Orbital-Buffer-Polisher-for-Car-Detailing-2000-5200RMP-6-Variable-Speed-Buffer-Polisher.jpg\" alt=\"PL122 - Polisseuse double action 900 W, 12,7 cm (5 pouces), polisseuse orbitale al\u00e9atoire pour le lustrage automobile, 2000-5200 tr\/min, 6 vitesses variables.\" width=\"750\" height=\"750\" srcset=\"https:\/\/www.supersybon.com\/fr\/wp-content\/uploads\/2025\/12\/1765533621-PL122-Dual-Action-Polisher-900W-5-Inch-Random-Orbital-Buffer-Polisher-for-Car-Detailing-2000-5200RMP-6-Variable-Speed-Buffer-Polisher.jpg 750w, https:\/\/www.supersybon.com\/fr\/wp-content\/uploads\/2025\/12\/1765533621-PL122-Dual-Action-Polisher-900W-5-Inch-Random-Orbital-Buffer-Polisher-for-Car-Detailing-2000-5200RMP-6-Variable-Speed-Buffer-Polisher-480x480.jpg 480w\" sizes=\"(min-width: 0px) and (max-width: 480px) 480px, (min-width: 481px) 750px, 100vw\" \/><\/p>\n","protected":false},"excerpt":{"rendered":"<p>Polisseuse pour voiture \u00e0 double action<br \/>\n1. Polisseuse am\u00e9lior\u00e9e : Le nouveau contrepoids en aluminium usin\u00e9 garantit un fonctionnement fluide, pr\u00e9cis et \u00e9quilibr\u00e9 de la machine. La conception ergonomique de la polisseuse rotative permet d'effectuer chaque t\u00e2che rapidement et facilement.<br \/>\n2. Kit de detailing automobile multifonction : Ce kit de polisseuse-ponceuse de 1650 W est id\u00e9al pour le cirage, le polissage et l'application de vernis de protection sur tous types de peintures automobiles. Il permet d'obtenir des r\u00e9sultats de polissage professionnels \u00e0 domicile.<br \/>\n3. Polisseuse puissante : La gestion num\u00e9rique du couple ajuste \u00e9lectroniquement le couple pour maintenir une vitesse constante lors du polissage, de 500 \u00e0 3000 tr\/min, afin de r\u00e9pondre au mieux \u00e0 vos besoins. Vous n'aurez plus de probl\u00e8me de polisseuse qui s'arr\u00eate sous la pression.<\/p>\n","protected":false},"featured_media":4690,"template":"","meta":{"_et_pb_use_builder":"","_et_pb_old_content":"","_et_gb_content_width":""},"product_brand":[],"product_cat":[66,56],"product_tag":[1074],"class_list":{"0":"post-4683","1":"product","2":"type-product","3":"status-publish","4":"has-post-thumbnail","6":"product_cat-polisseuse-de-voiture","7":"product_cat-serie-dentretien-automobile","8":"product_tag-polisseuse-pour-voiture-a-double-action","10":"first","11":"instock","12":"shipping-taxable","13":"product-type-simple"},"_links":{"self":[{"href":"https:\/\/www.supersybon.com\/fr\/wp-json\/wp\/v2\/product\/4683","targetHints":{"allow":["GET"]}}],"collection":[{"href":"https:\/\/www.supersybon.com\/fr\/wp-json\/wp\/v2\/product"}],"about":[{"href":"https:\/\/www.supersybon.com\/fr\/wp-json\/wp\/v2\/types\/product"}],"wp:featuredmedia":[{"embeddable":true,"href":"https:\/\/www.supersybon.com\/fr\/wp-json\/wp\/v2\/media\/4690"}],"wp:attachment":[{"href":"https:\/\/www.supersybon.com\/fr\/wp-json\/wp\/v2\/media?parent=4683"}],"wp:term":[{"taxonomy":"product_brand","embeddable":true,"href":"https:\/\/www.supersybon.com\/fr\/wp-json\/wp\/v2\/product_brand?post=4683"},{"taxonomy":"product_cat","embeddable":true,"href":"https:\/\/www.supersybon.com\/fr\/wp-json\/wp\/v2\/product_cat?post=4683"},{"taxonomy":"product_tag","embeddable":true,"href":"https:\/\/www.supersybon.com\/fr\/wp-json\/wp\/v2\/product_tag?post=4683"}],"curies":[{"name":"wp","href":"https:\/\/api.w.org\/{rel}","templated":true}]}}