{"id":4673,"date":"2025-12-12T17:47:46","date_gmt":"2025-12-12T09:47:46","guid":{"rendered":"https:\/\/www.supersybon.com\/fr\/?post_type=product&#038;p=4673"},"modified":"2025-12-12T17:57:07","modified_gmt":"2025-12-12T09:57:07","slug":"pl121-polisseuse-rotative-1650-w-avec-fonction-de-lustrage-et-de-cirage-6-vitesses-variables-500-3000-tr-min-poignee-amovible-ideale-pour-le-poncage-et-le-polissage-des-voitures-et-des-bateaux","status":"publish","type":"product","link":"https:\/\/www.supersybon.com\/fr\/product\/pl121-polisseuse-rotative-1650-w-avec-fonction-de-lustrage-et-de-cirage-6-vitesses-variables-500-3000-tr-min-poignee-amovible-ideale-pour-le-poncage-et-le-polissage-des-voitures-et-des-bateaux","title":{"rendered":"PL121 Polisseuse rotative 1650 W avec fonction de lustrage et de cirage, 6 vitesses variables (500-3000 tr\/min), poign\u00e9e amovible, id\u00e9ale pour le pon\u00e7age et le polissage des voitures et des bateaux."},"content":{"rendered":"<p><img decoding=\"async\" class=\"aligncenter size-full wp-image-4675\" src=\"https:\/\/www.supersybon.com\/fr\/wp-content\/uploads\/2025\/12\/1765533031-PL121-Buffer-Polisher-for-Car-Detailing-Car-Buffer-6-inch-Car-Polisher-with-6-Variable-Speed-500-3000-RPM-1650W-Polishing-Machine.jpg\" alt=\"PL121 \u2013 Ponceuse-polisseuse pour le detailing automobile \u2013 Polisseuse de voiture 6 pouces avec 6 vitesses variables (500-3000 tr\/min) \u2013 Machine \u00e0 polir 1650 W\" width=\"750\" height=\"302\" srcset=\"https:\/\/www.supersybon.com\/fr\/wp-content\/uploads\/2025\/12\/1765533031-PL121-Buffer-Polisher-for-Car-Detailing-Car-Buffer-6-inch-Car-Polisher-with-6-Variable-Speed-500-3000-RPM-1650W-Polishing-Machine.jpg 750w, https:\/\/www.supersybon.com\/fr\/wp-content\/uploads\/2025\/12\/1765533031-PL121-Buffer-Polisher-for-Car-Detailing-Car-Buffer-6-inch-Car-Polisher-with-6-Variable-Speed-500-3000-RPM-1650W-Polishing-Machine-480x193.jpg 480w\" sizes=\"(min-width: 0px) and (max-width: 480px) 480px, (min-width: 481px) 750px, 100vw\" \/><\/p>\n<div class=\"magic-13\">\n<div class=\"magic-14\">\n<div class=\"magic-9\">\n<div class=\"magic-10\">\n<p>&nbsp;<\/p>\n<\/div>\n<\/div>\n<\/div>\n<\/div>\n<div class=\"magic-13\">\n<div class=\"magic-14\">\n<h2><strong>\u00c0 propos de la polisseuse rotative SYBON<\/strong><\/h2>\n<p>1. Puissante : SYBON a con\u00e7u cette polisseuse rotative avec un moteur haute performance pour garantir une puissance et un couple optimaux sur toutes les surfaces, rendant votre travail de polissage plus facile, plus efficace et plus rapide.<br \/>\n2. Parfaitement \u00e9quilibr\u00e9e : Les composants internes ont \u00e9t\u00e9 con\u00e7us et agenc\u00e9s pour assurer une r\u00e9partition parfaite du poids lors du polissage, r\u00e9duisant ainsi la fatigue de l'utilisateur.<br \/>\n3. Cordon d'alimentation : Un cordon d'extension de 4 m\u00e8tres (13 pieds) offre une grande libert\u00e9 de mouvement, tandis que les renforts \u00e0 la base du cordon garantissent une longue dur\u00e9e de vie.<br \/>\n4. Vitesse r\u00e9glable : Vitesse r\u00e9glable de 500 \u00e0 3000 tr\/min, permettant un polissage rapide et une finition d\u00e9licate.<br \/>\n5. R\u00e9gulateur de vitesse : R\u00e9gulateur de vitesse constant avec 6 r\u00e9glages.<\/p>\n<p>La polisseuse rotative SYBON est la solution id\u00e9ale pour redonner de l'\u00e9clat aux petites surfaces difficiles \u00e0 polir. C'est l'une des machines les plus faciles et les plus s\u00fbres pour s'initier au polissage rotatif. Pour les utilisateurs exp\u00e9riment\u00e9s, la polisseuse rotative SYBON offre une qualit\u00e9 professionnelle, une grande robustesse, une l\u00e9g\u00e8ret\u00e9 et une efficacit\u00e9 remarquables.<\/p>\n<\/div>\n<\/div>\n<p>&nbsp;<\/p>\n<div class=\"magic-13\">\n<div class=\"magic-14\">\n<div class=\"magic-9\">\n<div class=\"magic-10\">\n<p><img decoding=\"async\" class=\"aligncenter size-full wp-image-4678\" src=\"https:\/\/www.supersybon.com\/fr\/wp-content\/uploads\/2025\/12\/1765533046-PL121-RO-polisher-polishing-machine-car-polisher-polisher-for-car-detailing.jpg\" alt=\"PL121-RO - Polisseuse - Machine \u00e0 polir - Polisseuse pour voiture - Polisseuse pour le detailing automobile\" width=\"750\" height=\"750\" srcset=\"https:\/\/www.supersybon.com\/fr\/wp-content\/uploads\/2025\/12\/1765533046-PL121-RO-polisher-polishing-machine-car-polisher-polisher-for-car-detailing.jpg 750w, https:\/\/www.supersybon.com\/fr\/wp-content\/uploads\/2025\/12\/1765533046-PL121-RO-polisher-polishing-machine-car-polisher-polisher-for-car-detailing-480x480.jpg 480w\" sizes=\"(min-width: 0px) and (max-width: 480px) 480px, (min-width: 481px) 750px, 100vw\" \/> <img decoding=\"async\" class=\"aligncenter size-full wp-image-4680\" src=\"https:\/\/www.supersybon.com\/fr\/wp-content\/uploads\/2025\/12\/1765533057-PL121-Rotary-Car-Buffer-Polisher-Waxer-1650W-7-inch-6-inch-Variable-Speed-500-3000RPM-Detachable-Handle-Perfect-for-Car-Polishing.jpg\" alt=\"PL121 - Polisseuse-lustreuse rotative pour voiture - 1650 W - 7 pouces\/6 pouces - Vitesse variable 500-3000 tr\/min - Poign\u00e9e amovible - Id\u00e9ale pour le polissage des voitures\" width=\"750\" height=\"750\" srcset=\"https:\/\/www.supersybon.com\/fr\/wp-content\/uploads\/2025\/12\/1765533057-PL121-Rotary-Car-Buffer-Polisher-Waxer-1650W-7-inch-6-inch-Variable-Speed-500-3000RPM-Detachable-Handle-Perfect-for-Car-Polishing.jpg 750w, https:\/\/www.supersybon.com\/fr\/wp-content\/uploads\/2025\/12\/1765533057-PL121-Rotary-Car-Buffer-Polisher-Waxer-1650W-7-inch-6-inch-Variable-Speed-500-3000RPM-Detachable-Handle-Perfect-for-Car-Polishing-480x480.jpg 480w\" sizes=\"(min-width: 0px) and (max-width: 480px) 480px, (min-width: 481px) 750px, 100vw\" \/> <img decoding=\"async\" class=\"aligncenter size-full wp-image-4677\" src=\"https:\/\/www.supersybon.com\/fr\/wp-content\/uploads\/2025\/12\/1765533041-PL121-Buffer-Rotary-Polisher-Car-Polisher-Electric-RO-Polisher-Polishing-Pads-Set-for-Auto-Buffing-and-Polishing.jpg\" alt=\"PL121 - Polisseuse rotative \u00e9lectrique pour voiture - Kit de polissage avec tampons pour le lustrage et le polissage automobile.\" width=\"750\" height=\"750\" srcset=\"https:\/\/www.supersybon.com\/fr\/wp-content\/uploads\/2025\/12\/1765533041-PL121-Buffer-Rotary-Polisher-Car-Polisher-Electric-RO-Polisher-Polishing-Pads-Set-for-Auto-Buffing-and-Polishing.jpg 750w, https:\/\/www.supersybon.com\/fr\/wp-content\/uploads\/2025\/12\/1765533041-PL121-Buffer-Rotary-Polisher-Car-Polisher-Electric-RO-Polisher-Polishing-Pads-Set-for-Auto-Buffing-and-Polishing-480x480.jpg 480w\" sizes=\"(min-width: 0px) and (max-width: 480px) 480px, (min-width: 481px) 750px, 100vw\" \/> <img decoding=\"async\" class=\"aligncenter size-full wp-image-4681\" src=\"https:\/\/www.supersybon.com\/fr\/wp-content\/uploads\/2025\/12\/1765533064-PL121-Rotary-RO-Polisher-1650W-M14-Spindle-Thread-Variable-6-Speed-Dial-4-Meter-Cable.jpg\" alt=\"Ponceuse rotative PL121 - 1650 W - Filetage de broche M14 - Vitesse variable \u00e0 6 niveaux - C\u00e2ble de 4 m\u00e8tres\" width=\"750\" height=\"750\" srcset=\"https:\/\/www.supersybon.com\/fr\/wp-content\/uploads\/2025\/12\/1765533064-PL121-Rotary-RO-Polisher-1650W-M14-Spindle-Thread-Variable-6-Speed-Dial-4-Meter-Cable.jpg 750w, https:\/\/www.supersybon.com\/fr\/wp-content\/uploads\/2025\/12\/1765533064-PL121-Rotary-RO-Polisher-1650W-M14-Spindle-Thread-Variable-6-Speed-Dial-4-Meter-Cable-480x480.jpg 480w\" sizes=\"(min-width: 0px) and (max-width: 480px) 480px, (min-width: 481px) 750px, 100vw\" \/><\/p>\n<p>&nbsp;<\/p>\n<p><strong>Emballage et service du produit<\/strong><\/p>\n<hr \/>\n<p><strong>EMBALLER:<\/strong><\/p>\n<p><img decoding=\"async\" class=\"aligncenter size-full wp-image-4674\" src=\"https:\/\/www.supersybon.com\/fr\/wp-content\/uploads\/2025\/12\/1765533025-PL121-Buffer-Polisher-1650W-Ro-Buffer-Polisher-Waxer-6-Variable-Speed-500-3000-RPM-Detachable-Handle-for-Car-Boat-Sanding-Polishing.jpg\" alt=\"PL121 - Ponceuse-polisseuse 1650 W - Polisseuse-lustreuse-cireuse rotative \u00e0 6 vitesses variables (500-3000 tr\/min) - Poign\u00e9e amovible - Id\u00e9ale pour le pon\u00e7age et le polissage des voitures et des bateaux.\" width=\"750\" height=\"750\" srcset=\"https:\/\/www.supersybon.com\/fr\/wp-content\/uploads\/2025\/12\/1765533025-PL121-Buffer-Polisher-1650W-Ro-Buffer-Polisher-Waxer-6-Variable-Speed-500-3000-RPM-Detachable-Handle-for-Car-Boat-Sanding-Polishing.jpg 750w, https:\/\/www.supersybon.com\/fr\/wp-content\/uploads\/2025\/12\/1765533025-PL121-Buffer-Polisher-1650W-Ro-Buffer-Polisher-Waxer-6-Variable-Speed-500-3000-RPM-Detachable-Handle-for-Car-Boat-Sanding-Polishing-480x480.jpg 480w\" sizes=\"(min-width: 0px) and (max-width: 480px) 480px, (min-width: 481px) 750px, 100vw\" \/><\/p>\n<p>&nbsp;<\/p>\n<div data-spm-anchor-id=\"a2700.details.0.i37.625d2e9eLtZffL\">\n<p>&nbsp;<\/p>\n<\/div>\n<div class=\"magic-13\">\n<div class=\"magic-14\">\n<div class=\"magic-9\">\n<div class=\"magic-10\">\n<div class=\"magic-13\">\n<div class=\"magic-14\">\n<div data-spm-anchor-id=\"a2700.details.0.i37.625d2e9eLtZffL\">\n<p>&nbsp;<\/p>\n<\/div>\n<\/div>\n<\/div>\n<\/div>\n<\/div>\n<\/div>\n<\/div>\n<div class=\"magic-13\">\n<div class=\"magic-14\">\n<div data-spm-anchor-id=\"a2700.details.0.i37.625d2e9eLtZffL\">\n<p><strong>NOTRE SERVICE:<\/strong><\/p>\n<p>1.24 heures en ligne<\/p>\n<p>2. Prix comp\u00e9titif<\/p>\n<p>3. Excellents commentaires du client<\/p>\n<p>4. Commande en ligne s\u00e9curis\u00e9e<\/p>\n<p>5. livraison rapide<\/p>\n<p>6. support technique professionnel<\/p>\n<\/div>\n<\/div>\n<\/div>\n<\/div>\n<\/div>\n<\/div>\n<\/div>\n","protected":false},"excerpt":{"rendered":"<p>1. Polisseuse am\u00e9lior\u00e9e : Le nouveau contrepoids en aluminium usin\u00e9 garantit un fonctionnement fluide, pr\u00e9cis et \u00e9quilibr\u00e9 de la machine. La conception ergonomique de la polisseuse rotative permet d'effectuer chaque t\u00e2che rapidement et facilement.<br \/>\n2. Kit de detailing automobile multifonction : Ce kit de polisseuse-ponceuse de 1650 W est id\u00e9al pour le cirage, le polissage et l'application de vernis de protection sur tous types de peintures automobiles. Il permet d'obtenir des r\u00e9sultats de polissage professionnels \u00e0 domicile.<br \/>\n3. Polisseuse puissante : La gestion num\u00e9rique du couple ajuste \u00e9lectroniquement le couple pour maintenir une vitesse constante lors du polissage, de 500 \u00e0 3000 tr\/min, afin de r\u00e9pondre au mieux \u00e0 vos besoins. Vous n'aurez plus de probl\u00e8me de polisseuse qui s'arr\u00eate sous la pression.<\/p>\n","protected":false},"featured_media":4679,"template":"","meta":{"_et_pb_use_builder":"","_et_pb_old_content":"","_et_gb_content_width":""},"product_brand":[],"product_cat":[66,56],"product_tag":[1073],"class_list":{"0":"post-4673","1":"product","2":"type-product","3":"status-publish","4":"has-post-thumbnail","6":"product_cat-polisseuse-de-voiture","7":"product_cat-serie-dentretien-automobile","8":"product_tag-polisseuse-rotative","10":"first","11":"instock","12":"shipping-taxable","13":"product-type-simple"},"_links":{"self":[{"href":"https:\/\/www.supersybon.com\/fr\/wp-json\/wp\/v2\/product\/4673","targetHints":{"allow":["GET"]}}],"collection":[{"href":"https:\/\/www.supersybon.com\/fr\/wp-json\/wp\/v2\/product"}],"about":[{"href":"https:\/\/www.supersybon.com\/fr\/wp-json\/wp\/v2\/types\/product"}],"wp:featuredmedia":[{"embeddable":true,"href":"https:\/\/www.supersybon.com\/fr\/wp-json\/wp\/v2\/media\/4679"}],"wp:attachment":[{"href":"https:\/\/www.supersybon.com\/fr\/wp-json\/wp\/v2\/media?parent=4673"}],"wp:term":[{"taxonomy":"product_brand","embeddable":true,"href":"https:\/\/www.supersybon.com\/fr\/wp-json\/wp\/v2\/product_brand?post=4673"},{"taxonomy":"product_cat","embeddable":true,"href":"https:\/\/www.supersybon.com\/fr\/wp-json\/wp\/v2\/product_cat?post=4673"},{"taxonomy":"product_tag","embeddable":true,"href":"https:\/\/www.supersybon.com\/fr\/wp-json\/wp\/v2\/product_tag?post=4673"}],"curies":[{"name":"wp","href":"https:\/\/api.w.org\/{rel}","templated":true}]}}