{"id":4663,"date":"2025-12-12T17:22:05","date_gmt":"2025-12-12T09:22:05","guid":{"rendered":"https:\/\/www.supersybon.com\/fr\/?post_type=product&#038;p=4663"},"modified":"2025-12-12T17:45:52","modified_gmt":"2025-12-12T09:45:52","slug":"1028-chiffon-collant-anti-poussiere-de-qualite-superieure-jaune-ou-blanc-en-gaze-100-coton-ideal-pour-la-peinture","status":"publish","type":"product","link":"https:\/\/www.supersybon.com\/fr\/product\/1028-chiffon-collant-anti-poussiere-de-qualite-superieure-jaune-ou-blanc-en-gaze-100-coton-ideal-pour-la-peinture","title":{"rendered":"1028 Chiffon collant anti-poussi\u00e8re de qualit\u00e9 sup\u00e9rieure, jaune ou blanc, en gaze 100 % coton, id\u00e9al pour la peinture."},"content":{"rendered":"<h2><strong>1028 Chiffon collant anti-poussi\u00e8re de qualit\u00e9 sup\u00e9rieure 35 cm x 80 cm<\/strong><\/h2>\n<p>\u00c0 propos du chiffon collant 1028 :<\/p>\n<p>1. Chiffons collants de qualit\u00e9 sup\u00e9rieure, emball\u00e9s individuellement. Ces grands chiffons r\u00e9sistants et durables mesurent 35 cm x 80 cm une fois d\u00e9pli\u00e9s. Ils sont fabriqu\u00e9s en coton doux \u00e0 mailles fines, de couleur jaune ou blanche, qui \u00e9pouse les formes des surfaces pour \u00e9liminer les particules de poussi\u00e8re, la salet\u00e9, les peluches, les r\u00e9sidus de pon\u00e7age, la sciure de bois et autres impuret\u00e9s.<\/p>\n<p>2. Le tissu des chiffons collants est micro-perfor\u00e9 pour pi\u00e9ger, capturer et \u00e9liminer toutes les particules et contaminants de surface, vous garantissant une surface exceptionnellement propre, indispensable pour la pr\u00e9paration de la peinture automobile ou la finition du bois.<\/p>\n<p>3. Chiffons collants professionnels de qualit\u00e9 sup\u00e9rieure, con\u00e7us pour les professionnels de la finition et de la r\u00e9novation. Fabriqu\u00e9s avec la quantit\u00e9 optimale de colle, car un exc\u00e8s de colle peut laisser des r\u00e9sidus invisibles, tandis qu'une quantit\u00e9 insuffisante laisserait des particules de contamination ind\u00e9sirables sur la surface.<\/p>\n<p>4. Les chiffons collants sont sans cire ni silicone, poss\u00e8dent des propri\u00e9t\u00e9s antistatiques et sont con\u00e7us pour la pr\u00e9paration des surfaces avant l'application de peintures \u00e0 base d'eau et de solvants, ainsi que de laques, vernis et teintures.<\/p>\n<p>5. Il est conseill\u00e9 d'utiliser les chiffons en essuyant d\u00e9licatement la surface pour \u00e9liminer compl\u00e8tement la poussi\u00e8re, la salet\u00e9, les peluches et autres particules. Lorsque le chiffon est sale, repliez-le pour utiliser une partie propre.<\/p>\n<div data-id=\"paragraph0\"><img decoding=\"async\" class=\"aligncenter size-full wp-image-4664\" src=\"https:\/\/www.supersybon.com\/fr\/wp-content\/uploads\/2025\/12\/1765531458-1028-35cm80cm-Tack-Cloth-Removing-Dust-Tack-Rags-for-Metal-Sanding-Particles-Automotive.jpg\" alt=\"1028-35cm80cm - Chiffon anti-poussi\u00e8re - Chiffons collants pour l'\u00e9limination des particules de pon\u00e7age du m\u00e9tal - Automobile\" width=\"750\" height=\"750\" srcset=\"https:\/\/www.supersybon.com\/fr\/wp-content\/uploads\/2025\/12\/1765531458-1028-35cm80cm-Tack-Cloth-Removing-Dust-Tack-Rags-for-Metal-Sanding-Particles-Automotive.jpg 750w, https:\/\/www.supersybon.com\/fr\/wp-content\/uploads\/2025\/12\/1765531458-1028-35cm80cm-Tack-Cloth-Removing-Dust-Tack-Rags-for-Metal-Sanding-Particles-Automotive-480x480.jpg 480w\" sizes=\"(min-width: 0px) and (max-width: 480px) 480px, (min-width: 481px) 750px, 100vw\" \/> <img decoding=\"async\" class=\"aligncenter size-full wp-image-4665\" src=\"https:\/\/www.supersybon.com\/fr\/wp-content\/uploads\/2025\/12\/1765531477-1028-Auto-Body-Paint-Clean-Dust-Wipes-35cm80cm-Tack-Cloth-Removing-Dust-Tack-Rags.jpg\" alt=\"1028-Chiffons de nettoyage anti-poussi\u00e8re pour carrosserie et peinture automobile - 35 cm x 80 cm - Chiffons collants pour l'\u00e9limination de la poussi\u00e8re\" width=\"750\" height=\"750\" srcset=\"https:\/\/www.supersybon.com\/fr\/wp-content\/uploads\/2025\/12\/1765531477-1028-Auto-Body-Paint-Clean-Dust-Wipes-35cm80cm-Tack-Cloth-Removing-Dust-Tack-Rags.jpg 750w, https:\/\/www.supersybon.com\/fr\/wp-content\/uploads\/2025\/12\/1765531477-1028-Auto-Body-Paint-Clean-Dust-Wipes-35cm80cm-Tack-Cloth-Removing-Dust-Tack-Rags-480x480.jpg 480w\" sizes=\"(min-width: 0px) and (max-width: 480px) 480px, (min-width: 481px) 750px, 100vw\" \/> <img decoding=\"async\" class=\"aligncenter size-full wp-image-4667\" src=\"https:\/\/www.supersybon.com\/fr\/wp-content\/uploads\/2025\/12\/1765531499-1028-Automotive-dust-removal-sticky-refinish-cleaning-tack-cloth.jpg\" alt=\"1028 - Chiffon collant pour le d\u00e9poussi\u00e9rage et le nettoyage des surfaces automobiles avant la peinture.\" width=\"750\" height=\"750\" srcset=\"https:\/\/www.supersybon.com\/fr\/wp-content\/uploads\/2025\/12\/1765531499-1028-Automotive-dust-removal-sticky-refinish-cleaning-tack-cloth.jpg 750w, https:\/\/www.supersybon.com\/fr\/wp-content\/uploads\/2025\/12\/1765531499-1028-Automotive-dust-removal-sticky-refinish-cleaning-tack-cloth-480x480.jpg 480w\" sizes=\"(min-width: 0px) and (max-width: 480px) 480px, (min-width: 481px) 750px, 100vw\" \/> <img decoding=\"async\" class=\"aligncenter size-full wp-image-4669\" src=\"https:\/\/www.supersybon.com\/fr\/wp-content\/uploads\/2025\/12\/1765531509-1028-Environmental-sticky-Auto-Dust-Cloth-Sticky-Paint-Yellow-white-Tack-Cloth-for-Paint.jpg\" alt=\"1028 - Chiffon anti-poussi\u00e8re autocollant \u00e9cologique pour peinture - Chiffon collant jaune et blanc pour peinture\" width=\"750\" height=\"750\" srcset=\"https:\/\/www.supersybon.com\/fr\/wp-content\/uploads\/2025\/12\/1765531509-1028-Environmental-sticky-Auto-Dust-Cloth-Sticky-Paint-Yellow-white-Tack-Cloth-for-Paint.jpg 750w, https:\/\/www.supersybon.com\/fr\/wp-content\/uploads\/2025\/12\/1765531509-1028-Environmental-sticky-Auto-Dust-Cloth-Sticky-Paint-Yellow-white-Tack-Cloth-for-Paint-480x480.jpg 480w\" sizes=\"(min-width: 0px) and (max-width: 480px) 480px, (min-width: 481px) 750px, 100vw\" \/> <img decoding=\"async\" class=\"aligncenter size-full wp-image-4670\" src=\"https:\/\/www.supersybon.com\/fr\/wp-content\/uploads\/2025\/12\/1765531514-1028-Promotional-Dust-Removal-Tack-Cloth-Light-Yellow-100-Cotton-Gauze-Tack-Cloth.jpg\" alt=\"1028 - Chiffon d\u00e9poussi\u00e9rant promotionnel - Jaune clair - Gaze 100 % coton\" width=\"750\" height=\"750\" srcset=\"https:\/\/www.supersybon.com\/fr\/wp-content\/uploads\/2025\/12\/1765531514-1028-Promotional-Dust-Removal-Tack-Cloth-Light-Yellow-100-Cotton-Gauze-Tack-Cloth.jpg 750w, https:\/\/www.supersybon.com\/fr\/wp-content\/uploads\/2025\/12\/1765531514-1028-Promotional-Dust-Removal-Tack-Cloth-Light-Yellow-100-Cotton-Gauze-Tack-Cloth-480x480.jpg 480w\" sizes=\"(min-width: 0px) and (max-width: 480px) 480px, (min-width: 481px) 750px, 100vw\" \/><\/div>\n<div class=\"magic-13\">\n<div class=\"magic-14\">\n<div class=\"magic-9\">\n<div class=\"magic-10\">\n<p>&nbsp;<\/p>\n<p>&nbsp;<\/p>\n<p>&nbsp;<\/p>\n<p><strong>Emballage et service du produit<\/strong><\/p>\n<hr \/>\n<p><strong>EMBALLER:<\/strong><\/p>\n<p>1 pi\u00e8ce\/poly-sac, 10 sacs\/bo\u00eete, 20 bo\u00eetes\/carton.<\/p>\n<\/div>\n<\/div>\n<\/div>\n<\/div>\n<div class=\"magic-13\">\n<div class=\"magic-14\">\n<div data-spm-anchor-id=\"a2700.details.0.i37.625d2e9eLtZffL\">\n<p>&nbsp;<\/p>\n<p><img decoding=\"async\" class=\"aligncenter size-full wp-image-4672\" src=\"https:\/\/www.supersybon.com\/fr\/wp-content\/uploads\/2025\/12\/1765531525-1028-White-Yellow-Removing-Dust-Tack-Rags-Individually-Packed-Gauze-Tack-Cloth.jpg\" alt=\"1028-Blanc-Jaune-Chiffons d\u00e9poussi\u00e9rants-Chiffons de gaze impr\u00e9gn\u00e9s-Emball\u00e9s individuellement\" width=\"750\" height=\"750\" srcset=\"https:\/\/www.supersybon.com\/fr\/wp-content\/uploads\/2025\/12\/1765531525-1028-White-Yellow-Removing-Dust-Tack-Rags-Individually-Packed-Gauze-Tack-Cloth.jpg 750w, https:\/\/www.supersybon.com\/fr\/wp-content\/uploads\/2025\/12\/1765531525-1028-White-Yellow-Removing-Dust-Tack-Rags-Individually-Packed-Gauze-Tack-Cloth-480x480.jpg 480w\" sizes=\"(min-width: 0px) and (max-width: 480px) 480px, (min-width: 481px) 750px, 100vw\" \/><\/p>\n<\/div>\n<\/div>\n<\/div>\n","protected":false},"excerpt":{"rendered":"<p>1028 Chiffon d'essuyage adh\u00e9sif :<br \/>\n1. Chiffons d'essuyage adh\u00e9sifs de qualit\u00e9 sup\u00e9rieure, emball\u00e9s individuellement.<br \/>\n2. Le tissu de ces chiffons est micro-perfor\u00e9 pour pi\u00e9ger, capturer et \u00e9liminer toutes les particules et contaminants de surface.<br \/>\n3. Chiffons d'essuyage adh\u00e9sifs de qualit\u00e9 professionnelle sup\u00e9rieure, con\u00e7us pour les professionnels de la finition et de la r\u00e9novation.<\/p>\n","protected":false},"featured_media":4670,"template":"","meta":{"_et_pb_use_builder":"","_et_pb_old_content":"","_et_gb_content_width":""},"product_brand":[],"product_cat":[67,68],"product_tag":[1072],"class_list":{"0":"post-4663","1":"product","2":"type-product","3":"status-publish","4":"has-post-thumbnail","6":"product_cat-serie-de-reparation-automobile","7":"product_cat-tissu-collant","8":"product_tag-1028-chiffon-collant","10":"first","11":"instock","12":"shipping-taxable","13":"product-type-simple"},"_links":{"self":[{"href":"https:\/\/www.supersybon.com\/fr\/wp-json\/wp\/v2\/product\/4663","targetHints":{"allow":["GET"]}}],"collection":[{"href":"https:\/\/www.supersybon.com\/fr\/wp-json\/wp\/v2\/product"}],"about":[{"href":"https:\/\/www.supersybon.com\/fr\/wp-json\/wp\/v2\/types\/product"}],"wp:featuredmedia":[{"embeddable":true,"href":"https:\/\/www.supersybon.com\/fr\/wp-json\/wp\/v2\/media\/4670"}],"wp:attachment":[{"href":"https:\/\/www.supersybon.com\/fr\/wp-json\/wp\/v2\/media?parent=4663"}],"wp:term":[{"taxonomy":"product_brand","embeddable":true,"href":"https:\/\/www.supersybon.com\/fr\/wp-json\/wp\/v2\/product_brand?post=4663"},{"taxonomy":"product_cat","embeddable":true,"href":"https:\/\/www.supersybon.com\/fr\/wp-json\/wp\/v2\/product_cat?post=4663"},{"taxonomy":"product_tag","embeddable":true,"href":"https:\/\/www.supersybon.com\/fr\/wp-json\/wp\/v2\/product_tag?post=4663"}],"curies":[{"name":"wp","href":"https:\/\/api.w.org\/{rel}","templated":true}]}}