{"id":4632,"date":"2025-12-11T18:47:07","date_gmt":"2025-12-11T10:47:07","guid":{"rendered":"https:\/\/www.supersybon.com\/fr\/?post_type=product&#038;p=4632"},"modified":"2025-12-11T19:01:43","modified_gmt":"2025-12-11T11:01:43","slug":"feuilles-abrasives-auto-agrippantes-multi-perforees-70x400-420-mm-grain-p60-2500-couleur-violette-pour-poncage-automobile","status":"publish","type":"product","link":"https:\/\/www.supersybon.com\/fr\/product\/feuilles-abrasives-auto-agrippantes-multi-perforees-70x400-420-mm-grain-p60-2500-couleur-violette-pour-poncage-automobile","title":{"rendered":"Feuilles abrasives violettes auto-agrippantes multi-perfor\u00e9es 70x400\/420 mm, grain P60-2500, couleur violette, pour pon\u00e7age automobile."},"content":{"rendered":"<p><img decoding=\"async\" class=\"aligncenter size-full wp-image-4636\" src=\"https:\/\/www.supersybon.com\/fr\/wp-content\/uploads\/2025\/12\/1765450095-VS-Abrasive-Sheet-P60-2500-Grade-Automotive-Sanding-Sandpaper-for-Coating-Removal-Body-Repair-Auto-Sanding.jpg\" alt=\"Feuille abrasive VS-P60-2500 \u2013 Grain P60 \u2013 Papier de verre pour pon\u00e7age automobile, enl\u00e8vement de rev\u00eatements, r\u00e9paration de carrosserie et pon\u00e7age de v\u00e9hicules.\" width=\"750\" height=\"302\" srcset=\"https:\/\/www.supersybon.com\/fr\/wp-content\/uploads\/2025\/12\/1765450095-VS-Abrasive-Sheet-P60-2500-Grade-Automotive-Sanding-Sandpaper-for-Coating-Removal-Body-Repair-Auto-Sanding.jpg 750w, https:\/\/www.supersybon.com\/fr\/wp-content\/uploads\/2025\/12\/1765450095-VS-Abrasive-Sheet-P60-2500-Grade-Automotive-Sanding-Sandpaper-for-Coating-Removal-Body-Repair-Auto-Sanding-480x193.jpg 480w\" sizes=\"(min-width: 0px) and (max-width: 480px) 480px, (min-width: 481px) 750px, 100vw\" \/><\/p>\n<h2><strong>Feuilles abrasives auto-agrippantes multi-perfor\u00e9es 70x400\/420 mm, grain P60-2500<\/strong><\/h2>\n<p>Avantages :<\/p>\n<p>1. Performances sup\u00e9rieures : Obtenez une coupe 30 % plus rapide et une dur\u00e9e de vie 30 % plus longue avec les feuilles abrasives SYBON.<br \/>\n2. Excellente aspiration des poussi\u00e8res : La perforation multiple optimise l'extraction des poussi\u00e8res.<br \/>\n3. Changement rapide : La fixation auto-agrippante assure un maintien ferme et un retrait rapide pour une meilleure efficacit\u00e9.<br \/>\n4. Moins de pression n\u00e9cessaire : Les grains abrasifs de pr\u00e9cision, \u00e0 la coupe aff\u00fbt\u00e9e, offrent d'excellents r\u00e9sultats avec une pression r\u00e9duite.<br \/>\n5. Usage industriel\/professionnel uniquement.<\/p>\n<div data-id=\"paragraph0\"><img decoding=\"async\" class=\"aligncenter size-full wp-image-4633\" src=\"https:\/\/www.supersybon.com\/fr\/wp-content\/uploads\/2025\/12\/1765450078-VS-70x400mm-Abrasive-strips-Factory-Supply-Sandpaper-Multi-Holes-Hook-And-Loop-Abrasive-Purple-Sanding-Paper.jpg\" alt=\"Bandes abrasives VS-70x400mm - Fournisseur d'usine - Papier de verre multi-trous avec fixation auto-agrippante - Papier abrasif violet\" width=\"750\" height=\"750\" srcset=\"https:\/\/www.supersybon.com\/fr\/wp-content\/uploads\/2025\/12\/1765450078-VS-70x400mm-Abrasive-strips-Factory-Supply-Sandpaper-Multi-Holes-Hook-And-Loop-Abrasive-Purple-Sanding-Paper.jpg 750w, https:\/\/www.supersybon.com\/fr\/wp-content\/uploads\/2025\/12\/1765450078-VS-70x400mm-Abrasive-strips-Factory-Supply-Sandpaper-Multi-Holes-Hook-And-Loop-Abrasive-Purple-Sanding-Paper-480x480.jpg 480w\" sizes=\"(min-width: 0px) and (max-width: 480px) 480px, (min-width: 481px) 750px, 100vw\" \/> <img decoding=\"async\" class=\"aligncenter size-full wp-image-4637\" src=\"https:\/\/www.supersybon.com\/fr\/wp-content\/uploads\/2025\/12\/1765450099-VS-Hook-loop-purple-sand-paper-sheet-abrasive-paper-violet-polishing-multi-holes-sand-sheet.jpg\" alt=\"Feuille de papier abrasif violet \u00e0 fixation auto-agrippante, papier de pon\u00e7age violet, papier de polissage multi-perfor\u00e9.\" width=\"750\" height=\"750\" srcset=\"https:\/\/www.supersybon.com\/fr\/wp-content\/uploads\/2025\/12\/1765450099-VS-Hook-loop-purple-sand-paper-sheet-abrasive-paper-violet-polishing-multi-holes-sand-sheet.jpg 750w, https:\/\/www.supersybon.com\/fr\/wp-content\/uploads\/2025\/12\/1765450099-VS-Hook-loop-purple-sand-paper-sheet-abrasive-paper-violet-polishing-multi-holes-sand-sheet-480x480.jpg 480w\" sizes=\"(min-width: 0px) and (max-width: 480px) 480px, (min-width: 481px) 750px, 100vw\" \/> <img decoding=\"async\" class=\"aligncenter size-full wp-image-4635\" src=\"https:\/\/www.supersybon.com\/fr\/wp-content\/uploads\/2025\/12\/1765450089-VS-Abrasive-Sheet-Automotive-Sanding-Sandpaper-Multi-Hole-70mm-Rectangular-Sandpaper-Dry-Sanding-Roll-for-Coating-Removal-Body-Repair-Auto-Sanding.jpg\" alt=\"Feuille abrasive VS pour pon\u00e7age automobile, papier de verre multi-perfor\u00e9 de 70 mm, format rectangulaire, rouleau de pon\u00e7age \u00e0 sec pour l'\u00e9limination des rev\u00eatements, la r\u00e9paration de carrosserie et le pon\u00e7age automobile.\" width=\"750\" height=\"750\" srcset=\"https:\/\/www.supersybon.com\/fr\/wp-content\/uploads\/2025\/12\/1765450089-VS-Abrasive-Sheet-Automotive-Sanding-Sandpaper-Multi-Hole-70mm-Rectangular-Sandpaper-Dry-Sanding-Roll-for-Coating-Removal-Body-Repair-Auto-Sanding.jpg 750w, https:\/\/www.supersybon.com\/fr\/wp-content\/uploads\/2025\/12\/1765450089-VS-Abrasive-Sheet-Automotive-Sanding-Sandpaper-Multi-Hole-70mm-Rectangular-Sandpaper-Dry-Sanding-Roll-for-Coating-Removal-Body-Repair-Auto-Sanding-480x480.jpg 480w\" sizes=\"(min-width: 0px) and (max-width: 480px) 480px, (min-width: 481px) 750px, 100vw\" \/> <img decoding=\"async\" class=\"aligncenter size-full wp-image-4634\" src=\"https:\/\/www.supersybon.com\/fr\/wp-content\/uploads\/2025\/12\/1765450084-VS-70x400mm-Multi-holes-Abrasive-Sheets-70x420mm-Purple-Sanding-Sandpaper-Sanding-Strip.jpg\" alt=\"Feuilles abrasives multi-perfor\u00e9es VS-70x400mm - Papier de verre violet 70x420mm - Bande de pon\u00e7age\" width=\"750\" height=\"750\" srcset=\"https:\/\/www.supersybon.com\/fr\/wp-content\/uploads\/2025\/12\/1765450084-VS-70x400mm-Multi-holes-Abrasive-Sheets-70x420mm-Purple-Sanding-Sandpaper-Sanding-Strip.jpg 750w, https:\/\/www.supersybon.com\/fr\/wp-content\/uploads\/2025\/12\/1765450084-VS-70x400mm-Multi-holes-Abrasive-Sheets-70x420mm-Purple-Sanding-Sandpaper-Sanding-Strip-480x480.jpg 480w\" sizes=\"(min-width: 0px) and (max-width: 480px) 480px, (min-width: 481px) 750px, 100vw\" \/> <img decoding=\"async\" class=\"aligncenter size-full wp-image-4638\" src=\"https:\/\/www.supersybon.com\/fr\/wp-content\/uploads\/2025\/12\/1765450105-VS-P60-2000-Grit-Sandpaper-Heavy-Duty-Sticky-back-Adhesive-Longboard-Sanding-Sand-Paper-for-Wood-Metal-Autobody-Paint-Air-Sanders.jpg\" alt=\"Papier abrasif VS-P60-2000 \u00e0 grain fin, r\u00e9sistant, auto-adh\u00e9sif, pour pon\u00e7age de planches de surf, bois, m\u00e9tal, carrosserie et peinture, compatible avec ponceuses pneumatiques.\" width=\"800\" height=\"800\" srcset=\"https:\/\/www.supersybon.com\/fr\/wp-content\/uploads\/2025\/12\/1765450105-VS-P60-2000-Grit-Sandpaper-Heavy-Duty-Sticky-back-Adhesive-Longboard-Sanding-Sand-Paper-for-Wood-Metal-Autobody-Paint-Air-Sanders.jpg 800w, https:\/\/www.supersybon.com\/fr\/wp-content\/uploads\/2025\/12\/1765450105-VS-P60-2000-Grit-Sandpaper-Heavy-Duty-Sticky-back-Adhesive-Longboard-Sanding-Sand-Paper-for-Wood-Metal-Autobody-Paint-Air-Sanders-480x480.jpg 480w\" sizes=\"(min-width: 0px) and (max-width: 480px) 480px, (min-width: 481px) 800px, 100vw\" \/> <img decoding=\"async\" class=\"aligncenter size-full wp-image-4641\" src=\"https:\/\/www.supersybon.com\/fr\/wp-content\/uploads\/2025\/12\/1765450122-VS-Violet-Abrasive-Sheet-Multi-Hole-Automotive-Sanding-Sandpaper-for-Coating-Removal-Body-Repair-Auto-Sanding.jpg\" alt=\"Feuille abrasive violette VS \u2013 Papier de verre multi-perfor\u00e9 pour pon\u00e7age automobile, pour l'\u00e9limination des rev\u00eatements, la r\u00e9paration de carrosserie et le pon\u00e7age automobile.\" width=\"800\" height=\"800\" srcset=\"https:\/\/www.supersybon.com\/fr\/wp-content\/uploads\/2025\/12\/1765450122-VS-Violet-Abrasive-Sheet-Multi-Hole-Automotive-Sanding-Sandpaper-for-Coating-Removal-Body-Repair-Auto-Sanding.jpg 800w, https:\/\/www.supersybon.com\/fr\/wp-content\/uploads\/2025\/12\/1765450122-VS-Violet-Abrasive-Sheet-Multi-Hole-Automotive-Sanding-Sandpaper-for-Coating-Removal-Body-Repair-Auto-Sanding-480x480.jpg 480w\" sizes=\"(min-width: 0px) and (max-width: 480px) 480px, (min-width: 481px) 800px, 100vw\" \/><\/div>\n<div class=\"magic-13\">\n<div class=\"magic-14\">\n<div class=\"magic-9\">\n<div class=\"magic-10\">\n<p>&nbsp;<\/p>\n<p>&nbsp;<\/p>\n<p>&nbsp;<\/p>\n<p>&nbsp;<\/p>\n<p>&nbsp;<\/p>\n<p><strong>Emballage et service du produit<\/strong><\/p>\n<hr \/>\n<p><strong>EMBALLER:<\/strong><\/p>\n<p>1000 pi\u00e8ces\/carton.<\/p>\n<p><img decoding=\"async\" class=\"aligncenter size-full wp-image-4639\" src=\"https:\/\/www.supersybon.com\/fr\/wp-content\/uploads\/2025\/12\/1765450111-VS-Purple-70-mm-x-400-mm-P60-P2000-Grit-Clean-Sanding-Sheet.jpg\" alt=\"Feuille de pon\u00e7age VS-Purple 70 mm x 400 mm, grains P60 \u00e0 P2000, pour pon\u00e7age de pr\u00e9cision.\" width=\"750\" height=\"750\" srcset=\"https:\/\/www.supersybon.com\/fr\/wp-content\/uploads\/2025\/12\/1765450111-VS-Purple-70-mm-x-400-mm-P60-P2000-Grit-Clean-Sanding-Sheet.jpg 750w, https:\/\/www.supersybon.com\/fr\/wp-content\/uploads\/2025\/12\/1765450111-VS-Purple-70-mm-x-400-mm-P60-P2000-Grit-Clean-Sanding-Sheet-480x480.jpg 480w\" sizes=\"(min-width: 0px) and (max-width: 480px) 480px, (min-width: 481px) 750px, 100vw\" \/><\/p>\n<\/div>\n<\/div>\n<\/div>\n<\/div>\n","protected":false},"excerpt":{"rendered":"<p>Feuilles abrasives violettes<br \/>\n1. Performances sup\u00e9rieures : Obtenez une coupe 30 % plus rapide et une dur\u00e9e de vie 30 % plus longue avec les feuilles abrasives SYBON.<br \/>\n2. Excellente aspiration des poussi\u00e8res : La perforation multi-trous optimise l'extraction des poussi\u00e8res.<br \/>\n3. Changement rapide : La fixation auto-agrippante assure une fixation ferme et un retrait rapide pour une meilleure efficacit\u00e9.<br \/>\n4. Moins de pression n\u00e9cessaire : Les grains abrasifs de pr\u00e9cision, \u00e0 la coupe aff\u00fbt\u00e9e, offrent d'excellents r\u00e9sultats avec une pression r\u00e9duite.<br \/>\n5. R\u00e9serv\u00e9 \u00e0 un usage industriel\/professionnel.<\/p>\n","protected":false},"featured_media":4640,"template":"","meta":{"_et_pb_use_builder":"","_et_pb_old_content":"","_et_gb_content_width":""},"product_brand":[],"product_cat":[67,69],"product_tag":[1069],"class_list":{"0":"post-4632","1":"product","2":"type-product","3":"status-publish","4":"has-post-thumbnail","6":"product_cat-serie-de-reparation-automobile","7":"product_cat-papier-de-verre","8":"product_tag-feuilles-abrasives-violettes","10":"first","11":"instock","12":"shipping-taxable","13":"product-type-simple"},"_links":{"self":[{"href":"https:\/\/www.supersybon.com\/fr\/wp-json\/wp\/v2\/product\/4632","targetHints":{"allow":["GET"]}}],"collection":[{"href":"https:\/\/www.supersybon.com\/fr\/wp-json\/wp\/v2\/product"}],"about":[{"href":"https:\/\/www.supersybon.com\/fr\/wp-json\/wp\/v2\/types\/product"}],"wp:featuredmedia":[{"embeddable":true,"href":"https:\/\/www.supersybon.com\/fr\/wp-json\/wp\/v2\/media\/4640"}],"wp:attachment":[{"href":"https:\/\/www.supersybon.com\/fr\/wp-json\/wp\/v2\/media?parent=4632"}],"wp:term":[{"taxonomy":"product_brand","embeddable":true,"href":"https:\/\/www.supersybon.com\/fr\/wp-json\/wp\/v2\/product_brand?post=4632"},{"taxonomy":"product_cat","embeddable":true,"href":"https:\/\/www.supersybon.com\/fr\/wp-json\/wp\/v2\/product_cat?post=4632"},{"taxonomy":"product_tag","embeddable":true,"href":"https:\/\/www.supersybon.com\/fr\/wp-json\/wp\/v2\/product_tag?post=4632"}],"curies":[{"name":"wp","href":"https:\/\/api.w.org\/{rel}","templated":true}]}}