{"id":4623,"date":"2025-12-11T18:34:17","date_gmt":"2025-12-11T10:34:17","guid":{"rendered":"https:\/\/www.supersybon.com\/fr\/?post_type=product&#038;p=4623"},"modified":"2025-12-11T18:42:46","modified_gmt":"2025-12-11T10:42:46","slug":"hp101-tampons-abrasifs-scotch-brite-de-15-cm-x-23-cm-pour-la-preparation-des-surfaces-le-poncage-leger-et-le-nettoyage","status":"publish","type":"product","link":"https:\/\/www.supersybon.com\/fr\/product\/hp101-tampons-abrasifs-scotch-brite-de-15-cm-x-23-cm-pour-la-preparation-des-surfaces-le-poncage-leger-et-le-nettoyage","title":{"rendered":"HP101 Tampon abrasif Scotch-Brite de 15 cm x 23 cm pour la pr\u00e9paration des surfaces, le pon\u00e7age l\u00e9ger et le nettoyage."},"content":{"rendered":"<p><img decoding=\"async\" class=\"aligncenter size-full wp-image-4624\" src=\"https:\/\/www.supersybon.com\/fr\/wp-content\/uploads\/2025\/12\/1765449340-HP101-6-x-9-Inch-Hand-Pads-Coarse-Medium-Fine-Superfine-Different-Specifications-Assortment-General-Purpose-Scouring-Pad.jpg\" alt=\"Tampons abrasifs manuels HP101-6-x-9 pouces \u2013 Grains grossier, moyen, fin et extra-fin \u2013 Assortiment de diff\u00e9rentes sp\u00e9cifications \u2013 Tampon \u00e0 r\u00e9curer polyvalent\" width=\"750\" height=\"302\" srcset=\"https:\/\/www.supersybon.com\/fr\/wp-content\/uploads\/2025\/12\/1765449340-HP101-6-x-9-Inch-Hand-Pads-Coarse-Medium-Fine-Superfine-Different-Specifications-Assortment-General-Purpose-Scouring-Pad.jpg 750w, https:\/\/www.supersybon.com\/fr\/wp-content\/uploads\/2025\/12\/1765449340-HP101-6-x-9-Inch-Hand-Pads-Coarse-Medium-Fine-Superfine-Different-Specifications-Assortment-General-Purpose-Scouring-Pad-480x193.jpg 480w\" sizes=\"(min-width: 0px) and (max-width: 480px) 480px, (min-width: 481px) 750px, 100vw\" \/><\/p>\n<p>&nbsp;<\/p>\n<h2><strong>Tampon abrasif Scotch-Brite<\/strong><\/h2>\n<p>1) Convient pour le nettoyage et l'\u00e9bavurage, l'\u00e9limination de la couche d'oxyde m\u00e9tallique et des taches de rouille. Pon\u00e7age grossier avant<br \/>\nl'application de peinture sur panneaux et t\u00f4les fines, traitement des surfaces en acier inoxydable bross\u00e9 et autres finitions de polissage.<br \/>\n2) D\u00e9rouillage et \u00e9bavurage, traitement des surfaces peintes, pr\u00e9paration avant placage, polissage des produits en aluminium et des meubles en bois.<\/p>\n<p>Caract\u00e9ristiques :<br \/>\n1. Bonne r\u00e9sistance \u00e0 l'eau et \u00e0 l'huile ;<br \/>\n2. Coupe \u00e0 froid, structure unique pour un refroidissement efficace, \u00e9vitant la d\u00e9formation et la d\u00e9coloration de la pi\u00e8ce dues \u00e0 la surchauffe pendant le<br \/>\nprocessus ;<br \/>\n3. Auto-aff\u00fbtage : le processus de pon\u00e7age entra\u00eene une usure continue des fibres, permettant la formation naturelle de nouvelles surfaces abrasives, garantissant une qualit\u00e9 constante.<\/p>\n<p>Applications :<br \/>\n1. Traitement des m\u00e9taux<br \/>\n2. Travail du bois<br \/>\n3. Traitement des mat\u00e9riaux composites<br \/>\n4. R\u00e9novation automobile<br \/>\n5. Construction et d\u00e9coration<br \/>\n6. Usinage manuel<\/p>\n<div class=\"magic-13\">\n<div class=\"magic-14\">\n<div class=\"magic-9\">\n<p><img decoding=\"async\" class=\"aligncenter size-full wp-image-4626\" src=\"https:\/\/www.supersybon.com\/fr\/wp-content\/uploads\/2025\/12\/1765449350-HP101-Best-Quality-Abrasive-Scouring-Pad-Scouring-Pad-Scotch-Brite.jpg\" alt=\"HP101 - Tampon \u00e0 r\u00e9curer abrasif de qualit\u00e9 sup\u00e9rieure - Tampon \u00e0 r\u00e9curer Scotch-Brite\" width=\"750\" height=\"750\" srcset=\"https:\/\/www.supersybon.com\/fr\/wp-content\/uploads\/2025\/12\/1765449350-HP101-Best-Quality-Abrasive-Scouring-Pad-Scouring-Pad-Scotch-Brite.jpg 750w, https:\/\/www.supersybon.com\/fr\/wp-content\/uploads\/2025\/12\/1765449350-HP101-Best-Quality-Abrasive-Scouring-Pad-Scouring-Pad-Scotch-Brite-480x480.jpg 480w\" sizes=\"(min-width: 0px) and (max-width: 480px) 480px, (min-width: 481px) 750px, 100vw\" \/> <img decoding=\"async\" class=\"aligncenter size-full wp-image-4627\" src=\"https:\/\/www.supersybon.com\/fr\/wp-content\/uploads\/2025\/12\/1765449355-HP101-Scotch-Brite-Abrasive-Cleaning-Industry-Scouring-Pad-for-Polishing-Grinding-and-Finishing.jpg\" alt=\"HP101 - Tampon abrasif de nettoyage industriel Scotch-Brite pour le polissage, le meulage et la finition\" width=\"750\" height=\"750\" srcset=\"https:\/\/www.supersybon.com\/fr\/wp-content\/uploads\/2025\/12\/1765449355-HP101-Scotch-Brite-Abrasive-Cleaning-Industry-Scouring-Pad-for-Polishing-Grinding-and-Finishing.jpg 750w, https:\/\/www.supersybon.com\/fr\/wp-content\/uploads\/2025\/12\/1765449355-HP101-Scotch-Brite-Abrasive-Cleaning-Industry-Scouring-Pad-for-Polishing-Grinding-and-Finishing-480x480.jpg 480w\" sizes=\"(min-width: 0px) and (max-width: 480px) 480px, (min-width: 481px) 750px, 100vw\" \/> <img decoding=\"async\" class=\"aligncenter size-full wp-image-4625\" src=\"https:\/\/www.supersybon.com\/fr\/wp-content\/uploads\/2025\/12\/1765449345-HP101-6x9-Industrial-Scouring-Pad-Hand-Pad-for-Metal-Surface-Cleaning.jpg\" alt=\"HP101-6''x9'' - Tampon de nettoyage industriel pour le nettoyage des surfaces m\u00e9talliques\" width=\"750\" height=\"750\" srcset=\"https:\/\/www.supersybon.com\/fr\/wp-content\/uploads\/2025\/12\/1765449345-HP101-6x9-Industrial-Scouring-Pad-Hand-Pad-for-Metal-Surface-Cleaning.jpg 750w, https:\/\/www.supersybon.com\/fr\/wp-content\/uploads\/2025\/12\/1765449345-HP101-6x9-Industrial-Scouring-Pad-Hand-Pad-for-Metal-Surface-Cleaning-480x480.jpg 480w\" sizes=\"(min-width: 0px) and (max-width: 480px) 480px, (min-width: 481px) 750px, 100vw\" \/> <img decoding=\"async\" class=\"aligncenter size-full wp-image-4629\" src=\"https:\/\/www.supersybon.com\/fr\/wp-content\/uploads\/2025\/12\/1765449366-HP101-Scotch-Brite-Hand-Pad-6-in-x-9-in-Scouring-Pads-for-Surface-Preparation-Scuffing-and-Cleaning.jpg\" alt=\"HP101 - Tampons abrasifs Scotch-Brite de 15 cm x 23 cm pour la pr\u00e9paration des surfaces, le pon\u00e7age et le nettoyage.\" width=\"750\" height=\"750\" srcset=\"https:\/\/www.supersybon.com\/fr\/wp-content\/uploads\/2025\/12\/1765449366-HP101-Scotch-Brite-Hand-Pad-6-in-x-9-in-Scouring-Pads-for-Surface-Preparation-Scuffing-and-Cleaning.jpg 750w, https:\/\/www.supersybon.com\/fr\/wp-content\/uploads\/2025\/12\/1765449366-HP101-Scotch-Brite-Hand-Pad-6-in-x-9-in-Scouring-Pads-for-Surface-Preparation-Scuffing-and-Cleaning-480x480.jpg 480w\" sizes=\"(min-width: 0px) and (max-width: 480px) 480px, (min-width: 481px) 750px, 100vw\" \/> <img decoding=\"async\" class=\"aligncenter size-full wp-image-4630\" src=\"https:\/\/www.supersybon.com\/fr\/wp-content\/uploads\/2025\/12\/1765449371-HP101-Scotch-Brite-Hand-Sanding-Abrasive-Finishing-Scouring-Pads-For-General-Purpose.jpg\" alt=\"HP101 - Tampons abrasifs de pon\u00e7age et de finition Scotch-Brite pour usage g\u00e9n\u00e9ral\" width=\"750\" height=\"750\" srcset=\"https:\/\/www.supersybon.com\/fr\/wp-content\/uploads\/2025\/12\/1765449371-HP101-Scotch-Brite-Hand-Sanding-Abrasive-Finishing-Scouring-Pads-For-General-Purpose.jpg 750w, https:\/\/www.supersybon.com\/fr\/wp-content\/uploads\/2025\/12\/1765449371-HP101-Scotch-Brite-Hand-Sanding-Abrasive-Finishing-Scouring-Pads-For-General-Purpose-480x480.jpg 480w\" sizes=\"(min-width: 0px) and (max-width: 480px) 480px, (min-width: 481px) 750px, 100vw\" \/><\/p>\n<\/div>\n<\/div>\n<\/div>\n","protected":false},"excerpt":{"rendered":"<p>Tampon abrasif Scotch-Brite<br \/>\n1. Bonne \u00e9tanch\u00e9it\u00e9 \u00e0 l'eau et \u00e0 l'huile ;<br \/>\n2. Coupe \u00e0 froid, structures uniques pour un refroidissement efficace, \u00e9vitant la d\u00e9formation et la d\u00e9coloration de la pi\u00e8ce dues \u00e0 la surchauffe pendant le processus ;<br \/>\n3. Meulage auto-aff\u00fbtant : le processus de meulage entra\u00eene une perte continue de fibres, permettant la formation naturelle de nouvelles surfaces de meulage, garantissant ainsi une qualit\u00e9 constante de la pi\u00e8ce usin\u00e9e.<\/p>\n","protected":false},"featured_media":4628,"template":"","meta":{"_et_pb_use_builder":"","_et_pb_old_content":"","_et_gb_content_width":""},"product_brand":[],"product_cat":[69,67],"product_tag":[1068],"class_list":{"0":"post-4623","1":"product","2":"type-product","3":"status-publish","4":"has-post-thumbnail","6":"product_cat-papier-de-verre","7":"product_cat-serie-de-reparation-automobile","8":"product_tag-tampon-abrasif-scotch-brite","10":"first","11":"instock","12":"shipping-taxable","13":"product-type-simple"},"_links":{"self":[{"href":"https:\/\/www.supersybon.com\/fr\/wp-json\/wp\/v2\/product\/4623","targetHints":{"allow":["GET"]}}],"collection":[{"href":"https:\/\/www.supersybon.com\/fr\/wp-json\/wp\/v2\/product"}],"about":[{"href":"https:\/\/www.supersybon.com\/fr\/wp-json\/wp\/v2\/types\/product"}],"wp:featuredmedia":[{"embeddable":true,"href":"https:\/\/www.supersybon.com\/fr\/wp-json\/wp\/v2\/media\/4628"}],"wp:attachment":[{"href":"https:\/\/www.supersybon.com\/fr\/wp-json\/wp\/v2\/media?parent=4623"}],"wp:term":[{"taxonomy":"product_brand","embeddable":true,"href":"https:\/\/www.supersybon.com\/fr\/wp-json\/wp\/v2\/product_brand?post=4623"},{"taxonomy":"product_cat","embeddable":true,"href":"https:\/\/www.supersybon.com\/fr\/wp-json\/wp\/v2\/product_cat?post=4623"},{"taxonomy":"product_tag","embeddable":true,"href":"https:\/\/www.supersybon.com\/fr\/wp-json\/wp\/v2\/product_tag?post=4623"}],"curies":[{"name":"wp","href":"https:\/\/api.w.org\/{rel}","templated":true}]}}