{"id":4613,"date":"2025-12-11T18:11:38","date_gmt":"2025-12-11T10:11:38","guid":{"rendered":"https:\/\/www.supersybon.com\/fr\/?post_type=product&#038;p=4613"},"modified":"2025-12-11T18:22:28","modified_gmt":"2025-12-11T10:22:28","slug":"gd103-disques-de-decapage-pour-meuleuse-dangle-disques-abrasifs-pour-nettoyer-et-eliminer-la-peinture-les-revetements-la-rouille-les-soudures-et-loxydation","status":"publish","type":"product","link":"https:\/\/www.supersybon.com\/fr\/product\/gd103-disques-de-decapage-pour-meuleuse-dangle-disques-abrasifs-pour-nettoyer-et-eliminer-la-peinture-les-revetements-la-rouille-les-soudures-et-loxydation","title":{"rendered":"GD103 Disques de d\u00e9capage pour meuleuse d'angle : disques abrasifs pour nettoyer et \u00e9liminer la peinture, les rev\u00eatements, la rouille, les soudures et l'oxydation."},"content":{"rendered":"<p><img decoding=\"async\" class=\"aligncenter size-full wp-image-4621\" src=\"https:\/\/www.supersybon.com\/fr\/wp-content\/uploads\/2025\/12\/1765448003-GD103-Strip-Discs-Stripping-Wheel-for-Angle-Grinder-7-Strip-Discs-Wheel-Clean-and-Remove-Paint-Coating-Rust-Welds-Oxidation.jpg\" alt=\"GD103 - Disques de d\u00e9capage pour meuleuse d'angle - Lot de 7 disques de d\u00e9capage - Pour nettoyer et \u00e9liminer la peinture, les rev\u00eatements, la rouille, les soudures et l'oxydation\" width=\"750\" height=\"302\" srcset=\"https:\/\/www.supersybon.com\/fr\/wp-content\/uploads\/2025\/12\/1765448003-GD103-Strip-Discs-Stripping-Wheel-for-Angle-Grinder-7-Strip-Discs-Wheel-Clean-and-Remove-Paint-Coating-Rust-Welds-Oxidation.jpg 750w, https:\/\/www.supersybon.com\/fr\/wp-content\/uploads\/2025\/12\/1765448003-GD103-Strip-Discs-Stripping-Wheel-for-Angle-Grinder-7-Strip-Discs-Wheel-Clean-and-Remove-Paint-Coating-Rust-Welds-Oxidation-480x193.jpg 480w\" sizes=\"(min-width: 0px) and (max-width: 480px) 480px, (min-width: 481px) 750px, 100vw\" \/><\/p>\n<p>&nbsp;<\/p>\n<h2><strong>\u00c0 propos des disques de d\u00e9capage<\/strong><\/h2>\n<p>1. Mat\u00e9riau de qualit\u00e9 sup\u00e9rieure : le disque de d\u00e9capage pour meuleuse d'angle est fabriqu\u00e9 \u00e0 partir de particules de carbure de silicium de haute qualit\u00e9, trait\u00e9es selon une technologie sp\u00e9ciale pour former une meule \u00e0 haute r\u00e9sistance et tr\u00e8s r\u00e9sistante \u00e0 l'usure. Ces disques de d\u00e9capage sont le choix id\u00e9al pour nettoyer et d\u00e9caper les surfaces m\u00e9talliques.<br \/>\n2. Meule plus durable : ce disque de d\u00e9capage pour meuleuse offre une bonne r\u00e9sistance \u00e0 l'usure, \u00e0 l'eau, ainsi qu'une bonne plasticit\u00e9 et souplesse. Il ne d\u00e9t\u00e9riore pas la surface de l'objet et assure une force de pon\u00e7age uniforme.<br \/>\n3. Haute compatibilit\u00e9 : con\u00e7u pour les meuleuses d'angle, ce disque de d\u00e9capage peut \u00eatre facilement mont\u00e9 sur votre meuleuse. Il vous permet d'\u00e9liminer la rouille, l'oxydation ou de nettoyer les cordons de soudure. Ces disques de d\u00e9capage sont extr\u00eamement polyvalents et sp\u00e9cialement con\u00e7us pour un d\u00e9capage rapide avec une perte minimale de mati\u00e8re.<br \/>\n4. Large champ d'application : ce disque de d\u00e9capage pour meuleuse d'angle est id\u00e9al pour le pon\u00e7age et le polissage des surfaces en m\u00e9tal, plastique, fibre de verre, bois, pierre, b\u00e9ton, etc. Parfait pour les ateliers de r\u00e9paration automobile qui ont besoin d'enlever la peinture et l'appr\u00eat tout en prot\u00e9geant la carrosserie.<\/p>\n<div class=\"magic-13\">\n<div class=\"magic-14\">\n<div class=\"magic-9\">\n<p><img decoding=\"async\" class=\"aligncenter size-full wp-image-4619\" src=\"https:\/\/www.supersybon.com\/fr\/wp-content\/uploads\/2025\/12\/1765447991-GD103-Purple-Stripping-Wheel-Strip-Discs-for-Angle-Grinders-Clean-Remove-Paint-Coating-Rust-and-Oxidation-for-Wood-Metal.jpg\" alt=\"GD103 - Disque de d\u00e9capage violet pour meuleuses d'angle - Permet de nettoyer et d'\u00e9liminer la peinture, les rev\u00eatements, la rouille et l'oxydation sur le bois et le m\u00e9tal.\" width=\"750\" height=\"750\" srcset=\"https:\/\/www.supersybon.com\/fr\/wp-content\/uploads\/2025\/12\/1765447991-GD103-Purple-Stripping-Wheel-Strip-Discs-for-Angle-Grinders-Clean-Remove-Paint-Coating-Rust-and-Oxidation-for-Wood-Metal.jpg 750w, https:\/\/www.supersybon.com\/fr\/wp-content\/uploads\/2025\/12\/1765447991-GD103-Purple-Stripping-Wheel-Strip-Discs-for-Angle-Grinders-Clean-Remove-Paint-Coating-Rust-and-Oxidation-for-Wood-Metal-480x480.jpg 480w\" sizes=\"(min-width: 0px) and (max-width: 480px) 480px, (min-width: 481px) 750px, 100vw\" \/> <img decoding=\"async\" class=\"aligncenter size-full wp-image-4615\" src=\"https:\/\/www.supersybon.com\/fr\/wp-content\/uploads\/2025\/12\/1765447966-GD103-7-Strip-Disc-Stripping-Wheel-for-Angle-Grinders-Remove-Rust-Paint-Stripping-Wheel-Clean-Coating-Welds-Rust-Oxidation.jpg\" alt=\"Disque de d\u00e9capage GD103-7'' pour meuleuses d'angle \u2013 Id\u00e9al pour l'\u00e9limination de la rouille et de la peinture, le nettoyage des rev\u00eatements, des soudures et de l'oxydation.\" width=\"750\" height=\"750\" srcset=\"https:\/\/www.supersybon.com\/fr\/wp-content\/uploads\/2025\/12\/1765447966-GD103-7-Strip-Disc-Stripping-Wheel-for-Angle-Grinders-Remove-Rust-Paint-Stripping-Wheel-Clean-Coating-Welds-Rust-Oxidation.jpg 750w, https:\/\/www.supersybon.com\/fr\/wp-content\/uploads\/2025\/12\/1765447966-GD103-7-Strip-Disc-Stripping-Wheel-for-Angle-Grinders-Remove-Rust-Paint-Stripping-Wheel-Clean-Coating-Welds-Rust-Oxidation-480x480.jpg 480w\" sizes=\"(min-width: 0px) and (max-width: 480px) 480px, (min-width: 481px) 750px, 100vw\" \/> <img decoding=\"async\" class=\"aligncenter size-full wp-image-4614\" src=\"https:\/\/www.supersybon.com\/fr\/wp-content\/uploads\/2025\/12\/1765447959-GD103-4.5-Strip-Discs-Stripping-Wheel-Fit-Angle-Grinder-Clean-and-Remove-Paint-Coating-Rust-Welds-Oxidation.jpg\" alt=\"GD103-4,5'' - Disques de d\u00e9capage - Roue de d\u00e9capage pour meuleuse d'angle - Nettoie et \u00e9limine la peinture, les rev\u00eatements, la rouille, les soudures et l'oxydation.\" width=\"750\" height=\"750\" srcset=\"https:\/\/www.supersybon.com\/fr\/wp-content\/uploads\/2025\/12\/1765447959-GD103-4.5-Strip-Discs-Stripping-Wheel-Fit-Angle-Grinder-Clean-and-Remove-Paint-Coating-Rust-Welds-Oxidation.jpg 750w, https:\/\/www.supersybon.com\/fr\/wp-content\/uploads\/2025\/12\/1765447959-GD103-4.5-Strip-Discs-Stripping-Wheel-Fit-Angle-Grinder-Clean-and-Remove-Paint-Coating-Rust-Welds-Oxidation-480x480.jpg 480w\" sizes=\"(min-width: 0px) and (max-width: 480px) 480px, (min-width: 481px) 750px, 100vw\" \/> <img decoding=\"async\" class=\"aligncenter size-full wp-image-4617\" src=\"https:\/\/www.supersybon.com\/fr\/wp-content\/uploads\/2025\/12\/1765447979-GD103-125-150-180mm-Stripping-Discs-Rust-Remover-Wheel-Remove-Paint-and-Oxidation-Poly-Strip-Wheel-Disc-Abrasive-Angle-Grinding-Wheel.jpg\" alt=\"\" width=\"750\" height=\"564\" srcset=\"https:\/\/www.supersybon.com\/fr\/wp-content\/uploads\/2025\/12\/1765447979-GD103-125-150-180mm-Stripping-Discs-Rust-Remover-Wheel-Remove-Paint-and-Oxidation-Poly-Strip-Wheel-Disc-Abrasive-Angle-Grinding-Wheel.jpg 750w, https:\/\/www.supersybon.com\/fr\/wp-content\/uploads\/2025\/12\/1765447979-GD103-125-150-180mm-Stripping-Discs-Rust-Remover-Wheel-Remove-Paint-and-Oxidation-Poly-Strip-Wheel-Disc-Abrasive-Angle-Grinding-Wheel-480x361.jpg 480w\" sizes=\"(min-width: 0px) and (max-width: 480px) 480px, (min-width: 481px) 750px, 100vw\" \/><\/p>\n<div class=\"magic-10\">\n<p>&nbsp;<\/p>\n<\/div>\n<\/div>\n<\/div>\n<\/div>\n","protected":false},"excerpt":{"rendered":"<p>1. Mat\u00e9riau de qualit\u00e9 sup\u00e9rieure - La meule de d\u00e9capage pour meuleuse d'angle est fabriqu\u00e9e \u00e0 partir de particules de carbure de silicium de haute qualit\u00e9, trait\u00e9es par une technologie sp\u00e9ciale pour former une meule \u00e0 haute r\u00e9sistance et \u00e0 haute r\u00e9sistance \u00e0 l'usure. Les disques de d\u00e9capage sont le choix id\u00e9al pour le nettoyage et le d\u00e9capage des surfaces m\u00e9talliques.<br \/>\n2. Meule plus durable - La meule de d\u00e9capage pour meuleuse d'angle offre une bonne r\u00e9sistance \u00e0 l'usure, \u00e0 l'eau, ainsi qu'une bonne plasticit\u00e9 et souplesse. Elle pr\u00e9sente l'avantage de ne pas endommager la surface de l'objet et d'assurer une force de meulage uniforme.<br \/>\n3. Haute compatibilit\u00e9 - Le disque de d\u00e9capage pour meuleuse d'angle est con\u00e7u pour les meuleuses d'angle et peut \u00eatre mont\u00e9 facilement. Il suffit de le fixer \u00e0 votre meuleuse d'angle pour \u00e9liminer la rouille, l'oxydation ou nettoyer les cordons de soudure. Ces disques de d\u00e9capage sont extr\u00eamement polyvalents et sp\u00e9cialement con\u00e7us pour un d\u00e9capage rapide avec une perte minimale de mati\u00e8re.<br \/>\n4. Large champ d'application - Les disques de d\u00e9capage pour meuleuse d'angle conviennent au meulage et au polissage des surfaces de m\u00e9tal, de plastique, de produits en fibre\/fibre de verre, de bois, de pierre, de b\u00e9ton, etc. Id\u00e9al pour les ateliers de r\u00e9paration automobile qui doivent enlever la peinture et l'appr\u00eat tout en prot\u00e9geant la carrosserie.<\/p>\n","protected":false},"featured_media":4620,"template":"","meta":{"_et_pb_use_builder":"","_et_pb_old_content":"","_et_gb_content_width":""},"product_brand":[],"product_cat":[69,67],"product_tag":[1067],"class_list":{"0":"post-4613","1":"product","2":"type-product","3":"status-publish","4":"has-post-thumbnail","6":"product_cat-papier-de-verre","7":"product_cat-serie-de-reparation-automobile","8":"product_tag-disques-de-decapage-pour-meuleuse-dangle","10":"first","11":"instock","12":"shipping-taxable","13":"product-type-simple"},"_links":{"self":[{"href":"https:\/\/www.supersybon.com\/fr\/wp-json\/wp\/v2\/product\/4613","targetHints":{"allow":["GET"]}}],"collection":[{"href":"https:\/\/www.supersybon.com\/fr\/wp-json\/wp\/v2\/product"}],"about":[{"href":"https:\/\/www.supersybon.com\/fr\/wp-json\/wp\/v2\/types\/product"}],"wp:featuredmedia":[{"embeddable":true,"href":"https:\/\/www.supersybon.com\/fr\/wp-json\/wp\/v2\/media\/4620"}],"wp:attachment":[{"href":"https:\/\/www.supersybon.com\/fr\/wp-json\/wp\/v2\/media?parent=4613"}],"wp:term":[{"taxonomy":"product_brand","embeddable":true,"href":"https:\/\/www.supersybon.com\/fr\/wp-json\/wp\/v2\/product_brand?post=4613"},{"taxonomy":"product_cat","embeddable":true,"href":"https:\/\/www.supersybon.com\/fr\/wp-json\/wp\/v2\/product_cat?post=4613"},{"taxonomy":"product_tag","embeddable":true,"href":"https:\/\/www.supersybon.com\/fr\/wp-json\/wp\/v2\/product_tag?post=4613"}],"curies":[{"name":"wp","href":"https:\/\/api.w.org\/{rel}","templated":true}]}}