{"id":4605,"date":"2025-12-11T17:55:37","date_gmt":"2025-12-11T09:55:37","guid":{"rendered":"https:\/\/www.supersybon.com\/fr\/?post_type=product&#038;p=4605"},"modified":"2025-12-11T18:03:19","modified_gmt":"2025-12-11T10:03:19","slug":"hb101-nouveau-tampon-de-poncage-auto-agrippant-avec-support-pour-papier-de-verre-et-bloc-de-poncage-manuel","status":"publish","type":"product","link":"https:\/\/www.supersybon.com\/fr\/product\/hb101-nouveau-tampon-de-poncage-auto-agrippant-avec-support-pour-papier-de-verre-et-bloc-de-poncage-manuel","title":{"rendered":"HB101 Nouveau tampon de pon\u00e7age auto-agrippant avec support pour papier de verre et bloc de pon\u00e7age manuel."},"content":{"rendered":"<p><img decoding=\"async\" class=\"aligncenter size-full wp-image-4611\" src=\"https:\/\/www.supersybon.com\/fr\/wp-content\/uploads\/2025\/12\/1765447078-Premium-Quality-85X152Mm-Curve-Foam-Auto-Body-Sanding-Block-For-Automotive-Use.jpg\" alt=\"Bloc de pon\u00e7age incurv\u00e9 en mousse de qualit\u00e9 sup\u00e9rieure (85 x 152 mm) pour carrosserie automobile.\" width=\"750\" height=\"302\" srcset=\"https:\/\/www.supersybon.com\/fr\/wp-content\/uploads\/2025\/12\/1765447078-Premium-Quality-85X152Mm-Curve-Foam-Auto-Body-Sanding-Block-For-Automotive-Use.jpg 750w, https:\/\/www.supersybon.com\/fr\/wp-content\/uploads\/2025\/12\/1765447078-Premium-Quality-85X152Mm-Curve-Foam-Auto-Body-Sanding-Block-For-Automotive-Use-480x193.jpg 480w\" sizes=\"(min-width: 0px) and (max-width: 480px) 480px, (min-width: 481px) 750px, 100vw\" \/><\/p>\n<p>&nbsp;<\/p>\n<h2><strong>Nouveau bloc de pon\u00e7age manuel avec support auto-agrippant pour papier abrasif<\/strong><\/h2>\n<p>Caract\u00e9ristiques :<\/p>\n<p>1. Id\u00e9al pour poncer dans les endroits difficiles d'acc\u00e8s et maintenir le disque de pon\u00e7age en place.<\/p>\n<p>2. La fixation auto-agrippante robuste emp\u00eache le patin de bouger ou de tourner, tout en permettant un retrait facile des disques de pon\u00e7age.<\/p>\n<p>3. Fabriqu\u00e9 en mat\u00e9riau composite flexible et con\u00e7u de mani\u00e8re ergonomique pour une prise en main confortable.<\/p>\n<p>4. Id\u00e9al pour le travail du bois, les loisirs cr\u00e9atifs, les arts et l'artisanat, la carrosserie automobile, les cloisons s\u00e8ches, l'atelier et l'automobile.<\/p>\n<div class=\"magic-13\">\n<div class=\"magic-14\">\n<div class=\"magic-9\">\n<p><img decoding=\"async\" class=\"aligncenter size-full wp-image-4610\" src=\"https:\/\/www.supersybon.com\/fr\/wp-content\/uploads\/2025\/12\/1765447072-Medium-Pu-Hardness-Material-Pu-Foam-Hand-Sanding-Block-For-Polishing.jpg\" alt=\"Bloc de pon\u00e7age manuel en mousse de polyur\u00e9thane de duret\u00e9 moyenne pour le polissage.\" width=\"750\" height=\"750\" srcset=\"https:\/\/www.supersybon.com\/fr\/wp-content\/uploads\/2025\/12\/1765447072-Medium-Pu-Hardness-Material-Pu-Foam-Hand-Sanding-Block-For-Polishing.jpg 750w, https:\/\/www.supersybon.com\/fr\/wp-content\/uploads\/2025\/12\/1765447072-Medium-Pu-Hardness-Material-Pu-Foam-Hand-Sanding-Block-For-Polishing-480x480.jpg 480w\" sizes=\"(min-width: 0px) and (max-width: 480px) 480px, (min-width: 481px) 750px, 100vw\" \/> <img decoding=\"async\" class=\"aligncenter size-full wp-image-4612\" src=\"https:\/\/www.supersybon.com\/fr\/wp-content\/uploads\/2025\/12\/1765447083-Strong-Hook-Loop-Attachment-Prevents-Pad-Shifting-And-Spinning-Flexible-Composite-Material-Hand-Rubbing-Block.jpg\" alt=\"Syst\u00e8me de fixation auto-agrippant robuste emp\u00eachant le d\u00e9placement et la rotation du tampon \u2013 Bloc de pon\u00e7age manuel en mat\u00e9riau composite flexible.\" width=\"750\" height=\"750\" srcset=\"https:\/\/www.supersybon.com\/fr\/wp-content\/uploads\/2025\/12\/1765447083-Strong-Hook-Loop-Attachment-Prevents-Pad-Shifting-And-Spinning-Flexible-Composite-Material-Hand-Rubbing-Block.jpg 750w, https:\/\/www.supersybon.com\/fr\/wp-content\/uploads\/2025\/12\/1765447083-Strong-Hook-Loop-Attachment-Prevents-Pad-Shifting-And-Spinning-Flexible-Composite-Material-Hand-Rubbing-Block-480x480.jpg 480w\" sizes=\"(min-width: 0px) and (max-width: 480px) 480px, (min-width: 481px) 750px, 100vw\" \/><\/p>\n<p>&nbsp;<\/p>\n<p>&nbsp;<\/p>\n<p>&nbsp;<\/p>\n<div class=\"magic-10\">\n<p>&nbsp;<\/p>\n<p>&nbsp;<\/p>\n<p>&nbsp;<\/p>\n<p>&nbsp;<\/p>\n<p><strong>Emballage et service du produit<\/strong><\/p>\n<hr \/>\n<p><strong>EMBALLER:<\/strong><\/p>\n<p><img decoding=\"async\" class=\"aligncenter size-full wp-image-4607\" src=\"https:\/\/www.supersybon.com\/fr\/wp-content\/uploads\/2025\/12\/1765447053-Car-Use-Pu-Sanding-Disc-Hand-Grinding-Block-Car-Autobody-Sanding-Blocks-Types.jpg\" alt=\"Disques de pon\u00e7age pour carrosserie automobile, blocs de pon\u00e7age manuels, types de blocs de pon\u00e7age pour carrosserie.\" width=\"750\" height=\"750\" srcset=\"https:\/\/www.supersybon.com\/fr\/wp-content\/uploads\/2025\/12\/1765447053-Car-Use-Pu-Sanding-Disc-Hand-Grinding-Block-Car-Autobody-Sanding-Blocks-Types.jpg 750w, https:\/\/www.supersybon.com\/fr\/wp-content\/uploads\/2025\/12\/1765447053-Car-Use-Pu-Sanding-Disc-Hand-Grinding-Block-Car-Autobody-Sanding-Blocks-Types-480x480.jpg 480w\" sizes=\"(min-width: 0px) and (max-width: 480px) 480px, (min-width: 481px) 750px, 100vw\" \/><\/p>\n<p><strong>NOTRE SERVICE:<\/strong><\/p>\n<p>1.24 heures en ligne<\/p>\n<p>2. Prix comp\u00e9titif<\/p>\n<p>3. Excellents commentaires du client<\/p>\n<p>4. Commande en ligne s\u00e9curis\u00e9e<\/p>\n<p>5. livraison rapide<\/p>\n<p>6. support technique professionnel<\/p>\n<\/div>\n<\/div>\n<\/div>\n<\/div>\n<div class=\"magic-13\">\n<div class=\"magic-14\">\n<p>&nbsp;<\/p>\n<div class=\"magic-13\">\n<div class=\"magic-14\">\n<div class=\"magic-9\">\n<div class=\"magic-10\">\n<div class=\"magic-13\">\n<div class=\"magic-14\">\n<div data-spm-anchor-id=\"a2700.details.0.i37.625d2e9eLtZffL\">\n<div class=\"magic-13\">\n<div class=\"magic-14\">\n<div class=\"magic-13\">\n<div class=\"magic-14\">\n<p>&nbsp;<\/p>\n<\/div>\n<\/div>\n<\/div>\n<\/div>\n<\/div>\n<\/div>\n<\/div>\n<\/div>\n<\/div>\n<\/div>\n<\/div>\n<div class=\"magic-13\">\n<div class=\"magic-14\">\n<p><strong>Profil de l'entreprise<\/strong><\/p>\n<hr \/>\n<p>&nbsp;<\/p>\n<\/div>\n<\/div>\n<p><img decoding=\"async\" class=\"aligncenter size-full wp-image-324\" src=\"https:\/\/www.supersybon.com\/fr\/wp-content\/uploads\/2022\/09\/1663401769-Car-Paint-Supplier-Company-Profile-Manufacturer-China.jpg\" alt=\"\" width=\"900\" height=\"958\" srcset=\"https:\/\/www.supersybon.com\/fr\/wp-content\/uploads\/2022\/09\/1663401769-Car-Paint-Supplier-Company-Profile-Manufacturer-China.jpg 900w, https:\/\/www.supersybon.com\/fr\/wp-content\/uploads\/2022\/09\/1663401769-Car-Paint-Supplier-Company-Profile-Manufacturer-China-480x511.jpg 480w\" sizes=\"(min-width: 0px) and (max-width: 480px) 480px, (min-width: 481px) 900px, 100vw\" \/><\/p>\n<div class=\"magic-13\">\n<div class=\"magic-14\">\n<p><strong>FAQ<\/strong><\/p>\n<hr \/>\n<\/div>\n<\/div>\n<p><strong>Q\u00a0:\u00a0Quel est votre MOQ\u00a0?<\/strong><\/p>\n<p>R : Notre MOQ est de 1 carton.<\/p>\n<p><strong>Q\u00a0:\u00a0Qu\u2019en est-il de votre paiement\u00a0?<\/strong><\/p>\n<p>R : d\u00e9p\u00f4t de 50% \u00e0 l'avance, solde de 50% par T\/T, L\/C, paypal, Western Union ou bien avant exp\u00e9dition.<\/p>\n<p><strong>Q : Fournissez-vous des \u00e9chantillons ?<\/strong><\/p>\n<p>R : Oui, vous pouvez acheter un \u00e9chantillon pour le tester.<\/p>\n<p><strong>Q : Qu'en est-il de votre d\u00e9lai de livraison ?<\/strong><\/p>\n<p>R\u00a0:\u00a0Habituellement 15 jours apr\u00e8s r\u00e9ception de votre d\u00e9p\u00f4t.<\/p>\n<\/div>\n<\/div>\n","protected":false},"excerpt":{"rendered":"<p>1. Id\u00e9al pour le pon\u00e7age dans les endroits difficiles d'acc\u00e8s et pour maintenir le disque de pon\u00e7age en place.<br \/>\n2. La fixation auto-agrippante robuste emp\u00eache le patin de bouger ou de tourner, tout en permettant un retrait facile des disques de pon\u00e7age.<br \/>\n3. Fabriqu\u00e9 en mat\u00e9riau composite flexible et dot\u00e9 d'un design ergonomique pour une prise en main tr\u00e8s confortable.<br \/>\n4. Id\u00e9al pour le travail du bois, les loisirs cr\u00e9atifs, les arts et l'artisanat, la carrosserie automobile, les cloisons s\u00e8ches, l'atelier et l'utilisation automobile.<\/p>\n","protected":false},"featured_media":4607,"template":"","meta":{"_et_pb_use_builder":"","_et_pb_old_content":"","_et_gb_content_width":""},"product_brand":[],"product_cat":[69,67],"product_tag":[1066],"class_list":{"0":"post-4605","1":"product","2":"type-product","3":"status-publish","4":"has-post-thumbnail","6":"product_cat-papier-de-verre","7":"product_cat-serie-de-reparation-automobile","8":"product_tag-tampon-de-poncage","10":"first","11":"instock","12":"shipping-taxable","13":"product-type-simple"},"_links":{"self":[{"href":"https:\/\/www.supersybon.com\/fr\/wp-json\/wp\/v2\/product\/4605","targetHints":{"allow":["GET"]}}],"collection":[{"href":"https:\/\/www.supersybon.com\/fr\/wp-json\/wp\/v2\/product"}],"about":[{"href":"https:\/\/www.supersybon.com\/fr\/wp-json\/wp\/v2\/types\/product"}],"wp:featuredmedia":[{"embeddable":true,"href":"https:\/\/www.supersybon.com\/fr\/wp-json\/wp\/v2\/media\/4607"}],"wp:attachment":[{"href":"https:\/\/www.supersybon.com\/fr\/wp-json\/wp\/v2\/media?parent=4605"}],"wp:term":[{"taxonomy":"product_brand","embeddable":true,"href":"https:\/\/www.supersybon.com\/fr\/wp-json\/wp\/v2\/product_brand?post=4605"},{"taxonomy":"product_cat","embeddable":true,"href":"https:\/\/www.supersybon.com\/fr\/wp-json\/wp\/v2\/product_cat?post=4605"},{"taxonomy":"product_tag","embeddable":true,"href":"https:\/\/www.supersybon.com\/fr\/wp-json\/wp\/v2\/product_tag?post=4605"}],"curies":[{"name":"wp","href":"https:\/\/api.w.org\/{rel}","templated":true}]}}