{"id":4568,"date":"2025-12-08T17:21:50","date_gmt":"2025-12-08T09:21:50","guid":{"rendered":"https:\/\/www.supersybon.com\/fr\/?post_type=product&#038;p=4568"},"modified":"2025-12-08T17:33:53","modified_gmt":"2025-12-08T09:33:53","slug":"1002hg-ruban-de-masquage-vert-haute-performance-washi-tape","status":"publish","type":"product","link":"https:\/\/www.supersybon.com\/fr\/product\/1002hg-ruban-de-masquage-vert-haute-performance-washi-tape","title":{"rendered":"1002HG Ruban de masquage vert haute performance Washi Tape"},"content":{"rendered":"<p><iframe title=\"Performance Green Masking Tape by SYBON!\" width=\"1080\" height=\"608\" src=\"https:\/\/www.youtube.com\/embed\/w6Bl-cIZpF4?feature=oembed\"  allow=\"accelerometer; autoplay; clipboard-write; encrypted-media; gyroscope; picture-in-picture; web-share\" referrerpolicy=\"strict-origin-when-cross-origin\" allowfullscreen><\/iframe><\/p>\n<p>&nbsp;<\/p>\n<p><img decoding=\"async\" class=\"aligncenter size-full wp-image-4570\" src=\"https:\/\/www.supersybon.com\/fr\/wp-content\/uploads\/2025\/12\/1765185879-1002HG-Green-Painters-Tape-Painters-Tape-for-Rough-Surfaces-High-Adhesion-Clean-Removal.jpg\" alt=\"1002HG - Ruban de masquage vert - Ruban de masquage pour surfaces rugueuses - Haute adh\u00e9rence - Retrait facile\" width=\"750\" height=\"302\" srcset=\"https:\/\/www.supersybon.com\/fr\/wp-content\/uploads\/2025\/12\/1765185879-1002HG-Green-Painters-Tape-Painters-Tape-for-Rough-Surfaces-High-Adhesion-Clean-Removal.jpg 750w, https:\/\/www.supersybon.com\/fr\/wp-content\/uploads\/2025\/12\/1765185879-1002HG-Green-Painters-Tape-Painters-Tape-for-Rough-Surfaces-High-Adhesion-Clean-Removal-480x193.jpg 480w\" sizes=\"(min-width: 0px) and (max-width: 480px) 480px, (min-width: 481px) 750px, 100vw\" \/><\/p>\n<h2><strong>\u00c0 propos du ruban de masquage vert Washi Tape 1002HG<\/strong><\/h2>\n<p>Avantages\u00a0:<\/p>\n<p>1) ROBUSTE ET FIABLE\u00a0: R\u00e9siste \u00e0 la rupture, au d\u00e9collement et au gondolage gr\u00e2ce \u00e0 son support papier de qualit\u00e9 sup\u00e9rieure.<\/p>\n<p>2) POLYVALENT\u00a0: Offre une grande adaptabilit\u00e9 \u00e0 diverses surfaces.<\/p>\n<p>3) RETRAIT FACILE\u00a0: Se retire facilement sans laisser d\u2019\u00e9clats ni de traces de colle, pour des lignes de peinture toujours impeccables.<\/p>\n<p>4) R\u00c9SISTANT \u00c0 LA CHALEUR\u00a0: R\u00e9siste \u00e0 des temp\u00e9ratures jusqu\u2019\u00e0 120\u00a0\u00b0C.<\/p>\n<p>5) HAUTE VISIBILIT\u00c9\u00a0: Son support vert vif am\u00e9liore la visibilit\u00e9 pour un alignement pr\u00e9cis des bords.<\/p>\n<div data-id=\"paragraph0\"><img decoding=\"async\" class=\"aligncenter size-full wp-image-4569\" src=\"https:\/\/www.supersybon.com\/fr\/wp-content\/uploads\/2025\/12\/1765185873-1002HG-Factory-Price-Quality-Automotive-Masking-Tape-Green-Washi-Paper-Painters-Masking-Tape-for-Car-Washi-Masking-Tape.jpg\" alt=\"1002HG - Ruban de masquage automobile vert de qualit\u00e9 sup\u00e9rieure \u00e0 prix d'usine - Papier Washi - Ruban de masquage pour peintres - Pour voiture - Ruban de masquage Washi\" width=\"800\" height=\"800\" srcset=\"https:\/\/www.supersybon.com\/fr\/wp-content\/uploads\/2025\/12\/1765185873-1002HG-Factory-Price-Quality-Automotive-Masking-Tape-Green-Washi-Paper-Painters-Masking-Tape-for-Car-Washi-Masking-Tape.jpg 800w, https:\/\/www.supersybon.com\/fr\/wp-content\/uploads\/2025\/12\/1765185873-1002HG-Factory-Price-Quality-Automotive-Masking-Tape-Green-Washi-Paper-Painters-Masking-Tape-for-Car-Washi-Masking-Tape-480x480.jpg 480w\" sizes=\"(min-width: 0px) and (max-width: 480px) 480px, (min-width: 481px) 800px, 100vw\" \/> <img decoding=\"async\" class=\"aligncenter size-full wp-image-4573\" src=\"https:\/\/www.supersybon.com\/fr\/wp-content\/uploads\/2025\/12\/1765185893-1002HG-No-Residue-Green-Automotive-Painters-Washi-Tape-Heat-Water-Resistant-Auto-Car-Tape-for-Painting-Provide-Sharp-Paint-Line.jpg\" alt=\"1002HG - Ruban de masquage \u00e9cologique sans r\u00e9sidus pour peintres automobiles - R\u00e9sistant \u00e0 la chaleur et \u00e0 l'eau - Pour des lignes de peinture nettes\" width=\"800\" height=\"800\" srcset=\"https:\/\/www.supersybon.com\/fr\/wp-content\/uploads\/2025\/12\/1765185893-1002HG-No-Residue-Green-Automotive-Painters-Washi-Tape-Heat-Water-Resistant-Auto-Car-Tape-for-Painting-Provide-Sharp-Paint-Line.jpg 800w, https:\/\/www.supersybon.com\/fr\/wp-content\/uploads\/2025\/12\/1765185893-1002HG-No-Residue-Green-Automotive-Painters-Washi-Tape-Heat-Water-Resistant-Auto-Car-Tape-for-Painting-Provide-Sharp-Paint-Line-480x480.jpg 480w\" sizes=\"(min-width: 0px) and (max-width: 480px) 480px, (min-width: 481px) 800px, 100vw\" \/> <img decoding=\"async\" class=\"aligncenter size-full wp-image-4572\" src=\"https:\/\/www.supersybon.com\/fr\/wp-content\/uploads\/2025\/12\/1765185889-1002HG-Making-Tape-Automotive-Paint-Tape-Green-Car-Painting-Painter-Crepe-Paper-Masking-Tape-for-Paint-protection.jpg\" alt=\"1002HG - Ruban de masquage pour peinture automobile - Vert - Papier cr\u00eape - Pour la protection de la peinture\" width=\"800\" height=\"800\" srcset=\"https:\/\/www.supersybon.com\/fr\/wp-content\/uploads\/2025\/12\/1765185889-1002HG-Making-Tape-Automotive-Paint-Tape-Green-Car-Painting-Painter-Crepe-Paper-Masking-Tape-for-Paint-protection.jpg 800w, https:\/\/www.supersybon.com\/fr\/wp-content\/uploads\/2025\/12\/1765185889-1002HG-Making-Tape-Automotive-Paint-Tape-Green-Car-Painting-Painter-Crepe-Paper-Masking-Tape-for-Paint-protection-480x480.jpg 480w\" sizes=\"(min-width: 0px) and (max-width: 480px) 480px, (min-width: 481px) 800px, 100vw\" \/> <img decoding=\"async\" class=\"aligncenter size-full wp-image-4571\" src=\"https:\/\/www.supersybon.com\/fr\/wp-content\/uploads\/2025\/12\/1765185884-1002HG-Heat-Resistant-Masking-Tape-for-Automotive-Detailing-Green-Washi-Paper-Tape.jpg\" alt=\"Ruban adh\u00e9sif de masquage r\u00e9sistant \u00e0 la chaleur 1002HG pour le detailing automobile - Papier washi vert\" width=\"800\" height=\"800\" srcset=\"https:\/\/www.supersybon.com\/fr\/wp-content\/uploads\/2025\/12\/1765185884-1002HG-Heat-Resistant-Masking-Tape-for-Automotive-Detailing-Green-Washi-Paper-Tape.jpg 800w, https:\/\/www.supersybon.com\/fr\/wp-content\/uploads\/2025\/12\/1765185884-1002HG-Heat-Resistant-Masking-Tape-for-Automotive-Detailing-Green-Washi-Paper-Tape-480x480.jpg 480w\" sizes=\"(min-width: 0px) and (max-width: 480px) 480px, (min-width: 481px) 800px, 100vw\" \/><\/div>\n<p>&nbsp;<\/p>\n<div class=\"magic-13\">\n<div class=\"magic-14\">\n<div class=\"magic-9\">\n<div class=\"magic-10\">\n<div class=\"magic-13\">\n<div class=\"magic-14\">\n<div class=\"magic-9\"><\/div>\n<\/div>\n<\/div>\n<\/div>\n<\/div>\n<\/div>\n<\/div>\n<div class=\"magic-13\">\n<div class=\"magic-14\">\n<p><img decoding=\"async\" class=\"aligncenter size-full wp-image-4575\" src=\"https:\/\/www.supersybon.com\/fr\/wp-content\/uploads\/2025\/12\/1765185904-1002HG-Performance-Green-Masking-Tape-Single-Sided-Water-Resistant-Paper-Tape-for-Automotive-Painting-Adhesion.jpg\" alt=\"1002HG - Ruban adh\u00e9sif de masquage vert haute performance - Simple face - R\u00e9sistant \u00e0 l'eau - Pour l'adh\u00e9rence de la peinture automobile\" width=\"800\" height=\"800\" srcset=\"https:\/\/www.supersybon.com\/fr\/wp-content\/uploads\/2025\/12\/1765185904-1002HG-Performance-Green-Masking-Tape-Single-Sided-Water-Resistant-Paper-Tape-for-Automotive-Painting-Adhesion.jpg 800w, https:\/\/www.supersybon.com\/fr\/wp-content\/uploads\/2025\/12\/1765185904-1002HG-Performance-Green-Masking-Tape-Single-Sided-Water-Resistant-Paper-Tape-for-Automotive-Painting-Adhesion-480x480.jpg 480w\" sizes=\"(min-width: 0px) and (max-width: 480px) 480px, (min-width: 481px) 800px, 100vw\" \/><\/p>\n<\/div>\n<\/div>\n","protected":false},"excerpt":{"rendered":"<p>\u00c0 propos du ruban de masquage vert\u00a0:<br \/>\n1. ROBUSTE ET FIABLE\u00a0: R\u00e9siste \u00e0 la rupture, au d\u00e9collement et au gondolage gr\u00e2ce \u00e0 son support papier de qualit\u00e9 sup\u00e9rieure.<br \/>\n2. POLYVALENT\u00a0: Offre une grande adaptabilit\u00e9 \u00e0 diverses surfaces.<br \/>\n3. RETRAIT FACILE\u00a0: Se retire facilement sans laisser d\u2019\u00e9clats ni de traces de colle, pour des lignes de peinture toujours impeccables.<br \/>\n4. R\u00c9SISTANT \u00c0 LA CHALEUR\u00a0: R\u00e9siste \u00e0 des temp\u00e9ratures jusqu\u2019\u00e0 120\u00a0\u00b0C.<br \/>\n5. HAUTE VISIBILIT\u00c9\u00a0: Son support vert vif am\u00e9liore la visibilit\u00e9 pour un alignement pr\u00e9cis des bords.<\/p>\n","protected":false},"featured_media":4576,"template":"","meta":{"_et_pb_use_builder":"","_et_pb_old_content":"","_et_gb_content_width":""},"product_brand":[],"product_cat":[67,72],"product_tag":[1065],"class_list":{"0":"post-4568","1":"product","2":"type-product","3":"status-publish","4":"has-post-thumbnail","6":"product_cat-serie-de-reparation-automobile","7":"product_cat-ruban-de-masquage-film-papier","8":"product_tag-ruban-de-masquage","10":"first","11":"instock","12":"shipping-taxable","13":"product-type-simple"},"_links":{"self":[{"href":"https:\/\/www.supersybon.com\/fr\/wp-json\/wp\/v2\/product\/4568","targetHints":{"allow":["GET"]}}],"collection":[{"href":"https:\/\/www.supersybon.com\/fr\/wp-json\/wp\/v2\/product"}],"about":[{"href":"https:\/\/www.supersybon.com\/fr\/wp-json\/wp\/v2\/types\/product"}],"wp:featuredmedia":[{"embeddable":true,"href":"https:\/\/www.supersybon.com\/fr\/wp-json\/wp\/v2\/media\/4576"}],"wp:attachment":[{"href":"https:\/\/www.supersybon.com\/fr\/wp-json\/wp\/v2\/media?parent=4568"}],"wp:term":[{"taxonomy":"product_brand","embeddable":true,"href":"https:\/\/www.supersybon.com\/fr\/wp-json\/wp\/v2\/product_brand?post=4568"},{"taxonomy":"product_cat","embeddable":true,"href":"https:\/\/www.supersybon.com\/fr\/wp-json\/wp\/v2\/product_cat?post=4568"},{"taxonomy":"product_tag","embeddable":true,"href":"https:\/\/www.supersybon.com\/fr\/wp-json\/wp\/v2\/product_tag?post=4568"}],"curies":[{"name":"wp","href":"https:\/\/api.w.org\/{rel}","templated":true}]}}