{"id":4557,"date":"2025-12-08T17:11:46","date_gmt":"2025-12-08T09:11:46","guid":{"rendered":"https:\/\/www.supersybon.com\/fr\/?post_type=product&#038;p=4557"},"modified":"2025-12-08T17:20:20","modified_gmt":"2025-12-08T09:20:20","slug":"199bgt-papier-kraft-brun-avec-ruban-adhesif-vert-pour-bacher-et-proteger-la-peinture-de-votre-voiture","status":"publish","type":"product","link":"https:\/\/www.supersybon.com\/fr\/product\/199bgt-papier-kraft-brun-avec-ruban-adhesif-vert-pour-bacher-et-proteger-la-peinture-de-votre-voiture","title":{"rendered":"199BGT Papier kraft brun avec ruban adh\u00e9sif vert pour b\u00e2cher et prot\u00e9ger la peinture de votre voiture"},"content":{"rendered":"<p><img decoding=\"async\" class=\"aligncenter size-full wp-image-4563\" src=\"https:\/\/www.supersybon.com\/fr\/wp-content\/uploads\/2025\/12\/1765185203-199BGT-Kertas-Masking-Kraft-Pra-Rekat-25m-Tahan-Air-Dan-Debu-Berkualitas-Tinggi-Coklat-Untuk-Pengecatan.jpg\" alt=\"199BGT - Papier de masquage kraft pr\u00e9-adh\u00e9sif - 25 m - Haute qualit\u00e9 - R\u00e9sistant \u00e0 l'eau et \u00e0 la poussi\u00e8re - Brun - Pour peinture\" width=\"750\" height=\"302\" srcset=\"https:\/\/www.supersybon.com\/fr\/wp-content\/uploads\/2025\/12\/1765185203-199BGT-Kertas-Masking-Kraft-Pra-Rekat-25m-Tahan-Air-Dan-Debu-Berkualitas-Tinggi-Coklat-Untuk-Pengecatan.jpg 750w, https:\/\/www.supersybon.com\/fr\/wp-content\/uploads\/2025\/12\/1765185203-199BGT-Kertas-Masking-Kraft-Pra-Rekat-25m-Tahan-Air-Dan-Debu-Berkualitas-Tinggi-Coklat-Untuk-Pengecatan-480x193.jpg 480w\" sizes=\"(min-width: 0px) and (max-width: 480px) 480px, (min-width: 481px) 750px, 100vw\" \/><\/p>\n<div class=\"magic-13\">\n<div class=\"magic-14\">\n<div class=\"magic-9\">\n<div class=\"magic-10\">\n<p>&nbsp;<\/p>\n<h2><strong>Papier kraft brun avec ruban adh\u00e9sif<\/strong><\/h2>\n<p>Description du papier de masquage kraft brun SYBON 199BGT avec ruban adh\u00e9sif vert\u00a0:<\/p>\n<p>Nom du produit\u00a0: Papier de masquage kraft<\/p>\n<p>Face adh\u00e9sive\u00a0: Simple face<\/p>\n<p>Couleur\u00a0: Papier brun + ruban adh\u00e9sif vert<\/p>\n<p>Dimensions\u00a0: 0,15\u00a0x\u00a025\u00a0m, 0,3\u00a0x\u00a025\u00a0m, 0,45\u00a0x\u00a025\u00a0m, 0,6\u00a0x\u00a025\u00a0m<\/p>\n<p>Conditionnement\u00a0:<\/p>\n<p>0,15\u00a0x\u00a025\u00a0m\u00a0: 50\u00a0feuilles\/carton<\/p>\n<p>0,3\u00a0x\u00a025\u00a0m\u00a0: 25\u00a0feuilles\/carton<\/p>\n<p>0,45\u00a0x\u00a025\u00a0m\u00a0: 25\u00a0feuilles\/carton<\/p>\n<p>0,6\u00a0x\u00a025\u00a0m\u00a0: 20\u00a0feuilles\/carton<\/p>\n<p>1. Adh\u00e9sif et amovible : Papier de masquage haute adh\u00e9rence, r\u00e9sistant et stable, ne laisse aucun r\u00e9sidu apr\u00e8s retrait, ni bavure, ni trace de colle.<\/p>\n<p>2. Mat\u00e9riau de qualit\u00e9 sup\u00e9rieure : Notre film de masquage est fabriqu\u00e9 en papier de qualit\u00e9, imperm\u00e9able et ol\u00e9ofuge. R\u00e9sistant \u00e0 la d\u00e9chirure et \u00e0 la p\u00e9n\u00e9tration, il prot\u00e8ge efficacement les surfaces.<\/p>\n<p>3. Facile \u00e0 utiliser : Films de masquage pr\u00e9-encoll\u00e9s, application ultra-simple : il suffit de d\u00e9rouler, coller et retirer. D\u00e9chirable \u00e0 la main, sans ciseaux, ni outil sp\u00e9cifique.<\/p>\n<p>4. Nombreuses applications : Papier de protection pour peinture, imperm\u00e9able et anti-poussi\u00e8re, l\u00e9ger et r\u00e9sistant \u00e0 la d\u00e9chirure. Adh\u00e8re parfaitement, ne se d\u00e9colle pas et ne laisse aucun r\u00e9sidu. Ce rouleau de papier de masquage avec ruban adh\u00e9sif prot\u00e8ge les zones \u00e0 prot\u00e9ger de la poussi\u00e8re et de la peinture. Il convient \u00e0 la peinture automobile, \u00e0 la protection d'\u00e9quipements et d'appareils tels que v\u00e9hicules, bateaux, sols, escaliers, portes, etc.<\/p>\n<div data-spm-anchor-id=\"a2700.details.0.i37.625d2e9eLtZffL\">\n<div data-spm-anchor-id=\"a2700.details.0.i37.625d2e9eLtZffL\">\n<div data-spm-anchor-id=\"a2700.details.0.i37.625d2e9eLtZffL\">\n<p><img decoding=\"async\" class=\"aligncenter size-full wp-image-4561\" src=\"https:\/\/www.supersybon.com\/fr\/wp-content\/uploads\/2025\/12\/1765185192-199BGT-High-Performance-Auto-Masking-Paper-Pre-taped-Brown-Kraft-Masking-Paper-for-Painting.jpg\" alt=\"199BGT - Papier de masquage haute performance pour peinture, pr\u00e9-coll\u00e9, kraft brun\" width=\"800\" height=\"800\" srcset=\"https:\/\/www.supersybon.com\/fr\/wp-content\/uploads\/2025\/12\/1765185192-199BGT-High-Performance-Auto-Masking-Paper-Pre-taped-Brown-Kraft-Masking-Paper-for-Painting.jpg 800w, https:\/\/www.supersybon.com\/fr\/wp-content\/uploads\/2025\/12\/1765185192-199BGT-High-Performance-Auto-Masking-Paper-Pre-taped-Brown-Kraft-Masking-Paper-for-Painting-480x480.jpg 480w\" sizes=\"(min-width: 0px) and (max-width: 480px) 480px, (min-width: 481px) 800px, 100vw\" \/> <img decoding=\"async\" class=\"aligncenter size-full wp-image-4560\" src=\"https:\/\/www.supersybon.com\/fr\/wp-content\/uploads\/2025\/12\/1765185186-199BGT-Heat-Resist-Car-Cover-Painting-Pre-Taped-Pe-Auto-Protective-Paint-Kraft-Paper-Masking-Film.jpg\" alt=\"199BGT - Film de protection pour peinture automobile r\u00e9sistant \u00e0 la chaleur, pr\u00e9-adh\u00e9sif, en papier kraft\" width=\"800\" height=\"800\" srcset=\"https:\/\/www.supersybon.com\/fr\/wp-content\/uploads\/2025\/12\/1765185186-199BGT-Heat-Resist-Car-Cover-Painting-Pre-Taped-Pe-Auto-Protective-Paint-Kraft-Paper-Masking-Film.jpg 800w, https:\/\/www.supersybon.com\/fr\/wp-content\/uploads\/2025\/12\/1765185186-199BGT-Heat-Resist-Car-Cover-Painting-Pre-Taped-Pe-Auto-Protective-Paint-Kraft-Paper-Masking-Film-480x480.jpg 480w\" sizes=\"(min-width: 0px) and (max-width: 480px) 480px, (min-width: 481px) 800px, 100vw\" \/><\/p>\n<p><img decoding=\"async\" class=\"aligncenter size-full wp-image-4558\" src=\"https:\/\/www.supersybon.com\/fr\/wp-content\/uploads\/2025\/12\/1765185175-199BGT-Autobody-Kraft-Masking-Paper-Pre-Taped-Brown-Masking-Paper-for-Auto-Painting-Use.jpg\" alt=\"199BGT-Autobody-Kraft-Masking-Paper-Pre-Taped-Brown--Papier-de-masquage-pour-peinture-automobile\" width=\"800\" height=\"800\" srcset=\"https:\/\/www.supersybon.com\/fr\/wp-content\/uploads\/2025\/12\/1765185175-199BGT-Autobody-Kraft-Masking-Paper-Pre-Taped-Brown-Masking-Paper-for-Auto-Painting-Use.jpg 800w, https:\/\/www.supersybon.com\/fr\/wp-content\/uploads\/2025\/12\/1765185175-199BGT-Autobody-Kraft-Masking-Paper-Pre-Taped-Brown-Masking-Paper-for-Auto-Painting-Use-480x480.jpg 480w\" sizes=\"(min-width: 0px) and (max-width: 480px) 480px, (min-width: 481px) 800px, 100vw\" \/><\/p>\n<\/div>\n<\/div>\n<\/div>\n<\/div>\n<\/div>\n<\/div>\n<\/div>\n","protected":false},"excerpt":{"rendered":"<p>Papier kraft brun avec ruban adh\u00e9sif<br \/>\nVous pr\u00e9voyez de repeindre votre voiture\u00a0? N'oubliez pas l'importance d'une protection ad\u00e9quate\u00a0! Notre papier de masquage kraft brun 199BGT avec ruban adh\u00e9sif vert permet de prot\u00e9ger les zones \u00e0 ne pas peindre. Faites confiance \u00e0 SYBON pour tous vos besoins en r\u00e9paration automobile\u00a0!<\/p>\n","protected":false},"featured_media":4567,"template":"","meta":{"_et_pb_use_builder":"","_et_pb_old_content":"","_et_gb_content_width":""},"product_brand":[],"product_cat":[67,72],"product_tag":[1064],"class_list":{"0":"post-4557","1":"product","2":"type-product","3":"status-publish","4":"has-post-thumbnail","6":"product_cat-serie-de-reparation-automobile","7":"product_cat-ruban-de-masquage-film-papier","8":"product_tag-papier-kraft-brun-avec-ruban-adhesif","10":"first","11":"instock","12":"shipping-taxable","13":"product-type-simple"},"_links":{"self":[{"href":"https:\/\/www.supersybon.com\/fr\/wp-json\/wp\/v2\/product\/4557","targetHints":{"allow":["GET"]}}],"collection":[{"href":"https:\/\/www.supersybon.com\/fr\/wp-json\/wp\/v2\/product"}],"about":[{"href":"https:\/\/www.supersybon.com\/fr\/wp-json\/wp\/v2\/types\/product"}],"wp:featuredmedia":[{"embeddable":true,"href":"https:\/\/www.supersybon.com\/fr\/wp-json\/wp\/v2\/media\/4567"}],"wp:attachment":[{"href":"https:\/\/www.supersybon.com\/fr\/wp-json\/wp\/v2\/media?parent=4557"}],"wp:term":[{"taxonomy":"product_brand","embeddable":true,"href":"https:\/\/www.supersybon.com\/fr\/wp-json\/wp\/v2\/product_brand?post=4557"},{"taxonomy":"product_cat","embeddable":true,"href":"https:\/\/www.supersybon.com\/fr\/wp-json\/wp\/v2\/product_cat?post=4557"},{"taxonomy":"product_tag","embeddable":true,"href":"https:\/\/www.supersybon.com\/fr\/wp-json\/wp\/v2\/product_tag?post=4557"}],"curies":[{"name":"wp","href":"https:\/\/api.w.org\/{rel}","templated":true}]}}