{"id":4547,"date":"2025-12-08T16:19:13","date_gmt":"2025-12-08T08:19:13","guid":{"rendered":"https:\/\/www.supersybon.com\/fr\/?post_type=product&#038;p=4547"},"modified":"2025-12-08T17:10:54","modified_gmt":"2025-12-08T09:10:54","slug":"199wt-papier-de-masquage-pre-colle-adhesif-pour-peinture-papier-de-masquage-protecteur-pour-peinture-automobile","status":"publish","type":"product","link":"https:\/\/www.supersybon.com\/fr\/product\/199wt-papier-de-masquage-pre-colle-adhesif-pour-peinture-papier-de-masquage-protecteur-pour-peinture-automobile","title":{"rendered":"199WT Papier de masquage pr\u00e9-coll\u00e9, adh\u00e9sif pour peinture, papier de masquage protecteur pour peinture automobile"},"content":{"rendered":"<p><img decoding=\"async\" class=\"aligncenter size-full wp-image-4552\" src=\"https:\/\/www.supersybon.com\/fr\/wp-content\/uploads\/2025\/12\/1765182398-Masking-Paper-Pre-Taped-Masking-Paper-for-Car-Painting-Tape.jpg\" alt=\"Papier de masquage pr\u00e9-encoll\u00e9 pour peinture automobile\" width=\"750\" height=\"302\" srcset=\"https:\/\/www.supersybon.com\/fr\/wp-content\/uploads\/2025\/12\/1765182398-Masking-Paper-Pre-Taped-Masking-Paper-for-Car-Painting-Tape.jpg 750w, https:\/\/www.supersybon.com\/fr\/wp-content\/uploads\/2025\/12\/1765182398-Masking-Paper-Pre-Taped-Masking-Paper-for-Car-Painting-Tape-480x193.jpg 480w\" sizes=\"(min-width: 0px) and (max-width: 480px) 480px, (min-width: 481px) 750px, 100vw\" \/><\/p>\n<div class=\"magic-13\">\n<div class=\"magic-14\">\n<div class=\"magic-9\">\n<div class=\"magic-10\">\n<p>&nbsp;<\/p>\n<h2><strong>Papier de masquage pr\u00e9-coll\u00e9 199WT<\/strong><\/h2>\n<p>SYBON Papier de masquage pr\u00e9-encoll\u00e9 199WT DESCRIPTION\u00a0:<\/p>\n<p>Nom du produit\u00a0: Papier de masquage adh\u00e9sif<\/p>\n<p>Face adh\u00e9sive\u00a0: Simple face<\/p>\n<p>Couleur\u00a0: Papier blanc + ruban adh\u00e9sif jaune<\/p>\n<p>Largeur\u00a0: 17\u00a0cm, 30\u00a0cm, 45\u00a0cm, 60\u00a0cm<\/p>\n<p>Longueur\u00a0: 20\u00a0m<\/p>\n<p>Conditionnement\u00a0:<\/p>\n<p>1. 17\u00a0cm x 20\u00a0m\u00a0: 60 rouleaux\/carton, 38 x 32,5 x 22,5\u00a0cm, 11,2\u00a0kg<\/p>\n<p>2. 30\u00a0cm x 20\u00a0m\u00a0: 60 rouleaux\/carton, 39 x 33,5 x 26,5\u00a0cm, 13,2\u00a0kg<\/p>\n<p>3. 45\u00a0cm x 20\u00a0m\u00a0: 30 rouleaux\/carton, 39,5 x 33,5 x 35,5\u00a0cm, 16,6\u00a0kg<\/p>\n<p>4. 60\u00a0cm x 20\u00a0m\u00a0: 30 rouleaux\/carton 39,5 x 33,5 x 35,5 cm, 18 kg<\/p>\n<p>1. Adh\u00e9sif et amovible : Papier de masquage haute adh\u00e9rence, r\u00e9sistant et stable, ne laisse aucun r\u00e9sidu apr\u00e8s retrait, ni bavure, ni trace de colle.<br \/>\n2. Mat\u00e9riau de qualit\u00e9 sup\u00e9rieure : Notre film de masquage est fabriqu\u00e9 en papier de qualit\u00e9, imperm\u00e9able et ol\u00e9ofuge. R\u00e9sistant \u00e0 la d\u00e9chirure et \u00e0 la p\u00e9n\u00e9tration, il prot\u00e8ge efficacement les surfaces.<br \/>\n3. Facile \u00e0 utiliser : Films de masquage pr\u00e9-encoll\u00e9s, application ultra-simple : il suffit de le d\u00e9rouler, de l'appliquer et de le retirer. D\u00e9chirable \u00e0 la main, sans ciseaux, ni outil sp\u00e9cifique.<\/p>\n<p>4. Nombreuses applications : Papier de protection pour peinture, imperm\u00e9able et anti-poussi\u00e8re, l\u00e9ger et r\u00e9sistant \u00e0 la d\u00e9chirure. Adh\u00e8re parfaitement, ne se d\u00e9colle pas et ne laisse aucun r\u00e9sidu. Ce rouleau de papier de masquage avec ruban adh\u00e9sif prot\u00e8ge les zones \u00e0 prot\u00e9ger de la poussi\u00e8re et de la peinture. Il convient \u00e0 une large gamme d'applications : peinture automobile, protection d'\u00e9quipements et d'appareils, tels que v\u00e9hicules, bateaux, sols, escaliers, portes, etc.<\/p>\n<p><img decoding=\"async\" class=\"aligncenter size-full wp-image-4556\" src=\"https:\/\/www.supersybon.com\/fr\/wp-content\/uploads\/2025\/12\/1765182417-Paint-Masking-Paper-with-Adhesive-Paint-Adhesive-Protective-Paper-Roll-for-Covering-Skirting-Frames-Cars-and-Auto-Body.jpg\" alt=\"Rouleau de papier de masquage adh\u00e9sif pour peinture, id\u00e9al pour recouvrir les plinthes, les cadres, les carrosseries de voitures et d'automobiles.\" width=\"750\" height=\"750\" srcset=\"https:\/\/www.supersybon.com\/fr\/wp-content\/uploads\/2025\/12\/1765182417-Paint-Masking-Paper-with-Adhesive-Paint-Adhesive-Protective-Paper-Roll-for-Covering-Skirting-Frames-Cars-and-Auto-Body.jpg 750w, https:\/\/www.supersybon.com\/fr\/wp-content\/uploads\/2025\/12\/1765182417-Paint-Masking-Paper-with-Adhesive-Paint-Adhesive-Protective-Paper-Roll-for-Covering-Skirting-Frames-Cars-and-Auto-Body-480x480.jpg 480w\" sizes=\"(min-width: 0px) and (max-width: 480px) 480px, (min-width: 481px) 750px, 100vw\" \/> <img decoding=\"async\" class=\"aligncenter size-full wp-image-4555\" src=\"https:\/\/www.supersybon.com\/fr\/wp-content\/uploads\/2025\/12\/1765182412-Paint-Masking-Paper-with-Adhesive-17cmx20m-Paint-Adhesive-Protective-Paper-Roll-for-Covering-Skirting-Frames-Cars-and-Auto-Body.jpg\" alt=\"Papier de masquage adh\u00e9sif pour peinture, 17 cm x 20 m. Rouleau de papier protecteur adh\u00e9sif pour peinture, id\u00e9al pour recouvrir les plinthes, les cadres, les voitures et la carrosserie.\" width=\"750\" height=\"750\" srcset=\"https:\/\/www.supersybon.com\/fr\/wp-content\/uploads\/2025\/12\/1765182412-Paint-Masking-Paper-with-Adhesive-17cmx20m-Paint-Adhesive-Protective-Paper-Roll-for-Covering-Skirting-Frames-Cars-and-Auto-Body.jpg 750w, https:\/\/www.supersybon.com\/fr\/wp-content\/uploads\/2025\/12\/1765182412-Paint-Masking-Paper-with-Adhesive-17cmx20m-Paint-Adhesive-Protective-Paper-Roll-for-Covering-Skirting-Frames-Cars-and-Auto-Body-480x480.jpg 480w\" sizes=\"(min-width: 0px) and (max-width: 480px) 480px, (min-width: 481px) 750px, 100vw\" \/> <img decoding=\"async\" class=\"aligncenter size-full wp-image-4553\" src=\"https:\/\/www.supersybon.com\/fr\/wp-content\/uploads\/2025\/12\/1765182402-Paint-Adhesive-Protective-Paper-Roll-for-Car-and-Furniture-Protection.jpg\" alt=\"Rouleau de papier protecteur adh\u00e9sif pour peinture pour voiture et meubles\" width=\"750\" height=\"750\" srcset=\"https:\/\/www.supersybon.com\/fr\/wp-content\/uploads\/2025\/12\/1765182402-Paint-Adhesive-Protective-Paper-Roll-for-Car-and-Furniture-Protection.jpg 750w, https:\/\/www.supersybon.com\/fr\/wp-content\/uploads\/2025\/12\/1765182402-Paint-Adhesive-Protective-Paper-Roll-for-Car-and-Furniture-Protection-480x480.jpg 480w\" sizes=\"(min-width: 0px) and (max-width: 480px) 480px, (min-width: 481px) 750px, 100vw\" \/><\/p>\n<\/div>\n<\/div>\n<\/div>\n<\/div>\n","protected":false},"excerpt":{"rendered":"<p>Papier de masquage pr\u00e9-coll\u00e9<br \/>\nVous pr\u00e9voyez de repeindre votre voiture\u00a0? N'oubliez pas l'importance d'une protection ad\u00e9quate\u00a0! Notre papier de masquage adh\u00e9sif garantit que les zones \u00e0 ne pas peindre restent intactes. Faites confiance \u00e0 SYBON pour tous vos besoins en r\u00e9paration automobile\u00a0!<\/p>\n","protected":false},"featured_media":4554,"template":"","meta":{"_et_pb_use_builder":"","_et_pb_old_content":"","_et_gb_content_width":""},"product_brand":[],"product_cat":[67,72],"product_tag":[1063],"class_list":{"0":"post-4547","1":"product","2":"type-product","3":"status-publish","4":"has-post-thumbnail","6":"product_cat-serie-de-reparation-automobile","7":"product_cat-ruban-de-masquage-film-papier","8":"product_tag-papier-de-masquage-pre-colle","10":"first","11":"instock","12":"shipping-taxable","13":"product-type-simple"},"_links":{"self":[{"href":"https:\/\/www.supersybon.com\/fr\/wp-json\/wp\/v2\/product\/4547","targetHints":{"allow":["GET"]}}],"collection":[{"href":"https:\/\/www.supersybon.com\/fr\/wp-json\/wp\/v2\/product"}],"about":[{"href":"https:\/\/www.supersybon.com\/fr\/wp-json\/wp\/v2\/types\/product"}],"wp:featuredmedia":[{"embeddable":true,"href":"https:\/\/www.supersybon.com\/fr\/wp-json\/wp\/v2\/media\/4554"}],"wp:attachment":[{"href":"https:\/\/www.supersybon.com\/fr\/wp-json\/wp\/v2\/media?parent=4547"}],"wp:term":[{"taxonomy":"product_brand","embeddable":true,"href":"https:\/\/www.supersybon.com\/fr\/wp-json\/wp\/v2\/product_brand?post=4547"},{"taxonomy":"product_cat","embeddable":true,"href":"https:\/\/www.supersybon.com\/fr\/wp-json\/wp\/v2\/product_cat?post=4547"},{"taxonomy":"product_tag","embeddable":true,"href":"https:\/\/www.supersybon.com\/fr\/wp-json\/wp\/v2\/product_tag?post=4547"}],"curies":[{"name":"wp","href":"https:\/\/api.w.org\/{rel}","templated":true}]}}