{"id":4528,"date":"2025-12-08T15:35:19","date_gmt":"2025-12-08T07:35:19","guid":{"rendered":"https:\/\/www.supersybon.com\/fr\/?post_type=product&#038;p=4528"},"modified":"2025-12-08T15:53:49","modified_gmt":"2025-12-08T07:53:49","slug":"lb-10-pistolet-a-sous-couche-pneumatique-avance-pistolet-de-pulverisation-pour-sous-couche-pneumatique-pistolet-de-pulverisation-pour-blindage-de-chassis-en-alliage-daluminium-pistolet-de-pulveri","status":"publish","type":"product","link":"https:\/\/www.supersybon.com\/fr\/product\/lb-10-pistolet-a-sous-couche-pneumatique-avance-pistolet-de-pulverisation-pour-sous-couche-pneumatique-pistolet-de-pulverisation-pour-blindage-de-chassis-en-alliage-daluminium-pistolet-de-pulveri","title":{"rendered":"LB-10 Pistolet \u00e0 sous-couche pneumatique avanc\u00e9, pistolet de pulv\u00e9risation pour sous-couche pneumatique, pistolet de pulv\u00e9risation pour blindage de ch\u00e2ssis en alliage d'aluminium, pistolet de pulv\u00e9risation pneumatique pour meubles"},"content":{"rendered":"<p><img decoding=\"async\" class=\"aligncenter size-full wp-image-4530\" src=\"https:\/\/www.supersybon.com\/fr\/wp-content\/uploads\/2025\/12\/1765179435-LB-10-Air-Undercoating-Spray-Gun-Apply-Sprayable-Truck-Bed-Liner-Coating-Rubberized-Undercoat.jpg\" alt=\"LB-10 - Rev\u00eatement de sous-couche \u00e0 l'air comprim\u00e9 - Application au pistolet - Rev\u00eatement de protection de benne de camion - Sous-couche caoutchout\u00e9e\" width=\"750\" height=\"302\" srcset=\"https:\/\/www.supersybon.com\/fr\/wp-content\/uploads\/2025\/12\/1765179435-LB-10-Air-Undercoating-Spray-Gun-Apply-Sprayable-Truck-Bed-Liner-Coating-Rubberized-Undercoat.jpg 750w, https:\/\/www.supersybon.com\/fr\/wp-content\/uploads\/2025\/12\/1765179435-LB-10-Air-Undercoating-Spray-Gun-Apply-Sprayable-Truck-Bed-Liner-Coating-Rubberized-Undercoat-480x193.jpg 480w\" sizes=\"(min-width: 0px) and (max-width: 480px) 480px, (min-width: 481px) 750px, 100vw\" \/><\/p>\n<h2><strong>\u00c0 propos du pistolet \u00e0 peinture pneumatique Advanced Air Undercoat<\/strong><\/h2>\n<p>1. DURABLE : Ce pistolet \u00e0 peinture pour sous-couche automobile poss\u00e8de un corps en m\u00e9tal, une buse en acier inoxydable, une finition polie et une longue dur\u00e9e de vie.<\/p>\n<p>2. PULV\u00c9RISATION UNIFORME : Ce pistolet \u00e0 peinture pneumatique antirouille durable assure une pulv\u00e9risation uniforme. Facile \u00e0 installer et pratique \u00e0 utiliser.<\/p>\n<p>3. UTILISATION SIMPLE : Ce pistolet pneumatique se d\u00e9monte rapidement pour un nettoyage ais\u00e9 et est \u00e9quip\u00e9 d'un r\u00e9gulateur de pression d'air. Son utilisation est simple et rapide.<\/p>\n<p>4. APPLICATIONS MULTIPLES : Ce pistolet \u00e0 peinture pneumatique est id\u00e9al pour l'application de rev\u00eatements de sous-couche sur les voitures, les camions et les carrosseries. Il est \u00e9galement largement utilis\u00e9 pour le mobilier, la construction navale et les machines.<\/p>\n<div data-id=\"paragraph0\">\n<p><img decoding=\"async\" class=\"aligncenter size-full wp-image-4529\" src=\"https:\/\/www.supersybon.com\/fr\/wp-content\/uploads\/2025\/12\/1765179429-LB-10-Advanced-Air-Undercoat-Gun-Air-Undercoating-Spray-Gun-Aluminum-Alloy-Chassis-Armor-Spray-Gun-Pneumatic-Spray-Gun-for-Furniture.jpg\" alt=\"Pistolet \u00e0 sous-couche pneumatique LB-10 pour sous-couche pneumatique, sous-couche \u00e0 air comprim\u00e9, blindage de ch\u00e2ssis en alliage d'aluminium, pistolet \u00e0 peinture pneumatique pour meubles\" width=\"750\" height=\"750\" srcset=\"https:\/\/www.supersybon.com\/fr\/wp-content\/uploads\/2025\/12\/1765179429-LB-10-Advanced-Air-Undercoat-Gun-Air-Undercoating-Spray-Gun-Aluminum-Alloy-Chassis-Armor-Spray-Gun-Pneumatic-Spray-Gun-for-Furniture.jpg 750w, https:\/\/www.supersybon.com\/fr\/wp-content\/uploads\/2025\/12\/1765179429-LB-10-Advanced-Air-Undercoat-Gun-Air-Undercoating-Spray-Gun-Aluminum-Alloy-Chassis-Armor-Spray-Gun-Pneumatic-Spray-Gun-for-Furniture-480x480.jpg 480w\" sizes=\"(min-width: 0px) and (max-width: 480px) 480px, (min-width: 481px) 750px, 100vw\" \/> <img decoding=\"async\" class=\"aligncenter size-full wp-image-4532\" src=\"https:\/\/www.supersybon.com\/fr\/wp-content\/uploads\/2025\/12\/1765179445-LB-10-Air-Undercoating-Spray-Gun-for-Rubberized-Undercoat-Rust-Proofing-and-Chip-Guard-Paint.jpg\" alt=\"Pistolet \u00e0 peinture LB-10 pour sous-couche caoutchout\u00e9e, antirouille et protection contre les \u00e9clats\" width=\"750\" height=\"750\" srcset=\"https:\/\/www.supersybon.com\/fr\/wp-content\/uploads\/2025\/12\/1765179445-LB-10-Air-Undercoating-Spray-Gun-for-Rubberized-Undercoat-Rust-Proofing-and-Chip-Guard-Paint.jpg 750w, https:\/\/www.supersybon.com\/fr\/wp-content\/uploads\/2025\/12\/1765179445-LB-10-Air-Undercoating-Spray-Gun-for-Rubberized-Undercoat-Rust-Proofing-and-Chip-Guard-Paint-480x480.jpg 480w\" sizes=\"(min-width: 0px) and (max-width: 480px) 480px, (min-width: 481px) 750px, 100vw\" \/> <img decoding=\"async\" class=\"aligncenter size-full wp-image-4535\" src=\"https:\/\/www.supersybon.com\/fr\/wp-content\/uploads\/2025\/12\/1765179462-LB-10-Pneumatic-Tool-Economy-Air-Undercoat-Gun.jpg\" alt=\"Pistolet \u00e0 sous-couche pneumatique \u00e9conomique LB-10\" width=\"750\" height=\"750\" srcset=\"https:\/\/www.supersybon.com\/fr\/wp-content\/uploads\/2025\/12\/1765179462-LB-10-Pneumatic-Tool-Economy-Air-Undercoat-Gun.jpg 750w, https:\/\/www.supersybon.com\/fr\/wp-content\/uploads\/2025\/12\/1765179462-LB-10-Pneumatic-Tool-Economy-Air-Undercoat-Gun-480x480.jpg 480w\" sizes=\"(min-width: 0px) and (max-width: 480px) 480px, (min-width: 481px) 750px, 100vw\" \/><\/p>\n<p>&nbsp;<\/p>\n<\/div>\n<p>&nbsp;<\/p>\n<p>&nbsp;<\/p>\n<p>&nbsp;<\/p>\n<p>&nbsp;<\/p>\n<p>&nbsp;<\/p>\n<div class=\"magic-13\">\n<div class=\"magic-14\">\n<div class=\"magic-9\">\n<p>&nbsp;<\/p>\n<p>&nbsp;<\/p>\n<p><strong>Emballage et service du produit<\/strong><\/p>\n<hr \/>\n<p><strong>EMBALLER :<\/strong><\/p>\n<\/div>\n<\/div>\n<\/div>\n<div class=\"magic-13\">\n<div class=\"magic-14\">\n<div data-spm-anchor-id=\"a2700.details.0.i37.625d2e9eLtZffL\">1 pi\u00e8ce\/bo\u00eete, 30 pi\u00e8ces\/carton.<\/div>\n<\/div>\n<\/div>\n<div class=\"magic-13\">\n<div class=\"magic-14\">\n<div class=\"magic-9\">\n<div class=\"magic-10\">\n<p><img decoding=\"async\" class=\"aligncenter size-full wp-image-4533\" src=\"https:\/\/www.supersybon.com\/fr\/wp-content\/uploads\/2025\/12\/1765179451-LB-10-Car-Undercoating-Gun-Underbody-Rust-Proofing-Chassis-Armor-Spray-Gun-and-bottle-Air-Car-Undercoating-Rust-Proofing-Chassis-Armor-Spray-Gun-Tool-Bottle-Car.jpg\" alt=\"Pistolet \u00e0 peinture antirouille LB-10 pour ch\u00e2ssis et carrosserie, avec flacon pulv\u00e9risateur.\" width=\"750\" height=\"750\" srcset=\"https:\/\/www.supersybon.com\/fr\/wp-content\/uploads\/2025\/12\/1765179451-LB-10-Car-Undercoating-Gun-Underbody-Rust-Proofing-Chassis-Armor-Spray-Gun-and-bottle-Air-Car-Undercoating-Rust-Proofing-Chassis-Armor-Spray-Gun-Tool-Bottle-Car.jpg 750w, https:\/\/www.supersybon.com\/fr\/wp-content\/uploads\/2025\/12\/1765179451-LB-10-Car-Undercoating-Gun-Underbody-Rust-Proofing-Chassis-Armor-Spray-Gun-and-bottle-Air-Car-Undercoating-Rust-Proofing-Chassis-Armor-Spray-Gun-Tool-Bottle-Car-480x480.jpg 480w\" sizes=\"(min-width: 0px) and (max-width: 480px) 480px, (min-width: 481px) 750px, 100vw\" \/><\/p>\n<p><strong>NOTRE SERVICE:<\/strong><\/p>\n<p>1.24 heures en ligne<\/p>\n<p>2. Prix comp\u00e9titif<\/p>\n<p>3. Excellents commentaires du client<\/p>\n<p>4. Commande en ligne s\u00e9curis\u00e9e<\/p>\n<p>5. livraison rapide<\/p>\n<p>6. support technique professionnel<\/p>\n<p>&nbsp;<\/p>\n<\/div>\n<\/div>\n<\/div>\n<\/div>\n<div class=\"magic-13\">\n<div class=\"magic-14\">\n<p><strong>Profil de l'entreprise<\/strong><\/p>\n<hr \/>\n<p>&nbsp;<\/p>\n<p><img decoding=\"async\" class=\"aligncenter size-full wp-image-324\" src=\"https:\/\/www.supersybon.com\/fr\/wp-content\/uploads\/2022\/09\/1663401769-Car-Paint-Supplier-Company-Profile-Manufacturer-China.jpg\" alt=\"\" width=\"900\" height=\"958\" srcset=\"https:\/\/www.supersybon.com\/fr\/wp-content\/uploads\/2022\/09\/1663401769-Car-Paint-Supplier-Company-Profile-Manufacturer-China.jpg 900w, https:\/\/www.supersybon.com\/fr\/wp-content\/uploads\/2022\/09\/1663401769-Car-Paint-Supplier-Company-Profile-Manufacturer-China-480x511.jpg 480w\" sizes=\"(min-width: 0px) and (max-width: 480px) 480px, (min-width: 481px) 900px, 100vw\" \/><\/p>\n<div class=\"magic-13\">\n<div class=\"magic-14\">\n<p><strong>FAQ<\/strong><\/p>\n<hr \/>\n<\/div>\n<\/div>\n<p><strong>Q\u00a0:\u00a0Quel est votre MOQ\u00a0?<\/strong><\/p>\n<p>R : Notre MOQ est de 1 carton.<\/p>\n<p><strong>Q\u00a0:\u00a0Qu\u2019en est-il de votre paiement\u00a0?<\/strong><\/p>\n<p>R : d\u00e9p\u00f4t de 50% \u00e0 l'avance, solde de 50% par T\/T, L\/C, paypal, Western Union ou bien avant exp\u00e9dition.<\/p>\n<p><strong>Q : Fournissez-vous des \u00e9chantillons ?<\/strong><\/p>\n<p>R : Oui, vous pouvez acheter un \u00e9chantillon pour le tester.<\/p>\n<p><strong>Q : Qu'en est-il de votre d\u00e9lai de livraison ?<\/strong><\/p>\n<p>R\u00a0:\u00a0Habituellement 15 jours apr\u00e8s r\u00e9ception de votre d\u00e9p\u00f4t.<\/p>\n<\/div>\n<\/div>\n","protected":false},"excerpt":{"rendered":"<p>1. DURABLE : Le pistolet \u00e0 peinture pneumatique pour sous-couche automobile poss\u00e8de un corps en m\u00e9tal, une buse en acier inoxydable, une finition polie et une longue dur\u00e9e de vie.<br \/>\n2. APPLICATION UNIFORME : Ce pistolet \u00e0 peinture pneumatique antirouille pour sous-couche est durable et offre une application uniforme. Facile \u00e0 installer et pratique \u00e0 utiliser.<br \/>\n3. UTILISATION SIMPLE : Le pistolet \u00e0 peinture pneumatique se d\u00e9monte rapidement pour un nettoyage ais\u00e9 et est \u00e9quip\u00e9 d'un r\u00e9gulateur de pression d'air. Son utilisation est simple et rapide.<br \/>\n4. APPLICATIONS MULTIPLES : Ce pistolet \u00e0 peinture pneumatique pour sous-couche est id\u00e9al pour l'application de rev\u00eatements de sous-couche sur les carrosseries de voitures, camions et autres v\u00e9hicules. Il est \u00e9galement largement utilis\u00e9 pour le mobilier, la construction navale et les machines.<\/p>\n","protected":false},"featured_media":4529,"template":"","meta":{"_et_pb_use_builder":"","_et_pb_old_content":"","_et_gb_content_width":""},"product_brand":[],"product_cat":[67,70],"product_tag":[1061],"class_list":{"0":"post-4528","1":"product","2":"type-product","3":"status-publish","4":"has-post-thumbnail","6":"product_cat-serie-de-reparation-automobile","7":"product_cat-sous-couche-caoutchoutee","8":"product_tag-pistolet-a-sous-couche-pneumatique","10":"first","11":"instock","12":"shipping-taxable","13":"product-type-simple"},"_links":{"self":[{"href":"https:\/\/www.supersybon.com\/fr\/wp-json\/wp\/v2\/product\/4528","targetHints":{"allow":["GET"]}}],"collection":[{"href":"https:\/\/www.supersybon.com\/fr\/wp-json\/wp\/v2\/product"}],"about":[{"href":"https:\/\/www.supersybon.com\/fr\/wp-json\/wp\/v2\/types\/product"}],"wp:featuredmedia":[{"embeddable":true,"href":"https:\/\/www.supersybon.com\/fr\/wp-json\/wp\/v2\/media\/4529"}],"wp:attachment":[{"href":"https:\/\/www.supersybon.com\/fr\/wp-json\/wp\/v2\/media?parent=4528"}],"wp:term":[{"taxonomy":"product_brand","embeddable":true,"href":"https:\/\/www.supersybon.com\/fr\/wp-json\/wp\/v2\/product_brand?post=4528"},{"taxonomy":"product_cat","embeddable":true,"href":"https:\/\/www.supersybon.com\/fr\/wp-json\/wp\/v2\/product_cat?post=4528"},{"taxonomy":"product_tag","embeddable":true,"href":"https:\/\/www.supersybon.com\/fr\/wp-json\/wp\/v2\/product_tag?post=4528"}],"curies":[{"name":"wp","href":"https:\/\/api.w.org\/{rel}","templated":true}]}}