{"id":4515,"date":"2025-12-08T15:33:32","date_gmt":"2025-12-08T07:33:32","guid":{"rendered":"https:\/\/www.supersybon.com\/fr\/?post_type=product&#038;p=4515"},"modified":"2025-12-08T15:33:32","modified_gmt":"2025-12-08T07:33:32","slug":"pg110-adhesif-polyurethane-pour-pare-brise-automobile-en-promotion-mastic-de-remplacement-en-polyurethane-pu","status":"publish","type":"product","link":"https:\/\/www.supersybon.com\/fr\/product\/pg110-adhesif-polyurethane-pour-pare-brise-automobile-en-promotion-mastic-de-remplacement-en-polyurethane-pu","title":{"rendered":"PG110 Adh\u00e9sif polyur\u00e9thane pour pare-brise automobile en promotion, mastic de remplacement en polyur\u00e9thane (PU)"},"content":{"rendered":"<p><img decoding=\"async\" class=\"aligncenter size-full wp-image-4520\" src=\"https:\/\/www.supersybon.com\/fr\/wp-content\/uploads\/2025\/12\/1765178411-PG110-Hot-Sale-Windshield-Replacement-Polyurethane-Sealant-Adhesive-PU-Sealant.jpg\" alt=\"PG110 - Mastic polyur\u00e9thane adh\u00e9sif pour pare-brise (Promotion 2023)\" width=\"750\" height=\"302\" srcset=\"https:\/\/www.supersybon.com\/fr\/wp-content\/uploads\/2025\/12\/1765178411-PG110-Hot-Sale-Windshield-Replacement-Polyurethane-Sealant-Adhesive-PU-Sealant.jpg 750w, https:\/\/www.supersybon.com\/fr\/wp-content\/uploads\/2025\/12\/1765178411-PG110-Hot-Sale-Windshield-Replacement-Polyurethane-Sealant-Adhesive-PU-Sealant-480x193.jpg 480w\" sizes=\"(min-width: 0px) and (max-width: 480px) 480px, (min-width: 481px) 750px, 100vw\" \/><\/p>\n<h2><strong>Adh\u00e9sif polyur\u00e9thane pour pare-brise automobile<\/strong><\/h2>\n<p>DESCRIPTION\u00a0: Cet adh\u00e9sif polyur\u00e9thane monocomposant pour pare-brise automobile durcit \u00e0 l\u2019humidit\u00e9. Il offre d\u2019excellentes performances d\u2019adh\u00e9rence et d\u2019\u00e9tanch\u00e9it\u00e9. Sans corrosion ni pollution des supports, il est respectueux de l\u2019environnement, ne forme pas de bulles lors de l\u2019application et pr\u00e9sente un aspect lisse et fin.<\/p>\n<p>* Remarque\u00a0: Pour une application sans primaire, le verre doit \u00eatre pr\u00e9par\u00e9 avec un nettoyant pour vitres non antistatique. Les surfaces \u00e0 coller doivent \u00e9galement \u00eatre exemptes de toute contamination avant l\u2019application de l\u2019adh\u00e9sif.<\/p>\n<p>PROPRI\u00c9T\u00c9S\u00a0:<\/p>\n<p>1. Excellente souplesse apr\u00e8s durcissement, facile \u00e0 d\u00e9couper et \u00e0 remplacer.<\/p>\n<p>2. Excellentes performances d\u2019adh\u00e9rence, sans primaire.<\/p>\n<p>3. Excellente extrudabilit\u00e9 et thixotropie, ne coule pas.<\/p>\n<p>APPLICATIONS\u00a0:<\/p>\n<p>Convient au collage des pare-brise, des vitres lat\u00e9rales et de la lunette arri\u00e8re.<\/p>\n<p><img decoding=\"async\" class=\"aligncenter size-full wp-image-4517\" src=\"https:\/\/www.supersybon.com\/fr\/wp-content\/uploads\/2025\/12\/1765178395-PG110-310ml-Polyurethane-Automotive-Windshield-Adhesive-cartridge-sellador-poliuretano-for-windshield-repair-polyurethane-adhesive-joint-sealant-for-glass.jpg\" alt=\"PG110-310ml-Polyur\u00e9thane-Automotive-Pare-brise-Adh\u00e9sif-cartouche-sellador-poliuretano-pour-r\u00e9paration-pare-brise-polyur\u00e9thane-adh\u00e9sif-joint-mastic-pour-verre\" width=\"750\" height=\"750\" srcset=\"https:\/\/www.supersybon.com\/fr\/wp-content\/uploads\/2025\/12\/1765178395-PG110-310ml-Polyurethane-Automotive-Windshield-Adhesive-cartridge-sellador-poliuretano-for-windshield-repair-polyurethane-adhesive-joint-sealant-for-glass.jpg 750w, https:\/\/www.supersybon.com\/fr\/wp-content\/uploads\/2025\/12\/1765178395-PG110-310ml-Polyurethane-Automotive-Windshield-Adhesive-cartridge-sellador-poliuretano-for-windshield-repair-polyurethane-adhesive-joint-sealant-for-glass-480x480.jpg 480w\" sizes=\"(min-width: 0px) and (max-width: 480px) 480px, (min-width: 481px) 750px, 100vw\" \/> <img decoding=\"async\" class=\"aligncenter size-full wp-image-4524\" src=\"https:\/\/www.supersybon.com\/fr\/wp-content\/uploads\/2025\/12\/1765178433-PG110-PU-POLYURETHANE-Urethane-Adhesives-one-component-PU-sealant-sealant-for-auto-glass.jpg\" alt=\"PG110-PU-POLYM\u00c8THANE-Adh\u00e9sifs-ur\u00e9thane-monocomposant-mastic-PU-mastic-pour-vitres-auto\" width=\"750\" height=\"750\" srcset=\"https:\/\/www.supersybon.com\/fr\/wp-content\/uploads\/2025\/12\/1765178433-PG110-PU-POLYURETHANE-Urethane-Adhesives-one-component-PU-sealant-sealant-for-auto-glass.jpg 750w, https:\/\/www.supersybon.com\/fr\/wp-content\/uploads\/2025\/12\/1765178433-PG110-PU-POLYURETHANE-Urethane-Adhesives-one-component-PU-sealant-sealant-for-auto-glass-480x480.jpg 480w\" sizes=\"(min-width: 0px) and (max-width: 480px) 480px, (min-width: 481px) 750px, 100vw\" \/> <img decoding=\"async\" class=\"aligncenter size-full wp-image-4526\" src=\"https:\/\/www.supersybon.com\/fr\/wp-content\/uploads\/2025\/12\/1765178443-PG110-PU-Sealant-for-windshield-glass-polyurethane-Sealant-Car-window-repairing-sealant.jpg\" alt=\"PG110-PU-Mastic-pour-pare-brise-en-verre-polyur\u00e9thane-Mastic-r\u00e9parateur-vitre-voiture\" width=\"750\" height=\"750\" srcset=\"https:\/\/www.supersybon.com\/fr\/wp-content\/uploads\/2025\/12\/1765178443-PG110-PU-Sealant-for-windshield-glass-polyurethane-Sealant-Car-window-repairing-sealant.jpg 750w, https:\/\/www.supersybon.com\/fr\/wp-content\/uploads\/2025\/12\/1765178443-PG110-PU-Sealant-for-windshield-glass-polyurethane-Sealant-Car-window-repairing-sealant-480x480.jpg 480w\" sizes=\"(min-width: 0px) and (max-width: 480px) 480px, (min-width: 481px) 750px, 100vw\" \/><\/p>\n<p><img decoding=\"async\" class=\"aligncenter size-full wp-image-4525\" src=\"https:\/\/www.supersybon.com\/fr\/wp-content\/uploads\/2025\/12\/1765178438-PG110-PU-Sealant-fix-Usage-for-Windshield-and-Auto-Glass-Repair-Polyurethane-Adhesive.jpg\" alt=\"PG110-PU-Mastic-fix-Utilisation-pour-r\u00e9paration-pare-brise-et-vitres-auto-adh\u00e9sif-polyur\u00e9thane\" width=\"750\" height=\"750\" srcset=\"https:\/\/www.supersybon.com\/fr\/wp-content\/uploads\/2025\/12\/1765178438-PG110-PU-Sealant-fix-Usage-for-Windshield-and-Auto-Glass-Repair-Polyurethane-Adhesive.jpg 750w, https:\/\/www.supersybon.com\/fr\/wp-content\/uploads\/2025\/12\/1765178438-PG110-PU-Sealant-fix-Usage-for-Windshield-and-Auto-Glass-Repair-Polyurethane-Adhesive-480x480.jpg 480w\" sizes=\"(min-width: 0px) and (max-width: 480px) 480px, (min-width: 481px) 750px, 100vw\" \/><\/p>\n<p><img decoding=\"async\" class=\"aligncenter size-full wp-image-4518\" src=\"https:\/\/www.supersybon.com\/fr\/wp-content\/uploads\/2025\/12\/1765178400-PG110-Adhesivo-de-poliuretano-de-parabrisas-Autoglass-Sealant-PU-Sealant-Polyurethane-sealant.jpg\" alt=\"PG110-Adhesivo-de-poliuretano-de-parabrisas-Autoglass-Sealant-PU-Sealant-Polyurthane-sealant\" width=\"750\" height=\"750\" srcset=\"https:\/\/www.supersybon.com\/fr\/wp-content\/uploads\/2025\/12\/1765178400-PG110-Adhesivo-de-poliuretano-de-parabrisas-Autoglass-Sealant-PU-Sealant-Polyurethane-sealant.jpg 750w, https:\/\/www.supersybon.com\/fr\/wp-content\/uploads\/2025\/12\/1765178400-PG110-Adhesivo-de-poliuretano-de-parabrisas-Autoglass-Sealant-PU-Sealant-Polyurethane-sealant-480x480.jpg 480w\" sizes=\"(min-width: 0px) and (max-width: 480px) 480px, (min-width: 481px) 750px, 100vw\" \/><\/p>\n","protected":false},"excerpt":{"rendered":"<p>L'adh\u00e9sif polyur\u00e9thane pour pare-brise automobile est un mastic polyur\u00e9thane monocomposant \u00e0 polym\u00e9risation par l'humidit\u00e9. Il offre d'excellentes performances d'adh\u00e9rence et d'\u00e9tanch\u00e9it\u00e9. Sans corrosion ni pollution des supports, respectueux de l'environnement, sans bulles lors de l'application, il pr\u00e9sente un aspect lisse et impeccable.<\/p>\n","protected":false},"featured_media":4521,"template":"","meta":{"_et_pb_use_builder":"","_et_pb_old_content":"","_et_gb_content_width":""},"product_brand":[],"product_cat":[1059,56],"product_tag":[1060],"class_list":{"0":"post-4515","1":"product","2":"type-product","3":"status-publish","4":"has-post-thumbnail","6":"product_cat-mastic-adhesif-automobile","7":"product_cat-serie-dentretien-automobile","8":"product_tag-adhesif-polyurethane","10":"first","11":"instock","12":"shipping-taxable","13":"product-type-simple"},"_links":{"self":[{"href":"https:\/\/www.supersybon.com\/fr\/wp-json\/wp\/v2\/product\/4515","targetHints":{"allow":["GET"]}}],"collection":[{"href":"https:\/\/www.supersybon.com\/fr\/wp-json\/wp\/v2\/product"}],"about":[{"href":"https:\/\/www.supersybon.com\/fr\/wp-json\/wp\/v2\/types\/product"}],"wp:featuredmedia":[{"embeddable":true,"href":"https:\/\/www.supersybon.com\/fr\/wp-json\/wp\/v2\/media\/4521"}],"wp:attachment":[{"href":"https:\/\/www.supersybon.com\/fr\/wp-json\/wp\/v2\/media?parent=4515"}],"wp:term":[{"taxonomy":"product_brand","embeddable":true,"href":"https:\/\/www.supersybon.com\/fr\/wp-json\/wp\/v2\/product_brand?post=4515"},{"taxonomy":"product_cat","embeddable":true,"href":"https:\/\/www.supersybon.com\/fr\/wp-json\/wp\/v2\/product_cat?post=4515"},{"taxonomy":"product_tag","embeddable":true,"href":"https:\/\/www.supersybon.com\/fr\/wp-json\/wp\/v2\/product_tag?post=4515"}],"curies":[{"name":"wp","href":"https:\/\/api.w.org\/{rel}","templated":true}]}}