{"id":4506,"date":"2025-12-06T14:37:51","date_gmt":"2025-12-06T06:37:51","guid":{"rendered":"https:\/\/www.supersybon.com\/fr\/?post_type=product&#038;p=4506"},"modified":"2025-12-06T14:47:37","modified_gmt":"2025-12-06T06:47:37","slug":"sk798-pistolet-a-peinture-hvlp-pour-automobile-buse-de-13-mm-a-gravite","status":"publish","type":"product","link":"https:\/\/www.supersybon.com\/fr\/product\/sk798-pistolet-a-peinture-hvlp-pour-automobile-buse-de-13-mm-a-gravite","title":{"rendered":"SK798 Pistolet \u00e0 peinture HVLP pour automobile, buse de 1,3 mm, \u00e0 gravit\u00e9"},"content":{"rendered":"<p><iframe title=\"Introducing SYBON\u2019s New Arrival: The Quality SK798 1.3mm Gravity Spray Gun!\" width=\"1080\" height=\"608\" src=\"https:\/\/www.youtube.com\/embed\/eDeUK2cwrgk?feature=oembed\"  allow=\"accelerometer; autoplay; clipboard-write; encrypted-media; gyroscope; picture-in-picture; web-share\" referrerpolicy=\"strict-origin-when-cross-origin\" allowfullscreen><\/iframe><\/p>\n<p><img decoding=\"async\" class=\"aligncenter size-full wp-image-4510\" src=\"https:\/\/www.supersybon.com\/fr\/wp-content\/uploads\/2025\/12\/1765003193-SK798-General-Purpose-HVLP-Gravity-Feed-1.3mm-Paint-Spray-Gun-with-600mL-Cup.jpg\" alt=\"Pistolet \u00e0 peinture SK798 - Usage g\u00e9n\u00e9ral - HVLP - Alimentation par gravit\u00e9 - Buse de 1,3 mm - Avec godet de 600 ml\" width=\"750\" height=\"302\" srcset=\"https:\/\/www.supersybon.com\/fr\/wp-content\/uploads\/2025\/12\/1765003193-SK798-General-Purpose-HVLP-Gravity-Feed-1.3mm-Paint-Spray-Gun-with-600mL-Cup.jpg 750w, https:\/\/www.supersybon.com\/fr\/wp-content\/uploads\/2025\/12\/1765003193-SK798-General-Purpose-HVLP-Gravity-Feed-1.3mm-Paint-Spray-Gun-with-600mL-Cup-480x193.jpg 480w\" sizes=\"(min-width: 0px) and (max-width: 480px) 480px, (min-width: 481px) 750px, 100vw\" \/><\/p>\n<p>&nbsp;<\/p>\n<h2><strong>\u00c0 propos du pistolet \u00e0 peinture HVLP SK798 pour l'automobile\u00a0:<\/strong><\/h2>\n<p>1. Pistolet \u00e0 peinture HVLP \u00e0 gravit\u00e9\u00a0: L\u00e9ger et ergonomique, sa g\u00e2chette pivotante facilite l'utilisation et r\u00e9duit la fatigue. \u00c9quip\u00e9 d'une buse de 1,3\u00a0mm, ce pistolet HVLP professionnel offre une pulv\u00e9risation plus douce et uniforme, et un contr\u00f4le accru. Il permet une pulv\u00e9risation plus pr\u00e9cise et moins de brouillard de pulv\u00e9risation.<\/p>\n<p>2. Pistolet \u00e0 peinture \u00e0 godet\u00a0: Son corps principal en alliage d'aluminium forg\u00e9 est robuste et durable. Ce pistolet HVLP est fourni avec une buse de 1,3\u00a0mm et un godet en plastique de 600\u00a0ml.<\/p>\n<p>3. Ce pistolet \u00e0 peinture HVLP et ses composants conviennent aux secteurs de l'automobile, de l'entretien automobile, de la t\u00f4lerie, du mobilier, du plastique et de la construction. Convient pour la pulv\u00e9risation de peintures \u00e0 l'huile ou latex, d'appr\u00eats, de peintures transparentes, de peintures monocouches, etc.<\/p>\n<p>Classification\u00a0: pistolet \u00e0 peinture \u00e0 godet<\/p>\n<p>Diam\u00e8tre de la buse\u00a0: 1,3 mm<\/p>\n<p>Capacit\u00e9 du r\u00e9servoir\u00a0: 600 ml<\/p>\n<p>Diam\u00e8tre du jet\u00a0: 220 mm<\/p>\n<p>D\u00e9bit de peinture\u00a0: \u2265 330 ml\/min<\/p>\n<p>Port\u00e9e\u00a0: 240 mm<\/p>\n<p>Consommation d'air\u00a0: 200 l\/min<\/p>\n<p>Port\u00e9e\u00a0: 240 mm<\/p>\n<p>Consommation d'air\u00a0: 200 l\/min<\/p>\n<p>Puissance\u00a0: 2,0 bar<\/p>\n<p>Applications du pistolet \u00e0 peinture HVLP\u00a0: convient \u00e0 la pulv\u00e9risation de peintures \u00e0 l'huile ou \u00e9mulsion, d'appr\u00eats, de peintures transparentes, de peintures monocouches, etc. Secteurs d'activit\u00e9\u00a0: automobile, entretien automobile, t\u00f4lerie, mobilier, plastique et construction<\/p>\n<div class=\"magic-13\">\n<div class=\"magic-14\">\n<div class=\"magic-9\">\n<div class=\"magic-10\">\n<p>&nbsp;<\/p>\n<\/div>\n<\/div>\n<\/div>\n<\/div>\n<div data-spm-anchor-id=\"a2700.details.0.i37.625d2e9eLtZffL\"><img decoding=\"async\" class=\"aligncenter size-full wp-image-4509\" src=\"https:\/\/www.supersybon.com\/fr\/wp-content\/uploads\/2025\/12\/1765003189-SK798-Car-Spray-Gun-with-600ml-Robust-and-Durable-Plastic-Cup-for-Car-Repair-and-Paint-Restoration.jpg\" alt=\"Pistolet \u00e0 peinture SK798 pour voiture avec godet en plastique robuste et durable de 600 ml pour la r\u00e9paration et la restauration de peinture automobile\" width=\"750\" height=\"750\" srcset=\"https:\/\/www.supersybon.com\/fr\/wp-content\/uploads\/2025\/12\/1765003189-SK798-Car-Spray-Gun-with-600ml-Robust-and-Durable-Plastic-Cup-for-Car-Repair-and-Paint-Restoration.jpg 750w, https:\/\/www.supersybon.com\/fr\/wp-content\/uploads\/2025\/12\/1765003189-SK798-Car-Spray-Gun-with-600ml-Robust-and-Durable-Plastic-Cup-for-Car-Repair-and-Paint-Restoration-480x480.jpg 480w\" sizes=\"(min-width: 0px) and (max-width: 480px) 480px, (min-width: 481px) 750px, 100vw\" \/><img decoding=\"async\" class=\"aligncenter size-full wp-image-4511\" src=\"https:\/\/www.supersybon.com\/fr\/wp-content\/uploads\/2025\/12\/1765003198-SK798-HVLP-Gravity-Feed-Air-Spray-Gun-Kit-with-Spray-Paint-Gun-600-milliliter-Plastic-Cup-for-Auto-Paint-Primer.jpg\" alt=\"Kit pistolet \u00e0 peinture HVLP \u00e0 gravit\u00e9 SK798 avec godet en plastique de 600 ml pour appr\u00eat automobile\" width=\"750\" height=\"750\" srcset=\"https:\/\/www.supersybon.com\/fr\/wp-content\/uploads\/2025\/12\/1765003198-SK798-HVLP-Gravity-Feed-Air-Spray-Gun-Kit-with-Spray-Paint-Gun-600-milliliter-Plastic-Cup-for-Auto-Paint-Primer.jpg 750w, https:\/\/www.supersybon.com\/fr\/wp-content\/uploads\/2025\/12\/1765003198-SK798-HVLP-Gravity-Feed-Air-Spray-Gun-Kit-with-Spray-Paint-Gun-600-milliliter-Plastic-Cup-for-Auto-Paint-Primer-480x480.jpg 480w\" sizes=\"(min-width: 0px) and (max-width: 480px) 480px, (min-width: 481px) 750px, 100vw\" \/> <img decoding=\"async\" class=\"aligncenter size-full wp-image-4512\" src=\"https:\/\/www.supersybon.com\/fr\/wp-content\/uploads\/2025\/12\/1765003203-SK798-HVLP-Spray-Gun-Paint-Sprayer-1.3-mm-Spray-Paint-Gun-Nozzle-Size-600-cc-Auto-Paint-Spray-Gun-Machine-For-Car-household-Use.jpg\" alt=\"Pistolet \u00e0 peinture SK798-HVLP, buse de 1,3 mm, capacit\u00e9 de 600 cc, pour voiture et usage domestique\" width=\"750\" height=\"750\" srcset=\"https:\/\/www.supersybon.com\/fr\/wp-content\/uploads\/2025\/12\/1765003203-SK798-HVLP-Spray-Gun-Paint-Sprayer-1.3-mm-Spray-Paint-Gun-Nozzle-Size-600-cc-Auto-Paint-Spray-Gun-Machine-For-Car-household-Use.jpg 750w, https:\/\/www.supersybon.com\/fr\/wp-content\/uploads\/2025\/12\/1765003203-SK798-HVLP-Spray-Gun-Paint-Sprayer-1.3-mm-Spray-Paint-Gun-Nozzle-Size-600-cc-Auto-Paint-Spray-Gun-Machine-For-Car-household-Use-480x480.jpg 480w\" sizes=\"(min-width: 0px) and (max-width: 480px) 480px, (min-width: 481px) 750px, 100vw\" \/> <img decoding=\"async\" class=\"aligncenter size-full wp-image-4513\" src=\"https:\/\/www.supersybon.com\/fr\/wp-content\/uploads\/2025\/12\/1765003209-SK798-Pneumatic-Paint-Spray-Gun-Handheld-Automatic-Spraying-Tool-for-Furniture-Automobile-Leather-Coat-Top-Coat.jpg\" alt=\"SK798 - Pistolet \u00e0 peinture pneumatique portatif automatique pour meubles, automobiles, cuir, manteaux et finitions\" width=\"750\" height=\"750\" srcset=\"https:\/\/www.supersybon.com\/fr\/wp-content\/uploads\/2025\/12\/1765003209-SK798-Pneumatic-Paint-Spray-Gun-Handheld-Automatic-Spraying-Tool-for-Furniture-Automobile-Leather-Coat-Top-Coat.jpg 750w, https:\/\/www.supersybon.com\/fr\/wp-content\/uploads\/2025\/12\/1765003209-SK798-Pneumatic-Paint-Spray-Gun-Handheld-Automatic-Spraying-Tool-for-Furniture-Automobile-Leather-Coat-Top-Coat-480x480.jpg 480w\" sizes=\"(min-width: 0px) and (max-width: 480px) 480px, (min-width: 481px) 750px, 100vw\" \/><\/div>\n<div data-spm-anchor-id=\"a2700.details.0.i37.625d2e9eLtZffL\"><\/div>\n<div data-spm-anchor-id=\"a2700.details.0.i37.625d2e9eLtZffL\"><\/div>\n<div class=\"magic-13\">\n<div class=\"magic-14\">\n<div data-spm-anchor-id=\"a2700.details.0.i37.625d2e9eLtZffL\">\n<div data-spm-anchor-id=\"a2700.details.0.i37.625d2e9eLtZffL\">\n<p>&nbsp;<\/p>\n<\/div>\n<div data-spm-anchor-id=\"a2700.details.0.i37.625d2e9eLtZffL\">\n<div><strong>Emballage et service du produit<\/strong><\/div>\n<hr \/>\n<p><strong>EMBALLER:<\/strong><\/p>\n<p>1 pi\u00e8ce\/bo\u00eete en papier.<\/p>\n<p>&nbsp;<\/p>\n<p><strong>NOTRE SERVICE:<\/strong><\/p>\n<p>1.24 heures en ligne<\/p>\n<p>2. Prix comp\u00e9titif<\/p>\n<p>3. Excellents commentaires du client<\/p>\n<p>4. Commande en ligne s\u00e9curis\u00e9e<\/p>\n<p>5. livraison rapide<\/p>\n<p>6. support technique professionnel<\/p>\n<\/div>\n<\/div>\n<div data-spm-anchor-id=\"a2700.details.0.i37.625d2e9eLtZffL\"><\/div>\n<div data-spm-anchor-id=\"a2700.details.0.i37.625d2e9eLtZffL\"><\/div>\n<p>&nbsp;<\/p>\n<p><strong>Profil de l'entreprise<\/strong><\/p>\n<hr \/>\n<p>&nbsp;<\/p>\n<p>&nbsp;<\/p>\n<p><img decoding=\"async\" class=\"aligncenter size-full wp-image-324\" src=\"https:\/\/www.supersybon.com\/fr\/wp-content\/uploads\/2022\/09\/1663401769-Car-Paint-Supplier-Company-Profile-Manufacturer-China.jpg\" alt=\"\" width=\"900\" height=\"958\" srcset=\"https:\/\/www.supersybon.com\/fr\/wp-content\/uploads\/2022\/09\/1663401769-Car-Paint-Supplier-Company-Profile-Manufacturer-China.jpg 900w, https:\/\/www.supersybon.com\/fr\/wp-content\/uploads\/2022\/09\/1663401769-Car-Paint-Supplier-Company-Profile-Manufacturer-China-480x511.jpg 480w\" sizes=\"(min-width: 0px) and (max-width: 480px) 480px, (min-width: 481px) 900px, 100vw\" \/><\/p>\n<p>FAQ<\/p>\n<hr \/>\n<\/div>\n<\/div>\n<p><strong>Q\u00a0:\u00a0Quel est votre MOQ\u00a0?<\/strong><\/p>\n<p>R : Notre MOQ est de 10 ensembles.<\/p>\n<p><strong>Q\u00a0:\u00a0Qu\u2019en est-il de votre paiement\u00a0?<\/strong><\/p>\n<p>R : d\u00e9p\u00f4t de 50% \u00e0 l'avance, solde de 50% par T\/T, L\/C, paypal, Western Union ou bien avant exp\u00e9dition.<\/p>\n<p><strong>Q : Fournissez-vous des \u00e9chantillons ?<\/strong><\/p>\n<p>R : Oui, vous pouvez acheter un \u00e9chantillon pour le tester.<\/p>\n<p><strong>Q : Qu'en est-il de votre d\u00e9lai de livraison ?<\/strong><\/p>\n<p>R\u00a0:\u00a0Habituellement 15 jours apr\u00e8s r\u00e9ception de votre d\u00e9p\u00f4t.<\/p>\n","protected":false},"excerpt":{"rendered":"<p>\u00c0 propos du pistolet \u00e0 peinture HVLP pour automobile\u00a0:<br \/>\n1. TRANSFERT EFFICACE\u00a0: La technologie de r\u00e9glage permet un transfert de produit plus efficace tout en r\u00e9duisant les projections et les \u00e9claboussures, am\u00e9liorant ainsi l\u2019adh\u00e9rence du rev\u00eatement \u00e0 la surface.<br \/>\n2. \u00c9CONOMIES DE PRODUIT\u00a0: Ce pistolet permet \u00e9galement d\u2019\u00e9conomiser jusqu\u2019\u00e0 40\u00a0% de produit, ce qui est tr\u00e8s pratique.<br \/>\n3. MULTI-USAGES\u00a0: Application de peinture de base, vernis, monocouche, appr\u00eat, etc. Le pistolet offre une pulv\u00e9risation parfaitement atomis\u00e9e pour des finitions automobiles professionnelles.<\/p>\n","protected":false},"featured_media":4508,"template":"","meta":{"_et_pb_use_builder":"","_et_pb_old_content":"","_et_gb_content_width":""},"product_brand":[],"product_cat":[67,75],"product_tag":[1058],"class_list":{"0":"post-4506","1":"product","2":"type-product","3":"status-publish","4":"has-post-thumbnail","6":"product_cat-serie-de-reparation-automobile","7":"product_cat-pistolet-a-peinture","8":"product_tag-pistolet-a-peinture-hvlp","10":"first","11":"instock","12":"shipping-taxable","13":"product-type-simple"},"_links":{"self":[{"href":"https:\/\/www.supersybon.com\/fr\/wp-json\/wp\/v2\/product\/4506","targetHints":{"allow":["GET"]}}],"collection":[{"href":"https:\/\/www.supersybon.com\/fr\/wp-json\/wp\/v2\/product"}],"about":[{"href":"https:\/\/www.supersybon.com\/fr\/wp-json\/wp\/v2\/types\/product"}],"wp:featuredmedia":[{"embeddable":true,"href":"https:\/\/www.supersybon.com\/fr\/wp-json\/wp\/v2\/media\/4508"}],"wp:attachment":[{"href":"https:\/\/www.supersybon.com\/fr\/wp-json\/wp\/v2\/media?parent=4506"}],"wp:term":[{"taxonomy":"product_brand","embeddable":true,"href":"https:\/\/www.supersybon.com\/fr\/wp-json\/wp\/v2\/product_brand?post=4506"},{"taxonomy":"product_cat","embeddable":true,"href":"https:\/\/www.supersybon.com\/fr\/wp-json\/wp\/v2\/product_cat?post=4506"},{"taxonomy":"product_tag","embeddable":true,"href":"https:\/\/www.supersybon.com\/fr\/wp-json\/wp\/v2\/product_tag?post=4506"}],"curies":[{"name":"wp","href":"https:\/\/api.w.org\/{rel}","templated":true}]}}