{"id":4498,"date":"2025-12-06T14:06:36","date_gmt":"2025-12-06T06:06:36","guid":{"rendered":"https:\/\/www.supersybon.com\/fr\/?post_type=product&#038;p=4498"},"modified":"2025-12-06T14:36:59","modified_gmt":"2025-12-06T06:36:59","slug":"h-827m-pistolet-a-peinture-pneumatique-hvlp-miniature-a-alimentation-par-gravite-05-mm-08-mm-et-10-mm-avec-godet-en-plastique-de-125-cc","status":"publish","type":"product","link":"https:\/\/www.supersybon.com\/fr\/product\/h-827m-pistolet-a-peinture-pneumatique-hvlp-miniature-a-alimentation-par-gravite-05-mm-08-mm-et-10-mm-avec-godet-en-plastique-de-125-cc","title":{"rendered":"H-827M Pistolet \u00e0 peinture pneumatique HVLP miniature \u00e0 alimentation par gravit\u00e9, 0,5 mm, 0,8 mm et 1,0 mm, avec godet en plastique de 125 cc"},"content":{"rendered":"<p><iframe title=\"Pneumatic 0.5mm 0.8mm 1.0mm Mini HVLP Gravity Feed Spray Gun with 125cc Plastic Cup\" width=\"1080\" height=\"608\" src=\"https:\/\/www.youtube.com\/embed\/4iTvYZbmLX8?feature=oembed\"  allow=\"accelerometer; autoplay; clipboard-write; encrypted-media; gyroscope; picture-in-picture; web-share\" referrerpolicy=\"strict-origin-when-cross-origin\" allowfullscreen><\/iframe><\/p>\n<p><img decoding=\"async\" class=\"aligncenter size-full wp-image-4499\" src=\"https:\/\/www.supersybon.com\/fr\/wp-content\/uploads\/2025\/12\/1765001264-H-827M-0.5mm0.8mm1.0mm-Nozzle-Professional-HVLP-Spray-Gun-Mini-Air-Paint-Spray-Guns-Airbrush-For-Painting-Car.jpg\" alt=\"Pistolet \u00e0 peinture HVLP professionnel H-827M avec buse de 0,5 mm, 0,8 mm et 1,0 mm. Mini pistolet \u00e0 peinture \u00e0 air comprim\u00e9 pour voiture.\" width=\"750\" height=\"302\" srcset=\"https:\/\/www.supersybon.com\/fr\/wp-content\/uploads\/2025\/12\/1765001264-H-827M-0.5mm0.8mm1.0mm-Nozzle-Professional-HVLP-Spray-Gun-Mini-Air-Paint-Spray-Guns-Airbrush-For-Painting-Car.jpg 750w, https:\/\/www.supersybon.com\/fr\/wp-content\/uploads\/2025\/12\/1765001264-H-827M-0.5mm0.8mm1.0mm-Nozzle-Professional-HVLP-Spray-Gun-Mini-Air-Paint-Spray-Guns-Airbrush-For-Painting-Car-480x193.jpg 480w\" sizes=\"(min-width: 0px) and (max-width: 480px) 480px, (min-width: 481px) 750px, 100vw\" \/><\/p>\n<p>&nbsp;<\/p>\n<h2><strong>Pistolet \u00e0 peinture pneumatique HVLP H-827M (0,5 mm, 0,8 mm, 1,0 mm) \u00e0 alimentation par gravit\u00e9, avec godet en plastique de 125 cc<\/strong><\/h2>\n<p>1. R\u00e9glable : Trois r\u00e9glages : forme du jet (cercle\/ellipse), volume de peinture et d\u00e9bit d'air, pour s'adapter \u00e0 vos besoins.<\/p>\n<p>2. Technologie HVLP : Ce mini pistolet \u00e0 peinture utilise la technologie HVLP, qui permet de r\u00e9aliser des \u00e9conomies de peinture en r\u00e9duisant les projections.<\/p>\n<p>3. Caract\u00e9ristiques : La faible pression d'air \u00e0 la buse assure une application uniforme et une atomisation optimale.<\/p>\n<p>4. Polyvalent : L'aiguille et la buse en acier inoxydable de ce pistolet \u00e0 peinture portatif sont compatibles avec une grande vari\u00e9t\u00e9 de peintures et de rev\u00eatements pour de nombreux projets.<\/p>\n<p>5. Facile \u00e0 utiliser : Son format compact est id\u00e9al pour les petits travaux de peinture et les retouches rapides ; capacit\u00e9 du godet : 125 cc.<\/p>\n<div class=\"magic-13\">\n<div class=\"magic-14\">\n<div class=\"magic-9\">\n<div class=\"magic-10\">\n<p>&nbsp;<\/p>\n<\/div>\n<\/div>\n<\/div>\n<\/div>\n<div data-spm-anchor-id=\"a2700.details.0.i37.625d2e9eLtZffL\"><img decoding=\"async\" class=\"aligncenter size-full wp-image-4502\" src=\"https:\/\/www.supersybon.com\/fr\/wp-content\/uploads\/2025\/12\/1765001280-H-827M-HVLP-Mini-Gravity-Feed-Air-Spray-Paint-Gun-0.5mm-0.8mm-1.0-mm-Nozzle-Size-125-cc.jpg\" alt=\"Pistolet \u00e0 peinture HVLP \u00e0 alimentation par gravit\u00e9 H-827M - Taille de buse : 0,5 mm - 0,8 mm - 1,0 mm\" width=\"750\" height=\"750\" srcset=\"https:\/\/www.supersybon.com\/fr\/wp-content\/uploads\/2025\/12\/1765001280-H-827M-HVLP-Mini-Gravity-Feed-Air-Spray-Paint-Gun-0.5mm-0.8mm-1.0-mm-Nozzle-Size-125-cc.jpg 750w, https:\/\/www.supersybon.com\/fr\/wp-content\/uploads\/2025\/12\/1765001280-H-827M-HVLP-Mini-Gravity-Feed-Air-Spray-Paint-Gun-0.5mm-0.8mm-1.0-mm-Nozzle-Size-125-cc-480x480.jpg 480w\" sizes=\"(min-width: 0px) and (max-width: 480px) 480px, (min-width: 481px) 750px, 100vw\" \/> <img decoding=\"async\" class=\"aligncenter size-full wp-image-4500\" src=\"https:\/\/www.supersybon.com\/fr\/wp-content\/uploads\/2025\/12\/1765001269-H-827M-Car-furniture-small-surface-repair-gun-mini-spray-paint-gun-HVLP-high-atomization-pneumatic-spray-gun.jpg\" alt=\"Pistolet \u00e0 peinture HVLP haute atomisation pour petites surfaces (voiture, mobilier, etc.) - Mini pistolet \u00e0 peinture pneumatique HVLP\" width=\"750\" height=\"750\" srcset=\"https:\/\/www.supersybon.com\/fr\/wp-content\/uploads\/2025\/12\/1765001269-H-827M-Car-furniture-small-surface-repair-gun-mini-spray-paint-gun-HVLP-high-atomization-pneumatic-spray-gun.jpg 750w, https:\/\/www.supersybon.com\/fr\/wp-content\/uploads\/2025\/12\/1765001269-H-827M-Car-furniture-small-surface-repair-gun-mini-spray-paint-gun-HVLP-high-atomization-pneumatic-spray-gun-480x480.jpg 480w\" sizes=\"(min-width: 0px) and (max-width: 480px) 480px, (min-width: 481px) 750px, 100vw\" \/> <img decoding=\"async\" class=\"aligncenter size-full wp-image-4505\" src=\"https:\/\/www.supersybon.com\/fr\/wp-content\/uploads\/2025\/12\/1765001295-HVLP-Mini-Spray-Gun-Gravity-Feed-Paint-Sprayer-Gun-with-0.8mm-Nozzle-125-cc-Capacity-for-Automotive.jpg\" alt=\"Pistolet \u00e0 peinture HVLP mini \u00e0 alimentation par gravit\u00e9 avec buse de 0,8 mm et capacit\u00e9 de 125 cm\u00b3 pour l'automobile\" width=\"750\" height=\"750\" srcset=\"https:\/\/www.supersybon.com\/fr\/wp-content\/uploads\/2025\/12\/1765001295-HVLP-Mini-Spray-Gun-Gravity-Feed-Paint-Sprayer-Gun-with-0.8mm-Nozzle-125-cc-Capacity-for-Automotive.jpg 750w, https:\/\/www.supersybon.com\/fr\/wp-content\/uploads\/2025\/12\/1765001295-HVLP-Mini-Spray-Gun-Gravity-Feed-Paint-Sprayer-Gun-with-0.8mm-Nozzle-125-cc-Capacity-for-Automotive-480x480.jpg 480w\" sizes=\"(min-width: 0px) and (max-width: 480px) 480px, (min-width: 481px) 750px, 100vw\" \/> <img decoding=\"async\" class=\"aligncenter size-full wp-image-4503\" src=\"https:\/\/www.supersybon.com\/fr\/wp-content\/uploads\/2025\/12\/1765001285-H-827M-Pneumatic-0.5mm-0.8mm-1.0mm-Mini-HVLP-Gravity-Feed-Spray-Gun-with-125cc-Plastic-Cup.jpg\" alt=\"Pistolet \u00e0 peinture HVLP mini \u00e0 gravit\u00e9, calibre 0,5 mm, 0,8 mm et 1,0 mm, avec godet en plastique de 125 cc (H-827M).\" width=\"750\" height=\"750\" srcset=\"https:\/\/www.supersybon.com\/fr\/wp-content\/uploads\/2025\/12\/1765001285-H-827M-Pneumatic-0.5mm-0.8mm-1.0mm-Mini-HVLP-Gravity-Feed-Spray-Gun-with-125cc-Plastic-Cup.jpg 750w, https:\/\/www.supersybon.com\/fr\/wp-content\/uploads\/2025\/12\/1765001285-H-827M-Pneumatic-0.5mm-0.8mm-1.0mm-Mini-HVLP-Gravity-Feed-Spray-Gun-with-125cc-Plastic-Cup-480x480.jpg 480w\" sizes=\"(min-width: 0px) and (max-width: 480px) 480px, (min-width: 481px) 750px, 100vw\" \/><\/div>\n<div data-spm-anchor-id=\"a2700.details.0.i37.625d2e9eLtZffL\"><\/div>\n<div data-spm-anchor-id=\"a2700.details.0.i37.625d2e9eLtZffL\"><\/div>\n<div class=\"magic-13\">\n<div class=\"magic-14\">\n<div data-spm-anchor-id=\"a2700.details.0.i37.625d2e9eLtZffL\">\n<div data-spm-anchor-id=\"a2700.details.0.i37.625d2e9eLtZffL\">\n<p>&nbsp;<\/p>\n<\/div>\n<div data-spm-anchor-id=\"a2700.details.0.i37.625d2e9eLtZffL\">\n<div><strong>Emballage et service du produit<\/strong><\/div>\n<hr \/>\n<p><strong>EMBALLER:<\/strong><\/p>\n<p>1 pi\u00e8ce\/bo\u00eete en papier.<\/p>\n<p>&nbsp;<\/p>\n<p><strong>NOTRE SERVICE:<\/strong><\/p>\n<p>1.24 heures en ligne<\/p>\n<p>2. Prix comp\u00e9titif<\/p>\n<p>3. Excellents commentaires du client<\/p>\n<p>4. Commande en ligne s\u00e9curis\u00e9e<\/p>\n<p>5. livraison rapide<\/p>\n<p>6. support technique professionnel<\/p>\n<\/div>\n<\/div>\n<div data-spm-anchor-id=\"a2700.details.0.i37.625d2e9eLtZffL\"><\/div>\n<div data-spm-anchor-id=\"a2700.details.0.i37.625d2e9eLtZffL\"><\/div>\n<p>&nbsp;<\/p>\n<p><strong>Profil de l'entreprise<\/strong><\/p>\n<hr \/>\n<p>&nbsp;<\/p>\n<p>&nbsp;<\/p>\n<p><img decoding=\"async\" class=\"aligncenter size-full wp-image-324\" src=\"https:\/\/www.supersybon.com\/fr\/wp-content\/uploads\/2022\/09\/1663401769-Car-Paint-Supplier-Company-Profile-Manufacturer-China.jpg\" alt=\"\" width=\"900\" height=\"958\" srcset=\"https:\/\/www.supersybon.com\/fr\/wp-content\/uploads\/2022\/09\/1663401769-Car-Paint-Supplier-Company-Profile-Manufacturer-China.jpg 900w, https:\/\/www.supersybon.com\/fr\/wp-content\/uploads\/2022\/09\/1663401769-Car-Paint-Supplier-Company-Profile-Manufacturer-China-480x511.jpg 480w\" sizes=\"(min-width: 0px) and (max-width: 480px) 480px, (min-width: 481px) 900px, 100vw\" \/><\/p>\n<p>FAQ<\/p>\n<hr \/>\n<\/div>\n<\/div>\n<p><strong>Q\u00a0:\u00a0Quel est votre MOQ\u00a0?<\/strong><\/p>\n<p>R : Notre MOQ est de 10 ensembles.<\/p>\n<p><strong>Q\u00a0:\u00a0Qu\u2019en est-il de votre paiement\u00a0?<\/strong><\/p>\n<p>R : d\u00e9p\u00f4t de 50% \u00e0 l'avance, solde de 50% par T\/T, L\/C, paypal, Western Union ou bien avant exp\u00e9dition.<\/p>\n<p><strong>Q : Fournissez-vous des \u00e9chantillons ?<\/strong><\/p>\n<p>R : Oui, vous pouvez acheter un \u00e9chantillon pour le tester.<\/p>\n<p><strong>Q : Qu'en est-il de votre d\u00e9lai de livraison ?<\/strong><\/p>\n<p>R\u00a0:\u00a0Habituellement 15 jours apr\u00e8s r\u00e9ception de votre d\u00e9p\u00f4t.<\/p>\n","protected":false},"excerpt":{"rendered":"<p>Pistolet \u00e0 peinture pneumatique HVLP :<br \/>\n1. Qualit\u00e9 professionnelle et excellente atomisation<br \/>\n2. Buse et aiguille en acier inoxydable de haute qualit\u00e9<br \/>\n3. R\u00e9glage pr\u00e9cis du jet<br \/>\n4. Principalement utilis\u00e9 pour la peinture de pr\u00e9cision sur de petites surfaces.<\/p>\n","protected":false},"featured_media":4504,"template":"","meta":{"_et_pb_use_builder":"","_et_pb_old_content":"","_et_gb_content_width":""},"product_brand":[],"product_cat":[67,75],"product_tag":[1057],"class_list":{"0":"post-4498","1":"product","2":"type-product","3":"status-publish","4":"has-post-thumbnail","6":"product_cat-serie-de-reparation-automobile","7":"product_cat-pistolet-a-peinture","8":"product_tag-pistolet-a-peinture-pneumatique","10":"first","11":"instock","12":"shipping-taxable","13":"product-type-simple"},"_links":{"self":[{"href":"https:\/\/www.supersybon.com\/fr\/wp-json\/wp\/v2\/product\/4498","targetHints":{"allow":["GET"]}}],"collection":[{"href":"https:\/\/www.supersybon.com\/fr\/wp-json\/wp\/v2\/product"}],"about":[{"href":"https:\/\/www.supersybon.com\/fr\/wp-json\/wp\/v2\/types\/product"}],"wp:featuredmedia":[{"embeddable":true,"href":"https:\/\/www.supersybon.com\/fr\/wp-json\/wp\/v2\/media\/4504"}],"wp:attachment":[{"href":"https:\/\/www.supersybon.com\/fr\/wp-json\/wp\/v2\/media?parent=4498"}],"wp:term":[{"taxonomy":"product_brand","embeddable":true,"href":"https:\/\/www.supersybon.com\/fr\/wp-json\/wp\/v2\/product_brand?post=4498"},{"taxonomy":"product_cat","embeddable":true,"href":"https:\/\/www.supersybon.com\/fr\/wp-json\/wp\/v2\/product_cat?post=4498"},{"taxonomy":"product_tag","embeddable":true,"href":"https:\/\/www.supersybon.com\/fr\/wp-json\/wp\/v2\/product_tag?post=4498"}],"curies":[{"name":"wp","href":"https:\/\/api.w.org\/{rel}","templated":true}]}}