{"id":4489,"date":"2025-12-06T13:57:05","date_gmt":"2025-12-06T05:57:05","guid":{"rendered":"https:\/\/www.supersybon.com\/fr\/?post_type=product&#038;p=4489"},"modified":"2025-12-06T14:05:48","modified_gmt":"2025-12-06T06:05:48","slug":"h-4000b-pistolet-a-peinture-haute-performance-hvlp-de-qualite-superieure-pour-peinture-automobile-avec-buses-de-13-mm-et-godet-de-600-cc","status":"publish","type":"product","link":"https:\/\/www.supersybon.com\/fr\/product\/h-4000b-pistolet-a-peinture-haute-performance-hvlp-de-qualite-superieure-pour-peinture-automobile-avec-buses-de-13-mm-et-godet-de-600-cc","title":{"rendered":"H-4000B Pistolet \u00e0 peinture haute performance HVLP de qualit\u00e9 sup\u00e9rieure pour peinture automobile, avec buses de 1,3 mm et godet de 600 cc"},"content":{"rendered":"<p><iframe title=\"SYBON H-4000B Top Quality High Performance Spray Gun Car Paint HVLP Spray Gun with Nozzles 1.3mm\" width=\"1080\" height=\"608\" src=\"https:\/\/www.youtube.com\/embed\/uGE4yRTb96A?feature=oembed\"  allow=\"accelerometer; autoplay; clipboard-write; encrypted-media; gyroscope; picture-in-picture; web-share\" referrerpolicy=\"strict-origin-when-cross-origin\" allowfullscreen><\/iframe><\/p>\n<p><img decoding=\"async\" class=\"aligncenter size-full wp-image-852\" src=\"https:\/\/www.supersybon.com\/fr\/wp-content\/uploads\/2022\/10\/1665661856-H100B-Spray-Gun-Painting-Car-Automotive-Spray-Gun-Automotive-Primer-Guns.jpg\" alt=\"\" width=\"900\" height=\"364\" srcset=\"https:\/\/www.supersybon.com\/fr\/wp-content\/uploads\/2022\/10\/1665661856-H100B-Spray-Gun-Painting-Car-Automotive-Spray-Gun-Automotive-Primer-Guns.jpg 900w, https:\/\/www.supersybon.com\/fr\/wp-content\/uploads\/2022\/10\/1665661856-H100B-Spray-Gun-Painting-Car-Automotive-Spray-Gun-Automotive-Primer-Guns-480x194.jpg 480w\" sizes=\"(min-width: 0px) and (max-width: 480px) 480px, (min-width: 481px) 900px, 100vw\" \/><\/p>\n<p>&nbsp;<\/p>\n<h2><strong>Pistolet \u00e0 peinture haute performance H-4000B<\/strong><\/h2>\n<p>1. Pistolet \u00e0 peinture \u00e0 gravit\u00e9 : Pistolet \u00e0 peinture professionnel, technologie d'atomisation basse pression respectueuse de l'environnement, pulv\u00e9risation uniforme pour une application plus lisse et homog\u00e8ne, et une grande facilit\u00e9 d'utilisation sur diverses surfaces.<\/p>\n<p>2. Performances optimales : La forme conique sp\u00e9ciale de la buse d'air emp\u00eache les projections de peinture. Le filtre \u00e0 mailles \u00e9limine les particules de salet\u00e9 et pr\u00e9vient les d\u00e9fauts. Le godet en PVC de 600 cc permet de visualiser le niveau de peinture et de gagner du temps lors du remplissage.<\/p>\n<p>3. Utilisation polyvalente : Ce pistolet \u00e0 peinture utilise la technologie HVLP (haut volume, basse pression) pour une application plus facile et sans effort, garantissant une pulv\u00e9risation plus lisse et contr\u00f4l\u00e9e, et r\u00e9duisant les projections. Id\u00e9al pour l'application de bases, vernis et autres rev\u00eatements \u00e0 haute viscosit\u00e9. Il est largement utilis\u00e9 dans le traitement des v\u00e9hicules, du bois, des plastiques, des m\u00e9taux, l'entretien des meubles et d'autres secteurs. 4. Pistolet \u00e0 peinture automobile haute qualit\u00e9\u00a0: aiguille et buse en acier inoxydable pour une dur\u00e9e de vie prolong\u00e9e et une utilisation avec des peintures \u00e0 l'eau. Noyau de valve en m\u00e9tal, r\u00e9sistant \u00e0 l'usure et \u00e0 la corrosion, atomisation uniforme, excellent r\u00e9sultat. Garantie de qualit\u00e9, service apr\u00e8s-vente sans souci, un achat judicieux\u00a0!<\/p>\n<div class=\"magic-13\">\n<div class=\"magic-14\">\n<div class=\"magic-9\">\n<div class=\"magic-10\">\n<p><img decoding=\"async\" class=\"aligncenter size-full wp-image-4495\" src=\"https:\/\/www.supersybon.com\/fr\/wp-content\/uploads\/2025\/12\/1765000919-4000B-HVLP-Spray-Gun-Kit-Professional-Automotive-Spray-Paint-Gun.jpg\" alt=\"Kit de pistolet \u00e0 peinture HVLP 4000B pour applications automobiles professionnelles\" width=\"800\" height=\"800\" srcset=\"https:\/\/www.supersybon.com\/fr\/wp-content\/uploads\/2025\/12\/1765000919-4000B-HVLP-Spray-Gun-Kit-Professional-Automotive-Spray-Paint-Gun.jpg 800w, https:\/\/www.supersybon.com\/fr\/wp-content\/uploads\/2025\/12\/1765000919-4000B-HVLP-Spray-Gun-Kit-Professional-Automotive-Spray-Paint-Gun-480x480.jpg 480w\" sizes=\"(min-width: 0px) and (max-width: 480px) 480px, (min-width: 481px) 800px, 100vw\" \/><\/p>\n<p>&nbsp;<\/p>\n<\/div>\n<\/div>\n<\/div>\n<\/div>\n<div data-spm-anchor-id=\"a2700.details.0.i37.625d2e9eLtZffL\"><\/div>\n<div data-spm-anchor-id=\"a2700.details.0.i37.625d2e9eLtZffL\"><\/div>\n<div data-spm-anchor-id=\"a2700.details.0.i37.625d2e9eLtZffL\"><\/div>\n<div class=\"magic-13\">\n<div class=\"magic-14\">\n<div data-spm-anchor-id=\"a2700.details.0.i37.625d2e9eLtZffL\">\n<div data-spm-anchor-id=\"a2700.details.0.i37.625d2e9eLtZffL\">\n<p>&nbsp;<\/p>\n<\/div>\n<div data-spm-anchor-id=\"a2700.details.0.i37.625d2e9eLtZffL\">\n<div><strong>Emballage et service du produit<\/strong><\/div>\n<hr \/>\n<p><strong>EMBALLER:<\/strong><\/p>\n<p>1 pi\u00e8ce\/bo\u00eete en papier.<\/p>\n<p>&nbsp;<\/p>\n<p><strong>NOTRE SERVICE:<\/strong><\/p>\n<p>1.24 heures en ligne<\/p>\n<p>2. Prix comp\u00e9titif<\/p>\n<p>3. Excellents commentaires du client<\/p>\n<p>4. Commande en ligne s\u00e9curis\u00e9e<\/p>\n<p>5. livraison rapide<\/p>\n<p>6. support technique professionnel<\/p>\n<\/div>\n<\/div>\n<div data-spm-anchor-id=\"a2700.details.0.i37.625d2e9eLtZffL\"><\/div>\n<div data-spm-anchor-id=\"a2700.details.0.i37.625d2e9eLtZffL\"><\/div>\n<p>&nbsp;<\/p>\n<p><strong>Profil de l'entreprise<\/strong><\/p>\n<hr \/>\n<p>&nbsp;<\/p>\n<p>&nbsp;<\/p>\n<p><img decoding=\"async\" class=\"aligncenter size-full wp-image-324\" src=\"https:\/\/www.supersybon.com\/fr\/wp-content\/uploads\/2022\/09\/1663401769-Car-Paint-Supplier-Company-Profile-Manufacturer-China.jpg\" alt=\"\" width=\"900\" height=\"958\" srcset=\"https:\/\/www.supersybon.com\/fr\/wp-content\/uploads\/2022\/09\/1663401769-Car-Paint-Supplier-Company-Profile-Manufacturer-China.jpg 900w, https:\/\/www.supersybon.com\/fr\/wp-content\/uploads\/2022\/09\/1663401769-Car-Paint-Supplier-Company-Profile-Manufacturer-China-480x511.jpg 480w\" sizes=\"(min-width: 0px) and (max-width: 480px) 480px, (min-width: 481px) 900px, 100vw\" \/><\/p>\n<p>FAQ<\/p>\n<hr \/>\n<\/div>\n<\/div>\n<p><strong>Q\u00a0:\u00a0Quel est votre MOQ\u00a0?<\/strong><\/p>\n<p>R : Notre MOQ est de 10 ensembles.<\/p>\n<p><strong>Q\u00a0:\u00a0Qu\u2019en est-il de votre paiement\u00a0?<\/strong><\/p>\n<p>R : d\u00e9p\u00f4t de 50% \u00e0 l'avance, solde de 50% par T\/T, L\/C, paypal, Western Union ou bien avant exp\u00e9dition.<\/p>\n<p><strong>Q : Fournissez-vous des \u00e9chantillons ?<\/strong><\/p>\n<p>R : Oui, vous pouvez acheter un \u00e9chantillon pour le tester.<\/p>\n<p><strong>Q : Qu'en est-il de votre d\u00e9lai de livraison ?<\/strong><\/p>\n<p>R\u00a0:\u00a0Habituellement 15 jours apr\u00e8s r\u00e9ception de votre d\u00e9p\u00f4t.<\/p>\n","protected":false},"excerpt":{"rendered":"<p>1. Pistolet \u00e0 peinture \u00e0 gravit\u00e9.<br \/>\n2. Performances optimales.<br \/>\n3. Utilisation polyvalente.<br \/>\n4. Pistolet \u00e0 peinture automobile de haute qualit\u00e9\u00a0!<\/p>\n","protected":false},"featured_media":4496,"template":"","meta":{"_et_pb_use_builder":"","_et_pb_old_content":"","_et_gb_content_width":""},"product_brand":[],"product_cat":[67,75],"product_tag":[1056],"class_list":{"0":"post-4489","1":"product","2":"type-product","3":"status-publish","4":"has-post-thumbnail","6":"product_cat-serie-de-reparation-automobile","7":"product_cat-pistolet-a-peinture","8":"product_tag-pistolet-a-peinture","10":"first","11":"instock","12":"shipping-taxable","13":"product-type-simple"},"_links":{"self":[{"href":"https:\/\/www.supersybon.com\/fr\/wp-json\/wp\/v2\/product\/4489","targetHints":{"allow":["GET"]}}],"collection":[{"href":"https:\/\/www.supersybon.com\/fr\/wp-json\/wp\/v2\/product"}],"about":[{"href":"https:\/\/www.supersybon.com\/fr\/wp-json\/wp\/v2\/types\/product"}],"wp:featuredmedia":[{"embeddable":true,"href":"https:\/\/www.supersybon.com\/fr\/wp-json\/wp\/v2\/media\/4496"}],"wp:attachment":[{"href":"https:\/\/www.supersybon.com\/fr\/wp-json\/wp\/v2\/media?parent=4489"}],"wp:term":[{"taxonomy":"product_brand","embeddable":true,"href":"https:\/\/www.supersybon.com\/fr\/wp-json\/wp\/v2\/product_brand?post=4489"},{"taxonomy":"product_cat","embeddable":true,"href":"https:\/\/www.supersybon.com\/fr\/wp-json\/wp\/v2\/product_cat?post=4489"},{"taxonomy":"product_tag","embeddable":true,"href":"https:\/\/www.supersybon.com\/fr\/wp-json\/wp\/v2\/product_tag?post=4489"}],"curies":[{"name":"wp","href":"https:\/\/api.w.org\/{rel}","templated":true}]}}