{"id":395,"date":"2022-09-20T16:09:47","date_gmt":"2022-09-20T08:09:47","guid":{"rendered":"https:\/\/www.supersybon.com\/fr\/?post_type=product&#038;p=395"},"modified":"2023-08-29T16:57:29","modified_gmt":"2023-08-29T08:57:29","slug":"hk314-cyanine-peinture-liquide-pour-voiture","status":"publish","type":"product","link":"https:\/\/www.supersybon.com\/fr\/product\/hk314-cyanine-peinture-liquide-pour-voiture","title":{"rendered":"HK314 Cyanine Peinture liquide pour voiture"},"content":{"rendered":"<p><iframe title=\"If you want to enjoy our top quality automotive paint.Please contact us.\" width=\"1080\" height=\"608\" src=\"https:\/\/www.youtube.com\/embed\/y7Xle5sXimk?feature=oembed\"  allow=\"accelerometer; autoplay; clipboard-write; encrypted-media; gyroscope; picture-in-picture; web-share\" allowfullscreen><\/iframe><\/p>\n<p><img decoding=\"async\" class=\"size-full wp-image-162 alignleft\" src=\"https:\/\/www.supersybon.com\/fr\/wp-content\/uploads\/2023\/08\/1690956695-HKS-1K-Autobase-Colors-2K-Autocryl-Colors.webp\" alt=\"\" width=\"400\" height=\"400\" \/><\/p>\n<h3><strong><span style=\"font-size: 20px;\">PEINTURE DE FINITION AUTOMOBILE<\/span><\/strong><\/h3>\n<p>Nous disposons d'un ensemble complet de peinture de finition automobile.<\/p>\n<p>comprend : <strong><a href=\"https:\/\/www.supersybon.com\/fr\/product-category\/serie-de-peinture-automobile\/1k-couleurs-de-base-automatique\" target=\"_blank\" rel=\"noopener\">1K couleurs de base automatique<\/a><\/strong> (1K couleurs pures, 1K argent, 1K couleurs nacr\u00e9es et 1K couleur perle cristal).<\/p>\n<p><strong><a href=\"https:\/\/www.supersybon.com\/fr\/product-category\/serie-de-peinture-automobile\/couleurs-autocryl-2k\" target=\"_blank\" rel=\"noopener\">Couleurs autocryliques 2K<\/a><\/strong>\u00a0(couleurs pures 2K).<\/p>\n<p><strong><a href=\"https:\/\/www.supersybon.com\/fr\/product-category\/serie-de-peinture-automobile\/appret-mastic\" target=\"_blank\" rel=\"noopener\">Appr\u00eats<\/a><\/strong>\u00a0(appr\u00eat surfa\u00e7ant 1K, mastic nc 1K, appr\u00eat interm\u00e9diaire 2K, appr\u00eat \u00e9poxy 2K et appr\u00eat plastique 1K).<\/p>\n<p><strong><a href=\"https:\/\/www.supersybon.com\/fr\/product-category\/serie-de-peinture-automobile\/couche-transparente-vernis\" target=\"_blank\" rel=\"noopener\">couches transparentes<\/a><\/strong>, <strong><a href=\"https:\/\/www.supersybon.com\/fr\/product-category\/serie-de-peinture-automobile\/durcisseurs\" target=\"_blank\" rel=\"noopener\">durcisseurs<\/a><\/strong>, <strong><a href=\"https:\/\/www.supersybon.com\/fr\/product-category\/serie-de-peinture-automobile\/diluants\" target=\"_blank\" rel=\"noopener\">diluants<\/a><\/strong>, <strong><a href=\"https:\/\/www.supersybon.com\/fr\/product-category\/serie-de-peinture-automobile\/appret-mastic\" target=\"_blank\" rel=\"noopener\">mastic<\/a><\/strong>, <strong><a href=\"https:\/\/www.supersybon.com\/fr\/product-category\/serie-de-peinture-automobile\/classeur-1k-2k\" target=\"_blank\" rel=\"noopener\">liant 1K, liant 2K<\/a><\/strong> et autres additifs de peinture de finition automobile, etc.<\/p>\n<p>&nbsp;<\/p>\n<p>&nbsp;<\/p>\n<h2 style=\"text-align: left;\"><strong>HK314 Cyanine Peinture liquide pour voiture<\/strong><\/h2>\n<p>Les couleurs 1K autobase ont une haute qualit\u00e9, une bonne couverture, un excellent effet m\u00e9tallique et sont faciles \u00e0 appliquer. Disponible en couleurs pures, couleurs argent, couleurs perles, couleurs cristal sont disponibles.<\/p>\n<p>Couleurs autocryl 2K Il s'agit d'une couche de finition \u00e0 deux composants pour v\u00e9hicule de haut rang, avec un film de peinture dur, tr\u00e8s brillant et construit avec une bonne r\u00e9sistance, une bonne couverture, un s\u00e9chage rapide et une longue dur\u00e9e.<\/p>\n<p>&nbsp;<\/p>\n<p><img decoding=\"async\" class=\"aligncenter size-full wp-image-314\" src=\"https:\/\/www.supersybon.com\/fr\/wp-content\/uploads\/2022\/09\/1663398267-car-1k-Topcoat-Color-Paint-Manufacturer-China.jpg\" alt=\"\" width=\"900\" height=\"500\" srcset=\"https:\/\/www.supersybon.com\/fr\/wp-content\/uploads\/2022\/09\/1663398267-car-1k-Topcoat-Color-Paint-Manufacturer-China.jpg 900w, https:\/\/www.supersybon.com\/fr\/wp-content\/uploads\/2022\/09\/1663398267-car-1k-Topcoat-Color-Paint-Manufacturer-China-480x267.jpg 480w\" sizes=\"(min-width: 0px) and (max-width: 480px) 480px, (min-width: 481px) 900px, 100vw\" \/><\/p>\n<p><img decoding=\"async\" class=\"aligncenter size-full wp-image-315\" src=\"https:\/\/www.supersybon.com\/fr\/wp-content\/uploads\/2022\/09\/1663398726-Car-Paint-Acrylic-Colors-Manufacturer-China.jpg\" alt=\"\" width=\"900\" height=\"1126\" srcset=\"https:\/\/www.supersybon.com\/fr\/wp-content\/uploads\/2022\/09\/1663398726-Car-Paint-Acrylic-Colors-Manufacturer-China.jpg 900w, https:\/\/www.supersybon.com\/fr\/wp-content\/uploads\/2022\/09\/1663398726-Car-Paint-Acrylic-Colors-Manufacturer-China-480x601.jpg 480w\" sizes=\"(min-width: 0px) and (max-width: 480px) 480px, (min-width: 481px) 900px, 100vw\" \/><\/p>\n<p><img decoding=\"async\" class=\"aligncenter wp-image-316\" src=\"https:\/\/www.supersybon.com\/fr\/wp-content\/uploads\/2022\/09\/1663399414-Car-Paint-Automotive-Paint-Manufacturer-China.jpg\" alt=\"\" width=\"900\" height=\"1126\" srcset=\"https:\/\/www.supersybon.com\/fr\/wp-content\/uploads\/2022\/09\/1663399414-Car-Paint-Automotive-Paint-Manufacturer-China.jpg 900w, https:\/\/www.supersybon.com\/fr\/wp-content\/uploads\/2022\/09\/1663399414-Car-Paint-Automotive-Paint-Manufacturer-China-480x600.jpg 480w\" sizes=\"(min-width: 0px) and (max-width: 480px) 480px, (min-width: 481px) 900px, 100vw\" \/><\/p>\n<p><img decoding=\"async\" class=\"aligncenter size-full wp-image-317\" src=\"https:\/\/www.supersybon.com\/fr\/wp-content\/uploads\/2022\/09\/1663399559-Car-Paint-Base-Coat-Manufacturer-China.jpg\" alt=\"\" width=\"900\" height=\"1126\" srcset=\"https:\/\/www.supersybon.com\/fr\/wp-content\/uploads\/2022\/09\/1663399559-Car-Paint-Base-Coat-Manufacturer-China.jpg 900w, https:\/\/www.supersybon.com\/fr\/wp-content\/uploads\/2022\/09\/1663399559-Car-Paint-Base-Coat-Manufacturer-China-480x601.jpg 480w\" sizes=\"(min-width: 0px) and (max-width: 480px) 480px, (min-width: 481px) 900px, 100vw\" \/><\/p>\n<p><img decoding=\"async\" class=\"aligncenter size-full wp-image-318\" src=\"https:\/\/www.supersybon.com\/fr\/wp-content\/uploads\/2022\/09\/1663399670-Car-Paint-Auto-Base-Manufacturer-China.jpg\" alt=\"\" width=\"900\" height=\"1126\" srcset=\"https:\/\/www.supersybon.com\/fr\/wp-content\/uploads\/2022\/09\/1663399670-Car-Paint-Auto-Base-Manufacturer-China.jpg 900w, https:\/\/www.supersybon.com\/fr\/wp-content\/uploads\/2022\/09\/1663399670-Car-Paint-Auto-Base-Manufacturer-China-480x601.jpg 480w\" sizes=\"(min-width: 0px) and (max-width: 480px) 480px, (min-width: 481px) 900px, 100vw\" \/><\/p>\n<p><img decoding=\"async\" class=\"aligncenter size-full wp-image-320\" src=\"https:\/\/www.supersybon.com\/fr\/wp-content\/uploads\/2022\/09\/1663400551-Car-Paint-Color-Chart-Manufacturer-China.jpg\" alt=\"\" width=\"900\" height=\"1100\" srcset=\"https:\/\/www.supersybon.com\/fr\/wp-content\/uploads\/2022\/09\/1663400551-Car-Paint-Color-Chart-Manufacturer-China.jpg 900w, https:\/\/www.supersybon.com\/fr\/wp-content\/uploads\/2022\/09\/1663400551-Car-Paint-Color-Chart-Manufacturer-China-480x587.jpg 480w\" sizes=\"(min-width: 0px) and (max-width: 480px) 480px, (min-width: 481px) 900px, 100vw\" \/><\/p>\n<p><strong>Emballage et service du produit<\/strong><\/p>\n<hr \/>\n<p><strong>EMBALLER:<\/strong><\/p>\n<p>1L*12 bo\u00eetes\/carton, 4L*4 bo\u00eetes\/carton.<\/p>\n<p><img decoding=\"async\" class=\"aligncenter size-full wp-image-321\" src=\"https:\/\/www.supersybon.com\/fr\/wp-content\/uploads\/2022\/09\/1663400925-Auto-Paint-Product-Packaging-Manufacturer-China.jpg\" alt=\"\" width=\"900\" height=\"316\" srcset=\"https:\/\/www.supersybon.com\/fr\/wp-content\/uploads\/2022\/09\/1663400925-Auto-Paint-Product-Packaging-Manufacturer-China.jpg 900w, https:\/\/www.supersybon.com\/fr\/wp-content\/uploads\/2022\/09\/1663400925-Auto-Paint-Product-Packaging-Manufacturer-China-480x169.jpg 480w\" sizes=\"(min-width: 0px) and (max-width: 480px) 480px, (min-width: 481px) 900px, 100vw\" \/><\/p>\n<p><strong>NOTRE SERVICE:<\/strong><\/p>\n<p>1.24 heures en ligne<\/p>\n<p>2.Prix \u200b\u200bcomp\u00e9titif<\/p>\n<p>3.Excellent retour du client<\/p>\n<p>4.Commande en ligne s\u00e9curis\u00e9e<\/p>\n<p>5.Livraison rapide<\/p>\n<p>6.Assistance technique professionnelle<\/p>\n<p><img decoding=\"async\" class=\"aligncenter size-full wp-image-322\" src=\"https:\/\/www.supersybon.com\/fr\/wp-content\/uploads\/2022\/09\/1663401145-Automotive-Paint-Good-Feedback-Manufacturer-China.jpg\" alt=\"\" width=\"750\" height=\"750\" srcset=\"https:\/\/www.supersybon.com\/fr\/wp-content\/uploads\/2022\/09\/1663401145-Automotive-Paint-Good-Feedback-Manufacturer-China.jpg 750w, https:\/\/www.supersybon.com\/fr\/wp-content\/uploads\/2022\/09\/1663401145-Automotive-Paint-Good-Feedback-Manufacturer-China-480x480.jpg 480w\" sizes=\"(min-width: 0px) and (max-width: 480px) 480px, (min-width: 481px) 750px, 100vw\" \/><\/p>\n<p><strong>Processus de production<\/strong><\/p>\n<hr \/>\n<p>&nbsp;<\/p>\n<p><img decoding=\"async\" class=\"aligncenter size-full wp-image-323\" src=\"https:\/\/www.supersybon.com\/fr\/wp-content\/uploads\/2022\/09\/1663401464-Automotive-Paint-Production-Process-Manufacturer-China.jpg\" alt=\"\" width=\"900\" height=\"509\" srcset=\"https:\/\/www.supersybon.com\/fr\/wp-content\/uploads\/2022\/09\/1663401464-Automotive-Paint-Production-Process-Manufacturer-China.jpg 900w, https:\/\/www.supersybon.com\/fr\/wp-content\/uploads\/2022\/09\/1663401464-Automotive-Paint-Production-Process-Manufacturer-China-480x271.jpg 480w\" sizes=\"(min-width: 0px) and (max-width: 480px) 480px, (min-width: 481px) 900px, 100vw\" \/><\/p>\n<p><strong>Profil de l'entreprise<\/strong><\/p>\n<hr \/>\n<p><img decoding=\"async\" class=\"aligncenter size-full wp-image-324\" src=\"https:\/\/www.supersybon.com\/fr\/wp-content\/uploads\/2022\/09\/1663401769-Car-Paint-Supplier-Company-Profile-Manufacturer-China.jpg\" alt=\"\" width=\"900\" height=\"958\" srcset=\"https:\/\/www.supersybon.com\/fr\/wp-content\/uploads\/2022\/09\/1663401769-Car-Paint-Supplier-Company-Profile-Manufacturer-China.jpg 900w, https:\/\/www.supersybon.com\/fr\/wp-content\/uploads\/2022\/09\/1663401769-Car-Paint-Supplier-Company-Profile-Manufacturer-China-480x511.jpg 480w\" sizes=\"(min-width: 0px) and (max-width: 480px) 480px, (min-width: 481px) 900px, 100vw\" \/><\/p>\n<p><strong>FAQ<\/strong><\/p>\n<hr \/>\n<p><strong>Q:Quel est votre MOQ\u00a0?<\/strong><\/p>\n<p>A:Notre MOQ est de 300 litres.<\/p>\n<p><strong>Q: \u00cates-vous une entreprise fabricant?<\/strong><\/p>\n<p>A:Nous sommes un fabricant professionnel et nous avons notre propre usine.<\/p>\n<p><strong>Q:Pouvons-nous visiter votre usine ?<\/strong><\/p>\n<p>A:Oui. Vous \u00eates les bienvenus dans notre usine.<\/p>\n<p><strong>Q:Et votre paiement ?<\/strong><\/p>\n<p>A:D\u00e9p\u00f4t de 50 % \u00e0 l'avance, solde de 50 % par T\/T, L\/C, paypal, Western Union ou bien avant exp\u00e9dition.<\/p>\n<p><strong>Q:Fournissez-vous des \u00e9chantillons ?<\/strong><\/p>\n<p>A:Oui, nous pouvons vous fournir des \u00e9chantillons gratuits, il vous suffit de payer le fret.<\/p>\n<p><strong>Q:Qu'en est-il de votre d\u00e9lai de livraison ?<\/strong><\/p>\n<p>A:G\u00e9n\u00e9ralement 15 jours apr\u00e8s r\u00e9ception de votre d\u00e9p\u00f4t.<\/p>\n","protected":false},"excerpt":{"rendered":"<p>Haute qualit\u00e9<br \/>\nBonne couverture<br \/>\nExcellent effet m\u00e9tallique et facile \u00e0 appliquer<br \/>\nDisponible en couleurs pures, couleurs argent\u00e9es, couleurs nacr\u00e9es, couleurs cristallines disponibles.<\/p>\n","protected":false},"featured_media":396,"template":"","meta":{"_et_pb_use_builder":"","_et_pb_old_content":"","_et_gb_content_width":""},"product_brand":[],"product_cat":[85,76],"product_tag":[624,623],"class_list":{"0":"post-395","1":"product","2":"type-product","3":"status-publish","4":"has-post-thumbnail","6":"product_cat-1k-couleurs-de-base-automatique","7":"product_cat-serie-de-peinture-automobile","8":"product_tag-couche-de-base-de-peinture-de-voiture","9":"product_tag-peinture-automobile-peinture-automobile","11":"first","12":"instock","13":"shipping-taxable","14":"product-type-simple"},"_links":{"self":[{"href":"https:\/\/www.supersybon.com\/fr\/wp-json\/wp\/v2\/product\/395","targetHints":{"allow":["GET"]}}],"collection":[{"href":"https:\/\/www.supersybon.com\/fr\/wp-json\/wp\/v2\/product"}],"about":[{"href":"https:\/\/www.supersybon.com\/fr\/wp-json\/wp\/v2\/types\/product"}],"wp:featuredmedia":[{"embeddable":true,"href":"https:\/\/www.supersybon.com\/fr\/wp-json\/wp\/v2\/media\/396"}],"wp:attachment":[{"href":"https:\/\/www.supersybon.com\/fr\/wp-json\/wp\/v2\/media?parent=395"}],"wp:term":[{"taxonomy":"product_brand","embeddable":true,"href":"https:\/\/www.supersybon.com\/fr\/wp-json\/wp\/v2\/product_brand?post=395"},{"taxonomy":"product_cat","embeddable":true,"href":"https:\/\/www.supersybon.com\/fr\/wp-json\/wp\/v2\/product_cat?post=395"},{"taxonomy":"product_tag","embeddable":true,"href":"https:\/\/www.supersybon.com\/fr\/wp-json\/wp\/v2\/product_tag?post=395"}],"curies":[{"name":"wp","href":"https:\/\/api.w.org\/{rel}","templated":true}]}}