{"id":3319,"date":"2023-07-18T18:25:48","date_gmt":"2023-07-18T10:25:48","guid":{"rendered":"https:\/\/www.supersybon.com\/fr\/?post_type=product&#038;p=3319"},"modified":"2023-09-19T19:00:23","modified_gmt":"2023-09-19T11:00:23","slug":"s2213-spray-de-revetement-nano-ceramique","status":"publish","type":"product","link":"https:\/\/www.supersybon.com\/fr\/product\/s2213-spray-de-revetement-nano-ceramique","title":{"rendered":"S2213 Spray de rev\u00eatement nano-c\u00e9ramique 300ml le rev\u00eatement nano-pulv\u00e9ris\u00e9 am\u00e9liore la brillance et la profondeur. Protection hydrophobe extr\u00eame."},"content":{"rendered":"<p><iframe title=\"300ml Nano Spray Coating Enhances Gloss and Depth Extreme Hydrophobic Protection\" width=\"1080\" height=\"608\" src=\"https:\/\/www.youtube.com\/embed\/VycGd0XvzHc?feature=oembed\"  allow=\"accelerometer; autoplay; clipboard-write; encrypted-media; gyroscope; picture-in-picture; web-share\" allowfullscreen><\/iframe><\/p>\n<p><img decoding=\"async\" class=\"aligncenter size-full wp-image-3321\" src=\"https:\/\/www.supersybon.com\/fr\/wp-content\/uploads\/2023\/07\/1689676356-S2213-Excellent-high-gloss-effect-Nano-Ceramic-Coating-Spray.jpg\" alt=\"\" width=\"750\" height=\"302\" srcset=\"https:\/\/www.supersybon.com\/fr\/wp-content\/uploads\/2023\/07\/1689676356-S2213-Excellent-high-gloss-effect-Nano-Ceramic-Coating-Spray.jpg 750w, https:\/\/www.supersybon.com\/fr\/wp-content\/uploads\/2023\/07\/1689676356-S2213-Excellent-high-gloss-effect-Nano-Ceramic-Coating-Spray-480x193.jpg 480w\" sizes=\"(min-width: 0px) and (max-width: 480px) 480px, (min-width: 481px) 750px, 100vw\" \/><\/p>\n<p>&nbsp;<\/p>\n<h2><strong>S2213 Spray de rev\u00eatement nano-c\u00e9ramique 300ml le rev\u00eatement nano-pulv\u00e9ris\u00e9 am\u00e9liore la brillance et la profondeur. Protection hydrophobe extr\u00eame.<\/strong><\/h2>\n<h3><strong>Caract\u00e9ristiques du produit :<\/strong><\/h3>\n<p>Fort hydrophobe, haute luminosit\u00e9, degr\u00e9 de glissement \u00e9lev\u00e9, anti-salet\u00e9, facile \u00e0 utiliser, adapt\u00e9 au bricolage.<\/p>\n<p>Si vous avez besoin d'un rev\u00eatement nano-c\u00e9ramique 9H, <a href=\"https:\/\/www.supersybon.com\/fr\/product\/s2207-revetement-nano-ceramique-9h\" target=\"_blank\" rel=\"noopener\">Cliquez ici s'il vous plait.<\/a><\/p>\n<p>Apprenez-en davantage via davantage de canaux\uff1a<a href=\"https:\/\/www.facebook.com\/SYBON-AUTO-PAINT-Manufacturer-103481095814373\/\" target=\"_blank\" rel=\"noopener\">Facebook<\/a>,\u00a0<a href=\"http:\/\/www.tiktok.com\/@sybon_autopaint\" target=\"_blank\" rel=\"noopener\">Tiktok<\/a>,\u00a0<a href=\"https:\/\/www.instagram.com\/supersybon\/\" target=\"_blank\" rel=\"noopener\">Instagram<\/a>,\u00a0<a href=\"https:\/\/www.youtube.com\/channel\/UCq0FA4gJ_sj4pajHK6NrN5g\" target=\"_blank\" rel=\"noopener\">youtube<\/a>.<\/p>\n<h4><strong>Efficacit\u00e9 du produit :<\/strong><\/h4>\n<p>Le spray de rev\u00eatement nano-c\u00e9ramique a une fonction de r\u00e9paration de grande perm\u00e9abilit\u00e9, peut rapidement p\u00e9n\u00e9trer dans le petit espace de la surface de la peinture, remplir les fines rayures de la surface de la peinture, am\u00e9liorer efficacement le glissement et la luminosit\u00e9 de la surface de la peinture\u00a0; Apr\u00e8s durcissement, le mat\u00e9riau polym\u00e8re hydrophobe peut \u00eatre fermement combin\u00e9 avec la surface de la peinture, formant une couche protectrice, conf\u00e9rant \u00e0 la surface de la peinture une super hydrophobie, des performances anti-poussi\u00e8re et antisalissure, et isolant le contact entre la surface de la peinture et le monde ext\u00e9rieur.<\/p>\n<h4><strong>Mode op\u00e9ratoire:<\/strong><\/h4>\n<p>1. Nettoyez la surface de la peinture et essuyez-la avec une serviette en microfibre.<\/p>\n<p>2. Vaporisez le produit uniform\u00e9ment sur la surface peinte, essuyez avec une serviette en microfibre propre.<\/p>\n<div class=\"magic-13\">\n<div class=\"magic-14\">\n<div class=\"magic-15\" data-id=\"paragraph0\"><\/div>\n<\/div>\n<\/div>\n<div class=\"magic-13\">\n<div class=\"magic-14\">\n<div class=\"magic-9\">\n<p><img decoding=\"async\" class=\"aligncenter size-full wp-image-3322\" src=\"https:\/\/www.supersybon.com\/fr\/wp-content\/uploads\/2023\/07\/1689676569-S2213-Car-Wax-Nano-Spray-Nano-Ceramic-Spray-Coating-Ceramic-Car-Coating-Spray-Wax.jpg\" alt=\"\" width=\"750\" height=\"750\" srcset=\"https:\/\/www.supersybon.com\/fr\/wp-content\/uploads\/2023\/07\/1689676569-S2213-Car-Wax-Nano-Spray-Nano-Ceramic-Spray-Coating-Ceramic-Car-Coating-Spray-Wax.jpg 750w, https:\/\/www.supersybon.com\/fr\/wp-content\/uploads\/2023\/07\/1689676569-S2213-Car-Wax-Nano-Spray-Nano-Ceramic-Spray-Coating-Ceramic-Car-Coating-Spray-Wax-480x480.jpg 480w\" sizes=\"(min-width: 0px) and (max-width: 480px) 480px, (min-width: 481px) 750px, 100vw\" \/><\/p>\n<p><img decoding=\"async\" class=\"aligncenter size-full wp-image-3323\" src=\"https:\/\/www.supersybon.com\/fr\/wp-content\/uploads\/2023\/07\/1689676583-S2213-Ceramic-Car-Coating-Spray-Car-Scratch-Nano-Repair-Spray-300ML-Coating-Wax-Clean-Restore-Protect.jpg\" alt=\"\" width=\"750\" height=\"750\" srcset=\"https:\/\/www.supersybon.com\/fr\/wp-content\/uploads\/2023\/07\/1689676583-S2213-Ceramic-Car-Coating-Spray-Car-Scratch-Nano-Repair-Spray-300ML-Coating-Wax-Clean-Restore-Protect.jpg 750w, https:\/\/www.supersybon.com\/fr\/wp-content\/uploads\/2023\/07\/1689676583-S2213-Ceramic-Car-Coating-Spray-Car-Scratch-Nano-Repair-Spray-300ML-Coating-Wax-Clean-Restore-Protect-480x480.jpg 480w\" sizes=\"(min-width: 0px) and (max-width: 480px) 480px, (min-width: 481px) 750px, 100vw\" \/><\/p>\n<div class=\"magic-10\">\n<p><img decoding=\"async\" class=\"aligncenter size-full wp-image-3324\" src=\"https:\/\/www.supersybon.com\/fr\/wp-content\/uploads\/2023\/07\/1689676611-S2213-Ceramic-Spray-Coating-Ultra-Hydrophobic-DIY-Ceramic-Nano-Coat-Super-Slick-Finish-Feel-Superior-to-Wax-Polymer-Sealants.jpg\" alt=\"\" width=\"750\" height=\"750\" srcset=\"https:\/\/www.supersybon.com\/fr\/wp-content\/uploads\/2023\/07\/1689676611-S2213-Ceramic-Spray-Coating-Ultra-Hydrophobic-DIY-Ceramic-Nano-Coat-Super-Slick-Finish-Feel-Superior-to-Wax-Polymer-Sealants.jpg 750w, https:\/\/www.supersybon.com\/fr\/wp-content\/uploads\/2023\/07\/1689676611-S2213-Ceramic-Spray-Coating-Ultra-Hydrophobic-DIY-Ceramic-Nano-Coat-Super-Slick-Finish-Feel-Superior-to-Wax-Polymer-Sealants-480x480.jpg 480w\" sizes=\"(min-width: 0px) and (max-width: 480px) 480px, (min-width: 481px) 750px, 100vw\" \/><\/p>\n<p><img decoding=\"async\" class=\"aligncenter size-full wp-image-3325\" src=\"https:\/\/www.supersybon.com\/fr\/wp-content\/uploads\/2023\/07\/1689676626-S2213-High-Protection-Fast-Car-Ceramic-Coating-Spray-Car-Scratch-Nano-Repair-Spray-Car-Coating-Fast-Wax-Polishing-Spray.jpg\" alt=\"\" width=\"750\" height=\"750\" srcset=\"https:\/\/www.supersybon.com\/fr\/wp-content\/uploads\/2023\/07\/1689676626-S2213-High-Protection-Fast-Car-Ceramic-Coating-Spray-Car-Scratch-Nano-Repair-Spray-Car-Coating-Fast-Wax-Polishing-Spray.jpg 750w, https:\/\/www.supersybon.com\/fr\/wp-content\/uploads\/2023\/07\/1689676626-S2213-High-Protection-Fast-Car-Ceramic-Coating-Spray-Car-Scratch-Nano-Repair-Spray-Car-Coating-Fast-Wax-Polishing-Spray-480x480.jpg 480w\" sizes=\"(min-width: 0px) and (max-width: 480px) 480px, (min-width: 481px) 750px, 100vw\" \/><\/p>\n<p>&nbsp;<\/p>\n<p><strong>Emballage et service du produit<\/strong><\/p>\n<hr \/>\n<p><strong>EMBALLER:<\/strong><\/p>\n<p>54 pi\u00e8ces\/carton.<\/p>\n<p>&nbsp;<\/p>\n<p><strong>NOTRE SERVICE:<\/strong><\/p>\n<p>1.24 heures en ligne<\/p>\n<p>2. Prix comp\u00e9titif<\/p>\n<p>3. Excellents commentaires du client<\/p>\n<p>4. Commande en ligne s\u00e9curis\u00e9e<\/p>\n<p>5. livraison rapide<\/p>\n<p>6. support technique professionnel<\/p>\n<\/div>\n<\/div>\n<\/div>\n<\/div>\n<div class=\"magic-13\">\n<div class=\"magic-14\">\n<p>&nbsp;<\/p>\n<div class=\"magic-13\">\n<div class=\"magic-14\">\n<div class=\"magic-9\">\n<div class=\"magic-10\">\n<div class=\"magic-13\">\n<div class=\"magic-14\">\n<div data-spm-anchor-id=\"a2700.details.0.i37.625d2e9eLtZffL\">\n<div class=\"magic-13\">\n<div class=\"magic-14\">\n<div class=\"magic-13\">\n<div class=\"magic-14\">\n<p>&nbsp;<\/p>\n<\/div>\n<\/div>\n<\/div>\n<\/div>\n<\/div>\n<\/div>\n<\/div>\n<\/div>\n<\/div>\n<\/div>\n<\/div>\n<div class=\"magic-13\">\n<div class=\"magic-14\">\n<p><strong>Profil de l'entreprise<\/strong><\/p>\n<hr \/>\n<p>&nbsp;<\/p>\n<\/div>\n<\/div>\n<p><img decoding=\"async\" class=\"aligncenter size-full wp-image-324\" src=\"https:\/\/www.supersybon.com\/fr\/wp-content\/uploads\/2022\/09\/1663401769-Car-Paint-Supplier-Company-Profile-Manufacturer-China.jpg\" alt=\"\" width=\"900\" height=\"958\" srcset=\"https:\/\/www.supersybon.com\/fr\/wp-content\/uploads\/2022\/09\/1663401769-Car-Paint-Supplier-Company-Profile-Manufacturer-China.jpg 900w, https:\/\/www.supersybon.com\/fr\/wp-content\/uploads\/2022\/09\/1663401769-Car-Paint-Supplier-Company-Profile-Manufacturer-China-480x511.jpg 480w\" sizes=\"(min-width: 0px) and (max-width: 480px) 480px, (min-width: 481px) 900px, 100vw\" \/><\/p>\n<div class=\"magic-13\">\n<div class=\"magic-14\">\n<p><strong>FAQ<\/strong><\/p>\n<hr \/>\n<\/div>\n<\/div>\n<p><strong>Q\u00a0:\u00a0Quel est votre MOQ\u00a0?<\/strong><\/p>\n<p>R : Notre MOQ est de 1 carton.<\/p>\n<p><strong>Q\u00a0:\u00a0Qu\u2019en est-il de votre paiement\u00a0?<\/strong><\/p>\n<p>R : d\u00e9p\u00f4t de 50% \u00e0 l'avance, solde de 50% par T\/T, L\/C, paypal, Western Union ou bien avant exp\u00e9dition.<\/p>\n<p><strong>Q : Fournissez-vous des \u00e9chantillons ?<\/strong><\/p>\n<p>R : Oui, vous pouvez acheter un \u00e9chantillon pour le tester.<\/p>\n<p><strong>Q : Qu'en est-il de votre d\u00e9lai de livraison ?<\/strong><\/p>\n<p>R\u00a0:\u00a0Habituellement 15 jours apr\u00e8s r\u00e9ception de votre d\u00e9p\u00f4t.<\/p>\n<\/div>\n<\/div>\n","protected":false},"excerpt":{"rendered":"<p>Strong hydrophobic, high brightness, high slippery degree, anti-dirt, easy to operate, suitable for DIY.<\/p>\n","protected":false},"featured_media":3322,"template":"","meta":{"_et_pb_use_builder":"","_et_pb_old_content":"","_et_gb_content_width":""},"product_brand":[],"product_cat":[56,60],"product_tag":[901,902,900],"class_list":{"0":"post-3319","1":"product","2":"type-product","3":"status-publish","4":"has-post-thumbnail","6":"product_cat-serie-dentretien-automobile","7":"product_cat-entretien-de-la-voiture","8":"product_tag-revetement-de-voiture-en-spray-de-reparation-nano","9":"product_tag-revetement-par-nano-pulverisation","10":"product_tag-spray-de-revetement-nano-ceramique","12":"first","13":"instock","14":"shipping-taxable","15":"product-type-simple"},"_links":{"self":[{"href":"https:\/\/www.supersybon.com\/fr\/wp-json\/wp\/v2\/product\/3319","targetHints":{"allow":["GET"]}}],"collection":[{"href":"https:\/\/www.supersybon.com\/fr\/wp-json\/wp\/v2\/product"}],"about":[{"href":"https:\/\/www.supersybon.com\/fr\/wp-json\/wp\/v2\/types\/product"}],"wp:featuredmedia":[{"embeddable":true,"href":"https:\/\/www.supersybon.com\/fr\/wp-json\/wp\/v2\/media\/3322"}],"wp:attachment":[{"href":"https:\/\/www.supersybon.com\/fr\/wp-json\/wp\/v2\/media?parent=3319"}],"wp:term":[{"taxonomy":"product_brand","embeddable":true,"href":"https:\/\/www.supersybon.com\/fr\/wp-json\/wp\/v2\/product_brand?post=3319"},{"taxonomy":"product_cat","embeddable":true,"href":"https:\/\/www.supersybon.com\/fr\/wp-json\/wp\/v2\/product_cat?post=3319"},{"taxonomy":"product_tag","embeddable":true,"href":"https:\/\/www.supersybon.com\/fr\/wp-json\/wp\/v2\/product_tag?post=3319"}],"curies":[{"name":"wp","href":"https:\/\/api.w.org\/{rel}","templated":true}]}}