{"id":3310,"date":"2023-07-18T17:40:06","date_gmt":"2023-07-18T09:40:06","guid":{"rendered":"https:\/\/www.supersybon.com\/fr\/?post_type=product&#038;p=3310"},"modified":"2023-09-19T18:46:55","modified_gmt":"2023-09-19T10:46:55","slug":"s2215-dissolvant-de-rayures-et-de-tourbillons","status":"publish","type":"product","link":"https:\/\/www.supersybon.com\/fr\/product\/s2215-dissolvant-de-rayures-et-de-tourbillons","title":{"rendered":"S2215 Dissolvant de rayures et de tourbillons dissolvant de rayures de voiture, soins de peinture automobile, cr\u00e8me de r\u00e9paration, dissolvant de rayures et de tourbillons"},"content":{"rendered":"<p><iframe title=\"Car Scratch &amp; Swirl Remover\" width=\"1080\" height=\"608\" src=\"https:\/\/www.youtube.com\/embed\/BA8zXDl1FQo?feature=oembed\"  allow=\"accelerometer; autoplay; clipboard-write; encrypted-media; gyroscope; picture-in-picture; web-share\" allowfullscreen><\/iframe><\/p>\n<p><img decoding=\"async\" class=\"aligncenter size-full wp-image-3311\" src=\"https:\/\/www.supersybon.com\/fr\/wp-content\/uploads\/2023\/07\/1689674027-S2215-Vehicle-Paint-Scratch-Repair-Auto-Paint-Scratch-Remover-Car-Scratch-Repair-Universal.jpg\" alt=\"\" width=\"750\" height=\"302\" srcset=\"https:\/\/www.supersybon.com\/fr\/wp-content\/uploads\/2023\/07\/1689674027-S2215-Vehicle-Paint-Scratch-Repair-Auto-Paint-Scratch-Remover-Car-Scratch-Repair-Universal.jpg 750w, https:\/\/www.supersybon.com\/fr\/wp-content\/uploads\/2023\/07\/1689674027-S2215-Vehicle-Paint-Scratch-Repair-Auto-Paint-Scratch-Remover-Car-Scratch-Repair-Universal-480x193.jpg 480w\" sizes=\"(min-width: 0px) and (max-width: 480px) 480px, (min-width: 481px) 750px, 100vw\" \/><\/p>\n<p>&nbsp;<\/p>\n<h2><strong>S2215 Dissolvant de rayures et de tourbillons<\/strong><\/h2>\n<h3><strong>Pr\u00e9sentation du produit :<\/strong><\/h3>\n<p>Le dissolvant de rayures est formul\u00e9 sp\u00e9cifiquement en qualit\u00e9 a\u00e9ronautique avec un m\u00e9lange d'abrasifs de micro-alumine pour fournir une lubrification et un polissage suffisants. Con\u00e7u en 1 \u00e9tape facile \u00e0 utiliser, il fonctionne parfaitement \u00e0 la main avec un applicateur de polissage manuel, \u00e9limine rapidement et efficacement les rayures, les tourbillons et d'autres d\u00e9fauts afin de redonner \u00e0 la peinture de votre voiture un \u00e9clat semblable \u00e0 celui d'un miroir avec une r\u00e9flexion profonde. Lustre exceptionnel pour la peinture de votre voiture, comme un dessinateur professionnel ! Sans aucun agent de remplissage ni cire, la formule innovante est sans danger pour tous les types et couleurs de peinture, atteignant une finition lisse, brillante et sans rayures sur la surface de la voiture.<\/p>\n<p>Si vous devez enlever les rayures profondes de la voiture, <a href=\"https:\/\/www.supersybon.com\/fr\/product-category\/serie-dentretien-automobile\/compose-polonais\" target=\"_blank\" rel=\"noopener\">Cliquez ici s'il vous plait.<\/a><\/p>\n<p>Apprenez-en davantage via davantage de canaux\uff1a<a href=\"https:\/\/www.facebook.com\/SYBON-AUTO-PAINT-Manufacturer-103481095814373\/\" target=\"_blank\" rel=\"noopener\">Facebook<\/a>,\u00a0<a href=\"http:\/\/www.tiktok.com\/@sybon_autopaint\" target=\"_blank\" rel=\"noopener\">Tiktok<\/a>,\u00a0<a href=\"https:\/\/www.instagram.com\/supersybon\/\" target=\"_blank\" rel=\"noopener\">Instagram<\/a>,\u00a0<a href=\"https:\/\/www.youtube.com\/channel\/UCq0FA4gJ_sj4pajHK6NrN5g\" target=\"_blank\" rel=\"noopener\">youtube<\/a>.<\/p>\n<h4><strong>Directions:<\/strong><\/h4>\n<p>1. Pressez deux gouttes de Scratch Remover de la taille d\u2019un pois sur un applicateur de polissage manuel.<\/p>\n<p>2. Appliquez une fine couche de produit sur la peinture de la voiture en effectuant des mouvements circulaires serr\u00e9s, en l'\u00e9talant soigneusement pour obtenir une consistance uniforme.<\/p>\n<p>3. Polissez doucement les r\u00e9sidus avec un chiffon en microfibre propre jusqu'\u00e0 ce que la surface devienne claire.<\/p>\n<p>4. R\u00e9p\u00e9tez l'op\u00e9ration pour chaque panneau de surface jusqu'\u00e0 ce que les rayures et les tourbillons soient \u00e9limin\u00e9s de mani\u00e8re satisfaisante.<\/p>\n<div class=\"magic-13\">\n<div class=\"magic-14\">\n<div class=\"magic-15\" data-id=\"paragraph0\"><\/div>\n<\/div>\n<\/div>\n<div class=\"magic-13\">\n<div class=\"magic-14\">\n<div class=\"magic-9\">\n<p><img decoding=\"async\" class=\"aligncenter size-full wp-image-3312\" src=\"https:\/\/www.supersybon.com\/fr\/wp-content\/uploads\/2023\/07\/1689674453-S2215-Auto-Polish-Paint-Care-Car-Scratch-Remover-Repair-Cream-Scratch-and-Swirl-Remover-Polish-Compound-Scratches-Remover-Finish.jpg\" alt=\"\" width=\"750\" height=\"750\" srcset=\"https:\/\/www.supersybon.com\/fr\/wp-content\/uploads\/2023\/07\/1689674453-S2215-Auto-Polish-Paint-Care-Car-Scratch-Remover-Repair-Cream-Scratch-and-Swirl-Remover-Polish-Compound-Scratches-Remover-Finish.jpg 750w, https:\/\/www.supersybon.com\/fr\/wp-content\/uploads\/2023\/07\/1689674453-S2215-Auto-Polish-Paint-Care-Car-Scratch-Remover-Repair-Cream-Scratch-and-Swirl-Remover-Polish-Compound-Scratches-Remover-Finish-480x480.jpg 480w\" sizes=\"(min-width: 0px) and (max-width: 480px) 480px, (min-width: 481px) 750px, 100vw\" \/><\/p>\n<p><img decoding=\"async\" class=\"aligncenter size-full wp-image-3313\" src=\"https:\/\/www.supersybon.com\/fr\/wp-content\/uploads\/2023\/07\/1689674580-S2215-120ml-Car-Scratch-Remover-Repair-Paint-Care-Tool-Auto-Swirl-Remover-Scratches-Repair-Polishing-Wax.jpg\" alt=\"\" width=\"750\" height=\"750\" srcset=\"https:\/\/www.supersybon.com\/fr\/wp-content\/uploads\/2023\/07\/1689674580-S2215-120ml-Car-Scratch-Remover-Repair-Paint-Care-Tool-Auto-Swirl-Remover-Scratches-Repair-Polishing-Wax.jpg 750w, https:\/\/www.supersybon.com\/fr\/wp-content\/uploads\/2023\/07\/1689674580-S2215-120ml-Car-Scratch-Remover-Repair-Paint-Care-Tool-Auto-Swirl-Remover-Scratches-Repair-Polishing-Wax-480x480.jpg 480w\" sizes=\"(min-width: 0px) and (max-width: 480px) 480px, (min-width: 481px) 750px, 100vw\" \/><\/p>\n<div class=\"magic-10\">\n<p><img decoding=\"async\" class=\"aligncenter size-full wp-image-3314\" src=\"https:\/\/www.supersybon.com\/fr\/wp-content\/uploads\/2023\/07\/1689674601-S2215-Car-Scratch-Remover-Auto-Swirl-Repair-Tool-Car-Scratches-Repair-Polishing-Wax.jpg\" alt=\"\" width=\"750\" height=\"750\" srcset=\"https:\/\/www.supersybon.com\/fr\/wp-content\/uploads\/2023\/07\/1689674601-S2215-Car-Scratch-Remover-Auto-Swirl-Repair-Tool-Car-Scratches-Repair-Polishing-Wax.jpg 750w, https:\/\/www.supersybon.com\/fr\/wp-content\/uploads\/2023\/07\/1689674601-S2215-Car-Scratch-Remover-Auto-Swirl-Repair-Tool-Car-Scratches-Repair-Polishing-Wax-480x480.jpg 480w\" sizes=\"(min-width: 0px) and (max-width: 480px) 480px, (min-width: 481px) 750px, 100vw\" \/><\/p>\n<p><img decoding=\"async\" class=\"aligncenter size-full wp-image-3315\" src=\"https:\/\/www.supersybon.com\/fr\/wp-content\/uploads\/2023\/07\/1689674617-S2215-Car-Scratch-Repair-Tool-Car-Scratches-Repair-Polishing-Wax-Cream-Paint-Scratch-Remover-Care-Auto-Maintenance-Tool.jpg\" alt=\"\" width=\"750\" height=\"750\" srcset=\"https:\/\/www.supersybon.com\/fr\/wp-content\/uploads\/2023\/07\/1689674617-S2215-Car-Scratch-Repair-Tool-Car-Scratches-Repair-Polishing-Wax-Cream-Paint-Scratch-Remover-Care-Auto-Maintenance-Tool.jpg 750w, https:\/\/www.supersybon.com\/fr\/wp-content\/uploads\/2023\/07\/1689674617-S2215-Car-Scratch-Repair-Tool-Car-Scratches-Repair-Polishing-Wax-Cream-Paint-Scratch-Remover-Care-Auto-Maintenance-Tool-480x480.jpg 480w\" sizes=\"(min-width: 0px) and (max-width: 480px) 480px, (min-width: 481px) 750px, 100vw\" \/><\/p>\n<p><img decoding=\"async\" class=\"aligncenter size-full wp-image-3316\" src=\"https:\/\/www.supersybon.com\/fr\/wp-content\/uploads\/2023\/07\/1689674640-S2215-Paint-Scratches-Branch-Scratches-Swirl-Remover-Polish-and-Paint-Restorer-Auto-Polish-and-Scratch-Remover-for-Auto-Paint.jpg\" alt=\"\" width=\"750\" height=\"750\" srcset=\"https:\/\/www.supersybon.com\/fr\/wp-content\/uploads\/2023\/07\/1689674640-S2215-Paint-Scratches-Branch-Scratches-Swirl-Remover-Polish-and-Paint-Restorer-Auto-Polish-and-Scratch-Remover-for-Auto-Paint.jpg 750w, https:\/\/www.supersybon.com\/fr\/wp-content\/uploads\/2023\/07\/1689674640-S2215-Paint-Scratches-Branch-Scratches-Swirl-Remover-Polish-and-Paint-Restorer-Auto-Polish-and-Scratch-Remover-for-Auto-Paint-480x480.jpg 480w\" sizes=\"(min-width: 0px) and (max-width: 480px) 480px, (min-width: 481px) 750px, 100vw\" \/><\/p>\n<p><a href=\"https:\/\/www.supersybon.com\/fr\/product-category\/serie-dentretien-automobile\/compose-polonais\" target=\"_blank\" rel=\"noopener\"><img decoding=\"async\" class=\"aligncenter size-full wp-image-3317\" src=\"https:\/\/www.supersybon.com\/fr\/wp-content\/uploads\/2023\/07\/1689674662-S2215-Auto-Swirl-Remover-Paint-Car-Scratches-Repair-Polishing-Wax-Car-Product-Scratch-Remover.jpg\" alt=\"\" width=\"750\" height=\"750\" srcset=\"https:\/\/www.supersybon.com\/fr\/wp-content\/uploads\/2023\/07\/1689674662-S2215-Auto-Swirl-Remover-Paint-Car-Scratches-Repair-Polishing-Wax-Car-Product-Scratch-Remover.jpg 750w, https:\/\/www.supersybon.com\/fr\/wp-content\/uploads\/2023\/07\/1689674662-S2215-Auto-Swirl-Remover-Paint-Car-Scratches-Repair-Polishing-Wax-Car-Product-Scratch-Remover-480x480.jpg 480w\" sizes=\"(min-width: 0px) and (max-width: 480px) 480px, (min-width: 481px) 750px, 100vw\" \/><\/a><\/p>\n<p>&nbsp;<\/p>\n<p><strong>Emballage et service du produit<\/strong><\/p>\n<hr \/>\n<p><strong>EMBALLER:<\/strong><\/p>\n<p>168 pi\u00e8ces\/carton.<\/p>\n<p>&nbsp;<\/p>\n<p><strong>NOTRE SERVICE:<\/strong><\/p>\n<p>1.24 heures en ligne<\/p>\n<p>2. Prix comp\u00e9titif<\/p>\n<p>3. Excellents commentaires du client<\/p>\n<p>4. Commande en ligne s\u00e9curis\u00e9e<\/p>\n<p>5. livraison rapide<\/p>\n<p>6. support technique professionnel<\/p>\n<\/div>\n<\/div>\n<\/div>\n<\/div>\n<div class=\"magic-13\">\n<div class=\"magic-14\">\n<p>&nbsp;<\/p>\n<div class=\"magic-13\">\n<div class=\"magic-14\">\n<div class=\"magic-9\">\n<div class=\"magic-10\">\n<div class=\"magic-13\">\n<div class=\"magic-14\">\n<div data-spm-anchor-id=\"a2700.details.0.i37.625d2e9eLtZffL\">\n<div class=\"magic-13\">\n<div class=\"magic-14\">\n<div class=\"magic-13\">\n<div class=\"magic-14\">\n<p>&nbsp;<\/p>\n<\/div>\n<\/div>\n<\/div>\n<\/div>\n<\/div>\n<\/div>\n<\/div>\n<\/div>\n<\/div>\n<\/div>\n<\/div>\n<div class=\"magic-13\">\n<div class=\"magic-14\">\n<p><strong>Profil de l'entreprise<\/strong><\/p>\n<hr \/>\n<p>&nbsp;<\/p>\n<\/div>\n<\/div>\n<p><img decoding=\"async\" class=\"aligncenter size-full wp-image-324\" src=\"https:\/\/www.supersybon.com\/fr\/wp-content\/uploads\/2022\/09\/1663401769-Car-Paint-Supplier-Company-Profile-Manufacturer-China.jpg\" alt=\"\" width=\"900\" height=\"958\" srcset=\"https:\/\/www.supersybon.com\/fr\/wp-content\/uploads\/2022\/09\/1663401769-Car-Paint-Supplier-Company-Profile-Manufacturer-China.jpg 900w, https:\/\/www.supersybon.com\/fr\/wp-content\/uploads\/2022\/09\/1663401769-Car-Paint-Supplier-Company-Profile-Manufacturer-China-480x511.jpg 480w\" sizes=\"(min-width: 0px) and (max-width: 480px) 480px, (min-width: 481px) 900px, 100vw\" \/><\/p>\n<div class=\"magic-13\">\n<div class=\"magic-14\">\n<p><strong>FAQ<\/strong><\/p>\n<hr \/>\n<\/div>\n<\/div>\n<p><strong>Q\u00a0:\u00a0Quel est votre MOQ\u00a0?<\/strong><\/p>\n<p>R : Notre MOQ est de 1 carton.<\/p>\n<p><strong>Q\u00a0:\u00a0Qu\u2019en est-il de votre paiement\u00a0?<\/strong><\/p>\n<p>R : d\u00e9p\u00f4t de 50% \u00e0 l'avance, solde de 50% par T\/T, L\/C, paypal, Western Union ou bien avant exp\u00e9dition.<\/p>\n<p><strong>Q : Fournissez-vous des \u00e9chantillons ?<\/strong><\/p>\n<p>R : Oui, vous pouvez acheter un \u00e9chantillon pour le tester.<\/p>\n<p><strong>Q : Qu'en est-il de votre d\u00e9lai de livraison ?<\/strong><\/p>\n<p>R\u00a0:\u00a0Habituellement 15 jours apr\u00e8s r\u00e9ception de votre d\u00e9p\u00f4t.<\/p>\n<\/div>\n<\/div>\n","protected":false},"excerpt":{"rendered":"<p>Scratch and Swirl Remover can quickly and effectively removes light scratches, swirls and more defects so as to restore your car paint to a mirror-like shine with deep reflection.You can polish an exceptional luster for your car paint just like a professional detailer !<\/p>\n","protected":false},"featured_media":3312,"template":"","meta":{"_et_pb_use_builder":"","_et_pb_old_content":"","_et_gb_content_width":""},"product_brand":[],"product_cat":[56,60],"product_tag":[897,899,898],"class_list":{"0":"post-3310","1":"product","2":"type-product","3":"status-publish","4":"has-post-thumbnail","6":"product_cat-serie-dentretien-automobile","7":"product_cat-entretien-de-la-voiture","8":"product_tag-dissolvant-de-rayures-de-voiture","9":"product_tag-dissolvant-de-rayures-et-de-tourbillons","10":"product_tag-finition-dissolvant-de-rayures-composee-de-vernis","12":"first","13":"instock","14":"shipping-taxable","15":"product-type-simple"},"_links":{"self":[{"href":"https:\/\/www.supersybon.com\/fr\/wp-json\/wp\/v2\/product\/3310","targetHints":{"allow":["GET"]}}],"collection":[{"href":"https:\/\/www.supersybon.com\/fr\/wp-json\/wp\/v2\/product"}],"about":[{"href":"https:\/\/www.supersybon.com\/fr\/wp-json\/wp\/v2\/types\/product"}],"wp:featuredmedia":[{"embeddable":true,"href":"https:\/\/www.supersybon.com\/fr\/wp-json\/wp\/v2\/media\/3312"}],"wp:attachment":[{"href":"https:\/\/www.supersybon.com\/fr\/wp-json\/wp\/v2\/media?parent=3310"}],"wp:term":[{"taxonomy":"product_brand","embeddable":true,"href":"https:\/\/www.supersybon.com\/fr\/wp-json\/wp\/v2\/product_brand?post=3310"},{"taxonomy":"product_cat","embeddable":true,"href":"https:\/\/www.supersybon.com\/fr\/wp-json\/wp\/v2\/product_cat?post=3310"},{"taxonomy":"product_tag","embeddable":true,"href":"https:\/\/www.supersybon.com\/fr\/wp-json\/wp\/v2\/product_tag?post=3310"}],"curies":[{"name":"wp","href":"https:\/\/api.w.org\/{rel}","templated":true}]}}