{"id":2531,"date":"2023-04-15T15:06:36","date_gmt":"2023-04-15T07:06:36","guid":{"rendered":"https:\/\/www.supersybon.com\/fr\/?post_type=product&#038;p=2531"},"modified":"2025-08-13T17:16:14","modified_gmt":"2025-08-13T09:16:14","slug":"hk401-remplissage-de-carrosserie","status":"publish","type":"product","link":"https:\/\/www.supersybon.com\/fr\/product\/hk401-remplissage-de-carrosserie","title":{"rendered":"HK401 Avanc\u00e9 CHPO remplissage de carrosserie fabricant HKS Mastic de remplissage de carrosserie automobile pour les rayures de voiture"},"content":{"rendered":"<p><iframe title=\"Advanced CHPO Car Body Filler \u2013 Affordable Quality for Budget-Conscious Customers!\" width=\"1080\" height=\"608\" src=\"https:\/\/www.youtube.com\/embed\/A4-4_Vy-P2E?feature=oembed\"  allow=\"accelerometer; autoplay; clipboard-write; encrypted-media; gyroscope; picture-in-picture; web-share\" referrerpolicy=\"strict-origin-when-cross-origin\" allowfullscreen><\/iframe><\/p>\n<p><img decoding=\"async\" class=\"aligncenter size-full wp-image-4391\" src=\"https:\/\/www.supersybon.com\/fr\/wp-content\/uploads\/2022\/09\/1755075962-Mastic-polyester-HK400-pour-reparation-de-carrosserie-automobile-mastic-polyester-pour-carrosserie-metallique.jpg\" alt=\"Mastic-polyester-HK400-pour-r\u00e9paration-de-carrosserie-automobile-mastic-polyester-pour-carrosserie-m\u00e9tallique\" width=\"750\" height=\"302\" srcset=\"https:\/\/www.supersybon.com\/fr\/wp-content\/uploads\/2022\/09\/1755075962-Mastic-polyester-HK400-pour-reparation-de-carrosserie-automobile-mastic-polyester-pour-carrosserie-metallique.jpg 750w, https:\/\/www.supersybon.com\/fr\/wp-content\/uploads\/2022\/09\/1755075962-Mastic-polyester-HK400-pour-reparation-de-carrosserie-automobile-mastic-polyester-pour-carrosserie-metallique-480x193.jpg 480w\" sizes=\"(min-width: 0px) and (max-width: 480px) 480px, (min-width: 481px) 750px, 100vw\" \/><\/p>\n<p>&nbsp;<\/p>\n<h2><strong>HK401 Avanc\u00e9 CHPO remplissage de carrosserie<\/strong><\/h2>\n<p><strong>*Bon pouvoir couvrant, fort pouvoir garnissant, bonne adh\u00e9rence, mastic poly \u00e0 s\u00e9chage rapide, facile \u00e0 poncer.<\/strong><\/p>\n<p>Le mastic de carrosserie, \u00e9galement connu sous le nom de mastic de carrosserie automobile ou simplement \u00ab mastic \u00bb, est un type de mat\u00e9riau utilis\u00e9 pour r\u00e9parer et lisser les imperfections de la surface de la carrosserie d'une voiture. Il s'agit d'un m\u00e9lange de r\u00e9sine polyester et d'un durcisseur qui, une fois m\u00e9lang\u00e9s, forment une substance semblable \u00e0 du mastic qui peut \u00eatre appliqu\u00e9e sur la carrosserie de la voiture.<\/p>\n<p>Le mastic de carrosserie CHPO est une marque de mastic HKS con\u00e7ue pour \u00eatre facile \u00e0 travailler et offrir une finition lisse. Il peut \u00eatre utilis\u00e9 pour combler les petites bosses, rayures et autres imperfections sur la carrosserie de la voiture avant qu'elle ne soit peinte. Le mastic est appliqu\u00e9 en couche mince, laiss\u00e9 s\u00e9cher, puis ponc\u00e9 pour cr\u00e9er une surface lisse. Une fois la surface lisse, elle peut \u00eatre repeinte avec la couleur d'origine de la voiture ou une nouvelle couleur.<\/p>\n<p>Le mastic de carrosserie CHPO est g\u00e9n\u00e9ralement vendu en canettes et peut \u00eatre appliqu\u00e9 avec un couteau \u00e0 mastic ou un \u00e9pandeur. Il est important de suivre les instructions du fabricant lors de l'utilisation du mastic pour carrosserie, notamment en portant un \u00e9quipement de s\u00e9curit\u00e9 appropri\u00e9 et en appliquant le mastic dans un endroit bien ventil\u00e9. Correctement appliqu\u00e9, le mastic de carrosserie CHPO peut aider \u00e0 restaurer l'apparence d'une voiture et \u00e0 la prot\u00e9ger contre d'autres dommages.<\/p>\n<p>Si vous souhaitez acheter un produit de remplissage de carrosserie CHPO \u00e9conomique, <a href=\"https:\/\/www.supersybon.com\/fr\/product\/hk400-economie-mastic-polyester-chpo-remplisseur-de-carrosserie-adapte-au-marche-asiatique\" target=\"_blank\" rel=\"noopener\">cliquez ici s'il vous plait!<\/a><\/p>\n<p>Apprenez-en davantage via davantage de canaux\uff1a<a href=\"https:\/\/www.facebook.com\/SYBON-AUTO-PAINT-Manufacturer-103481095814373\/\" target=\"_blank\" rel=\"noopener\">Facebook<\/a>,\u00a0<a href=\"http:\/\/www.tiktok.com\/@sybon_autopaint\" target=\"_blank\" rel=\"noopener\">Tiktok<\/a>,\u00a0<a href=\"https:\/\/www.instagram.com\/supersybon\/\" target=\"_blank\" rel=\"noopener\">Instagram<\/a>,\u00a0<a href=\"https:\/\/www.youtube.com\/channel\/UCq0FA4gJ_sj4pajHK6NrN5g\" target=\"_blank\" rel=\"noopener\">youtube<\/a>.<\/p>\n<p><img decoding=\"async\" class=\"aligncenter size-full wp-image-4398\" src=\"https:\/\/www.supersybon.com\/fr\/wp-content\/uploads\/2023\/04\/1755076408-HK401-Meilleur-mastic-de-reparation-pour-carrosserie-automobile-Prix-du-mastic-de-reparation-pour-carrosserie.webp\" alt=\"HK401-Meilleur-mastic-de-r\u00e9paration-pour-carrosserie-automobile-Prix-du-mastic-de-r\u00e9paration-pour-carrosserie\" width=\"800\" height=\"800\" srcset=\"https:\/\/www.supersybon.com\/fr\/wp-content\/uploads\/2023\/04\/1755076408-HK401-Meilleur-mastic-de-reparation-pour-carrosserie-automobile-Prix-du-mastic-de-reparation-pour-carrosserie.webp 800w, https:\/\/www.supersybon.com\/fr\/wp-content\/uploads\/2023\/04\/1755076408-HK401-Meilleur-mastic-de-reparation-pour-carrosserie-automobile-Prix-du-mastic-de-reparation-pour-carrosserie-480x480.webp 480w\" sizes=\"(min-width: 0px) and (max-width: 480px) 480px, (min-width: 481px) 800px, 100vw\" \/><\/p>\n<p><img decoding=\"async\" class=\"aligncenter size-full wp-image-4399\" src=\"https:\/\/www.supersybon.com\/fr\/wp-content\/uploads\/2023\/04\/1755076434-Mastic-polyester-avance-HK401-CHPO-pour-reparation-de-carrosserie-automobile-mastic-polyester-mastic-fibre-pour-voitures.webp\" alt=\"Mastic-polyester-avanc\u00e9-HK401-CHPO-pour-r\u00e9paration-de-carrosserie-automobile-mastic-polyester-mastic-fibre-pour-voitures\" width=\"800\" height=\"800\" srcset=\"https:\/\/www.supersybon.com\/fr\/wp-content\/uploads\/2023\/04\/1755076434-Mastic-polyester-avance-HK401-CHPO-pour-reparation-de-carrosserie-automobile-mastic-polyester-mastic-fibre-pour-voitures.webp 800w, https:\/\/www.supersybon.com\/fr\/wp-content\/uploads\/2023\/04\/1755076434-Mastic-polyester-avance-HK401-CHPO-pour-reparation-de-carrosserie-automobile-mastic-polyester-mastic-fibre-pour-voitures-480x480.webp 480w\" sizes=\"(min-width: 0px) and (max-width: 480px) 480px, (min-width: 481px) 800px, 100vw\" \/><\/p>\n<p><img decoding=\"async\" class=\"aligncenter size-full wp-image-664\" src=\"https:\/\/www.supersybon.com\/fr\/wp-content\/uploads\/2022\/09\/1664345784-HK400-Hot-Selling-Body-Filler-For-Car-Refinish-Polyester-Putty-Car-Spray-Paint-For-Vehicle.jpg\" alt=\"\" width=\"900\" height=\"600\" srcset=\"https:\/\/www.supersybon.com\/fr\/wp-content\/uploads\/2022\/09\/1664345784-HK400-Hot-Selling-Body-Filler-For-Car-Refinish-Polyester-Putty-Car-Spray-Paint-For-Vehicle.jpg 900w, https:\/\/www.supersybon.com\/fr\/wp-content\/uploads\/2022\/09\/1664345784-HK400-Hot-Selling-Body-Filler-For-Car-Refinish-Polyester-Putty-Car-Spray-Paint-For-Vehicle-480x320.jpg 480w\" sizes=\"(min-width: 0px) and (max-width: 480px) 480px, (min-width: 481px) 900px, 100vw\" \/><\/p>\n<p>&nbsp;<\/p>\n<p><strong>Note:<\/strong><\/p>\n<p>1. Remuer uniform\u00e9ment avant utilisation. Ne mettez pas le corps de cendre usag\u00e9 dans le r\u00e9servoir de produit d'origine.<\/p>\n<p>2. Le rapport mastic\/agent de durcissement doit \u00eatre appropri\u00e9 avant le grattage et doit \u00eatre bien et uniform\u00e9ment m\u00e9lang\u00e9 pour \u00e9viter les fissures ou le ramollissement.<\/p>\n<p>3. L'agent de durcissement du mastic est un produit inflammable, explosif et fortement irritant pour la peau, veuillez ne pas entrer en contact directement avec la peau.<\/p>\n<p>4. Il n'est pas facile d'appliquer un rev\u00eatement de mastic trop \u00e9pais en une seule fois, et si la fosse est profonde, il doit \u00eatre appliqu\u00e9 en plusieurs passes.<\/p>\n<p>5. Ne vaporisez pas la couche de finition directement sur le mastic, afin de ne pas faire perdre de brillance \u00e0 la couche de finition.<\/p>\n<p><strong>Plusieurs facteurs font que le mastic se d\u00e9t\u00e9riore facilement :<\/strong><\/p>\n<p>1. L'isocyanate contenu dans le composant principal r\u00e9agit facilement avec l'humidit\u00e9 de l'air et se d\u00e9t\u00e9riore.<\/p>\n<p>2. Les additifs (inhibiteurs, acc\u00e9l\u00e9rateurs) ont un impact sur la qualit\u00e9 du produit lui-m\u00eame.<\/p>\n<p>3. Le syst\u00e8me de formules doit \u00eatre proportionn\u00e9 en fonction de l'environnement et du climat de chaque lieu.<\/p>\n<p>4. Les conditions de stockage doivent \u00eatre dans un environnement sec et sensible au climat.<\/p>\n<p>5. La mauvaise qualit\u00e9 des pots d'emballage de ses produits affecte la qualit\u00e9 du mastic.<\/p>\n<div class=\"magic-13\">\n<div class=\"magic-14\">\n<div class=\"magic-15\" data-id=\"paragraph0\"><\/div>\n<\/div>\n<\/div>\n<p>&nbsp;<\/p>\n<p><strong>Emballage et service du produit<\/strong><\/p>\n<hr \/>\n<p><strong>EMBALLER:<\/strong><\/p>\n<p>4KG par bo\u00eete, 4 bo\u00eetes par carton.<\/p>\n<p>&nbsp;<\/p>\n<p><strong>NOTRE SERVICE:<\/strong><\/p>\n<p>1.24 heures en ligne<\/p>\n<p>2. Prix comp\u00e9titif<\/p>\n<p>3. Excellents commentaires du client<\/p>\n<p>4. Commande en ligne s\u00e9curis\u00e9e<\/p>\n<p>5. livraison rapide<\/p>\n<p>6. support technique professionnel<\/p>\n<p>&nbsp;<\/p>\n<p><img decoding=\"async\" class=\"aligncenter size-full wp-image-666\" src=\"https:\/\/www.supersybon.com\/fr\/wp-content\/uploads\/2022\/09\/1664346192-Quick-Repair-Car-Body-Scratches-Automotive-Surface-Filling-Putty-Bodyfiller-Putty-Polyesterputty-.jpg\" alt=\"\" width=\"900\" height=\"861\" srcset=\"https:\/\/www.supersybon.com\/fr\/wp-content\/uploads\/2022\/09\/1664346192-Quick-Repair-Car-Body-Scratches-Automotive-Surface-Filling-Putty-Bodyfiller-Putty-Polyesterputty-.jpg 900w, https:\/\/www.supersybon.com\/fr\/wp-content\/uploads\/2022\/09\/1664346192-Quick-Repair-Car-Body-Scratches-Automotive-Surface-Filling-Putty-Bodyfiller-Putty-Polyesterputty--480x459.jpg 480w\" sizes=\"(min-width: 0px) and (max-width: 480px) 480px, (min-width: 481px) 900px, 100vw\" \/><\/p>\n<p>&nbsp;<\/p>\n<p><strong>\u00c9tapes de construction<\/strong><\/p>\n<hr \/>\n<p>&nbsp;<\/p>\n<p><img decoding=\"async\" class=\"aligncenter size-full wp-image-668\" src=\"https:\/\/www.supersybon.com\/fr\/wp-content\/uploads\/2022\/09\/1664347507-Auto-Body-And-Paint-Products-Car-Body-Filler-Product-Company-Auto-Repair-Putty-Construction-Steps.jpg\" alt=\"\" width=\"900\" height=\"2225\" srcset=\"https:\/\/www.supersybon.com\/fr\/wp-content\/uploads\/2022\/09\/1664347507-Auto-Body-And-Paint-Products-Car-Body-Filler-Product-Company-Auto-Repair-Putty-Construction-Steps.jpg 900w, https:\/\/www.supersybon.com\/fr\/wp-content\/uploads\/2022\/09\/1664347507-Auto-Body-And-Paint-Products-Car-Body-Filler-Product-Company-Auto-Repair-Putty-Construction-Steps-480x1187.jpg 480w\" sizes=\"(min-width: 0px) and (max-width: 480px) 480px, (min-width: 481px) 900px, 100vw\" \/><\/p>\n<p><strong>Profil de l'entreprise<\/strong><\/p>\n<hr \/>\n<p>&nbsp;<\/p>\n<p><img decoding=\"async\" class=\"aligncenter size-full wp-image-324\" src=\"https:\/\/www.supersybon.com\/fr\/wp-content\/uploads\/2022\/09\/1663401769-Car-Paint-Supplier-Company-Profile-Manufacturer-China.jpg\" alt=\"\" width=\"900\" height=\"958\" srcset=\"https:\/\/www.supersybon.com\/fr\/wp-content\/uploads\/2022\/09\/1663401769-Car-Paint-Supplier-Company-Profile-Manufacturer-China.jpg 900w, https:\/\/www.supersybon.com\/fr\/wp-content\/uploads\/2022\/09\/1663401769-Car-Paint-Supplier-Company-Profile-Manufacturer-China-480x511.jpg 480w\" sizes=\"(min-width: 0px) and (max-width: 480px) 480px, (min-width: 481px) 900px, 100vw\" \/><\/p>\n<p><strong>FAQ<\/strong><\/p>\n<hr \/>\n<p><strong>Q\u00a0:\u00a0Quel est votre MOQ\u00a0?<\/strong><\/p>\n<p>R : Notre MOQ est de 240 kilogrammes.<\/p>\n<p><strong>Q\u00a0:\u00a0\u00cates-vous une entreprise de fabrication\u00a0?<\/strong><\/p>\n<p>R : Nous sommes un fabricant professionnel et nous avons notre propre usine.<\/p>\n<p><strong>Q : Pouvons-nous visiter votre usine ?<\/strong><\/p>\n<p>R : Oui. Vous \u00eates les bienvenus dans notre usine.<\/p>\n<p><strong>Q\u00a0:\u00a0Qu\u2019en est-il de votre paiement\u00a0?<\/strong><\/p>\n<p>R : d\u00e9p\u00f4t de 50% \u00e0 l'avance, solde de 50% par T\/T, L\/C, paypal, Western Union ou bien avant exp\u00e9dition.<\/p>\n<p><strong>Q : Fournissez-vous des \u00e9chantillons ?<\/strong><\/p>\n<p>R : Oui, nous pouvons vous fournir des \u00e9chantillons gratuits, il vous suffit de payer le fret.<\/p>\n<p><strong>Q : Qu'en est-il de votre d\u00e9lai de livraison ?<\/strong><\/p>\n<p>R\u00a0:\u00a0Habituellement 15 jours apr\u00e8s r\u00e9ception de votre d\u00e9p\u00f4t.<\/p>\n","protected":false},"excerpt":{"rendered":"<p>Bon pouvoir couvrant<br \/>\nFort pouvoir garnissant<br \/>\nBonne adh\u00e9rence<br \/>\nS\u00e9chage rapide et facile \u00e0 poncer<\/p>\n","protected":false},"featured_media":4399,"template":"","meta":{"_et_pb_use_builder":"","_et_pb_old_content":"","_et_gb_content_width":""},"product_brand":[],"product_cat":[76,78],"product_tag":[703,704],"class_list":{"0":"post-2531","1":"product","2":"type-product","3":"status-publish","4":"has-post-thumbnail","6":"product_cat-serie-de-peinture-automobile","7":"product_cat-appret-mastic","8":"product_tag-remplisseur-avance-de-carrosserie","9":"product_tag-remplisseur-avance-de-carrosserie-chpo","11":"first","12":"instock","13":"shipping-taxable","14":"product-type-simple"},"_links":{"self":[{"href":"https:\/\/www.supersybon.com\/fr\/wp-json\/wp\/v2\/product\/2531","targetHints":{"allow":["GET"]}}],"collection":[{"href":"https:\/\/www.supersybon.com\/fr\/wp-json\/wp\/v2\/product"}],"about":[{"href":"https:\/\/www.supersybon.com\/fr\/wp-json\/wp\/v2\/types\/product"}],"wp:featuredmedia":[{"embeddable":true,"href":"https:\/\/www.supersybon.com\/fr\/wp-json\/wp\/v2\/media\/4399"}],"wp:attachment":[{"href":"https:\/\/www.supersybon.com\/fr\/wp-json\/wp\/v2\/media?parent=2531"}],"wp:term":[{"taxonomy":"product_brand","embeddable":true,"href":"https:\/\/www.supersybon.com\/fr\/wp-json\/wp\/v2\/product_brand?post=2531"},{"taxonomy":"product_cat","embeddable":true,"href":"https:\/\/www.supersybon.com\/fr\/wp-json\/wp\/v2\/product_cat?post=2531"},{"taxonomy":"product_tag","embeddable":true,"href":"https:\/\/www.supersybon.com\/fr\/wp-json\/wp\/v2\/product_tag?post=2531"}],"curies":[{"name":"wp","href":"https:\/\/api.w.org\/{rel}","templated":true}]}}