{"id":2521,"date":"2023-04-15T14:36:03","date_gmt":"2023-04-15T06:36:03","guid":{"rendered":"https:\/\/www.supersybon.com\/fr\/?post_type=product&#038;p=2521"},"modified":"2025-12-06T13:54:24","modified_gmt":"2025-12-06T05:54:24","slug":"hk015-remplisseur-corporel-leger-remplisseur-leger-de-mastic-de-polyester-de-reparation-de-carrosserie-automobile-en-gros-2k-bpo","status":"publish","type":"product","link":"https:\/\/www.supersybon.com\/fr\/product\/hk015-remplisseur-corporel-leger-remplisseur-leger-de-mastic-de-polyester-de-reparation-de-carrosserie-automobile-en-gros-2k-bpo","title":{"rendered":"HK015 Remplisseur corporel l\u00e9ger remplisseur l\u00e9ger de mastic de polyester de r\u00e9paration de carrosserie automobile en gros 2K Bpo"},"content":{"rendered":"<p><iframe title=\"Light weight body filler is easy to use, fast drying, and provides a smooth and even finish.\" width=\"1080\" height=\"608\" src=\"https:\/\/www.youtube.com\/embed\/sC9IP6WbWVs?feature=oembed\"  allow=\"accelerometer; autoplay; clipboard-write; encrypted-media; gyroscope; picture-in-picture; web-share\" allowfullscreen><\/iframe><\/p>\n<p><img decoding=\"async\" class=\"aligncenter size-full wp-image-4482\" src=\"https:\/\/www.supersybon.com\/fr\/wp-content\/uploads\/2022\/09\/1763964023-HK015-Light-Weight-Body-Filler-Wholesale-2K-Bpo-autobody-Repair-Polyester-Putty-Light-Weight-Body-Filler.jpg\" alt=\"\" width=\"750\" height=\"302\" srcset=\"https:\/\/www.supersybon.com\/fr\/wp-content\/uploads\/2022\/09\/1763964023-HK015-Light-Weight-Body-Filler-Wholesale-2K-Bpo-autobody-Repair-Polyester-Putty-Light-Weight-Body-Filler.jpg 750w, https:\/\/www.supersybon.com\/fr\/wp-content\/uploads\/2022\/09\/1763964023-HK015-Light-Weight-Body-Filler-Wholesale-2K-Bpo-autobody-Repair-Polyester-Putty-Light-Weight-Body-Filler-480x193.jpg 480w\" sizes=\"(min-width: 0px) and (max-width: 480px) 480px, (min-width: 481px) 750px, 100vw\" \/><\/p>\n<p>&nbsp;<\/p>\n<h2><strong>Remplisseur corporel l\u00e9ger<\/strong><\/h2>\n<p><strong>*Facile \u00e0 rayer, s\u00e9chage rapide \u00e0 temp\u00e9rature ambiante, facile \u00e0 poncer, forte adh\u00e9rence, r\u00e9sistance aux temp\u00e9ratures \u00e9lev\u00e9es, bonne capacit\u00e9 de remplissage, pas de fissure, pas de retrait, bonne correspondance et autres avantages.<\/strong><\/p>\n<p>Le mastic de carrosserie l\u00e9ger est un choix populaire pour r\u00e9parer les bosses, les bosses et les rayures mineures sur les v\u00e9hicules, les bateaux et autres objets. On l'appelle \"l\u00e9ger\" car il est moins dense que les produits de comblement traditionnels, ce qui le rend plus facile \u00e0 appliquer et \u00e0 fa\u00e7onner.<\/p>\n<p>Les principaux ingr\u00e9dients d\u2019un mastic corporel l\u00e9ger sont g\u00e9n\u00e9ralement un liant r\u00e9sineux et du talc, qui sert de charge. D'autres charges comme des microsph\u00e8res, du carbonate de calcium ou de l'argile peuvent \u00e9galement \u00eatre ajout\u00e9es pour ajuster les propri\u00e9t\u00e9s du m\u00e9lange. Certaines formulations peuvent inclure des catalyseurs ou des durcisseurs pour acc\u00e9l\u00e9rer le processus de durcissement.<\/p>\n<p>L\u2019un des avantages du mastic l\u00e9ger est sa facilit\u00e9 d\u2019utilisation. Il se pr\u00e9sente g\u00e9n\u00e9ralement sous une consistance cr\u00e9meuse qui peut \u00eatre appliqu\u00e9e \u00e0 l\u2019aide d\u2019un couteau \u00e0 mastic ou d\u2019un \u00e9pandeur. Une fois appliqu\u00e9, le mastic durcira avec le temps et pourra \u00eatre ponc\u00e9 pour obtenir une finition lisse. Il peut \u00e9galement \u00eatre peint pour correspondre \u00e0 la surface environnante.<\/p>\n<p>Notre mastic corporel l\u00e9ger est compos\u00e9 de mastics en deux parties qui doivent \u00eatre m\u00e9lang\u00e9s avant l'application. Les mastics en deux parties ont g\u00e9n\u00e9ralement un temps de durcissement plus rapide et sont plus durables.<\/p>\n<p>En plus de r\u00e9parer des dommages mineurs, un enduit de carrosserie l\u00e9ger peut \u00e9galement \u00eatre utilis\u00e9 pour lisser les surfaces rugueuses avant de peindre. Il peut \u00e9galement \u00eatre utilis\u00e9 comme base pour appliquer des couches suppl\u00e9mentaires de mastic ou de carrosserie, selon les besoins.<\/p>\n<p>Dans l\u2019ensemble, le mastic de carrosserie l\u00e9ger est un mat\u00e9riau polyvalent et efficace pour r\u00e9parer les dommages de surface mineurs sur un large \u00e9ventail d\u2019objets, notamment les v\u00e9hicules, les bateaux et m\u00eame les articles m\u00e9nagers.<\/p>\n<p>Si vous souhaitez acheter un produit de remplissage corporel lourd, <a href=\"https:\/\/www.supersybon.com\/fr\/product\/hk011-meilleure-vente-mastic-poly-bpo-mastic-de-carrosserie-pour-reparation-automobile\" target=\"_blank\" rel=\"noopener\">cliquez ici s'il vous plait!<\/a><\/p>\n<p>Apprenez-en davantage via davantage de canaux\uff1a<a href=\"https:\/\/www.facebook.com\/SYBON-AUTO-PAINT-Manufacturer-103481095814373\/\" target=\"_blank\" rel=\"noopener\">Facebook<\/a>,\u00a0<a href=\"http:\/\/www.tiktok.com\/@sybon_autopaint\" target=\"_blank\" rel=\"noopener\">Tiktok<\/a>,\u00a0<a href=\"https:\/\/www.instagram.com\/supersybon\/\" target=\"_blank\" rel=\"noopener\">Instagram<\/a>,\u00a0<a href=\"https:\/\/www.youtube.com\/channel\/UCq0FA4gJ_sj4pajHK6NrN5g\" target=\"_blank\" rel=\"noopener\">youtube<\/a>.<\/p>\n<p><img decoding=\"async\" class=\"aligncenter size-full wp-image-4481\" src=\"https:\/\/www.supersybon.com\/fr\/wp-content\/uploads\/2022\/09\/1763963996-HK015-Lightweight-Auto-Body-Filler-Lightweight-Filler-Best-Light-Weight-Body-Filler-1kg-2kg-4kg-5kg.jpg\" alt=\"\" width=\"750\" height=\"750\" srcset=\"https:\/\/www.supersybon.com\/fr\/wp-content\/uploads\/2022\/09\/1763963996-HK015-Lightweight-Auto-Body-Filler-Lightweight-Filler-Best-Light-Weight-Body-Filler-1kg-2kg-4kg-5kg.jpg 750w, https:\/\/www.supersybon.com\/fr\/wp-content\/uploads\/2022\/09\/1763963996-HK015-Lightweight-Auto-Body-Filler-Lightweight-Filler-Best-Light-Weight-Body-Filler-1kg-2kg-4kg-5kg-480x480.jpg 480w\" sizes=\"(min-width: 0px) and (max-width: 480px) 480px, (min-width: 481px) 750px, 100vw\" \/><\/p>\n<p>&nbsp;<\/p>\n<p><img decoding=\"async\" class=\"aligncenter size-full wp-image-683\" src=\"https:\/\/www.supersybon.com\/fr\/wp-content\/uploads\/2022\/09\/1664354337-HK013-Polyester-Body-Filler-Car-Metal-Polymer-Automotive-Putty-Car-Putty-In-China.jpg\" alt=\"\" width=\"900\" height=\"900\" srcset=\"https:\/\/www.supersybon.com\/fr\/wp-content\/uploads\/2022\/09\/1664354337-HK013-Polyester-Body-Filler-Car-Metal-Polymer-Automotive-Putty-Car-Putty-In-China.jpg 900w, https:\/\/www.supersybon.com\/fr\/wp-content\/uploads\/2022\/09\/1664354337-HK013-Polyester-Body-Filler-Car-Metal-Polymer-Automotive-Putty-Car-Putty-In-China-480x480.jpg 480w\" sizes=\"(min-width: 0px) and (max-width: 480px) 480px, (min-width: 481px) 900px, 100vw\" \/><\/p>\n<p><img decoding=\"async\" class=\"aligncenter size-full wp-image-684\" src=\"https:\/\/www.supersybon.com\/fr\/wp-content\/uploads\/2022\/09\/1664354360-HK013-Auto-Putti-Manufactur-Bodi-Filler-Putti-Putty-Paste-Metal-Putty-For-Car-Bodywork.jpg\" alt=\"\" width=\"900\" height=\"900\" srcset=\"https:\/\/www.supersybon.com\/fr\/wp-content\/uploads\/2022\/09\/1664354360-HK013-Auto-Putti-Manufactur-Bodi-Filler-Putti-Putty-Paste-Metal-Putty-For-Car-Bodywork.jpg 900w, https:\/\/www.supersybon.com\/fr\/wp-content\/uploads\/2022\/09\/1664354360-HK013-Auto-Putti-Manufactur-Bodi-Filler-Putti-Putty-Paste-Metal-Putty-For-Car-Bodywork-480x480.jpg 480w\" sizes=\"(min-width: 0px) and (max-width: 480px) 480px, (min-width: 481px) 900px, 100vw\" \/><\/p>\n<p><strong>Note:<\/strong><\/p>\n<p>&nbsp;<\/p>\n<p>1. Remuer uniform\u00e9ment avant utilisation. Ne mettez pas le corps de cendre usag\u00e9 dans le r\u00e9servoir de produit d'origine.<\/p>\n<p>2. Le rapport mastic\/agent de durcissement doit \u00eatre appropri\u00e9 avant le grattage et doit \u00eatre bien et uniform\u00e9ment m\u00e9lang\u00e9 pour \u00e9viter les fissures ou le ramollissement.<\/p>\n<p>3. L'agent de durcissement du mastic est un produit inflammable, explosif et fortement irritant pour la peau, veuillez ne pas entrer en contact directement avec la peau.<\/p>\n<p>4. Il n'est pas facile d'appliquer un rev\u00eatement de mastic trop \u00e9pais en une seule fois, et si la fosse est profonde, il doit \u00eatre appliqu\u00e9 en plusieurs passes.<\/p>\n<p>5. Ne vaporisez pas la couche de finition directement sur le mastic, afin de ne pas faire perdre de brillance \u00e0 la couche de finition.<\/p>\n<p><strong>Plusieurs facteurs font que le mastic se d\u00e9t\u00e9riore facilement :<\/strong><\/p>\n<p>1. L'isocyanate contenu dans le composant principal r\u00e9agit facilement avec l'humidit\u00e9 de l'air et se d\u00e9t\u00e9riore.<\/p>\n<p>2. Les additifs (inhibiteurs, acc\u00e9l\u00e9rateurs) ont un impact sur la qualit\u00e9 du produit lui-m\u00eame.<\/p>\n<p>3. Le syst\u00e8me de formules doit \u00eatre proportionn\u00e9 en fonction de l'environnement et du climat de chaque lieu.<\/p>\n<p>4. Les conditions de stockage doivent \u00eatre dans un environnement sec et sensible au climat.<\/p>\n<p>5. La mauvaise qualit\u00e9 des pots d'emballage de ses produits affecte la qualit\u00e9 du mastic.<\/p>\n<div class=\"magic-13\">\n<div class=\"magic-14\">\n<div data-id=\"paragraph0\"><\/div>\n<\/div>\n<\/div>\n<p><strong>Emballage et service du produit<\/strong><\/p>\n<hr \/>\n<p><strong>EMBALLER:<\/strong><\/p>\n<p>1 gallon par bo\u00eete, 4 bo\u00eetes par carton.<\/p>\n<p>&nbsp;<\/p>\n<p><strong>NOTRE SERVICE:<\/strong><\/p>\n<p>1.24 heures en ligne<\/p>\n<p>2. Prix comp\u00e9titif<\/p>\n<p>3. Excellents commentaires du client<\/p>\n<p>4. Commande en ligne s\u00e9curis\u00e9e<\/p>\n<p>5. livraison rapide<\/p>\n<p>6. support technique professionnel<\/p>\n<p>&nbsp;<\/p>\n<p><img decoding=\"async\" class=\"aligncenter size-full wp-image-666\" src=\"https:\/\/www.supersybon.com\/fr\/wp-content\/uploads\/2022\/09\/1664346192-Quick-Repair-Car-Body-Scratches-Automotive-Surface-Filling-Putty-Bodyfiller-Putty-Polyesterputty-.jpg\" alt=\"\" width=\"900\" height=\"861\" srcset=\"https:\/\/www.supersybon.com\/fr\/wp-content\/uploads\/2022\/09\/1664346192-Quick-Repair-Car-Body-Scratches-Automotive-Surface-Filling-Putty-Bodyfiller-Putty-Polyesterputty-.jpg 900w, https:\/\/www.supersybon.com\/fr\/wp-content\/uploads\/2022\/09\/1664346192-Quick-Repair-Car-Body-Scratches-Automotive-Surface-Filling-Putty-Bodyfiller-Putty-Polyesterputty--480x459.jpg 480w\" sizes=\"(min-width: 0px) and (max-width: 480px) 480px, (min-width: 481px) 900px, 100vw\" \/><\/p>\n<p>&nbsp;<\/p>\n<p><strong>\u00c9tapes de construction<\/strong><\/p>\n<hr \/>\n<p>&nbsp;<\/p>\n<p><img decoding=\"async\" class=\"aligncenter size-full wp-image-668\" src=\"https:\/\/www.supersybon.com\/fr\/wp-content\/uploads\/2022\/09\/1664347507-Auto-Body-And-Paint-Products-Car-Body-Filler-Product-Company-Auto-Repair-Putty-Construction-Steps.jpg\" alt=\"\" width=\"900\" height=\"2225\" srcset=\"https:\/\/www.supersybon.com\/fr\/wp-content\/uploads\/2022\/09\/1664347507-Auto-Body-And-Paint-Products-Car-Body-Filler-Product-Company-Auto-Repair-Putty-Construction-Steps.jpg 900w, https:\/\/www.supersybon.com\/fr\/wp-content\/uploads\/2022\/09\/1664347507-Auto-Body-And-Paint-Products-Car-Body-Filler-Product-Company-Auto-Repair-Putty-Construction-Steps-480x1187.jpg 480w\" sizes=\"(min-width: 0px) and (max-width: 480px) 480px, (min-width: 481px) 900px, 100vw\" \/><\/p>\n<p><strong>Profil de l'entreprise<\/strong><\/p>\n<hr \/>\n<p>&nbsp;<\/p>\n<p><img decoding=\"async\" class=\"aligncenter size-full wp-image-324\" src=\"https:\/\/www.supersybon.com\/fr\/wp-content\/uploads\/2022\/09\/1663401769-Car-Paint-Supplier-Company-Profile-Manufacturer-China.jpg\" alt=\"\" width=\"900\" height=\"958\" srcset=\"https:\/\/www.supersybon.com\/fr\/wp-content\/uploads\/2022\/09\/1663401769-Car-Paint-Supplier-Company-Profile-Manufacturer-China.jpg 900w, https:\/\/www.supersybon.com\/fr\/wp-content\/uploads\/2022\/09\/1663401769-Car-Paint-Supplier-Company-Profile-Manufacturer-China-480x511.jpg 480w\" sizes=\"(min-width: 0px) and (max-width: 480px) 480px, (min-width: 481px) 900px, 100vw\" \/><\/p>\n<p><strong>FAQ<\/strong><\/p>\n<hr \/>\n<p><strong>Q\u00a0:\u00a0Quel est votre MOQ\u00a0?<\/strong><\/p>\n<p>R : Notre MOQ est de 240 kilogrammes.<\/p>\n<p><strong>Q\u00a0:\u00a0\u00cates-vous une entreprise de fabrication\u00a0?<\/strong><\/p>\n<p>R : Nous sommes un fabricant professionnel et nous avons notre propre usine.<\/p>\n<p><strong>Q : Pouvons-nous visiter votre usine ?<\/strong><\/p>\n<p>R : Oui. Vous \u00eates les bienvenus dans notre usine.<\/p>\n<p><strong>Q\u00a0:\u00a0Qu\u2019en est-il de votre paiement\u00a0?<\/strong><\/p>\n<p>R: d\u00e9p\u00f4t de 50% \u00e0 l'avance, solde de 50% par T\/T, L\/C, paypal, Western Union ou bien avant exp\u00e9dition.<\/p>\n<p><strong>Q : Fournissez-vous des \u00e9chantillons ?<\/strong><\/p>\n<p>R : Oui, nous pouvons vous fournir des \u00e9chantillons gratuits, il vous suffit de payer le fret.<\/p>\n<p><strong>Q : Qu'en est-il de votre d\u00e9lai de livraison ?<\/strong><\/p>\n<p>R\u00a0:\u00a0Habituellement 15 jours apr\u00e8s r\u00e9ception de votre d\u00e9p\u00f4t.<\/p>\n","protected":false},"excerpt":{"rendered":"<p>Facile \u00e0 rayer, s\u00e9chage rapide \u00e0 temp\u00e9rature ambiante, facile \u00e0 poncer, forte adh\u00e9rence, r\u00e9sistance aux temp\u00e9ratures \u00e9lev\u00e9es, bonne capacit\u00e9 de remplissage, pas de fissure, pas de retrait, bonne correspondance et autres avantages.<\/p>\n","protected":false},"featured_media":4481,"template":"","meta":{"_et_pb_use_builder":"","_et_pb_old_content":"","_et_gb_content_width":""},"product_brand":[],"product_cat":[76,78],"product_tag":[718,719],"class_list":{"0":"post-2521","1":"product","2":"type-product","3":"status-publish","4":"has-post-thumbnail","6":"product_cat-serie-de-peinture-automobile","7":"product_cat-appret-mastic","8":"product_tag-remplisseur-corporel-leger","9":"product_tag-remplisseur-leger","11":"first","12":"instock","13":"shipping-taxable","14":"product-type-simple"},"_links":{"self":[{"href":"https:\/\/www.supersybon.com\/fr\/wp-json\/wp\/v2\/product\/2521","targetHints":{"allow":["GET"]}}],"collection":[{"href":"https:\/\/www.supersybon.com\/fr\/wp-json\/wp\/v2\/product"}],"about":[{"href":"https:\/\/www.supersybon.com\/fr\/wp-json\/wp\/v2\/types\/product"}],"wp:featuredmedia":[{"embeddable":true,"href":"https:\/\/www.supersybon.com\/fr\/wp-json\/wp\/v2\/media\/4481"}],"wp:attachment":[{"href":"https:\/\/www.supersybon.com\/fr\/wp-json\/wp\/v2\/media?parent=2521"}],"wp:term":[{"taxonomy":"product_brand","embeddable":true,"href":"https:\/\/www.supersybon.com\/fr\/wp-json\/wp\/v2\/product_brand?post=2521"},{"taxonomy":"product_cat","embeddable":true,"href":"https:\/\/www.supersybon.com\/fr\/wp-json\/wp\/v2\/product_cat?post=2521"},{"taxonomy":"product_tag","embeddable":true,"href":"https:\/\/www.supersybon.com\/fr\/wp-json\/wp\/v2\/product_tag?post=2521"}],"curies":[{"name":"wp","href":"https:\/\/api.w.org\/{rel}","templated":true}]}}