{"id":2008,"date":"2022-12-16T16:54:34","date_gmt":"2022-12-16T08:54:34","guid":{"rendered":"https:\/\/www.supersybon.com\/fr\/?post_type=product&#038;p=2008"},"modified":"2023-09-19T18:03:40","modified_gmt":"2023-09-19T10:03:40","slug":"bloc-de-broyage-manuel","status":"publish","type":"product","link":"https:\/\/www.supersybon.com\/fr\/product\/bloc-de-broyage-manuel","title":{"rendered":"Nouveau Patin de pon\u00e7age support de papier de verre \u00e0 crochet et boucle bloc de broyage manuel"},"content":{"rendered":"<p><img decoding=\"async\" class=\"aligncenter size-full wp-image-2010\" src=\"https:\/\/www.supersybon.com\/fr\/wp-content\/uploads\/2022\/12\/1671181497-Premium-Quality-85X152Mm-Curve-Foam-Auto-Body-Sanding-Block-For-Automotive-Use.jpg\" alt=\"\" width=\"900\" height=\"364\" srcset=\"https:\/\/www.supersybon.com\/fr\/wp-content\/uploads\/2022\/12\/1671181497-Premium-Quality-85X152Mm-Curve-Foam-Auto-Body-Sanding-Block-For-Automotive-Use.jpg 900w, https:\/\/www.supersybon.com\/fr\/wp-content\/uploads\/2022\/12\/1671181497-Premium-Quality-85X152Mm-Curve-Foam-Auto-Body-Sanding-Block-For-Automotive-Use-480x194.jpg 480w\" sizes=\"(min-width: 0px) and (max-width: 480px) 480px, (min-width: 481px) 900px, 100vw\" \/><\/p>\n<p>&nbsp;<\/p>\n<h2><strong>Nouveau Patin de pon\u00e7age support de papier de verre \u00e0 crochet et boucle bloc de broyage manuel<\/strong><\/h2>\n<p><strong>Fonctionnalit\u00e9:<\/strong><\/p>\n<p>1. Convient pour poncer dans des endroits restreints et maintenir le disque de pon\u00e7age en place.<\/p>\n<p>2. La fixation solide par crochets et boucles emp\u00eache le d\u00e9placement et la rotation du tampon, tout en permettant un retrait facile des disques de pon\u00e7age.<\/p>\n<p>3. Mat\u00e9riau composite flexible et con\u00e7u de mani\u00e8re ergonomique qui est si confortable dans nos mains.<\/p>\n<p>4. Id\u00e9al pour le travail du bois, les loisirs, les arts et l'artisanat, la carrosserie automobile, les cloisons s\u00e8ches, les magasins et l'automobile.<\/p>\n<div class=\"magic-13\">\n<div class=\"magic-14\">\n<div class=\"magic-9\">\n<p><img decoding=\"async\" class=\"aligncenter size-full wp-image-2011\" src=\"https:\/\/www.supersybon.com\/fr\/wp-content\/uploads\/2022\/12\/1671181564-1-Pack-New-Sanding-Pad-Hook-And-Loop-Sandpaper-Backing-Hand-Grinding-Block.jpg\" alt=\"\" width=\"750\" height=\"750\" srcset=\"https:\/\/www.supersybon.com\/fr\/wp-content\/uploads\/2022\/12\/1671181564-1-Pack-New-Sanding-Pad-Hook-And-Loop-Sandpaper-Backing-Hand-Grinding-Block.jpg 750w, https:\/\/www.supersybon.com\/fr\/wp-content\/uploads\/2022\/12\/1671181564-1-Pack-New-Sanding-Pad-Hook-And-Loop-Sandpaper-Backing-Hand-Grinding-Block-480x480.jpg 480w\" sizes=\"(min-width: 0px) and (max-width: 480px) 480px, (min-width: 481px) 750px, 100vw\" \/><\/p>\n<p><img decoding=\"async\" class=\"aligncenter size-full wp-image-2013\" src=\"https:\/\/www.supersybon.com\/fr\/wp-content\/uploads\/2022\/12\/1671181602-High-End-6Inch-Medium-Pu-Hardness-Material-Car-Use-Auto-Hand-Sanding-Block-Set.jpg\" alt=\"\" width=\"750\" height=\"750\" srcset=\"https:\/\/www.supersybon.com\/fr\/wp-content\/uploads\/2022\/12\/1671181602-High-End-6Inch-Medium-Pu-Hardness-Material-Car-Use-Auto-Hand-Sanding-Block-Set.jpg 750w, https:\/\/www.supersybon.com\/fr\/wp-content\/uploads\/2022\/12\/1671181602-High-End-6Inch-Medium-Pu-Hardness-Material-Car-Use-Auto-Hand-Sanding-Block-Set-480x480.jpg 480w\" sizes=\"(min-width: 0px) and (max-width: 480px) 480px, (min-width: 481px) 750px, 100vw\" \/><img decoding=\"async\" class=\"aligncenter size-full wp-image-2012\" src=\"https:\/\/www.supersybon.com\/fr\/wp-content\/uploads\/2022\/12\/1671181586-Factory-Supplying-Sanding-Block-Board-Hand-Dust-Sanding-Block-Long-For-Polishing-Use.jpg\" alt=\"\" width=\"750\" height=\"750\" srcset=\"https:\/\/www.supersybon.com\/fr\/wp-content\/uploads\/2022\/12\/1671181586-Factory-Supplying-Sanding-Block-Board-Hand-Dust-Sanding-Block-Long-For-Polishing-Use.jpg 750w, https:\/\/www.supersybon.com\/fr\/wp-content\/uploads\/2022\/12\/1671181586-Factory-Supplying-Sanding-Block-Board-Hand-Dust-Sanding-Block-Long-For-Polishing-Use-480x480.jpg 480w\" sizes=\"(min-width: 0px) and (max-width: 480px) 480px, (min-width: 481px) 750px, 100vw\" \/><\/p>\n<p><img decoding=\"async\" class=\"aligncenter size-full wp-image-2014\" src=\"https:\/\/www.supersybon.com\/fr\/wp-content\/uploads\/2022\/12\/1671181627-Strong-Hook-Loop-Attachment-Prevents-Pad-Shifting-And-Spinning-Flexible-Composite-Material-Hand-Rubbing-Block.jpg\" alt=\"\" width=\"750\" height=\"750\" srcset=\"https:\/\/www.supersybon.com\/fr\/wp-content\/uploads\/2022\/12\/1671181627-Strong-Hook-Loop-Attachment-Prevents-Pad-Shifting-And-Spinning-Flexible-Composite-Material-Hand-Rubbing-Block.jpg 750w, https:\/\/www.supersybon.com\/fr\/wp-content\/uploads\/2022\/12\/1671181627-Strong-Hook-Loop-Attachment-Prevents-Pad-Shifting-And-Spinning-Flexible-Composite-Material-Hand-Rubbing-Block-480x480.jpg 480w\" sizes=\"(min-width: 0px) and (max-width: 480px) 480px, (min-width: 481px) 750px, 100vw\" \/><\/p>\n<div class=\"magic-10\">\n<p><img decoding=\"async\" class=\"aligncenter size-full wp-image-2015\" src=\"https:\/\/www.supersybon.com\/fr\/wp-content\/uploads\/2022\/12\/1671181644-Medium-Pu-Hardness-Material-Pu-Foam-Hand-Sanding-Block-For-Polishing.jpg\" alt=\"\" width=\"750\" height=\"750\" srcset=\"https:\/\/www.supersybon.com\/fr\/wp-content\/uploads\/2022\/12\/1671181644-Medium-Pu-Hardness-Material-Pu-Foam-Hand-Sanding-Block-For-Polishing.jpg 750w, https:\/\/www.supersybon.com\/fr\/wp-content\/uploads\/2022\/12\/1671181644-Medium-Pu-Hardness-Material-Pu-Foam-Hand-Sanding-Block-For-Polishing-480x480.jpg 480w\" sizes=\"(min-width: 0px) and (max-width: 480px) 480px, (min-width: 481px) 750px, 100vw\" \/><\/p>\n<p>&nbsp;<\/p>\n<p>&nbsp;<\/p>\n<p>&nbsp;<\/p>\n<p><strong>Emballage et service du produit<\/strong><\/p>\n<hr \/>\n<p>&nbsp;<\/p>\n<p><strong>NOTRE SERVICE:<\/strong><\/p>\n<p>1.24 heures en ligne<\/p>\n<p>2. Prix comp\u00e9titif<\/p>\n<p>3. Excellents commentaires du client<\/p>\n<p>4. Commande en ligne s\u00e9curis\u00e9e<\/p>\n<p>5. livraison rapide<\/p>\n<p>6. support technique professionnel<\/p>\n<\/div>\n<\/div>\n<\/div>\n<\/div>\n<div class=\"magic-13\">\n<div class=\"magic-14\">\n<p>&nbsp;<\/p>\n<div class=\"magic-13\">\n<div class=\"magic-14\">\n<div class=\"magic-9\">\n<div class=\"magic-10\">\n<div class=\"magic-13\">\n<div class=\"magic-14\">\n<div data-spm-anchor-id=\"a2700.details.0.i37.625d2e9eLtZffL\">\n<div class=\"magic-13\">\n<div class=\"magic-14\">\n<div class=\"magic-13\">\n<div class=\"magic-14\">\n<p>&nbsp;<\/p>\n<\/div>\n<\/div>\n<\/div>\n<\/div>\n<\/div>\n<\/div>\n<\/div>\n<\/div>\n<\/div>\n<\/div>\n<\/div>\n<div class=\"magic-13\">\n<div class=\"magic-14\">\n<p><strong>Profil de l'entreprise<\/strong><\/p>\n<hr \/>\n<p>&nbsp;<\/p>\n<\/div>\n<\/div>\n<p><img decoding=\"async\" class=\"aligncenter size-full wp-image-324\" src=\"https:\/\/www.supersybon.com\/fr\/wp-content\/uploads\/2022\/09\/1663401769-Car-Paint-Supplier-Company-Profile-Manufacturer-China.jpg\" alt=\"\" width=\"900\" height=\"958\" srcset=\"https:\/\/www.supersybon.com\/fr\/wp-content\/uploads\/2022\/09\/1663401769-Car-Paint-Supplier-Company-Profile-Manufacturer-China.jpg 900w, https:\/\/www.supersybon.com\/fr\/wp-content\/uploads\/2022\/09\/1663401769-Car-Paint-Supplier-Company-Profile-Manufacturer-China-480x511.jpg 480w\" sizes=\"(min-width: 0px) and (max-width: 480px) 480px, (min-width: 481px) 900px, 100vw\" \/><\/p>\n<div class=\"magic-13\">\n<div class=\"magic-14\">\n<p><strong>FAQ<\/strong><\/p>\n<hr \/>\n<\/div>\n<\/div>\n<p><strong>Q\u00a0:\u00a0Quel est votre MOQ\u00a0?<\/strong><\/p>\n<p>R : Notre MOQ est de 1 carton.<\/p>\n<p><strong>Q\u00a0:\u00a0Qu\u2019en est-il de votre paiement\u00a0?<\/strong><\/p>\n<p>R : d\u00e9p\u00f4t de 50% \u00e0 l'avance, solde de 50% par T\/T, L\/C, paypal, Western Union ou bien avant exp\u00e9dition.<\/p>\n<p><strong>Q : Fournissez-vous des \u00e9chantillons ?<\/strong><\/p>\n<p>R : Oui, vous pouvez acheter un \u00e9chantillon pour le tester.<\/p>\n<p><strong>Q : Qu'en est-il de votre d\u00e9lai de livraison ?<\/strong><\/p>\n<p>R\u00a0:\u00a0Habituellement 15 jours apr\u00e8s r\u00e9ception de votre d\u00e9p\u00f4t.<\/p>\n<\/div>\n<\/div>\n","protected":false},"excerpt":{"rendered":"<p>1. Convient pour poncer dans des endroits restreints et maintenir le disque de pon\u00e7age en place.<br \/>\n2. La fixation solide par crochets et boucles emp\u00eache le d\u00e9placement et la rotation du tampon, tout en permettant un retrait facile des disques de pon\u00e7age.<br \/>\n3. Mat\u00e9riau composite flexible et con\u00e7u de mani\u00e8re ergonomique qui est si confortable dans nos mains.<br \/>\n4. Id\u00e9al pour le travail du bois, les loisirs, les arts et l'artisanat, la carrosserie automobile, les cloisons s\u00e8ches, les magasins et l'automobile.<\/p>\n","protected":false},"featured_media":2016,"template":"","meta":{"_et_pb_use_builder":"","_et_pb_old_content":"","_et_gb_content_width":""},"product_brand":[],"product_cat":[57],"product_tag":[889,890,891],"class_list":{"0":"post-2008","1":"product","2":"type-product","3":"status-publish","4":"has-post-thumbnail","6":"product_cat-accessoires-desthetique-automobile","7":"product_tag-bloc-de-broyage-manuel","8":"product_tag-bloc-de-frottement-des-mains","9":"product_tag-bloc-de-poncage-a-crochets-et-boucles","11":"first","12":"instock","13":"shipping-taxable","14":"product-type-simple"},"_links":{"self":[{"href":"https:\/\/www.supersybon.com\/fr\/wp-json\/wp\/v2\/product\/2008","targetHints":{"allow":["GET"]}}],"collection":[{"href":"https:\/\/www.supersybon.com\/fr\/wp-json\/wp\/v2\/product"}],"about":[{"href":"https:\/\/www.supersybon.com\/fr\/wp-json\/wp\/v2\/types\/product"}],"wp:featuredmedia":[{"embeddable":true,"href":"https:\/\/www.supersybon.com\/fr\/wp-json\/wp\/v2\/media\/2016"}],"wp:attachment":[{"href":"https:\/\/www.supersybon.com\/fr\/wp-json\/wp\/v2\/media?parent=2008"}],"wp:term":[{"taxonomy":"product_brand","embeddable":true,"href":"https:\/\/www.supersybon.com\/fr\/wp-json\/wp\/v2\/product_brand?post=2008"},{"taxonomy":"product_cat","embeddable":true,"href":"https:\/\/www.supersybon.com\/fr\/wp-json\/wp\/v2\/product_cat?post=2008"},{"taxonomy":"product_tag","embeddable":true,"href":"https:\/\/www.supersybon.com\/fr\/wp-json\/wp\/v2\/product_tag?post=2008"}],"curies":[{"name":"wp","href":"https:\/\/api.w.org\/{rel}","templated":true}]}}