{"id":1998,"date":"2022-12-16T16:26:19","date_gmt":"2022-12-16T08:26:19","guid":{"rendered":"https:\/\/www.supersybon.com\/fr\/?post_type=product&#038;p=1998"},"modified":"2025-12-11T17:54:33","modified_gmt":"2025-12-11T09:54:33","slug":"70x198mm-bloc-de-poncage-manuel","status":"publish","type":"product","link":"https:\/\/www.supersybon.com\/fr\/product\/70x198mm-bloc-de-poncage-manuel","title":{"rendered":"70x198mm Outil de polissage manuel bloc de pon\u00e7age manuel bloc de pon\u00e7age manuel sous vide sans poussi\u00e8re, crochets et boucles multi-trous"},"content":{"rendered":"<p><img decoding=\"async\" class=\"aligncenter size-full wp-image-1999\" src=\"https:\/\/www.supersybon.com\/fr\/wp-content\/uploads\/2022\/12\/1671179686-Manual-Polishing-Tool-Hand-Sanding-Block-Multi-Hole-Hook-And-Loop-Dust-Free-Vacuum-Hand-Sanding-Block.jpg\" alt=\"\" width=\"900\" height=\"364\" srcset=\"https:\/\/www.supersybon.com\/fr\/wp-content\/uploads\/2022\/12\/1671179686-Manual-Polishing-Tool-Hand-Sanding-Block-Multi-Hole-Hook-And-Loop-Dust-Free-Vacuum-Hand-Sanding-Block.jpg 900w, https:\/\/www.supersybon.com\/fr\/wp-content\/uploads\/2022\/12\/1671179686-Manual-Polishing-Tool-Hand-Sanding-Block-Multi-Hole-Hook-And-Loop-Dust-Free-Vacuum-Hand-Sanding-Block-480x194.jpg 480w\" sizes=\"(min-width: 0px) and (max-width: 480px) 480px, (min-width: 481px) 900px, 100vw\" \/><\/p>\n<p>&nbsp;<\/p>\n<h2><strong>70x198mm Outil de polissage manuel bloc de pon\u00e7age manuel bloc de pon\u00e7age manuel sous vide sans poussi\u00e8re, crochets et boucles multi-trous<\/strong><\/h2>\n<p><strong>Fonctionnalit\u00e9:<\/strong><\/p>\n<p>1. Prise confortable, adapt\u00e9e \u00e0 un fonctionnement \u00e0 long terme, pas fatigu\u00e9e, ne grince pas les mains.<\/p>\n<p>2. L\u00e9ger et facile \u00e0 transporter, \u00e9lastique et pas facile \u00e0 d\u00e9former.<\/p>\n<p>3. La fonction de d\u00e9poussi\u00e9rage peut \u00eatre r\u00e9alis\u00e9e en connectant le trou de d\u00e9poussi\u00e9rage et le tuyau collecteur de poussi\u00e8re.<\/p>\n<p>4. Le broyeur est de type collant magique et doit \u00eatre utilis\u00e9 avec du papier de verre en daim perfor\u00e9.<\/p>\n<p>5. Convient pour le polissage du bois, le nettoyage domestique, l'entretien automobile, le meulage de finition.<\/p>\n<div class=\"magic-13\">\n<div class=\"magic-14\">\n<div class=\"magic-9\">\n<p><img decoding=\"async\" class=\"aligncenter size-full wp-image-2000\" src=\"https:\/\/www.supersybon.com\/fr\/wp-content\/uploads\/2022\/12\/1671179789-Comfortable-Grip-Manual-Polishing-Tool-Not-Tired-Connecting-The-Dust-Removing-Hole-Hand-Sanding-Block.jpg\" alt=\"\" width=\"750\" height=\"750\" srcset=\"https:\/\/www.supersybon.com\/fr\/wp-content\/uploads\/2022\/12\/1671179789-Comfortable-Grip-Manual-Polishing-Tool-Not-Tired-Connecting-The-Dust-Removing-Hole-Hand-Sanding-Block.jpg 750w, https:\/\/www.supersybon.com\/fr\/wp-content\/uploads\/2022\/12\/1671179789-Comfortable-Grip-Manual-Polishing-Tool-Not-Tired-Connecting-The-Dust-Removing-Hole-Hand-Sanding-Block-480x480.jpg 480w\" sizes=\"(min-width: 0px) and (max-width: 480px) 480px, (min-width: 481px) 750px, 100vw\" \/><\/p>\n<p><img decoding=\"async\" class=\"aligncenter size-full wp-image-2001\" src=\"https:\/\/www.supersybon.com\/fr\/wp-content\/uploads\/2022\/12\/1671179811-Factory-Direct-Sale-Abrasive-Material-Not-Grinding-Hands-With-Good-Quality-Not-Tired-Removing-Dust-Hand-Sanding-Block.jpg\" alt=\"\" width=\"750\" height=\"750\" srcset=\"https:\/\/www.supersybon.com\/fr\/wp-content\/uploads\/2022\/12\/1671179811-Factory-Direct-Sale-Abrasive-Material-Not-Grinding-Hands-With-Good-Quality-Not-Tired-Removing-Dust-Hand-Sanding-Block.jpg 750w, https:\/\/www.supersybon.com\/fr\/wp-content\/uploads\/2022\/12\/1671179811-Factory-Direct-Sale-Abrasive-Material-Not-Grinding-Hands-With-Good-Quality-Not-Tired-Removing-Dust-Hand-Sanding-Block-480x480.jpg 480w\" sizes=\"(min-width: 0px) and (max-width: 480px) 480px, (min-width: 481px) 750px, 100vw\" \/><\/p>\n<p><img decoding=\"async\" class=\"aligncenter size-full wp-image-2005\" src=\"https:\/\/www.supersybon.com\/fr\/wp-content\/uploads\/2022\/12\/1671180076-Manual-Polishing-Tool-Hook-And-Loop-Hand-Sanding-Block.jpg\" alt=\"\" width=\"750\" height=\"750\" srcset=\"https:\/\/www.supersybon.com\/fr\/wp-content\/uploads\/2022\/12\/1671180076-Manual-Polishing-Tool-Hook-And-Loop-Hand-Sanding-Block.jpg 750w, https:\/\/www.supersybon.com\/fr\/wp-content\/uploads\/2022\/12\/1671180076-Manual-Polishing-Tool-Hook-And-Loop-Hand-Sanding-Block-480x480.jpg 480w\" sizes=\"(min-width: 0px) and (max-width: 480px) 480px, (min-width: 481px) 750px, 100vw\" \/><\/p>\n<p><img decoding=\"async\" class=\"aligncenter size-full wp-image-1986\" src=\"https:\/\/www.supersybon.com\/fr\/wp-content\/uploads\/2022\/12\/1671175407-Interface-Pad-Round-Sponge-Hook-And-Loop-Abrasive-Sponge-Sanding-Pad.jpg\" alt=\"\" width=\"750\" height=\"750\" srcset=\"https:\/\/www.supersybon.com\/fr\/wp-content\/uploads\/2022\/12\/1671175407-Interface-Pad-Round-Sponge-Hook-And-Loop-Abrasive-Sponge-Sanding-Pad.jpg 750w, https:\/\/www.supersybon.com\/fr\/wp-content\/uploads\/2022\/12\/1671175407-Interface-Pad-Round-Sponge-Hook-And-Loop-Abrasive-Sponge-Sanding-Pad-480x480.jpg 480w\" sizes=\"(min-width: 0px) and (max-width: 480px) 480px, (min-width: 481px) 750px, 100vw\" \/><\/p>\n<div class=\"magic-10\">\n<p><img decoding=\"async\" class=\"aligncenter size-full wp-image-2003\" src=\"https:\/\/www.supersybon.com\/fr\/wp-content\/uploads\/2022\/12\/1671179884-Wholesale-Price-Abrasive-Material-Not-Grinding-Hands-High-Quality-Not-Tired-Removing-Dust-Hand-Sanding-Block.jpg\" alt=\"\" width=\"750\" height=\"750\" srcset=\"https:\/\/www.supersybon.com\/fr\/wp-content\/uploads\/2022\/12\/1671179884-Wholesale-Price-Abrasive-Material-Not-Grinding-Hands-High-Quality-Not-Tired-Removing-Dust-Hand-Sanding-Block.jpg 750w, https:\/\/www.supersybon.com\/fr\/wp-content\/uploads\/2022\/12\/1671179884-Wholesale-Price-Abrasive-Material-Not-Grinding-Hands-High-Quality-Not-Tired-Removing-Dust-Hand-Sanding-Block-480x480.jpg 480w\" sizes=\"(min-width: 0px) and (max-width: 480px) 480px, (min-width: 481px) 750px, 100vw\" \/><\/p>\n<p>&nbsp;<\/p>\n<p>&nbsp;<\/p>\n<p>&nbsp;<\/p>\n<p><strong>Emballage et service du produit<\/strong><\/p>\n<hr \/>\n<p><strong>EMBALLER:<\/strong><\/p>\n<p><img decoding=\"async\" class=\"aligncenter size-full wp-image-2004\" src=\"https:\/\/www.supersybon.com\/fr\/wp-content\/uploads\/2022\/12\/1671179902-70X198Mm-Manual-Polishing-Tool-Hook-And-Loop-Hand-Sanding-Block.jpg\" alt=\"\" width=\"750\" height=\"750\" srcset=\"https:\/\/www.supersybon.com\/fr\/wp-content\/uploads\/2022\/12\/1671179902-70X198Mm-Manual-Polishing-Tool-Hook-And-Loop-Hand-Sanding-Block.jpg 750w, https:\/\/www.supersybon.com\/fr\/wp-content\/uploads\/2022\/12\/1671179902-70X198Mm-Manual-Polishing-Tool-Hook-And-Loop-Hand-Sanding-Block-480x480.jpg 480w\" sizes=\"(min-width: 0px) and (max-width: 480px) 480px, (min-width: 481px) 750px, 100vw\" \/><\/p>\n<p>&nbsp;<\/p>\n<p><strong>NOTRE SERVICE:<\/strong><\/p>\n<p>1.24 heures en ligne<\/p>\n<p>2. Prix comp\u00e9titif<\/p>\n<p>3. Excellents commentaires du client<\/p>\n<p>4. Commande en ligne s\u00e9curis\u00e9e<\/p>\n<p>5. livraison rapide<\/p>\n<p>6. support technique professionnel<\/p>\n<\/div>\n<\/div>\n<\/div>\n<\/div>\n<div class=\"magic-13\">\n<div class=\"magic-14\">\n<p>&nbsp;<\/p>\n<div class=\"magic-13\">\n<div class=\"magic-14\">\n<div class=\"magic-9\">\n<div class=\"magic-10\">\n<div class=\"magic-13\">\n<div class=\"magic-14\">\n<div data-spm-anchor-id=\"a2700.details.0.i37.625d2e9eLtZffL\">\n<div class=\"magic-13\">\n<div class=\"magic-14\">\n<div class=\"magic-13\">\n<div class=\"magic-14\">\n<p>&nbsp;<\/p>\n<\/div>\n<\/div>\n<\/div>\n<\/div>\n<\/div>\n<\/div>\n<\/div>\n<\/div>\n<\/div>\n<\/div>\n<\/div>\n<div class=\"magic-13\">\n<div class=\"magic-14\">\n<p><strong>Profil de l'entreprise<\/strong><\/p>\n<hr \/>\n<p>&nbsp;<\/p>\n<\/div>\n<\/div>\n<p><img decoding=\"async\" class=\"aligncenter size-full wp-image-324\" src=\"https:\/\/www.supersybon.com\/fr\/wp-content\/uploads\/2022\/09\/1663401769-Car-Paint-Supplier-Company-Profile-Manufacturer-China.jpg\" alt=\"\" width=\"900\" height=\"958\" srcset=\"https:\/\/www.supersybon.com\/fr\/wp-content\/uploads\/2022\/09\/1663401769-Car-Paint-Supplier-Company-Profile-Manufacturer-China.jpg 900w, https:\/\/www.supersybon.com\/fr\/wp-content\/uploads\/2022\/09\/1663401769-Car-Paint-Supplier-Company-Profile-Manufacturer-China-480x511.jpg 480w\" sizes=\"(min-width: 0px) and (max-width: 480px) 480px, (min-width: 481px) 900px, 100vw\" \/><\/p>\n<div class=\"magic-13\">\n<div class=\"magic-14\">\n<p><strong>FAQ<\/strong><\/p>\n<hr \/>\n<\/div>\n<\/div>\n<p><strong>Q\u00a0:\u00a0Quel est votre MOQ\u00a0?<\/strong><\/p>\n<p>R : Notre MOQ est de 1 carton.<\/p>\n<p><strong>Q\u00a0:\u00a0Qu\u2019en est-il de votre paiement\u00a0?<\/strong><\/p>\n<p>R : d\u00e9p\u00f4t de 50% \u00e0 l'avance, solde de 50% par T\/T, L\/C, paypal, Western Union ou bien avant exp\u00e9dition.<\/p>\n<p><strong>Q : Fournissez-vous des \u00e9chantillons ?<\/strong><\/p>\n<p>R : Oui, vous pouvez acheter un \u00e9chantillon pour le tester.<\/p>\n<p><strong>Q : Qu'en est-il de votre d\u00e9lai de livraison ?<\/strong><\/p>\n<p>R\u00a0:\u00a0Habituellement 15 jours apr\u00e8s r\u00e9ception de votre d\u00e9p\u00f4t.<\/p>\n<\/div>\n<\/div>\n","protected":false},"excerpt":{"rendered":"<p>1. Cette assiette est faite de denim de haute qualit\u00e9, avec une texture compacte et \u00e9paisse.<br \/>\n2. Avec une excellente force de coupe et une excellente r\u00e9sistance \u00e0 la temp\u00e9rature, elle \u00e9quivaut \u00e0 une force de coupe de sable de 1000 #.<br \/>\n3. Le c\u00f4t\u00e9 denim du tampon de polissage est l\u00e9g\u00e8rement ponc\u00e9 pour enlever la peau d'orange sans frotter la surface.<br \/>\n4. Largement utilisation: peut \u00eatre utilis\u00e9 sur la voiture, le bateau, la moto, etc. Il peut faire ressortir le plus haut niveau de brillance de la voiture d'exposition avec les tampons de polissage de finition ultra-lisses.<\/p>\n","protected":false},"featured_media":2006,"template":"","meta":{"_et_pb_use_builder":"","_et_pb_old_content":"","_et_gb_content_width":""},"product_brand":[],"product_cat":[69,67],"product_tag":[887,886,888],"class_list":{"0":"post-1998","1":"product","2":"type-product","3":"status-publish","4":"has-post-thumbnail","6":"product_cat-papier-de-verre","7":"product_cat-serie-de-reparation-automobile","8":"product_tag-aspirateur-sans-poussiere-a-crochets-et-boucles","9":"product_tag-bloc-de-poncage-manuel","10":"product_tag-outil-de-polissage-manuel","12":"first","13":"instock","14":"shipping-taxable","15":"product-type-simple"},"_links":{"self":[{"href":"https:\/\/www.supersybon.com\/fr\/wp-json\/wp\/v2\/product\/1998","targetHints":{"allow":["GET"]}}],"collection":[{"href":"https:\/\/www.supersybon.com\/fr\/wp-json\/wp\/v2\/product"}],"about":[{"href":"https:\/\/www.supersybon.com\/fr\/wp-json\/wp\/v2\/types\/product"}],"wp:featuredmedia":[{"embeddable":true,"href":"https:\/\/www.supersybon.com\/fr\/wp-json\/wp\/v2\/media\/2006"}],"wp:attachment":[{"href":"https:\/\/www.supersybon.com\/fr\/wp-json\/wp\/v2\/media?parent=1998"}],"wp:term":[{"taxonomy":"product_brand","embeddable":true,"href":"https:\/\/www.supersybon.com\/fr\/wp-json\/wp\/v2\/product_brand?post=1998"},{"taxonomy":"product_cat","embeddable":true,"href":"https:\/\/www.supersybon.com\/fr\/wp-json\/wp\/v2\/product_cat?post=1998"},{"taxonomy":"product_tag","embeddable":true,"href":"https:\/\/www.supersybon.com\/fr\/wp-json\/wp\/v2\/product_tag?post=1998"}],"curies":[{"name":"wp","href":"https:\/\/api.w.org\/{rel}","templated":true}]}}