{"id":1973,"date":"2022-12-16T14:52:42","date_gmt":"2022-12-16T06:52:42","guid":{"rendered":"https:\/\/www.supersybon.com\/fr\/?post_type=product&#038;p=1973"},"modified":"2023-09-19T17:30:08","modified_gmt":"2023-09-19T09:30:08","slug":"coussin-dinterface","status":"publish","type":"product","link":"https:\/\/www.supersybon.com\/fr\/product\/coussin-dinterface","title":{"rendered":"Coussin d'interface tampon de Protection de Surface en \u00e9ponge douce, sans poussi\u00e8re, support \u00e0 crochet et boucle pour disque de pon\u00e7age"},"content":{"rendered":"<p><img decoding=\"async\" class=\"aligncenter size-full wp-image-1974\" src=\"https:\/\/www.supersybon.com\/fr\/wp-content\/uploads\/2022\/12\/1671175006-2023-The-Most-Popular-6-Inch-15-Holes-Car-Interface-Sponges-Scouring-Polishing-And-Backing-Pad.jpg\" alt=\"\" width=\"900\" height=\"364\" srcset=\"https:\/\/www.supersybon.com\/fr\/wp-content\/uploads\/2022\/12\/1671175006-2023-The-Most-Popular-6-Inch-15-Holes-Car-Interface-Sponges-Scouring-Polishing-And-Backing-Pad.jpg 900w, https:\/\/www.supersybon.com\/fr\/wp-content\/uploads\/2022\/12\/1671175006-2023-The-Most-Popular-6-Inch-15-Holes-Car-Interface-Sponges-Scouring-Polishing-And-Backing-Pad-480x194.jpg 480w\" sizes=\"(min-width: 0px) and (max-width: 480px) 480px, (min-width: 481px) 900px, 100vw\" \/><\/p>\n<p>&nbsp;<\/p>\n<h2><strong>Coussin d'interface tampon de Protection de Surface en \u00e9ponge douce, sans poussi\u00e8re, support \u00e0 crochet et boucle pour disque de pon\u00e7age<\/strong><\/h2>\n<p><strong>Fonctionnalit\u00e9:<\/strong><\/p>\n<p>1. La construction en mousse souple \u00e9pouse les contours pour une finition plus fine.<\/p>\n<p>2. Ajoute un support au tampon de disque pour une coupe abrasive am\u00e9lior\u00e9e et un pon\u00e7age des bords plus \u00e9troit.<\/p>\n<p>3. S'applique sans effort entre les disques abrasifs et les tampons de support pour des changements rapides.<\/p>\n<p>4. R\u00e9duit les vibrations de l'outil de pon\u00e7age orbital pour de meilleurs r\u00e9sultats.<\/p>\n<p>5. Les configurations de trous aident \u00e0 \u00e9liminer la poussi\u00e8re de la surface de travail, augmentant ainsi la dur\u00e9e de vie du disque.<\/p>\n<div class=\"magic-13\">\n<div class=\"magic-14\">\n<div class=\"magic-9\">\n<p><img decoding=\"async\" class=\"aligncenter size-full wp-image-1975\" src=\"https:\/\/www.supersybon.com\/fr\/wp-content\/uploads\/2022\/12\/1671175032-5Inch-125Mm-5Holes-Factory-Hot-Sale-Sponge-Interface-Cushion-Foam-Polishing-Pad-Sander-Tool-Accessories-For-Car.jpg\" alt=\"\" width=\"750\" height=\"750\" srcset=\"https:\/\/www.supersybon.com\/fr\/wp-content\/uploads\/2022\/12\/1671175032-5Inch-125Mm-5Holes-Factory-Hot-Sale-Sponge-Interface-Cushion-Foam-Polishing-Pad-Sander-Tool-Accessories-For-Car.jpg 750w, https:\/\/www.supersybon.com\/fr\/wp-content\/uploads\/2022\/12\/1671175032-5Inch-125Mm-5Holes-Factory-Hot-Sale-Sponge-Interface-Cushion-Foam-Polishing-Pad-Sander-Tool-Accessories-For-Car-480x480.jpg 480w\" sizes=\"(min-width: 0px) and (max-width: 480px) 480px, (min-width: 481px) 750px, 100vw\" \/><\/p>\n<p><strong>6'' 150mm 17 trous<\/strong><\/p>\n<p><img decoding=\"async\" class=\"aligncenter size-full wp-image-1976\" src=\"https:\/\/www.supersybon.com\/fr\/wp-content\/uploads\/2022\/12\/1671175068-Car-Detailing-Hookit-6-Soft-Interface-Disc-Pad-Grip-Back-Up-Interface-Pad.jpg\" alt=\"\" width=\"750\" height=\"750\" srcset=\"https:\/\/www.supersybon.com\/fr\/wp-content\/uploads\/2022\/12\/1671175068-Car-Detailing-Hookit-6-Soft-Interface-Disc-Pad-Grip-Back-Up-Interface-Pad.jpg 750w, https:\/\/www.supersybon.com\/fr\/wp-content\/uploads\/2022\/12\/1671175068-Car-Detailing-Hookit-6-Soft-Interface-Disc-Pad-Grip-Back-Up-Interface-Pad-480x480.jpg 480w\" sizes=\"(min-width: 0px) and (max-width: 480px) 480px, (min-width: 481px) 750px, 100vw\" \/><\/p>\n<div class=\"magic-10\">\n<p><img decoding=\"async\" class=\"aligncenter size-full wp-image-1977\" src=\"https:\/\/www.supersybon.com\/fr\/wp-content\/uploads\/2022\/12\/1671175092-6Inch-150Mm-15Holes-Softhard-Hook-And-Loop-Sponge-Foam-Interface-Disc-Backing-Pad-Accessory-For-Sander.jpg\" alt=\"\" width=\"750\" height=\"750\" srcset=\"https:\/\/www.supersybon.com\/fr\/wp-content\/uploads\/2022\/12\/1671175092-6Inch-150Mm-15Holes-Softhard-Hook-And-Loop-Sponge-Foam-Interface-Disc-Backing-Pad-Accessory-For-Sander.jpg 750w, https:\/\/www.supersybon.com\/fr\/wp-content\/uploads\/2022\/12\/1671175092-6Inch-150Mm-15Holes-Softhard-Hook-And-Loop-Sponge-Foam-Interface-Disc-Backing-Pad-Accessory-For-Sander-480x480.jpg 480w\" sizes=\"(min-width: 0px) and (max-width: 480px) 480px, (min-width: 481px) 750px, 100vw\" \/><\/p>\n<p><strong>6'' 150mm 17 trous<\/strong><\/p>\n<p><img decoding=\"async\" class=\"aligncenter size-full wp-image-1978\" src=\"https:\/\/www.supersybon.com\/fr\/wp-content\/uploads\/2022\/12\/1671175171-Interface-Cushion-Pad-Soft-Sponge-Dust-Free-Surface-Protection-Pad-Hook-And-Loop-Backing-Pad-For-Sanding-Disc.jpg\" alt=\"\" width=\"750\" height=\"750\" srcset=\"https:\/\/www.supersybon.com\/fr\/wp-content\/uploads\/2022\/12\/1671175171-Interface-Cushion-Pad-Soft-Sponge-Dust-Free-Surface-Protection-Pad-Hook-And-Loop-Backing-Pad-For-Sanding-Disc.jpg 750w, https:\/\/www.supersybon.com\/fr\/wp-content\/uploads\/2022\/12\/1671175171-Interface-Cushion-Pad-Soft-Sponge-Dust-Free-Surface-Protection-Pad-Hook-And-Loop-Backing-Pad-For-Sanding-Disc-480x480.jpg 480w\" sizes=\"(min-width: 0px) and (max-width: 480px) 480px, (min-width: 481px) 750px, 100vw\" \/><\/p>\n<p><img decoding=\"async\" class=\"aligncenter size-full wp-image-1979\" src=\"https:\/\/www.supersybon.com\/fr\/wp-content\/uploads\/2022\/12\/1671175202-Factory-6Inch-150Mm-Multiholes-Cushion-Pad-Hook-And-Loop-Interface-Disc-Backing-Pad.jpg\" alt=\"\" width=\"750\" height=\"750\" srcset=\"https:\/\/www.supersybon.com\/fr\/wp-content\/uploads\/2022\/12\/1671175202-Factory-6Inch-150Mm-Multiholes-Cushion-Pad-Hook-And-Loop-Interface-Disc-Backing-Pad.jpg 750w, https:\/\/www.supersybon.com\/fr\/wp-content\/uploads\/2022\/12\/1671175202-Factory-6Inch-150Mm-Multiholes-Cushion-Pad-Hook-And-Loop-Interface-Disc-Backing-Pad-480x480.jpg 480w\" sizes=\"(min-width: 0px) and (max-width: 480px) 480px, (min-width: 481px) 750px, 100vw\" \/><\/p>\n<p><strong>6'' 150mm 15\u00a0trous<\/strong><\/p>\n<p><img decoding=\"async\" class=\"aligncenter size-full wp-image-1980\" src=\"https:\/\/www.supersybon.com\/fr\/wp-content\/uploads\/2022\/12\/1671175251-6Inch-150Mm-15Holes-Soft-Sponge-Cushion-Self-Adhesive-Back-Velvet-Polishing-Disc-Interface-Pad.jpg\" alt=\"\" width=\"750\" height=\"750\" srcset=\"https:\/\/www.supersybon.com\/fr\/wp-content\/uploads\/2022\/12\/1671175251-6Inch-150Mm-15Holes-Soft-Sponge-Cushion-Self-Adhesive-Back-Velvet-Polishing-Disc-Interface-Pad.jpg 750w, https:\/\/www.supersybon.com\/fr\/wp-content\/uploads\/2022\/12\/1671175251-6Inch-150Mm-15Holes-Soft-Sponge-Cushion-Self-Adhesive-Back-Velvet-Polishing-Disc-Interface-Pad-480x480.jpg 480w\" sizes=\"(min-width: 0px) and (max-width: 480px) 480px, (min-width: 481px) 750px, 100vw\" \/><\/p>\n<p><img decoding=\"async\" class=\"aligncenter size-full wp-image-1981\" src=\"https:\/\/www.supersybon.com\/fr\/wp-content\/uploads\/2022\/12\/1671175271-5Inch-7-Holes-Hook-And-Loop-Sponge-Soft-Interface-Buffer-Pad-For-Polishing-Grinding-Power-Tools-Accessories.jpg\" alt=\"\" width=\"750\" height=\"750\" srcset=\"https:\/\/www.supersybon.com\/fr\/wp-content\/uploads\/2022\/12\/1671175271-5Inch-7-Holes-Hook-And-Loop-Sponge-Soft-Interface-Buffer-Pad-For-Polishing-Grinding-Power-Tools-Accessories.jpg 750w, https:\/\/www.supersybon.com\/fr\/wp-content\/uploads\/2022\/12\/1671175271-5Inch-7-Holes-Hook-And-Loop-Sponge-Soft-Interface-Buffer-Pad-For-Polishing-Grinding-Power-Tools-Accessories-480x480.jpg 480w\" sizes=\"(min-width: 0px) and (max-width: 480px) 480px, (min-width: 481px) 750px, 100vw\" \/><\/p>\n<p><strong>5'' 125mm 6 trous<\/strong><\/p>\n<p><img decoding=\"async\" class=\"aligncenter size-full wp-image-1982\" src=\"https:\/\/www.supersybon.com\/fr\/wp-content\/uploads\/2022\/12\/1671175308-Soft-Interface-Pad-5-Inch-6-Holes-125Mm-Damping-Protection-Sanding-Pad-Hook-And-Loop.jpg\" alt=\"\" width=\"750\" height=\"750\" srcset=\"https:\/\/www.supersybon.com\/fr\/wp-content\/uploads\/2022\/12\/1671175308-Soft-Interface-Pad-5-Inch-6-Holes-125Mm-Damping-Protection-Sanding-Pad-Hook-And-Loop.jpg 750w, https:\/\/www.supersybon.com\/fr\/wp-content\/uploads\/2022\/12\/1671175308-Soft-Interface-Pad-5-Inch-6-Holes-125Mm-Damping-Protection-Sanding-Pad-Hook-And-Loop-480x480.jpg 480w\" sizes=\"(min-width: 0px) and (max-width: 480px) 480px, (min-width: 481px) 750px, 100vw\" \/><\/p>\n<p><img decoding=\"async\" class=\"aligncenter size-full wp-image-1987\" src=\"https:\/\/www.supersybon.com\/fr\/wp-content\/uploads\/2022\/12\/1671177689-6Inch-150Mm-9Holes-Round-Foam-Interface-Sanding-Polishing-Discs-Pad-For-Car-And-Wood.jpg\" alt=\"\" width=\"750\" height=\"750\" srcset=\"https:\/\/www.supersybon.com\/fr\/wp-content\/uploads\/2022\/12\/1671177689-6Inch-150Mm-9Holes-Round-Foam-Interface-Sanding-Polishing-Discs-Pad-For-Car-And-Wood.jpg 750w, https:\/\/www.supersybon.com\/fr\/wp-content\/uploads\/2022\/12\/1671177689-6Inch-150Mm-9Holes-Round-Foam-Interface-Sanding-Polishing-Discs-Pad-For-Car-And-Wood-480x480.jpg 480w\" sizes=\"(min-width: 0px) and (max-width: 480px) 480px, (min-width: 481px) 750px, 100vw\" \/><\/p>\n<p><strong>5'' 125mm sans trous<\/strong><\/p>\n<p><img decoding=\"async\" class=\"aligncenter size-full wp-image-1984\" src=\"https:\/\/www.supersybon.com\/fr\/wp-content\/uploads\/2022\/12\/1671175357-Abrasive-Tools-Hook-And-Loop-Soft-Cushion-Pad-Sponge-Interface-Pad-For-Sander-Sanding-Disc.jpg\" alt=\"\" width=\"750\" height=\"750\" srcset=\"https:\/\/www.supersybon.com\/fr\/wp-content\/uploads\/2022\/12\/1671175357-Abrasive-Tools-Hook-And-Loop-Soft-Cushion-Pad-Sponge-Interface-Pad-For-Sander-Sanding-Disc.jpg 750w, https:\/\/www.supersybon.com\/fr\/wp-content\/uploads\/2022\/12\/1671175357-Abrasive-Tools-Hook-And-Loop-Soft-Cushion-Pad-Sponge-Interface-Pad-For-Sander-Sanding-Disc-480x480.jpg 480w\" sizes=\"(min-width: 0px) and (max-width: 480px) 480px, (min-width: 481px) 750px, 100vw\" \/><\/p>\n<p><img decoding=\"async\" class=\"aligncenter size-full wp-image-1985\" src=\"https:\/\/www.supersybon.com\/fr\/wp-content\/uploads\/2022\/12\/1671175373-5Inch-6Inch-3Mm-10Mm-17-Holes-Sanding-Disc-Hook-And-Loop-Sanding-Disc-Backing-Pad-Cushion-Protection-Interface-Pad.jpg\" alt=\"\" width=\"750\" height=\"750\" srcset=\"https:\/\/www.supersybon.com\/fr\/wp-content\/uploads\/2022\/12\/1671175373-5Inch-6Inch-3Mm-10Mm-17-Holes-Sanding-Disc-Hook-And-Loop-Sanding-Disc-Backing-Pad-Cushion-Protection-Interface-Pad.jpg 750w, https:\/\/www.supersybon.com\/fr\/wp-content\/uploads\/2022\/12\/1671175373-5Inch-6Inch-3Mm-10Mm-17-Holes-Sanding-Disc-Hook-And-Loop-Sanding-Disc-Backing-Pad-Cushion-Protection-Interface-Pad-480x480.jpg 480w\" sizes=\"(min-width: 0px) and (max-width: 480px) 480px, (min-width: 481px) 750px, 100vw\" \/><\/p>\n<p><strong>Coussin d'interface rectangulaire<\/strong><\/p>\n<p><img decoding=\"async\" class=\"aligncenter size-full wp-image-1986\" src=\"https:\/\/www.supersybon.com\/fr\/wp-content\/uploads\/2022\/12\/1671175407-Interface-Pad-Round-Sponge-Hook-And-Loop-Abrasive-Sponge-Sanding-Pad.jpg\" alt=\"\" width=\"750\" height=\"750\" srcset=\"https:\/\/www.supersybon.com\/fr\/wp-content\/uploads\/2022\/12\/1671175407-Interface-Pad-Round-Sponge-Hook-And-Loop-Abrasive-Sponge-Sanding-Pad.jpg 750w, https:\/\/www.supersybon.com\/fr\/wp-content\/uploads\/2022\/12\/1671175407-Interface-Pad-Round-Sponge-Hook-And-Loop-Abrasive-Sponge-Sanding-Pad-480x480.jpg 480w\" sizes=\"(min-width: 0px) and (max-width: 480px) 480px, (min-width: 481px) 750px, 100vw\" \/><\/p>\n<p>&nbsp;<\/p>\n<p>&nbsp;<\/p>\n<p><strong>Emballage et service du produit<\/strong><\/p>\n<hr \/>\n<p><strong>EMBALLER:<\/strong><\/p>\n<p>1 pi\u00e8ce\/sac PE<\/p>\n<p>&nbsp;<\/p>\n<p><strong>NOTRE SERVICE:<\/strong><\/p>\n<p>1.24 heures en ligne<\/p>\n<p>2. Prix comp\u00e9titif<\/p>\n<p>3. Excellents commentaires du client<\/p>\n<p>4. Commande en ligne s\u00e9curis\u00e9e<\/p>\n<p>5. livraison rapide<\/p>\n<p>6. support technique professionnel<\/p>\n<\/div>\n<\/div>\n<\/div>\n<\/div>\n<div class=\"magic-13\">\n<div class=\"magic-14\">\n<p>&nbsp;<\/p>\n<div class=\"magic-13\">\n<div class=\"magic-14\">\n<div class=\"magic-9\">\n<div class=\"magic-10\">\n<div class=\"magic-13\">\n<div class=\"magic-14\">\n<div data-spm-anchor-id=\"a2700.details.0.i37.625d2e9eLtZffL\">\n<div class=\"magic-13\">\n<div class=\"magic-14\">\n<div class=\"magic-13\">\n<div class=\"magic-14\">\n<p>&nbsp;<\/p>\n<\/div>\n<\/div>\n<\/div>\n<\/div>\n<\/div>\n<\/div>\n<\/div>\n<\/div>\n<\/div>\n<\/div>\n<\/div>\n<div class=\"magic-13\">\n<div class=\"magic-14\">\n<p><strong>Profil de l'entreprise<\/strong><\/p>\n<hr \/>\n<p>&nbsp;<\/p>\n<\/div>\n<\/div>\n<p><img decoding=\"async\" class=\"aligncenter size-full wp-image-324\" src=\"https:\/\/www.supersybon.com\/fr\/wp-content\/uploads\/2022\/09\/1663401769-Car-Paint-Supplier-Company-Profile-Manufacturer-China.jpg\" alt=\"\" width=\"900\" height=\"958\" srcset=\"https:\/\/www.supersybon.com\/fr\/wp-content\/uploads\/2022\/09\/1663401769-Car-Paint-Supplier-Company-Profile-Manufacturer-China.jpg 900w, https:\/\/www.supersybon.com\/fr\/wp-content\/uploads\/2022\/09\/1663401769-Car-Paint-Supplier-Company-Profile-Manufacturer-China-480x511.jpg 480w\" sizes=\"(min-width: 0px) and (max-width: 480px) 480px, (min-width: 481px) 900px, 100vw\" \/><\/p>\n<div class=\"magic-13\">\n<div class=\"magic-14\">\n<p><strong>FAQ<\/strong><\/p>\n<hr \/>\n<\/div>\n<\/div>\n<p><strong>Q\u00a0:\u00a0Quel est votre MOQ\u00a0?<\/strong><\/p>\n<p>R : Notre MOQ est de 1 carton.<\/p>\n<p><strong>Q\u00a0:\u00a0Qu\u2019en est-il de votre paiement\u00a0?<\/strong><\/p>\n<p>R : d\u00e9p\u00f4t de 50% \u00e0 l'avance, solde de 50% par T\/T, L\/C, paypal, Western Union ou bien avant exp\u00e9dition.<\/p>\n<p><strong>Q : Fournissez-vous des \u00e9chantillons ?<\/strong><\/p>\n<p>R : Oui, vous pouvez acheter un \u00e9chantillon pour le tester.<\/p>\n<p><strong>Q : Qu'en est-il de votre d\u00e9lai de livraison ?<\/strong><\/p>\n<p>R\u00a0:\u00a0Habituellement 15 jours apr\u00e8s r\u00e9ception de votre d\u00e9p\u00f4t.<\/p>\n<\/div>\n<\/div>\n","protected":false},"excerpt":{"rendered":"<p>1. La construction en mousse souple \u00e9pouse les contours pour une finition plus fine.<br \/>\n2. Ajoute un support au tampon de disque pour une coupe abrasive am\u00e9lior\u00e9e et un pon\u00e7age des bords plus \u00e9troit.<br \/>\n3. S'applique sans effort entre les disques abrasifs et les tampons de support pour des changements rapides.<br \/>\n4. R\u00e9duit les vibrations de l'outil de pon\u00e7age orbital pour de meilleurs r\u00e9sultats.<br \/>\n5. Les configurations de trous aident \u00e0 \u00e9liminer la poussi\u00e8re de la surface de travail, augmentant ainsi la dur\u00e9e de vie du disque.<\/p>\n","protected":false},"featured_media":1978,"template":"","meta":{"_et_pb_use_builder":"","_et_pb_old_content":"","_et_gb_content_width":""},"product_brand":[],"product_cat":[57],"product_tag":[881,880,879],"class_list":{"0":"post-1973","1":"product","2":"type-product","3":"status-publish","4":"has-post-thumbnail","6":"product_cat-accessoires-desthetique-automobile","7":"product_tag-coussin-dinterface","8":"product_tag-support-a-crochets-et-boucles","9":"product_tag-tampon-de-protection-de-surface-sans-poussiere","11":"first","12":"instock","13":"shipping-taxable","14":"product-type-simple"},"_links":{"self":[{"href":"https:\/\/www.supersybon.com\/fr\/wp-json\/wp\/v2\/product\/1973","targetHints":{"allow":["GET"]}}],"collection":[{"href":"https:\/\/www.supersybon.com\/fr\/wp-json\/wp\/v2\/product"}],"about":[{"href":"https:\/\/www.supersybon.com\/fr\/wp-json\/wp\/v2\/types\/product"}],"wp:featuredmedia":[{"embeddable":true,"href":"https:\/\/www.supersybon.com\/fr\/wp-json\/wp\/v2\/media\/1978"}],"wp:attachment":[{"href":"https:\/\/www.supersybon.com\/fr\/wp-json\/wp\/v2\/media?parent=1973"}],"wp:term":[{"taxonomy":"product_brand","embeddable":true,"href":"https:\/\/www.supersybon.com\/fr\/wp-json\/wp\/v2\/product_brand?post=1973"},{"taxonomy":"product_cat","embeddable":true,"href":"https:\/\/www.supersybon.com\/fr\/wp-json\/wp\/v2\/product_cat?post=1973"},{"taxonomy":"product_tag","embeddable":true,"href":"https:\/\/www.supersybon.com\/fr\/wp-json\/wp\/v2\/product_tag?post=1973"}],"curies":[{"name":"wp","href":"https:\/\/api.w.org\/{rel}","templated":true}]}}