{"id":1953,"date":"2022-12-16T11:29:00","date_gmt":"2022-12-16T03:29:00","guid":{"rendered":"https:\/\/www.supersybon.com\/fr\/?post_type=product&#038;p=1953"},"modified":"2023-09-19T17:14:03","modified_gmt":"2023-09-19T09:14:03","slug":"tp20-bouteille-vide-de-marqueur-de-retouche","status":"publish","type":"product","link":"https:\/\/www.supersybon.com\/fr\/product\/tp20-bouteille-vide-de-marqueur-de-retouche","title":{"rendered":"TP20 Bouteille vide de marqueur de retouche stylo de r\u00e9paration rechargeable de peinture vide automatique"},"content":{"rendered":"<div class=\"magic-13\">\n<div class=\"magic-14\">\n<p><iframe title=\"Empty Bottle of Touch-up Marker Pen Auto Empty Paint Refillable Repair Pen\" width=\"1080\" height=\"608\" src=\"https:\/\/www.youtube.com\/embed\/OwkX_S2dVDs?feature=oembed\"  allow=\"accelerometer; autoplay; clipboard-write; encrypted-media; gyroscope; picture-in-picture; web-share\" allowfullscreen><\/iframe><\/p>\n<h2><strong>TP20 Bouteille vide de marqueur de retouche stylo de r\u00e9paration rechargeable de peinture vide automatique<\/strong><\/h2>\n<p><img decoding=\"async\" class=\"aligncenter size-full wp-image-2079\" src=\"https:\/\/www.supersybon.com\/fr\/wp-content\/uploads\/2022\/12\/1673600017-Empty-Car-Touch-Up-Pen-Marker-Paint-Pen-For-Car-Scratch-Repair-Use.jpg\" alt=\"\" width=\"750\" height=\"750\" srcset=\"https:\/\/www.supersybon.com\/fr\/wp-content\/uploads\/2022\/12\/1673600017-Empty-Car-Touch-Up-Pen-Marker-Paint-Pen-For-Car-Scratch-Repair-Use.jpg 750w, https:\/\/www.supersybon.com\/fr\/wp-content\/uploads\/2022\/12\/1673600017-Empty-Car-Touch-Up-Pen-Marker-Paint-Pen-For-Car-Scratch-Repair-Use-480x480.jpg 480w\" sizes=\"(min-width: 0px) and (max-width: 480px) 480px, (min-width: 481px) 750px, 100vw\" \/><\/p>\n<p><img decoding=\"async\" class=\"aligncenter size-full wp-image-1958\" src=\"https:\/\/www.supersybon.com\/fr\/wp-content\/uploads\/2022\/12\/1671161975-New-Arrival-12Ml-Empty-Paint-Touch-Up-Pen-Touch-Up-Paint-Storage-Bottles.jpg\" alt=\"\" width=\"750\" height=\"750\" srcset=\"https:\/\/www.supersybon.com\/fr\/wp-content\/uploads\/2022\/12\/1671161975-New-Arrival-12Ml-Empty-Paint-Touch-Up-Pen-Touch-Up-Paint-Storage-Bottles.jpg 750w, https:\/\/www.supersybon.com\/fr\/wp-content\/uploads\/2022\/12\/1671161975-New-Arrival-12Ml-Empty-Paint-Touch-Up-Pen-Touch-Up-Paint-Storage-Bottles-480x480.jpg 480w\" sizes=\"(min-width: 0px) and (max-width: 480px) 480px, (min-width: 481px) 750px, 100vw\" \/><\/p>\n<p><img decoding=\"async\" class=\"aligncenter size-full wp-image-1959\" src=\"https:\/\/www.supersybon.com\/fr\/wp-content\/uploads\/2022\/12\/1671161990-Touch-Up-Empty-Paint-Marker-Packing-Pen-Auto-Car-Repair-With-Brush-And-Fine-Nib.jpg\" alt=\"\" width=\"750\" height=\"750\" srcset=\"https:\/\/www.supersybon.com\/fr\/wp-content\/uploads\/2022\/12\/1671161990-Touch-Up-Empty-Paint-Marker-Packing-Pen-Auto-Car-Repair-With-Brush-And-Fine-Nib.jpg 750w, https:\/\/www.supersybon.com\/fr\/wp-content\/uploads\/2022\/12\/1671161990-Touch-Up-Empty-Paint-Marker-Packing-Pen-Auto-Car-Repair-With-Brush-And-Fine-Nib-480x480.jpg 480w\" sizes=\"(min-width: 0px) and (max-width: 480px) 480px, (min-width: 481px) 750px, 100vw\" \/><\/p>\n<p><img decoding=\"async\" class=\"aligncenter size-full wp-image-1960\" src=\"https:\/\/www.supersybon.com\/fr\/wp-content\/uploads\/2022\/12\/1671162010-Empty-12Ml-Car-Scratch-Repair-Touch-Up-Pen-Bottle-With-Brush-Tip.jpg\" alt=\"\" width=\"750\" height=\"750\" srcset=\"https:\/\/www.supersybon.com\/fr\/wp-content\/uploads\/2022\/12\/1671162010-Empty-12Ml-Car-Scratch-Repair-Touch-Up-Pen-Bottle-With-Brush-Tip.jpg 750w, https:\/\/www.supersybon.com\/fr\/wp-content\/uploads\/2022\/12\/1671162010-Empty-12Ml-Car-Scratch-Repair-Touch-Up-Pen-Bottle-With-Brush-Tip-480x480.jpg 480w\" sizes=\"(min-width: 0px) and (max-width: 480px) 480px, (min-width: 481px) 750px, 100vw\" \/><\/p>\n<\/div>\n<\/div>\n<div class=\"magic-13\">\n<div class=\"magic-14\">\n<div class=\"magic-9\">\n<div class=\"magic-10\">\n<p>&nbsp;<\/p>\n<p>&nbsp;<\/p>\n<p><img decoding=\"async\" class=\"aligncenter size-full wp-image-1961\" src=\"https:\/\/www.supersybon.com\/fr\/wp-content\/uploads\/2022\/12\/1671162030-Fine-And-Brush-Tip-Empty-Car-Touch-Up-Paint-Pen-Accessories-Plastic-Bottle.jpg\" alt=\"\" width=\"750\" height=\"750\" srcset=\"https:\/\/www.supersybon.com\/fr\/wp-content\/uploads\/2022\/12\/1671162030-Fine-And-Brush-Tip-Empty-Car-Touch-Up-Paint-Pen-Accessories-Plastic-Bottle.jpg 750w, https:\/\/www.supersybon.com\/fr\/wp-content\/uploads\/2022\/12\/1671162030-Fine-And-Brush-Tip-Empty-Car-Touch-Up-Paint-Pen-Accessories-Plastic-Bottle-480x480.jpg 480w\" sizes=\"(min-width: 0px) and (max-width: 480px) 480px, (min-width: 481px) 750px, 100vw\" \/><\/p>\n<p><strong>Emballage et service du produit<\/strong><\/p>\n<hr \/>\n<div data-spm-anchor-id=\"a2700.details.0.i37.625d2e9eLtZffL\">\n<p>&nbsp;<\/p>\n<\/div>\n<div class=\"magic-13\">\n<div class=\"magic-14\">\n<div data-spm-anchor-id=\"a2700.details.0.i37.625d2e9eLtZffL\">\n<p><strong>NOTRE SERVICE:<\/strong><\/p>\n<p>1.24 heures en ligne<\/p>\n<p>2. Prix comp\u00e9titif<\/p>\n<p>3. Excellents commentaires du client<\/p>\n<p>4. Commande en ligne s\u00e9curis\u00e9e<\/p>\n<p>5. livraison rapide<\/p>\n<p>6. support technique professionnel<\/p>\n<\/div>\n<\/div>\n<\/div>\n<\/div>\n<\/div>\n<\/div>\n<\/div>\n<div class=\"magic-13\">\n<div class=\"magic-14\">\n<div class=\"magic-13\">\n<div class=\"magic-14\">\n<div class=\"magic-9\">\n<div class=\"magic-10\">\n<div class=\"magic-13\">\n<div class=\"magic-14\">\n<div data-spm-anchor-id=\"a2700.details.0.i37.625d2e9eLtZffL\">\n<div class=\"magic-13\">\n<div class=\"magic-14\">\n<div class=\"magic-13\">\n<div class=\"magic-14\">\n<div class=\"magic-9\">\n<div class=\"magic-10\">\n<div class=\"magic-13\">\n<div class=\"magic-14\">\n<div data-spm-anchor-id=\"a2700.details.0.i37.625d2e9eLtZffL\">\n<div class=\"magic-13\">\n<div class=\"magic-14\">\n<p>&nbsp;<\/p>\n<\/div>\n<\/div>\n<\/div>\n<\/div>\n<\/div>\n<\/div>\n<\/div>\n<\/div>\n<\/div>\n<div class=\"magic-13\">\n<div class=\"magic-14\">\n<p>&nbsp;<\/p>\n<\/div>\n<\/div>\n<\/div>\n<\/div>\n<\/div>\n<\/div>\n<\/div>\n<\/div>\n<\/div>\n<\/div>\n<\/div>\n<div class=\"magic-13\">\n<div class=\"magic-14\">\n<p><strong>Profil de l'entreprise<\/strong><\/p>\n<hr \/>\n<p>&nbsp;<\/p>\n<\/div>\n<\/div>\n<p><img decoding=\"async\" class=\"aligncenter size-full wp-image-324\" src=\"https:\/\/www.supersybon.com\/fr\/wp-content\/uploads\/2022\/09\/1663401769-Car-Paint-Supplier-Company-Profile-Manufacturer-China.jpg\" alt=\"\" width=\"900\" height=\"958\" srcset=\"https:\/\/www.supersybon.com\/fr\/wp-content\/uploads\/2022\/09\/1663401769-Car-Paint-Supplier-Company-Profile-Manufacturer-China.jpg 900w, https:\/\/www.supersybon.com\/fr\/wp-content\/uploads\/2022\/09\/1663401769-Car-Paint-Supplier-Company-Profile-Manufacturer-China-480x511.jpg 480w\" sizes=\"(min-width: 0px) and (max-width: 480px) 480px, (min-width: 481px) 900px, 100vw\" \/><\/p>\n<div class=\"magic-13\">\n<div class=\"magic-14\">\n<p><strong>FAQ<\/strong><\/p>\n<hr \/>\n<\/div>\n<\/div>\n<p><strong>Q\u00a0:\u00a0Quel est votre MOQ\u00a0?<\/strong><\/p>\n<p>R : Notre MOQ est de 1 carton.<\/p>\n<p><strong>Q\u00a0:\u00a0Qu\u2019en est-il de votre paiement\u00a0?<\/strong><\/p>\n<p>R : d\u00e9p\u00f4t de 50% \u00e0 l'avance, solde de 50% par T\/T, L\/C, paypal, Western Union ou bien avant exp\u00e9dition.<\/p>\n<p><strong>Q : Fournissez-vous des \u00e9chantillons ?<\/strong><\/p>\n<p>R : Oui, vous pouvez acheter un \u00e9chantillon pour le tester.<\/p>\n<p><strong>Q : Qu'en est-il de votre d\u00e9lai de livraison ?<\/strong><\/p>\n<p>R\u00a0:\u00a0Habituellement 15 jours apr\u00e8s r\u00e9ception de votre d\u00e9p\u00f4t.<\/p>\n<\/div>\n<\/div>\n","protected":false},"excerpt":{"rendered":"<p>Les marqueurs de peinture vierges de qualit\u00e9 sup\u00e9rieure peuvent \u00eatre remplis et utilis\u00e9s avec la plupart des types de rev\u00eatements de peinture et de mat\u00e9riaux d'encre. Ils fonctionnent parfaitement avec les peintures acryliques artistiques, les peintures \u00e0 l'huile et \u00e0 l'eau, les aquarelles, les teintures, les encres, les colorants, les rev\u00eatements automobiles et les vernis transparents.<\/p>\n","protected":false},"featured_media":1956,"template":"","meta":{"_et_pb_use_builder":"","_et_pb_old_content":"","_et_gb_content_width":""},"product_brand":[],"product_cat":[55],"product_tag":[878,877],"class_list":{"0":"post-1953","1":"product","2":"type-product","3":"status-publish","4":"has-post-thumbnail","6":"product_cat-autres","7":"product_tag-bouteille-vide-de-marqueur-de-retouche","8":"product_tag-stylo-de-reparation-rechargeable-de-peinture-vide-automatique","10":"first","11":"instock","12":"shipping-taxable","13":"product-type-simple"},"_links":{"self":[{"href":"https:\/\/www.supersybon.com\/fr\/wp-json\/wp\/v2\/product\/1953","targetHints":{"allow":["GET"]}}],"collection":[{"href":"https:\/\/www.supersybon.com\/fr\/wp-json\/wp\/v2\/product"}],"about":[{"href":"https:\/\/www.supersybon.com\/fr\/wp-json\/wp\/v2\/types\/product"}],"wp:featuredmedia":[{"embeddable":true,"href":"https:\/\/www.supersybon.com\/fr\/wp-json\/wp\/v2\/media\/1956"}],"wp:attachment":[{"href":"https:\/\/www.supersybon.com\/fr\/wp-json\/wp\/v2\/media?parent=1953"}],"wp:term":[{"taxonomy":"product_brand","embeddable":true,"href":"https:\/\/www.supersybon.com\/fr\/wp-json\/wp\/v2\/product_brand?post=1953"},{"taxonomy":"product_cat","embeddable":true,"href":"https:\/\/www.supersybon.com\/fr\/wp-json\/wp\/v2\/product_cat?post=1953"},{"taxonomy":"product_tag","embeddable":true,"href":"https:\/\/www.supersybon.com\/fr\/wp-json\/wp\/v2\/product_tag?post=1953"}],"curies":[{"name":"wp","href":"https:\/\/api.w.org\/{rel}","templated":true}]}}