{"id":1943,"date":"2022-12-16T10:53:19","date_gmt":"2022-12-16T02:53:19","guid":{"rendered":"https:\/\/www.supersybon.com\/fr\/?post_type=product&#038;p=1943"},"modified":"2025-09-20T13:41:12","modified_gmt":"2025-09-20T05:41:12","slug":"s2210-revetement-ceramique-liquide-nano-diamant-10h","status":"publish","type":"product","link":"https:\/\/www.supersybon.com\/fr\/product\/s2210-revetement-ceramique-liquide-nano-diamant-10h","title":{"rendered":"S2210 Rev\u00eatement c\u00e9ramique liquide nano diamant 10H rev\u00eatement de protection contre les rayures rev\u00eatement en c\u00e9ramique hydrophobe \u00e0 haute brillance pour voiture"},"content":{"rendered":"<p><img decoding=\"async\" class=\"aligncenter size-full wp-image-4425\" src=\"https:\/\/www.supersybon.com\/fr\/wp-content\/uploads\/2022\/12\/1758346715-S2210-Revetement-ceramique-liquide-nano-diamant-10H-1.jpg\" alt=\"S2210-Rev\u00eatement-c\u00e9ramique-liquide-nano-diamant-10H-1\" width=\"750\" height=\"302\" srcset=\"https:\/\/www.supersybon.com\/fr\/wp-content\/uploads\/2022\/12\/1758346715-S2210-Revetement-ceramique-liquide-nano-diamant-10H-1.jpg 750w, https:\/\/www.supersybon.com\/fr\/wp-content\/uploads\/2022\/12\/1758346715-S2210-Revetement-ceramique-liquide-nano-diamant-10H-1-480x193.jpg 480w\" sizes=\"(min-width: 0px) and (max-width: 480px) 480px, (min-width: 481px) 750px, 100vw\" \/><\/p>\n<p>&nbsp;<\/p>\n<h2><strong>S2210 Rev\u00eatement c\u00e9ramique liquide nano diamant 10H rev\u00eatement de protection contre les rayures rev\u00eatement en c\u00e9ramique hydrophobe \u00e0 haute brillance pour voiture<\/strong><\/h2>\n<p><strong>Performance:<\/strong><\/p>\n<p>Le rev\u00eatement c\u00e9ramique liquide nano diamant 10H est compos\u00e9 de poudre nano-c\u00e9ramique et de liant polym\u00e8re \u00e0 l'\u00e9chelle nanom\u00e9trique pour former un rev\u00eatement c\u00e9ramique dense et de haute duret\u00e9, qui a pour effet d'\u00eatre anti-corrosion et r\u00e9sistant \u00e0 l'usure. Il fournit une technologie fiable d'\u00e9tanch\u00e9it\u00e9 des surfaces de peinture pour la peinture automobile, prot\u00e8ge efficacement et durablement la peinture automobile et emp\u00eache l'environnement d'affecter la couleur de la peinture automobile.<\/p>\n<p><strong>Usage:<\/strong><\/p>\n<p>Le rev\u00eatement nano-c\u00e9ramique 10H peut prot\u00e9ger la surface de la peinture, la surface du verre, les roues, le logo de la voiture, les objets ext\u00e9rieurs, les phares, les feux arri\u00e8re, le toit, les r\u00e9troviseurs, etc.<\/p>\n<p><strong>Fonctionnalit\u00e9:<\/strong><\/p>\n<p><strong>1) REV\u00caTEMENT C\u00c9RAMIQUE PROFESSIONNEL<\/strong><\/p>\n<p>Par rapport \u00e0 d'autres rev\u00eatements 9H, la duret\u00e9 du rev\u00eatement de cette version mise \u00e0 jour augmente \u00e0 10H afin qu'elle dure plus longtemps. Apr\u00e8s avoir peint avec ce kit, une couche protectrice sera recouverte sur la carrosserie de la voiture, des particules de c\u00e9ramique et des feuilles d'eau extr\u00eames contenues dans ce rev\u00eatement en c\u00e9ramique tr\u00e8s brillant. prot\u00e8ge votre voiture de la corrosion par brouillard salin, des chutes d'oiseaux, des rayons UV, des rayures, des pierres concass\u00e9es et de la limaille de fer, etc.<\/p>\n<p><strong>2) hydrophobe et brillant<\/strong><\/p>\n<p>Le rev\u00eatement c\u00e9ramique 10H est une barri\u00e8re ultra durable pour prot\u00e9ger la peinture de la salet\u00e9 et des contaminants li\u00e9s, avec une perl\u00e9e d'eau exceptionnelle qui fait presque jaillir l'eau de la surface. en passant, obtenez un effet cirant, redonnez \u00e0 votre voiture une voiture propre et brillante.<\/p>\n<p><strong>3) Anti-rayures<\/strong><\/p>\n<p>Duret\u00e9 anti-rayures 10H, avec la duret\u00e9 d'un rev\u00eatement de verre super hydrophobe. Le rev\u00eatement sacrificiel en surface peut \u00eatre utilis\u00e9 comme couche de barri\u00e8re.<\/p>\n<p><strong>Instructions:<\/strong><\/p>\n<p>Assurez-vous que la surface est propre, s\u00e8che et sans rayures avant d'appliquer le produit. Enroulez le chiffon sur l'\u00e9ponge de rev\u00eatement ; Mettez du liquide de rev\u00eatement sur le tissu\u00a0; R\u00e9partissez le liquide sur la voiture\u00a0; Attendez 1 \u00e0 5 minutes pour que le liquide s\u00e8che\u00a0; Utilisez une serviette pour essuyer et polir une \u00e9ponge sur le tissu enduit. Veuillez noter : veuillez ne pas toucher votre voiture rev\u00eatue dans les 24 heures si elle n'est pas s\u00e8che. Et \u00e9galement, ne lavez pas\/eau\/pluie\/mouillez votre voiture rev\u00eatue dans les 7 premiers jours.<\/p>\n<div class=\"magic-13\">\n<div class=\"magic-14\">\n<div class=\"magic-15\" data-id=\"paragraph0\"><\/div>\n<\/div>\n<\/div>\n<div class=\"magic-13\">\n<div class=\"magic-14\">\n<div class=\"magic-9\">\n<p><img decoding=\"async\" class=\"aligncenter size-full wp-image-4426\" src=\"https:\/\/www.supersybon.com\/fr\/wp-content\/uploads\/2022\/12\/1758346736-S2210-Revetement-ceramique-liquide-nano-diamant-10H-4.jpg\" alt=\"S2210-Rev\u00eatement-c\u00e9ramique-liquide-nano-diamant-10H-4\" width=\"750\" height=\"750\" srcset=\"https:\/\/www.supersybon.com\/fr\/wp-content\/uploads\/2022\/12\/1758346736-S2210-Revetement-ceramique-liquide-nano-diamant-10H-4.jpg 750w, https:\/\/www.supersybon.com\/fr\/wp-content\/uploads\/2022\/12\/1758346736-S2210-Revetement-ceramique-liquide-nano-diamant-10H-4-480x480.jpg 480w\" sizes=\"(min-width: 0px) and (max-width: 480px) 480px, (min-width: 481px) 750px, 100vw\" \/><\/p>\n<p><img decoding=\"async\" class=\"aligncenter size-full wp-image-4428\" src=\"https:\/\/www.supersybon.com\/fr\/wp-content\/uploads\/2022\/12\/1758346759-S2210-Revetement-ceramique-liquide-nano-diamant-10H-2.jpg\" alt=\"S2210-Rev\u00eatement-c\u00e9ramique-liquide-nano-diamant-10H-2\" width=\"750\" height=\"750\" srcset=\"https:\/\/www.supersybon.com\/fr\/wp-content\/uploads\/2022\/12\/1758346759-S2210-Revetement-ceramique-liquide-nano-diamant-10H-2.jpg 750w, https:\/\/www.supersybon.com\/fr\/wp-content\/uploads\/2022\/12\/1758346759-S2210-Revetement-ceramique-liquide-nano-diamant-10H-2-480x480.jpg 480w\" sizes=\"(min-width: 0px) and (max-width: 480px) 480px, (min-width: 481px) 750px, 100vw\" \/><\/p>\n<div class=\"magic-10\">\n<p><img decoding=\"async\" class=\"aligncenter size-full wp-image-1947\" src=\"https:\/\/www.supersybon.com\/fr\/wp-content\/uploads\/2022\/12\/1671160189-S2206-10H-Graphene-Nano-Ceramic-Coating-Scratch-Protection-Coating-High-Gloss-Hydrophobic-Car-Ceramic-Coating.jpg\" alt=\"\" width=\"750\" height=\"750\" srcset=\"https:\/\/www.supersybon.com\/fr\/wp-content\/uploads\/2022\/12\/1671160189-S2206-10H-Graphene-Nano-Ceramic-Coating-Scratch-Protection-Coating-High-Gloss-Hydrophobic-Car-Ceramic-Coating.jpg 750w, https:\/\/www.supersybon.com\/fr\/wp-content\/uploads\/2022\/12\/1671160189-S2206-10H-Graphene-Nano-Ceramic-Coating-Scratch-Protection-Coating-High-Gloss-Hydrophobic-Car-Ceramic-Coating-480x480.jpg 480w\" sizes=\"(min-width: 0px) and (max-width: 480px) 480px, (min-width: 481px) 750px, 100vw\" \/><\/p>\n<p><img decoding=\"async\" class=\"aligncenter size-full wp-image-1948\" src=\"https:\/\/www.supersybon.com\/fr\/wp-content\/uploads\/2022\/12\/1671160211-S2206-Nano-Graphene-Car-Polishing-10H-Anti-Scratch-Super-Hydrophobic-Car-Ceramic-Coating.jpg\" alt=\"\" width=\"750\" height=\"750\" srcset=\"https:\/\/www.supersybon.com\/fr\/wp-content\/uploads\/2022\/12\/1671160211-S2206-Nano-Graphene-Car-Polishing-10H-Anti-Scratch-Super-Hydrophobic-Car-Ceramic-Coating.jpg 750w, https:\/\/www.supersybon.com\/fr\/wp-content\/uploads\/2022\/12\/1671160211-S2206-Nano-Graphene-Car-Polishing-10H-Anti-Scratch-Super-Hydrophobic-Car-Ceramic-Coating-480x480.jpg 480w\" sizes=\"(min-width: 0px) and (max-width: 480px) 480px, (min-width: 481px) 750px, 100vw\" \/><\/p>\n<p><img decoding=\"async\" class=\"aligncenter size-full wp-image-1949\" src=\"https:\/\/www.supersybon.com\/fr\/wp-content\/uploads\/2022\/12\/1671160254-S2206-Car-Graphene-Ceramic-Coating-Anti-Scratch-10H-Nano-Ceramic-Coating-Liquid-For-Thermal-Tiny-Scratch-Coating-Nano.jpg\" alt=\"\" width=\"750\" height=\"750\" srcset=\"https:\/\/www.supersybon.com\/fr\/wp-content\/uploads\/2022\/12\/1671160254-S2206-Car-Graphene-Ceramic-Coating-Anti-Scratch-10H-Nano-Ceramic-Coating-Liquid-For-Thermal-Tiny-Scratch-Coating-Nano.jpg 750w, https:\/\/www.supersybon.com\/fr\/wp-content\/uploads\/2022\/12\/1671160254-S2206-Car-Graphene-Ceramic-Coating-Anti-Scratch-10H-Nano-Ceramic-Coating-Liquid-For-Thermal-Tiny-Scratch-Coating-Nano-480x480.jpg 480w\" sizes=\"(min-width: 0px) and (max-width: 480px) 480px, (min-width: 481px) 750px, 100vw\" \/><\/p>\n<p>&nbsp;<\/p>\n<p>&nbsp;<\/p>\n<p><strong>Emballage et service du produit<\/strong><\/p>\n<hr \/>\n<p><strong>EMBALLER:<\/strong><\/p>\n<p>120 pi\u00e8ces\/carton.<\/p>\n<p>&nbsp;<\/p>\n<p><strong>NOTRE SERVICE:<\/strong><\/p>\n<p>1.24 heures en ligne<\/p>\n<p>2. Prix comp\u00e9titif<\/p>\n<p>3. Excellents commentaires du client<\/p>\n<p>4. Commande en ligne s\u00e9curis\u00e9e<\/p>\n<p>5. livraison rapide<\/p>\n<p>6. support technique professionnel<\/p>\n<\/div>\n<\/div>\n<\/div>\n<\/div>\n<div class=\"magic-13\">\n<div class=\"magic-14\">\n<p>&nbsp;<\/p>\n<div class=\"magic-13\">\n<div class=\"magic-14\">\n<div class=\"magic-9\">\n<div class=\"magic-10\">\n<div class=\"magic-13\">\n<div class=\"magic-14\">\n<div data-spm-anchor-id=\"a2700.details.0.i37.625d2e9eLtZffL\">\n<div class=\"magic-13\">\n<div class=\"magic-14\">\n<div class=\"magic-13\">\n<div class=\"magic-14\">\n<p>&nbsp;<\/p>\n<\/div>\n<\/div>\n<\/div>\n<\/div>\n<\/div>\n<\/div>\n<\/div>\n<\/div>\n<\/div>\n<\/div>\n<\/div>\n<div class=\"magic-13\">\n<div class=\"magic-14\">\n<p><strong>Profil de l'entreprise<\/strong><\/p>\n<hr \/>\n<p>&nbsp;<\/p>\n<\/div>\n<\/div>\n<p><img decoding=\"async\" class=\"aligncenter size-full wp-image-324\" src=\"https:\/\/www.supersybon.com\/fr\/wp-content\/uploads\/2022\/09\/1663401769-Car-Paint-Supplier-Company-Profile-Manufacturer-China.jpg\" alt=\"\" width=\"900\" height=\"958\" srcset=\"https:\/\/www.supersybon.com\/fr\/wp-content\/uploads\/2022\/09\/1663401769-Car-Paint-Supplier-Company-Profile-Manufacturer-China.jpg 900w, https:\/\/www.supersybon.com\/fr\/wp-content\/uploads\/2022\/09\/1663401769-Car-Paint-Supplier-Company-Profile-Manufacturer-China-480x511.jpg 480w\" sizes=\"(min-width: 0px) and (max-width: 480px) 480px, (min-width: 481px) 900px, 100vw\" \/><\/p>\n<div class=\"magic-13\">\n<div class=\"magic-14\">\n<p><strong>FAQ<\/strong><\/p>\n<hr \/>\n<\/div>\n<\/div>\n<p><strong>Q\u00a0:\u00a0Quel est votre MOQ\u00a0?<\/strong><\/p>\n<p>R : Notre MOQ est de 1 carton.<\/p>\n<p><strong>Q\u00a0:\u00a0Qu\u2019en est-il de votre paiement\u00a0?<\/strong><\/p>\n<p>R : d\u00e9p\u00f4t de 50% \u00e0 l'avance, solde de 50% par T\/T, L\/C, paypal, Western Union ou bien avant exp\u00e9dition.<\/p>\n<p><strong>Q : Fournissez-vous des \u00e9chantillons ?<\/strong><\/p>\n<p>R : Oui, vous pouvez acheter un \u00e9chantillon pour le tester.<\/p>\n<p><strong>Q : Qu'en est-il de votre d\u00e9lai de livraison ?<\/strong><\/p>\n<p>R\u00a0:\u00a0Habituellement 15 jours apr\u00e8s r\u00e9ception de votre d\u00e9p\u00f4t.<\/p>\n<\/div>\n<\/div>\n","protected":false},"excerpt":{"rendered":"<p>1) REV\u00caTEMENT C\u00c9RAMIQUE PROFESSIONNEL<br \/>\nPar rapport \u00e0 d'autres rev\u00eatements 9H, la duret\u00e9 du rev\u00eatement de cette version mise \u00e0 jour augmente \u00e0 10H afin qu'elle dure plus longtemps. Apr\u00e8s avoir peint avec ce kit, une couche protectrice sera recouverte sur la carrosserie de la voiture, des particules de c\u00e9ramique et des feuilles d'eau extr\u00eames contenues dans ce rev\u00eatement en c\u00e9ramique tr\u00e8s brillant. prot\u00e8ge votre voiture de la corrosion par brouillard salin, des chutes d'oiseaux, des rayons UV, des rayures, des pierres concass\u00e9es et de la limaille de fer, etc.<br \/>\n2\uff09Hydrophobe et haute brillance<br \/>\nLe rev\u00eatement c\u00e9ramique liquide 10H Diamond Nano est une barri\u00e8re super durable pour prot\u00e9ger la peinture de la salet\u00e9 et des contaminants li\u00e9s, avec des perles d'eau exceptionnelles qui font presque sauter l'eau de la surface. en passant, obtenez un effet cirant, redonnez \u00e0 votre voiture une voiture propre et brillante.<br \/>\n3)Anti-rayures<br \/>\nDuret\u00e9 anti-rayures 10H, avec la duret\u00e9 d'un rev\u00eatement de verre super hydrophobe. Le rev\u00eatement sacrificiel en surface peut \u00eatre utilis\u00e9 comme couche de barri\u00e8re.<\/p>\n","protected":false},"featured_media":4430,"template":"","meta":{"_et_pb_use_builder":"","_et_pb_old_content":"","_et_gb_content_width":""},"product_brand":[],"product_cat":[56,60],"product_tag":[875,874,876],"class_list":{"0":"post-1943","1":"product","2":"type-product","3":"status-publish","4":"has-post-thumbnail","6":"product_cat-serie-dentretien-automobile","7":"product_cat-entretien-de-la-voiture","8":"product_tag-revetement-ceramique-hydrophobe-a-haute-brillance-pour-voiture","9":"product_tag-revetement-ceramique-liquide-nano-diamant-10h","10":"product_tag-revetement-de-protection-contre-les-rayures","12":"first","13":"instock","14":"shipping-taxable","15":"product-type-simple"},"_links":{"self":[{"href":"https:\/\/www.supersybon.com\/fr\/wp-json\/wp\/v2\/product\/1943","targetHints":{"allow":["GET"]}}],"collection":[{"href":"https:\/\/www.supersybon.com\/fr\/wp-json\/wp\/v2\/product"}],"about":[{"href":"https:\/\/www.supersybon.com\/fr\/wp-json\/wp\/v2\/types\/product"}],"wp:featuredmedia":[{"embeddable":true,"href":"https:\/\/www.supersybon.com\/fr\/wp-json\/wp\/v2\/media\/4430"}],"wp:attachment":[{"href":"https:\/\/www.supersybon.com\/fr\/wp-json\/wp\/v2\/media?parent=1943"}],"wp:term":[{"taxonomy":"product_brand","embeddable":true,"href":"https:\/\/www.supersybon.com\/fr\/wp-json\/wp\/v2\/product_brand?post=1943"},{"taxonomy":"product_cat","embeddable":true,"href":"https:\/\/www.supersybon.com\/fr\/wp-json\/wp\/v2\/product_cat?post=1943"},{"taxonomy":"product_tag","embeddable":true,"href":"https:\/\/www.supersybon.com\/fr\/wp-json\/wp\/v2\/product_tag?post=1943"}],"curies":[{"name":"wp","href":"https:\/\/api.w.org\/{rel}","templated":true}]}}